{"id":16,"date":"2022-04-20T09:47:32","date_gmt":"2022-04-20T08:47:32","guid":{"rendered":"https:\/\/copopalhinhas.maildx.net\/minha-conta\/"},"modified":"2024-11-14T19:07:06","modified_gmt":"2024-11-14T19:07:06","slug":"minha-conta","status":"publish","type":"page","link":"https:\/\/copopalhinhas.maildx.net\/es\/minha-conta\/","title":{"rendered":"Mi cuenta"},"content":{"rendered":"<div data-elementor-type=\"wp-page\" data-elementor-id=\"16\" class=\"elementor elementor-16\" data-elementor-post-type=\"page\">\n\t\t\t\t\t\t<section class=\"xts-negative-gap elementor-section elementor-top-section elementor-element elementor-element-676d8e9 elementor-section-full_width elementor-section-height-default elementor-section-height-default xts-section-disabled\" data-id=\"676d8e9\" data-element_type=\"section\" data-e-type=\"section\">\n\t\t\t\t\t\t<div class=\"elementor-container elementor-column-gap-default\">\n\t\t\t\t\t<div class=\"elementor-column elementor-col-100 elementor-top-column elementor-element elementor-element-40ecc76\" data-id=\"40ecc76\" data-element_type=\"column\" data-e-type=\"column\">\n\t\t\t<div class=\"elementor-widget-wrap elementor-element-populated\">\n\t\t\t\t\t\t<div class=\"elementor-element elementor-element-2d7f845 xts-width-100 elementor-widget elementor-widget-xts_title\" data-id=\"2d7f845\" data-element_type=\"widget\" data-e-type=\"widget\" data-widget_type=\"xts_title.default\">\n\t\t\t\t<div class=\"elementor-widget-container\">\n\t\t\t\t\t\t\t\t<div class=\"xts-section-heading xts-reset-mb-10 xts-reset-last xts-textalign-center\" data-animation-delay=\"\">\n\t\t\t\t\n\t\t\t\t\t\t\t\t\t<h4 class=\"xts-section-title title xts-design-default xts-fontsize-l\">\n\t\t\t\t\t\t<span class=\"xts-section-title-text\" data-elementor-setting-key=\"title\">\n\t\t\t\t\t\t\tTenemos una nueva tienda\t\t\t\t\t\t<\/span>\n\n\t\t\t\t\t\t\t\t\t\t\t<\/h4>\n\t\t\t\t\n\t\t\t\t\n\t\t\t\t\t\t\t<\/div>\n\t\t\t\t\t\t<\/div>\n\t\t\t\t<\/div>\n\t\t\t\t<div class=\"elementor-element elementor-element-1a083d6 elementor-widget elementor-widget-xts_animated_text\" data-id=\"1a083d6\" data-element_type=\"widget\" data-e-type=\"widget\" data-widget_type=\"xts_animated_text.default\">\n\t\t\t\t<div class=\"elementor-widget-container\">\n\t\t\t\t\t\t\t\t<div class=\"xts-anim-text xts-textalign-center xts-effect-word\" data-interval-time=\"1500\" data-character-time=\"\" data-animation-time=\"600\">\n\t\t\t\t<span class=\"xts-anim-text-before xts-textcolor-secondary xts-fontsize-m\" data-elementor-setting-key=\"before_text\">\n\t\t\t\t\tM\u00e1s \t\t\t\t<\/span>\n\n\t\t\t\t<span class=\"xts-anim-text-list xts-textcolor-primary xts-fontsize-m\" data-effect=\"word\">\n\t\t\t\t\t\t\t\t\t\t\t\t\t\t\t\t\t<span class=\"xts-anim-text-item xts-active\">\n\t\t\t\t\t\t\tr\u00e1pido.\t\t\t\t\t\t<\/span>\n\t\t\t\t\t\t\t\t\t\t\t\t\t\t\t\t\t<span class=\"xts-anim-text-item xts-hidden\">\n\t\t\t\t\t\t\taccesible.\t\t\t\t\t\t<\/span>\n\t\t\t\t\t\t\t\t\t\t\t\t\t\t\t\t\t<span class=\"xts-anim-text-item xts-hidden\">\n\t\t\t\t\t\t\tflexible.\t\t\t\t\t\t<\/span>\n\t\t\t\t\t\t\t\t\t\t\t\t\t\t\t\t\t<span class=\"xts-anim-text-item xts-hidden\">\n\t\t\t\t\t\t\tfuncional.\t\t\t\t\t\t<\/span>\n\t\t\t\t\t\t\t\t\t\t\t\t\t\t\t\t\t<span class=\"xts-anim-text-item xts-hidden\">\n\t\t\t\t\t\t\tdetallado.\t\t\t\t\t\t<\/span>\n\t\t\t\t\t\t\t\t\t<\/span>\n\n\t\t\t\t<span class=\"xts-anim-text-after xts-textcolor-secondary xts-fontsize-m\"\n\t\t\t\t\tdata-elementor-setting-key=\"after_text\">\n\t\t\t\t\t\t\t\t\t<\/span>\n\t\t\t<\/div>\n\t\t\t\t\t\t<\/div>\n\t\t\t\t<\/div>\n\t\t\t\t<div class=\"elementor-element elementor-element-ef0290b xts-width-100 elementor-widget elementor-widget-xts_title\" data-id=\"ef0290b\" data-element_type=\"widget\" data-e-type=\"widget\" data-widget_type=\"xts_title.default\">\n\t\t\t\t<div class=\"elementor-widget-container\">\n\t\t\t\t\t\t\t\t<div class=\"xts-section-heading xts-reset-mb-10 xts-reset-last xts-textalign-center\" data-animation-delay=\"\">\n\t\t\t\t\t\t\t\t\t<div class=\"xts-section-subtitle xts-textcolor-secondary xts-fontsize-s\">\n\t\t\t\t\t\t<span class=\"xts-section-subtitle-text\" data-elementor-setting-key=\"subtitle\">\n\t\t\t\t\t\t\tSi ya tienes una cuenta en nuestra tienda, simplemente establece una nueva contrase\u00f1a de acceso.\t\t\t\t\t\t<\/span>\n\n\t\t\t\t\t\t\t\t\t\t\t<\/div>\n\t\t\t\t\n\t\t\t\t\t\t\t\t\t<h3 class=\"xts-section-title title xts-design-simple xts-fontsize-s\">\n\t\t\t\t\t\t<span class=\"xts-section-title-text\" data-elementor-setting-key=\"title\">\n\t\t\t\t\t\t\t<a href=\"\/es\/minha-conta\/recuperar-senha\/\"> Establecer una nueva contrase\u00f1a<\/a>\t\t\t\t\t\t<\/span>\n\n\t\t\t\t\t\t\t\t\t\t\t\t\t<div class=\"xts-section-title-divider\"><\/div>\n\t\t\t\t\t\t\t\t\t\t\t<\/h3>\n\t\t\t\t\n\t\t\t\t\n\t\t\t\t\t\t\t\t\t<div class=\"xts-section-desc xts-textcolor-secondary xts-fontsize-s\">\n\t\t\t\t\t\t<div class=\"xts-section-desc-text xts-reset-all-last\" data-elementor-setting-key=\"description\">\n\t\t\t\t\t\t\t<p>Si es la primera vez que visita nuestra tienda, registre su cuenta para disfrutar de nuestros productos y servicios.<\/p>\n<p>Puedes elegir tu tipo de registro, Privado o Revendedor.<\/p>\t\t\t\t\t\t<\/div>\n\t\t\t\t\t<\/div>\n\t\t\t\t\t\t\t<\/div>\n\t\t\t\t\t\t<\/div>\n\t\t\t\t<\/div>\n\t\t\t\t\t<\/div>\n\t\t<\/div>\n\t\t\t\t\t<\/div>\n\t\t<\/section>\n\t\t\t\t<section class=\"xts-negative-gap elementor-section elementor-top-section elementor-element elementor-element-7c7f5543 elementor-section-boxed elementor-section-height-default elementor-section-height-default xts-section-disabled\" data-id=\"7c7f5543\" data-element_type=\"section\" data-e-type=\"section\">\n\t\t\t\t\t\t<div class=\"elementor-container elementor-column-gap-default\">\n\t\t\t\t\t<div class=\"elementor-column elementor-col-100 elementor-top-column elementor-element elementor-element-1afad637\" data-id=\"1afad637\" data-element_type=\"column\" data-e-type=\"column\">\n\t\t\t<div class=\"elementor-widget-wrap elementor-element-populated\">\n\t\t\t\t\t\t<div class=\"elementor-element elementor-element-2bf97f6d xts-scheme-inherit xts-textalign-inherit elementor-widget elementor-widget-text-editor\" data-id=\"2bf97f6d\" data-element_type=\"widget\" data-e-type=\"widget\" data-widget_type=\"text-editor.default\">\n\t\t\t\t<div class=\"elementor-widget-container\">\n\t\t\t\t\t\t\t\t\t<p><div class=\"woocommerce\"><\/div><\/p>\n\t\t\t\t\t\t\t\t<\/div>\n\t\t\t\t<\/div>\n\t\t\t\t\t<\/div>\n\t\t<\/div>\n\t\t\t\t\t<\/div>\n\t\t<\/section>\n\t\t\t\t<\/div>","protected":false},"excerpt":{"rendered":"<p>Temos uma nova Loja Mais r\u00e1pido. acess\u00edvel. flex\u00edvel. funcional. pormenorizado. Se j\u00e1 tem conta na nossa loja basta definir uma nova senha de acesso. Definir uma nova senha Se est\u00e1 pela primeira vez na nossa loja, registe a sua conta para usufruir dos nossos produtos e servi\u00e7os. Pode escolher o seu tipo de registo, Particular [&hellip;]<\/p>","protected":false},"author":1,"featured_media":0,"parent":0,"menu_order":0,"comment_status":"closed","ping_status":"closed","template":"elementor_theme","meta":{"_acf_changed":false,"footnotes":""},"class_list":["post-16","page","type-page","status-publish","hentry"],"acf":[],"_links":{"self":[{"href":"https:\/\/copopalhinhas.maildx.net\/es\/wp-json\/wp\/v2\/pages\/16","targetHints":{"allow":["GET"]}}],"collection":[{"href":"https:\/\/copopalhinhas.maildx.net\/es\/wp-json\/wp\/v2\/pages"}],"about":[{"href":"https:\/\/copopalhinhas.maildx.net\/es\/wp-json\/wp\/v2\/types\/page"}],"author":[{"embeddable":true,"href":"https:\/\/copopalhinhas.maildx.net\/es\/wp-json\/wp\/v2\/users\/1"}],"replies":[{"embeddable":true,"href":"https:\/\/copopalhinhas.maildx.net\/es\/wp-json\/wp\/v2\/comments?post=16"}],"version-history":[{"count":0,"href":"https:\/\/copopalhinhas.maildx.net\/es\/wp-json\/wp\/v2\/pages\/16\/revisions"}],"wp:attachment":[{"href":"https:\/\/copopalhinhas.maildx.net\/es\/wp-json\/wp\/v2\/media?parent=16"}],"curies":[{"name":"wp","href":"https:\/\/api.w.org\/{rel}","templated":true}]}}