{"id":3330,"date":"2022-04-21T18:12:47","date_gmt":"2022-04-21T17:12:47","guid":{"rendered":"https:\/\/copopalhinhas.maildx.net\/?page_id=3330"},"modified":"2024-02-16T12:25:27","modified_gmt":"2024-02-16T12:25:27","slug":"entregas","status":"publish","type":"page","link":"https:\/\/copopalhinhas.maildx.net\/es\/entregas\/","title":{"rendered":"Entregas"},"content":{"rendered":"<div data-elementor-type=\"wp-page\" data-elementor-id=\"3330\" class=\"elementor elementor-3330\" data-elementor-post-type=\"page\">\n\t\t\t\t\t\t<section class=\"xts-negative-gap elementor-section elementor-top-section elementor-element elementor-element-4652b03f elementor-section-boxed elementor-section-height-default elementor-section-height-default xts-section-disabled\" data-id=\"4652b03f\" data-element_type=\"section\">\n\t\t\t\t\t\t<div class=\"elementor-container elementor-column-gap-default\">\n\t\t\t\t\t<div class=\"elementor-column elementor-col-100 elementor-top-column elementor-element elementor-element-add44bf\" data-id=\"add44bf\" data-element_type=\"column\">\n\t\t\t<div class=\"elementor-widget-wrap elementor-element-populated\">\n\t\t\t\t\t\t<div class=\"elementor-element elementor-element-d7a7e54 elementor-widget elementor-widget-xts_title\" data-id=\"d7a7e54\" data-element_type=\"widget\" data-widget_type=\"xts_title.default\">\n\t\t\t\t<div class=\"elementor-widget-container\">\n\t\t\t\t\t\t\t\t<div class=\"xts-section-heading xts-reset-mb-10 xts-reset-last xts-textalign-center\" data-animation-delay=\"\">\r\n\t\t\t\t\r\n\t\t\t\t\t\t\t\t\t<h4 class=\"xts-section-title title xts-design-default xts-fontsize-xl\">\r\n\t\t\t\t\t\t<span class=\"xts-section-title-text\" data-elementor-setting-key=\"title\">\r\n\t\t\t\t\t\t\tEntregas\t\t\t\t\t\t<\/span>\r\n\r\n\t\t\t\t\t\t\t\t\t\t\t<\/h4>\r\n\t\t\t\t\r\n\t\t\t\t\r\n\t\t\t\t\t\t\t<\/div>\r\n\t\t\t\t\t\t<\/div>\n\t\t\t\t<\/div>\n\t\t\t\t\t<\/div>\n\t\t<\/div>\n\t\t\t\t\t<\/div>\n\t\t<\/section>\n\t\t\t\t<section class=\"elementor-section elementor-top-section elementor-element elementor-element-2871931 elementor-section-boxed elementor-section-height-default elementor-section-height-default xts-section-disabled\" data-id=\"2871931\" data-element_type=\"section\">\n\t\t\t\t\t\t<div class=\"elementor-container elementor-column-gap-default\">\n\t\t\t\t\t<div class=\"elementor-column elementor-col-100 elementor-top-column elementor-element elementor-element-0fa243d\" data-id=\"0fa243d\" data-element_type=\"column\">\n\t\t\t<div class=\"elementor-widget-wrap elementor-element-populated\">\n\t\t\t\t\t\t<div class=\"elementor-element elementor-element-9b80ddc elementor-widget elementor-widget-xts_accordion\" data-id=\"9b80ddc\" data-element_type=\"widget\" data-widget_type=\"xts_accordion.default\">\n\t\t\t\t<div class=\"elementor-widget-container\">\n\t\t\t\t\t\t\t<div class=\"xts-accordion xts-style-shadow\" data-toggle-self=\"yes\" data-state=\"all_closed\">\r\n\t\t\t\t\t\t\t<div class=\"xts-accordion-item\">\r\n\t\t\t\t\t\r\n\t\t\t\t\t<div class=\"xts-accordion-title xts-textalign-left xts-icon-right\"\r\n\t\t\t\t\t\tdata-accordion-index=\"0\">\r\n\t\t\t\t\t\t<span class=\"xts-accordion-title-text\">Gastos de env\u00edo<\/span>\r\n\t\t\t\t\t\t<span class=\"xts-accordion-icon xts-style-arrow\"><\/span>\r\n\t\t\t\t\t<\/div>\r\n\r\n\t\t\t\t\t<div class=\"xts-accordion-content elementor-repeater-item-129c3e5 xts-textalign-left\"\r\n\t\t\t\t\t\tdata-accordion-index=\"0\">\r\n\t\t\t\t\t\t\t\t\t\t\t\t\t<div class=\"xts-accordion-desc\"\r\n\t\t\t\t\t\t\t\tdata-elementor-setting-key=\"accordion_items.0.item_desc\">\r\n\t\t\t\t\t\t\t\t<p><b>Portugal continental<\/b><\/p>\n\nLos gastos de env\u00edo en Portugal continental correr\u00e1n a cargo del cliente. <b>(excepto compras superiores a 15\u20ac + IVA que son GRATIS)<\/b> El valor var\u00eda seg\u00fan el peso. Los pedidos se entregar\u00e1n por mensajer\u00eda a la direcci\u00f3n indicada por el cliente.\n<br>Si no hay nadie en casa, se realizar\u00e1 un nuevo intento de entrega al d\u00eda siguiente.\n\n<br>Pasado este plazo, el pedido ser\u00e1 devuelto a nuestras instalaciones.\n\n<br>&nbsp;<br>\n\n<p><b>Fuera de Portugal continental <\/b><\/p>\n\n<p>Los gastos de env\u00edo fuera de Portugal continental corren a cargo del cliente y var\u00edan seg\u00fan el peso, el volumen y el destino. Los pedidos se entregar\u00e1n por mensajer\u00eda a la direcci\u00f3n proporcionada por el cliente. Si no hay nadie disponible, se dejar\u00e1 un aviso para su recogida en un plazo de 3 d\u00edas laborables. Transcurrido este plazo, el pedido ser\u00e1 devuelto a nuestras instalaciones.<\/p>\t\t\t\t\t\t\t<\/div>\r\n\t\t\t\t\t\t\t\t\t\t\t<\/div>\r\n\t\t\t\t<\/div>\r\n\t\t\t\t\t\t\t<div class=\"xts-accordion-item\">\r\n\t\t\t\t\t\r\n\t\t\t\t\t<div class=\"xts-accordion-title xts-textalign-left xts-icon-right\"\r\n\t\t\t\t\t\tdata-accordion-index=\"1\">\r\n\t\t\t\t\t\t<span class=\"xts-accordion-title-text\">Plazos de entrega<\/span>\r\n\t\t\t\t\t\t<span class=\"xts-accordion-icon xts-style-arrow\"><\/span>\r\n\t\t\t\t\t<\/div>\r\n\r\n\t\t\t\t\t<div class=\"xts-accordion-content elementor-repeater-item-6842f9c xts-textalign-left\"\r\n\t\t\t\t\t\tdata-accordion-index=\"1\">\r\n\t\t\t\t\t\t\t\t\t\t\t\t\t<div class=\"xts-accordion-desc\"\r\n\t\t\t\t\t\t\t\tdata-elementor-setting-key=\"accordion_items.1.item_desc\">\r\n\t\t\t\t\t\t\t\t<b>Portugal continental:<\/b>\n<br>\nDentro de las pr\u00f3ximas 24\/36 horas, d\u00edas h\u00e1biles, posteriores al env\u00edo.\n<br>\nLas entregas se realizan en d\u00edas laborables.\n\n<br>&nbsp;<br>\n\n<b>Islas:<\/b>\n\n<br>\n\n<b>Azores:<\/b> Entre 7 y 15 d\u00edas h\u00e1biles despu\u00e9s del env\u00edo.\n\n<br>\n\n<b>Madera:<\/b> Dentro de los 5 d\u00edas h\u00e1biles siguientes al env\u00edo.\n\n<br>&nbsp;<br>\n\n<b>Se salvaguarda la siguiente excepci\u00f3n:<\/b>\n\n<br>\n\n1. Situaciones de falta de stock (Se notificar\u00e1 al cliente tras su primer contacto).\t\t\t\t\t\t\t<\/div>\r\n\t\t\t\t\t\t\t\t\t\t\t<\/div>\r\n\t\t\t\t<\/div>\r\n\t\t\t\t\t\t\t<div class=\"xts-accordion-item\">\r\n\t\t\t\t\t\r\n\t\t\t\t\t<div class=\"xts-accordion-title xts-textalign-left xts-icon-right\"\r\n\t\t\t\t\t\tdata-accordion-index=\"2\">\r\n\t\t\t\t\t\t<span class=\"xts-accordion-title-text\">Contacto del transportista DPD<\/span>\r\n\t\t\t\t\t\t<span class=\"xts-accordion-icon xts-style-arrow\"><\/span>\r\n\t\t\t\t\t<\/div>\r\n\r\n\t\t\t\t\t<div class=\"xts-accordion-content elementor-repeater-item-569c505 xts-textalign-left\"\r\n\t\t\t\t\t\tdata-accordion-index=\"2\">\r\n\t\t\t\t\t\t\t\t\t\t\t\t\t<div class=\"xts-accordion-desc\"\r\n\t\t\t\t\t\t\t\tdata-elementor-setting-key=\"accordion_items.2.item_desc\">\r\n\t\t\t\t\t\t\t\t<b>https:\/\/www.dpd.com\/pt\/pt\/ajuda\/contactos\/  <br>\n<br>\n<b>Lisboa<\/b>\n<br>\nAvenida Infante D. Henrique\n<br>\nLote 10 - Olivais Sul\n<br>\n1849-003 Lisboa\n<br>\nTel\u00e9fono: 218 546 000\n<br>\n2<sup>el<\/sup> a 6<sup>\u00ba<\/sup> - 8:30 a. m. a 7:00 p. m.\n\n<br>&nbsp;<br>\n\n<b>Puerto<\/b>\n<br>\nCalle Nuestra Se\u00f1ora del Amparo,\n<br>\nN.\u00b0 2501\n<br>\n4445-153 Alfena\n<br>\nTel\u00e9fono: 229 688 300\n<br>\n2<sup>el<\/sup> a 6<sup>\u00ba<\/sup> - 8:30 a. m. a 7:00 p. m.\t\t\t\t\t\t\t<\/div>\r\n\t\t\t\t\t\t\t\t\t\t\t<\/div>\r\n\t\t\t\t<\/div>\r\n\t\t\t\t\t\t\t<div class=\"xts-accordion-item\">\r\n\t\t\t\t\t\r\n\t\t\t\t\t<div class=\"xts-accordion-title xts-textalign-left xts-icon-right\"\r\n\t\t\t\t\t\tdata-accordion-index=\"3\">\r\n\t\t\t\t\t\t<span class=\"xts-accordion-title-text\">Gastos de env\u00edo<\/span>\r\n\t\t\t\t\t\t<span class=\"xts-accordion-icon xts-style-arrow\"><\/span>\r\n\t\t\t\t\t<\/div>\r\n\r\n\t\t\t\t\t<div class=\"xts-accordion-content elementor-repeater-item-56e7056 xts-textalign-left\"\r\n\t\t\t\t\t\tdata-accordion-index=\"3\">\r\n\t\t\t\t\t\t\t\t\t\t\t\t\t<div class=\"xts-accordion-desc\"\r\n\t\t\t\t\t\t\t\tdata-elementor-setting-key=\"accordion_items.3.item_desc\">\r\n\t\t\t\t\t\t\t\tLos gastos de env\u00edo se calculan en funci\u00f3n del peso de tu pedido y se indican en tu carrito de compra.\n<br>\nPara compras superiores a 15\u20ac + IVA, el env\u00edo es gratuito en Portugal continental.\t\t\t\t\t\t\t<\/div>\r\n\t\t\t\t\t\t\t\t\t\t\t<\/div>\r\n\t\t\t\t<\/div>\r\n\t\t\t\t\t\t\t<div class=\"xts-accordion-item\">\r\n\t\t\t\t\t\r\n\t\t\t\t\t<div class=\"xts-accordion-title xts-textalign-left xts-icon-right\"\r\n\t\t\t\t\t\tdata-accordion-index=\"4\">\r\n\t\t\t\t\t\t<span class=\"xts-accordion-title-text\">Pago contra reembolso<\/span>\r\n\t\t\t\t\t\t<span class=\"xts-accordion-icon xts-style-arrow\"><\/span>\r\n\t\t\t\t\t<\/div>\r\n\r\n\t\t\t\t\t<div class=\"xts-accordion-content elementor-repeater-item-bc929fc xts-textalign-left\"\r\n\t\t\t\t\t\tdata-accordion-index=\"4\">\r\n\t\t\t\t\t\t\t\t\t\t\t\t\t<div class=\"xts-accordion-desc\"\r\n\t\t\t\t\t\t\t\tdata-elementor-setting-key=\"accordion_items.4.item_desc\">\r\n\t\t\t\t\t\t\t\tPara pedidos con pago contra reembolso se a\u00f1adir\u00e1 un suplemento de 2,50\u20ac + IVA al coste del servicio.\t\t\t\t\t\t\t<\/div>\r\n\t\t\t\t\t\t\t\t\t\t\t<\/div>\r\n\t\t\t\t<\/div>\r\n\t\t\t\t\t\t\t<div class=\"xts-accordion-item\">\r\n\t\t\t\t\t\r\n\t\t\t\t\t<div class=\"xts-accordion-title xts-textalign-left xts-icon-right\"\r\n\t\t\t\t\t\tdata-accordion-index=\"5\">\r\n\t\t\t\t\t\t<span class=\"xts-accordion-title-text\">Costos de env\u00edo para pedidos internacionales e insulares<\/span>\r\n\t\t\t\t\t\t<span class=\"xts-accordion-icon xts-style-arrow\"><\/span>\r\n\t\t\t\t\t<\/div>\r\n\r\n\t\t\t\t\t<div class=\"xts-accordion-content elementor-repeater-item-f3b3043 xts-textalign-left\"\r\n\t\t\t\t\t\tdata-accordion-index=\"5\">\r\n\t\t\t\t\t\t\t\t\t\t\t\t\t<div class=\"xts-accordion-desc\"\r\n\t\t\t\t\t\t\t\tdata-elementor-setting-key=\"accordion_items.5.item_desc\">\r\n\t\t\t\t\t\t\t\t<p>Para consultar los costes de env\u00edo para pedidos internacionales e islas, solicita informaci\u00f3n mediante:<\/p>\n\n<ul>\n       <li>Tel\u00e9fono: (+351) 964 292 907<\/li>\n       <li>Correo electr\u00f3nico: <a href=\"mailto:geral@copopalhinhas.pt\">general@copopalhinhas.pt<\/a><\/li>\n<\/ul>\t\t\t\t\t\t\t<\/div>\r\n\t\t\t\t\t\t\t\t\t\t\t<\/div>\r\n\t\t\t\t<\/div>\r\n\t\t\t\t\t<\/div>\r\n\t\t\t\t\t\t<\/div>\n\t\t\t\t<\/div>\n\t\t\t\t\t<\/div>\n\t\t<\/div>\n\t\t\t\t\t<\/div>\n\t\t<\/section>\n\t\t\t\t<\/div>","protected":false},"excerpt":{"rendered":"<p>Entregas Portes de envio Portugal Continental Os portes de envio em Portugal continental ser\u00e3o suportados pelo cliente (exce\u00e7\u00e3o em compras superiores a 15\u20ac + IVA que s\u00e3o GR\u00c1TIS) e o valor dos mesmos varia, dependendo do peso. As encomendas ser\u00e3o entregues via transportadora na morada indicada pelo cliente. Caso n\u00e3o se encontre ningu\u00e9m no domicilio [&hellip;]<\/p>","protected":false},"author":1,"featured_media":0,"parent":0,"menu_order":0,"comment_status":"closed","ping_status":"closed","template":"","meta":{"_acf_changed":false,"footnotes":""},"class_list":["post-3330","page","type-page","status-publish","hentry"],"acf":[],"_links":{"self":[{"href":"https:\/\/copopalhinhas.maildx.net\/es\/wp-json\/wp\/v2\/pages\/3330","targetHints":{"allow":["GET"]}}],"collection":[{"href":"https:\/\/copopalhinhas.maildx.net\/es\/wp-json\/wp\/v2\/pages"}],"about":[{"href":"https:\/\/copopalhinhas.maildx.net\/es\/wp-json\/wp\/v2\/types\/page"}],"author":[{"embeddable":true,"href":"https:\/\/copopalhinhas.maildx.net\/es\/wp-json\/wp\/v2\/users\/1"}],"replies":[{"embeddable":true,"href":"https:\/\/copopalhinhas.maildx.net\/es\/wp-json\/wp\/v2\/comments?post=3330"}],"version-history":[{"count":0,"href":"https:\/\/copopalhinhas.maildx.net\/es\/wp-json\/wp\/v2\/pages\/3330\/revisions"}],"wp:attachment":[{"href":"https:\/\/copopalhinhas.maildx.net\/es\/wp-json\/wp\/v2\/media?parent=3330"}],"curies":[{"name":"wp","href":"https:\/\/api.w.org\/{rel}","templated":true}]}}