{"id":3353,"date":"2022-04-22T10:04:01","date_gmt":"2022-04-22T09:04:01","guid":{"rendered":"https:\/\/copopalhinhas.maildx.net\/?page_id=3353"},"modified":"2025-05-29T09:39:53","modified_gmt":"2025-05-29T08:39:53","slug":"politica-de-descontos","status":"publish","type":"page","link":"https:\/\/copopalhinhas.maildx.net\/es\/politica-de-descontos\/","title":{"rendered":"Pol\u00edtica de descuentos"},"content":{"rendered":"<div data-elementor-type=\"wp-page\" data-elementor-id=\"3353\" class=\"elementor elementor-3353\" data-elementor-post-type=\"page\">\n\t\t\t\t\t\t<section class=\"xts-negative-gap elementor-section elementor-top-section elementor-element elementor-element-4652b03f elementor-section-boxed elementor-section-height-default elementor-section-height-default xts-section-disabled\" data-id=\"4652b03f\" data-element_type=\"section\">\n\t\t\t\t\t\t<div class=\"elementor-container elementor-column-gap-default\">\n\t\t\t\t\t<div class=\"elementor-column elementor-col-100 elementor-top-column elementor-element elementor-element-add44bf\" data-id=\"add44bf\" data-element_type=\"column\">\n\t\t\t<div class=\"elementor-widget-wrap elementor-element-populated\">\n\t\t\t\t\t\t<div class=\"elementor-element elementor-element-d7a7e54 elementor-widget elementor-widget-xts_title\" data-id=\"d7a7e54\" data-element_type=\"widget\" data-widget_type=\"xts_title.default\">\n\t\t\t\t<div class=\"elementor-widget-container\">\n\t\t\t\t\t\t\t\t<div class=\"xts-section-heading xts-reset-mb-10 xts-reset-last xts-textalign-center\" data-animation-delay=\"\">\r\n\t\t\t\t\r\n\t\t\t\t\t\t\t\t\t<h4 class=\"xts-section-title title xts-design-default xts-fontsize-xl\">\r\n\t\t\t\t\t\t<span class=\"xts-section-title-text\" data-elementor-setting-key=\"title\">\r\n\t\t\t\t\t\t\tPol\u00edtica de descuentos\t\t\t\t\t\t<\/span>\r\n\r\n\t\t\t\t\t\t\t\t\t\t\t<\/h4>\r\n\t\t\t\t\r\n\t\t\t\t\r\n\t\t\t\t\t\t\t<\/div>\r\n\t\t\t\t\t\t<\/div>\n\t\t\t\t<\/div>\n\t\t\t\t\t<\/div>\n\t\t<\/div>\n\t\t\t\t\t<\/div>\n\t\t<\/section>\n\t\t\t\t<section class=\"elementor-section elementor-top-section elementor-element elementor-element-2871931 elementor-section-boxed elementor-section-height-default elementor-section-height-default xts-section-disabled\" data-id=\"2871931\" data-element_type=\"section\">\n\t\t\t\t\t\t<div class=\"elementor-container elementor-column-gap-default\">\n\t\t\t\t\t<div class=\"elementor-column elementor-col-100 elementor-top-column elementor-element elementor-element-0fa243d\" data-id=\"0fa243d\" data-element_type=\"column\">\n\t\t\t<div class=\"elementor-widget-wrap elementor-element-populated\">\n\t\t\t\t\t\t<div class=\"elementor-element elementor-element-9b80ddc elementor-widget elementor-widget-xts_accordion\" data-id=\"9b80ddc\" data-element_type=\"widget\" data-widget_type=\"xts_accordion.default\">\n\t\t\t\t<div class=\"elementor-widget-container\">\n\t\t\t\t\t\t\t<div class=\"xts-accordion xts-style-shadow\" data-toggle-self=\"yes\" data-state=\"first\">\r\n\t\t\t\t\t\t\t<div class=\"xts-accordion-item\">\r\n\t\t\t\t\t\r\n\t\t\t\t\t<div class=\"xts-accordion-title xts-textalign-left xts-icon-right xts-active\"\r\n\t\t\t\t\t\tdata-accordion-index=\"0\">\r\n\t\t\t\t\t\t<span class=\"xts-accordion-title-text\">Pol\u00edtica de descuentos<\/span>\r\n\t\t\t\t\t\t<span class=\"xts-accordion-icon xts-style-arrow\"><\/span>\r\n\t\t\t\t\t<\/div>\r\n\r\n\t\t\t\t\t<div class=\"xts-accordion-content xts-active elementor-repeater-item-129c3e5 xts-textalign-left\"\r\n\t\t\t\t\t\tdata-accordion-index=\"0\">\r\n\t\t\t\t\t\t\t\t\t\t\t\t\t<div class=\"xts-accordion-desc\"\r\n\t\t\t\t\t\t\t\tdata-elementor-setting-key=\"accordion_items.0.item_desc\">\r\n\t\t\t\t\t\t\t\tEn Copopalhinhas, siempre nos esforzamos por ofrecer los mejores precios y beneficios a nuestros clientes. Para ello, hemos establecido una pol\u00edtica de descuentos que se aplica autom\u00e1ticamente a su carrito de compras.<br>\n<br>\nPedidos hasta 74,99\u20ac + IVA: los precios se mantienen sin descuentos adicionales.<br>\nPedidos de 75\u20ac a 124,99\u20ac + IVA: se aplicar\u00e1 un descuento autom\u00e1tico de 5%.<br>\nPedidos de 125\u20ac a 249,99\u20ac + IVA: se aplicar\u00e1 un descuento autom\u00e1tico de 10%.<br>\nPedidos superiores a 250\u20ac + IVA: se aplicar\u00e1 un descuento autom\u00e1tico de 15%.<br>\n<br>\nAdem\u00e1s, ofrecemos env\u00edo gratuito para pedidos superiores a 15\u20ac + IVA. <br> El tiempo de entrega es de 24 a 36 horas, d\u00edas laborables, en Portugal continental.<br>\nPara cantidades superiores a 1000\u20ac + IVA, llamar al (+351) 964 292 907 o enviar un correo electr\u00f3nico a comercial@copopalhinhas.pt. <br>\n<br>\nTenga en cuenta que nuestra pol\u00edtica no se aplica a los profesionales de reventa. <br>\n<br>\n\u00a1Felices compras!\n\t\t\t\t\t\t\t<\/div>\r\n\t\t\t\t\t\t\t\t\t\t\t<\/div>\r\n\t\t\t\t<\/div>\r\n\t\t\t\t\t<\/div>\r\n\t\t\t\t\t\t<\/div>\n\t\t\t\t<\/div>\n\t\t\t\t\t<\/div>\n\t\t<\/div>\n\t\t\t\t\t<\/div>\n\t\t<\/section>\n\t\t\t\t<\/div>","protected":false},"excerpt":{"rendered":"<p>Pol\u00edtica de Descontos Pol\u00edtica de Descontos Na Copopalhinhas, procuramos oferecer sempre os melhores pre\u00e7os e vantagens aos nossos clientes. Para isso, estabelecemos uma pol\u00edtica de descontos que aplica-se automaticamente no seu carrinho de compras. Encomendas at\u00e9 74,99\u20ac + IVA: os pre\u00e7os permanecem sem descontos adicionais. Encomendas de 75\u20ac a 124,99\u20ac + IVA: ser\u00e1 aplicado um [&hellip;]<\/p>","protected":false},"author":1,"featured_media":0,"parent":0,"menu_order":0,"comment_status":"closed","ping_status":"closed","template":"","meta":{"_acf_changed":false,"footnotes":""},"class_list":["post-3353","page","type-page","status-publish","hentry"],"acf":[],"_links":{"self":[{"href":"https:\/\/copopalhinhas.maildx.net\/es\/wp-json\/wp\/v2\/pages\/3353","targetHints":{"allow":["GET"]}}],"collection":[{"href":"https:\/\/copopalhinhas.maildx.net\/es\/wp-json\/wp\/v2\/pages"}],"about":[{"href":"https:\/\/copopalhinhas.maildx.net\/es\/wp-json\/wp\/v2\/types\/page"}],"author":[{"embeddable":true,"href":"https:\/\/copopalhinhas.maildx.net\/es\/wp-json\/wp\/v2\/users\/1"}],"replies":[{"embeddable":true,"href":"https:\/\/copopalhinhas.maildx.net\/es\/wp-json\/wp\/v2\/comments?post=3353"}],"version-history":[{"count":3,"href":"https:\/\/copopalhinhas.maildx.net\/es\/wp-json\/wp\/v2\/pages\/3353\/revisions"}],"predecessor-version":[{"id":69206,"href":"https:\/\/copopalhinhas.maildx.net\/es\/wp-json\/wp\/v2\/pages\/3353\/revisions\/69206"}],"wp:attachment":[{"href":"https:\/\/copopalhinhas.maildx.net\/es\/wp-json\/wp\/v2\/media?parent=3353"}],"curies":[{"name":"wp","href":"https:\/\/api.w.org\/{rel}","templated":true}]}}