{"id":10387,"date":"2022-07-25T16:10:24","date_gmt":"2022-07-25T15:10:24","guid":{"rendered":"https:\/\/copopalhinhas.maildx.net\/produto\/copo-granity-33cl-pc\/"},"modified":"2025-11-22T00:22:17","modified_gmt":"2025-11-22T00:22:17","slug":"copo-granity-pc-33cl-330ml","status":"publish","type":"product","link":"https:\/\/copopalhinhas.maildx.net\/es\/producto\/copo-granity-pc-33cl-330ml\/","title":{"rendered":"VASO DE GRANITO EN PC 33CL (330ML)"},"content":{"rendered":"<h3>Vaso de PC Granity de 33 cl (330 ml): un cl\u00e1sico que realza cualquier ocasi\u00f3n<\/h3>\n<p>El vaso Granity PC de 33 cl (330 ml) combina el ic\u00f3nico dise\u00f1o de ranuras verticales con la resistencia del policarbonato (PC), lo que lo convierte en un accesorio esencial para servir bebidas con seguridad. En primer lugar, el PC garantiza su durabilidad, lo que reduce el riesgo de rotura y los costes de sustituci\u00f3n. Adem\u00e1s, su capacidad de 33 cl (330 ml) permite servir bebidas equilibradas, ideales para zumos, refrescos o c\u00f3cteles, con una presentaci\u00f3n elegante y pr\u00e1ctica.<\/p>\n<h4>Un visual que realza las bebidas<\/h4>\n<p>La forma facetada del vaso Granity crea reflejos cautivadores que realzan los colores y las texturas de las bebidas. Como resultado, cada sorbo se vuelve m\u00e1s atractivo, ya sea en un evento profesional o en una reuni\u00f3n familiar. Adem\u00e1s, su robusta estructura permite apilar los vasos f\u00e1cilmente, ahorrando espacio en mostradores y estanter\u00edas.<\/p>\n<h4>Policarbonato: seguridad y eficiencia<\/h4>\n<p>El policarbonato (PC) es resistente a los impactos, lo que reduce la preocupaci\u00f3n constante por las roturas de vasos. Esto ahorra tiempo y dinero a bares y restaurantes, ya que evita tener que reemplazarlos con frecuencia. En casa, esta caracter\u00edstica proporciona tranquilidad, especialmente cuando hay ni\u00f1os o fiestas animadas. Si busca un vaso que combine estilo atemporal y funcionalidad, este modelo es la soluci\u00f3n.<\/p>\n<h4>Limpieza simplificada y uso constante<\/h4>\n<p>El vaso Granity PC de 33 cl (330 ml) se adapta bien al lavado frecuente, tanto en lavavajillas como a mano, manteniendo su forma y transparencia originales. Esto ahorra recursos y agiliza el proceso de trabajo, ya que no requiere cuidados especiales. Adem\u00e1s, la durabilidad del PC prolonga la vida \u00fatil del vaso, garantizando una experiencia m\u00e1s c\u00f3moda para todos los usuarios.<\/p>\n<h4>Versatilidad que marca la diferencia<\/h4>\n<p>A pesar de su dise\u00f1o cl\u00e1sico, este vaso se adapta a diversos contextos y bebidas, desde aguas saborizadas hasta cervezas ligeras. Por lo tanto, su capacidad de 33 cl (330 ml) permite un consumo m\u00e1s controlado sin sacrificar la elegancia de la presentaci\u00f3n. Si busca un producto que combine durabilidad, est\u00e9tica y practicidad, el vaso Granity PC de 33 cl (330 ml) supera todas sus expectativas. <span style=\"font-size: 16px\">Ver m\u00e1s <\/span><a style=\"font-size: 16px\" href=\"https:\/\/copopalhinhas.maildx.net\/es\/categorias\/copos-policarbonato-pc\/\">Copas de policarbonato para PC<\/a><span style=\"font-size: 16px\">.<\/span><\/p>\n<div id=\"tab-description\" class=\"woocommerce-Tabs-panel woocommerce-Tabs-panel--description panel entry-content wc-tab xts-active\" role=\"tabpanel\" aria-labelledby=\"tab-title-description\" data-accordion-index=\"description\">\n<p><strong><img decoding=\"async\" src=\"https:\/\/copopalhinhas.maildx.net\/wp-content\/uploads\/Icon_inquebraveis.png\" alt=\"\" width=\"30\" height=\"30\" \/> Resistente: <\/strong>Con alta resistencia a los impactos, nuestro<strong> anteojos, <\/strong>igual que el nuestro<strong> loco <\/strong>soportar presiones de hasta 3,5 toneladas (ISO\/179\/2c.)<\/p>\n<p><strong><img decoding=\"async\" src=\"https:\/\/copopalhinhas.maildx.net\/wp-content\/uploads\/Icon_reciclaveis.png\" alt=\"\" width=\"30\" height=\"30\" \/> Reutilizable<\/strong>:Ciclo de vida largo, de unos 3 a 5 a\u00f1os, dependiendo de su uso.<\/p>\n<p><strong><img decoding=\"async\" src=\"https:\/\/copopalhinhas.maildx.net\/wp-content\/uploads\/Icon_resistencia.png\" alt=\"\" width=\"30\" height=\"30\" \/> Apoyo<\/strong>:Temperaturas altas y bajas (-40\u00baC a +130\u00baC).<\/p>\n<p><strong><img loading=\"lazy\" decoding=\"async\" src=\"https:\/\/copopalhinhas.maildx.net\/wp-content\/uploads\/Icon_compativeis.png\" alt=\"\" width=\"30\" height=\"30\" \/> Compatible: <\/strong>Con microondas, lavavajillas, congelador y detergentes.<\/p>\n<p><strong><img loading=\"lazy\" decoding=\"async\" src=\"https:\/\/copopalhinhas.maildx.net\/wp-content\/uploads\/Icons_alimentos.png\" alt=\"\" width=\"30\" height=\"30\" \/> Alimento<\/strong>Apto para consumo alimentario: no t\u00f3xico y esterilizable. Cumple con la normativa europea y las normas de la FDA.<\/p>\n<p><strong><img loading=\"lazy\" decoding=\"async\" src=\"https:\/\/copopalhinhas.maildx.net\/wp-content\/uploads\/Icon_neutros.png\" alt=\"\" width=\"30\" height=\"30\" \/> Neutral<\/strong>:Respetan las propiedades de los l\u00edquidos y alimentos sin alterar su olor y sabor.<\/p>\n<p><strong><img loading=\"lazy\" decoding=\"async\" src=\"https:\/\/copopalhinhas.maildx.net\/wp-content\/uploads\/Icon_isolamentos.png\" alt=\"\" width=\"30\" height=\"30\" \/> Aislamiento t\u00e9rmico<\/strong>:Mantienen los l\u00edquidos calientes o fr\u00edos durante m\u00e1s tiempo que los vasos de vidrio.<\/p>\n<p><strong><img loading=\"lazy\" decoding=\"async\" src=\"https:\/\/copopalhinhas.maildx.net\/wp-content\/uploads\/Icons_reutilizaveis.png\" alt=\"\" width=\"30\" height=\"30\" \/> Reciclables<\/strong>:Productos que pueden reciclarse o utilizarse para la recuperaci\u00f3n de energ\u00eda.<\/p>\n<p><strong><img loading=\"lazy\" decoding=\"async\" src=\"https:\/\/copopalhinhas.maildx.net\/wp-content\/uploads\/Icon_economicos.png\" alt=\"\" width=\"30\" height=\"30\" \/> Econ\u00f3mico<\/strong>:Reducci\u00f3n de hasta 90% en tu inversi\u00f3n en vasos y vajilla.<\/p>\n<p><strong><img loading=\"lazy\" decoding=\"async\" src=\"https:\/\/copopalhinhas.maildx.net\/wp-content\/uploads\/Icon_transparencia.png\" alt=\"\" width=\"30\" height=\"30\" \/> Transparente<\/strong>:Visualmente id\u00e9ntico al vidrio y brillante como el cristal.<\/p>\n<\/div>","protected":false},"excerpt":{"rendered":"<p>La taza Granity PC de 33 cl (330 ml) combina un dise\u00f1o cl\u00e1sico con la robustez del policarbonato (PC).<br \/>\nEste material es resistente a los impactos, lo que prolonga la vida \u00fatil de la taza.<br \/>\nAdem\u00e1s, la forma facetada realza el color y la textura de las bebidas, haci\u00e9ndolas m\u00e1s atractivas.<br \/>\nEs una opci\u00f3n vers\u00e1til para bares, restaurantes o uso dom\u00e9stico, garantizando estilo y seguridad.<\/p>\n<p><strong><img decoding=\"async\" src=\"https:\/\/copopalhinhas.maildx.net\/wp-content\/uploads\/Icon_inquebraveis.png\" alt=\"\" width=\"30\" height=\"30\" \/><img decoding=\"async\" src=\"https:\/\/copopalhinhas.maildx.net\/wp-content\/uploads\/Icon_reciclaveis.png\" alt=\"\" width=\"30\" height=\"30\" \/><\/strong><strong><img decoding=\"async\" src=\"https:\/\/copopalhinhas.maildx.net\/wp-content\/uploads\/Icon_resistencia.png\" alt=\"\" width=\"30\" height=\"30\" \/><\/strong><strong><img loading=\"lazy\" decoding=\"async\" src=\"https:\/\/copopalhinhas.maildx.net\/wp-content\/uploads\/Icon_compativeis.png\" alt=\"\" width=\"30\" height=\"30\" \/><\/strong><strong><img loading=\"lazy\" decoding=\"async\" src=\"https:\/\/copopalhinhas.maildx.net\/wp-content\/uploads\/Icons_alimentos.png\" alt=\"\" width=\"30\" height=\"30\" \/><\/strong><strong><img loading=\"lazy\" decoding=\"async\" src=\"https:\/\/copopalhinhas.maildx.net\/wp-content\/uploads\/Icon_neutros.png\" alt=\"\" width=\"30\" height=\"30\" \/><\/strong><strong><img loading=\"lazy\" decoding=\"async\" src=\"https:\/\/copopalhinhas.maildx.net\/wp-content\/uploads\/Icon_isolamentos.png\" alt=\"\" width=\"30\" height=\"30\" \/><\/strong><strong><img loading=\"lazy\" decoding=\"async\" src=\"https:\/\/copopalhinhas.maildx.net\/wp-content\/uploads\/Icons_seguranca.png\" alt=\"\" width=\"30\" height=\"30\" \/><\/strong><strong><img loading=\"lazy\" decoding=\"async\" src=\"https:\/\/copopalhinhas.maildx.net\/wp-content\/uploads\/Icons_reutilizaveis.png\" alt=\"\" width=\"30\" height=\"30\" \/><\/strong><strong><img loading=\"lazy\" decoding=\"async\" src=\"https:\/\/copopalhinhas.maildx.net\/wp-content\/uploads\/Icon_economicos.png\" alt=\"\" width=\"30\" height=\"30\" \/><\/strong><strong><img loading=\"lazy\" decoding=\"async\" src=\"https:\/\/copopalhinhas.maildx.net\/wp-content\/uploads\/Icon_transparencia.png\" alt=\"\" width=\"30\" height=\"30\" \/><\/strong><\/p>","protected":false},"featured_media":77741,"comment_status":"open","ping_status":"closed","template":"","meta":{"_acf_changed":false},"product_brand":[],"product_cat":[2018,2000,1718,1454,1510,1514,1436,1442,1447,225],"product_tag":[1576,1575,1568],"class_list":{"0":"post-10387","1":"product","2":"type-product","3":"status-publish","4":"has-post-thumbnail","6":"product_cat-copos-policarbonato-pc","7":"product_cat-copos-reutilizaveis-premium","8":"product_cat-transparente","9":"product_cat-31-40cl","10":"product_cat-inquebravel","11":"product_cat-policarbonato-pc","12":"product_cat-agua","13":"product_cat-granity","14":"product_cat-sumos","15":"product_cat-copos","16":"product_tag-sub-menu-copos-policarbonato-pc","17":"product_tag-sub-menu-copos-premium","18":"product_tag-menu-reutilizaveis","19":"pa_capacidade-total-31-40cl","20":"pa_qtd-por-caixa-296","21":"pa_qtd-por-caixa-295","22":"tm-no-options","24":"first","25":"instock","26":"taxable","27":"shipping-taxable","28":"purchasable","29":"product-type-variable"},"acf":[],"_links":{"self":[{"href":"https:\/\/copopalhinhas.maildx.net\/es\/wp-json\/wp\/v2\/product\/10387","targetHints":{"allow":["GET"]}}],"collection":[{"href":"https:\/\/copopalhinhas.maildx.net\/es\/wp-json\/wp\/v2\/product"}],"about":[{"href":"https:\/\/copopalhinhas.maildx.net\/es\/wp-json\/wp\/v2\/types\/product"}],"replies":[{"embeddable":true,"href":"https:\/\/copopalhinhas.maildx.net\/es\/wp-json\/wp\/v2\/comments?post=10387"}],"wp:featuredmedia":[{"embeddable":true,"href":"https:\/\/copopalhinhas.maildx.net\/es\/wp-json\/wp\/v2\/media\/77741"}],"wp:attachment":[{"href":"https:\/\/copopalhinhas.maildx.net\/es\/wp-json\/wp\/v2\/media?parent=10387"}],"wp:term":[{"taxonomy":"product_brand","embeddable":true,"href":"https:\/\/copopalhinhas.maildx.net\/es\/wp-json\/wp\/v2\/product_brand?post=10387"},{"taxonomy":"product_cat","embeddable":true,"href":"https:\/\/copopalhinhas.maildx.net\/es\/wp-json\/wp\/v2\/product_cat?post=10387"},{"taxonomy":"product_tag","embeddable":true,"href":"https:\/\/copopalhinhas.maildx.net\/es\/wp-json\/wp\/v2\/product_tag?post=10387"}],"curies":[{"name":"wp","href":"https:\/\/api.w.org\/{rel}","templated":true}]}}