{"id":10455,"date":"2022-07-25T16:11:03","date_gmt":"2022-07-25T15:11:03","guid":{"rendered":"https:\/\/copopalhinhas.maildx.net\/produto\/copo-flute-champanhe-espumante-15cl-pc\/"},"modified":"2025-11-22T00:22:12","modified_gmt":"2025-11-22T00:22:12","slug":"copo-flute-pc-transparente-15cl-150ml","status":"publish","type":"product","link":"https:\/\/copopalhinhas.maildx.net\/es\/producto\/copo-flute-pc-transparente-15cl-150ml\/","title":{"rendered":"Copa de flauta de PC transparente de 15 cl (150 ml)"},"content":{"rendered":"<h3>Copa flauta de PC transparente de 15 cl (150 ml): Elegancia y resistencia en peque\u00f1os regalos<\/h3>\n<p>La copa flauta de policarbonato transparente de 15 cl (150 ml) es la opci\u00f3n ideal para quienes desean brindar con estilo sin sacrificar la seguridad. Ante todo, el policarbonato (PC) destaca por su robustez, evitando roturas y prolongando la vida \u00fatil de la copa. Adem\u00e1s, la transparencia del material realza el color y la efervescencia de vinos espumosos, champanes o c\u00f3cteles ligeros, ofreciendo una experiencia m\u00e1s atractiva y atractiva.<\/p>\n<h4>Una silueta que sorprende<\/h4>\n<p>La forma esbelta de esta copa flauta de PC transparente de 15 cl (150 ml) a\u00f1ade un toque sofisticado a cualquier ocasi\u00f3n. Esto hace que las bebidas sean m\u00e1s atractivas visualmente, cautivando a los invitados. Su capacidad moderada tambi\u00e9n ayuda a mantener un consumo equilibrado, lo que la hace perfecta para eventos que buscan un ambiente relajado pero elegante.<\/p>\n<h4>Ligereza y seguridad de la mano<\/h4>\n<p>A pesar de su policarbonato (PC) extremadamente resistente, la copa es sorprendentemente ligera, lo que simplifica el servicio en bares, restaurantes o fiestas al aire libre. Esto reduce el riesgo de accidentes y agiliza el transporte de varias copas a la vez. Si buscas un accesorio que combine practicidad y estilo, has encontrado la soluci\u00f3n perfecta para que cada brindis sea inolvidable.<\/p>\n<h4>F\u00e1cil higiene y uso constante<\/h4>\n<p>El PC (policarbonato) resiste lavados frecuentes, tanto en el lavavajillas como a mano, sin perder su transparencia ni su forma original. Esto ahorra tiempo y dinero, ya que no es necesario cambiar los vasos con frecuencia. En entornos profesionales, esto es esencial para un servicio impecable. En casa, facilita la rutina, ya que el vaso se mantiene impecable tras repetidos usos.<\/p>\n<h4>Versatilidad cautivadora<\/h4>\n<p>Aunque se la conoce como copa de flauta para vino espumoso, esta copa es igualmente adecuada para c\u00f3cteles creativos. Su transparencia realza los vibrantes colores de las bebidas, creando un efecto visual irresistible. Si busca una copa que ofrezca refinamiento, seguridad y durabilidad, esta cumple a la perfecci\u00f3n con todos los requisitos. Ver m\u00e1s <a href=\"https:\/\/copopalhinhas.maildx.net\/es\/categorias\/copos-policarbonato-pc\/?wpf_filtered=1&amp;wpf_fbv=1&amp;wpf_filter_cat_list_1=1440\">Copas de flauta de policarbonato PC<\/a>.<\/p>\n<p><strong><img decoding=\"async\" src=\"https:\/\/copopalhinhas.maildx.net\/wp-content\/uploads\/Icon_inquebraveis.png\" alt=\"\" width=\"30\" height=\"30\" \/> Resistente: <\/strong>Con alta resistencia a los impactos, nuestro<strong> anteojos, <\/strong>igual que el nuestro<strong> loco <\/strong>soportar presiones de hasta 3,5 toneladas (ISO\/179\/2c.)<\/p>\n<p><strong><img decoding=\"async\" src=\"https:\/\/copopalhinhas.maildx.net\/wp-content\/uploads\/Icon_reciclaveis.png\" alt=\"\" width=\"30\" height=\"30\" \/> Reutilizable<\/strong>:Ciclo de vida largo, de unos 3 a 5 a\u00f1os, dependiendo de su uso.<\/p>\n<p><strong><img decoding=\"async\" src=\"https:\/\/copopalhinhas.maildx.net\/wp-content\/uploads\/Icon_resistencia.png\" alt=\"\" width=\"30\" height=\"30\" \/> Apoyo<\/strong>:Temperaturas altas y bajas (-40\u00baC a +130\u00baC).<\/p>\n<p><strong><img loading=\"lazy\" decoding=\"async\" src=\"https:\/\/copopalhinhas.maildx.net\/wp-content\/uploads\/Icon_compativeis.png\" alt=\"\" width=\"30\" height=\"30\" \/> Compatible: <\/strong>Con microondas, lavavajillas, congelador y detergentes.<\/p>\n<p><strong><img loading=\"lazy\" decoding=\"async\" src=\"https:\/\/copopalhinhas.maildx.net\/wp-content\/uploads\/Icons_alimentos.png\" alt=\"\" width=\"30\" height=\"30\" \/> Alimento<\/strong>Apto para consumo alimentario: no t\u00f3xico y esterilizable. Cumple con la normativa europea y las normas de la FDA.<\/p>\n<p><strong><img loading=\"lazy\" decoding=\"async\" src=\"https:\/\/copopalhinhas.maildx.net\/wp-content\/uploads\/Icon_neutros.png\" alt=\"\" width=\"30\" height=\"30\" \/> Neutral<\/strong>:Respetan las propiedades de los l\u00edquidos y alimentos sin alterar su olor y sabor.<\/p>\n<p><strong><img loading=\"lazy\" decoding=\"async\" src=\"https:\/\/copopalhinhas.maildx.net\/wp-content\/uploads\/Icon_isolamentos.png\" alt=\"\" width=\"30\" height=\"30\" \/> Aislamiento t\u00e9rmico<\/strong>:Mantienen los l\u00edquidos calientes o fr\u00edos durante m\u00e1s tiempo que los vasos de vidrio.<\/p>\n<p><strong><img loading=\"lazy\" decoding=\"async\" src=\"https:\/\/copopalhinhas.maildx.net\/wp-content\/uploads\/Icons_reutilizaveis.png\" alt=\"\" width=\"30\" height=\"30\" \/> Reciclables<\/strong>:Productos que pueden reciclarse o utilizarse para la recuperaci\u00f3n de energ\u00eda.<\/p>\n<p><strong><img loading=\"lazy\" decoding=\"async\" src=\"https:\/\/copopalhinhas.maildx.net\/wp-content\/uploads\/Icon_economicos.png\" alt=\"\" width=\"30\" height=\"30\" \/> Econ\u00f3mico<\/strong>:Reducci\u00f3n de hasta 90% en tu inversi\u00f3n en vasos y vajilla.<\/p>\n<p><strong><img loading=\"lazy\" decoding=\"async\" src=\"https:\/\/copopalhinhas.maildx.net\/wp-content\/uploads\/Icon_transparencia.png\" alt=\"\" width=\"30\" height=\"30\" \/> Transparente<\/strong>:Visualmente id\u00e9ntico al vidrio y brillante como el cristal.<\/p>","protected":false},"excerpt":{"rendered":"<p>La copa flauta de PC transparente de 15 cl (150 ml) combina seguridad y sofisticaci\u00f3n para momentos de celebraci\u00f3n.<br \/>\nEl policarbonato (PC) evita roturas, garantizando un servicio confiable en bares o fiestas.<br \/>\nAdem\u00e1s, la forma delgada realza la efervescencia y el color de las bebidas.<br \/>\nEs una opci\u00f3n vers\u00e1til, perfecta para vinos espumosos o c\u00f3cteles.<\/p>\n<p><strong><img decoding=\"async\" src=\"https:\/\/copopalhinhas.maildx.net\/wp-content\/uploads\/Icon_inquebraveis.png\" alt=\"\" width=\"30\" height=\"30\" \/> <img decoding=\"async\" src=\"https:\/\/copopalhinhas.maildx.net\/wp-content\/uploads\/Icon_reciclaveis.png\" alt=\"\" width=\"30\" height=\"30\" \/> <\/strong><strong><img decoding=\"async\" src=\"https:\/\/copopalhinhas.maildx.net\/wp-content\/uploads\/Icon_resistencia.png\" alt=\"\" width=\"30\" height=\"30\" \/> <\/strong><strong><img loading=\"lazy\" decoding=\"async\" src=\"https:\/\/copopalhinhas.maildx.net\/wp-content\/uploads\/Icon_compativeis.png\" alt=\"\" width=\"30\" height=\"30\" \/> <\/strong><strong><img loading=\"lazy\" decoding=\"async\" src=\"https:\/\/copopalhinhas.maildx.net\/wp-content\/uploads\/Icons_alimentos.png\" alt=\"\" width=\"30\" height=\"30\" \/> <\/strong><strong><img loading=\"lazy\" decoding=\"async\" src=\"https:\/\/copopalhinhas.maildx.net\/wp-content\/uploads\/Icon_neutros.png\" alt=\"\" width=\"30\" height=\"30\" \/> <\/strong><strong><img loading=\"lazy\" decoding=\"async\" src=\"https:\/\/copopalhinhas.maildx.net\/wp-content\/uploads\/Icon_isolamentos.png\" alt=\"\" width=\"30\" height=\"30\" \/> <\/strong><strong><img loading=\"lazy\" decoding=\"async\" src=\"https:\/\/copopalhinhas.maildx.net\/wp-content\/uploads\/Icons_seguranca.png\" alt=\"\" width=\"30\" height=\"30\" \/> <\/strong><strong><img loading=\"lazy\" decoding=\"async\" src=\"https:\/\/copopalhinhas.maildx.net\/wp-content\/uploads\/Icons_reutilizaveis.png\" alt=\"\" width=\"30\" height=\"30\" \/> <\/strong><strong><img loading=\"lazy\" decoding=\"async\" src=\"https:\/\/copopalhinhas.maildx.net\/wp-content\/uploads\/Icon_economicos.png\" alt=\"\" width=\"30\" height=\"30\" \/> <\/strong><strong><img loading=\"lazy\" decoding=\"async\" src=\"https:\/\/copopalhinhas.maildx.net\/wp-content\/uploads\/Icon_transparencia.png\" alt=\"\" width=\"30\" height=\"30\" \/> <\/strong><\/p>","protected":false},"featured_media":31410,"comment_status":"open","ping_status":"closed","template":"","meta":{"_acf_changed":false},"product_brand":[],"product_cat":[2018,2000,1718,1453,1510,1514,1440,225],"product_tag":[1576,1575,1568],"class_list":{"0":"post-10455","1":"product","2":"type-product","3":"status-publish","4":"has-post-thumbnail","6":"product_cat-copos-policarbonato-pc","7":"product_cat-copos-reutilizaveis-premium","8":"product_cat-transparente","9":"product_cat-11-20cl","10":"product_cat-inquebravel","11":"product_cat-policarbonato-pc","12":"product_cat-champanhe","13":"product_cat-copos","14":"product_tag-sub-menu-copos-policarbonato-pc","15":"product_tag-sub-menu-copos-premium","16":"product_tag-menu-reutilizaveis","17":"pa_capacidade-total-11-20cl","18":"pa_qtd-por-caixa-296","19":"pa_qtd-por-caixa-284","20":"tm-no-options","22":"first","23":"instock","24":"taxable","25":"shipping-taxable","26":"purchasable","27":"product-type-variable"},"acf":[],"_links":{"self":[{"href":"https:\/\/copopalhinhas.maildx.net\/es\/wp-json\/wp\/v2\/product\/10455","targetHints":{"allow":["GET"]}}],"collection":[{"href":"https:\/\/copopalhinhas.maildx.net\/es\/wp-json\/wp\/v2\/product"}],"about":[{"href":"https:\/\/copopalhinhas.maildx.net\/es\/wp-json\/wp\/v2\/types\/product"}],"replies":[{"embeddable":true,"href":"https:\/\/copopalhinhas.maildx.net\/es\/wp-json\/wp\/v2\/comments?post=10455"}],"wp:featuredmedia":[{"embeddable":true,"href":"https:\/\/copopalhinhas.maildx.net\/es\/wp-json\/wp\/v2\/media\/31410"}],"wp:attachment":[{"href":"https:\/\/copopalhinhas.maildx.net\/es\/wp-json\/wp\/v2\/media?parent=10455"}],"wp:term":[{"taxonomy":"product_brand","embeddable":true,"href":"https:\/\/copopalhinhas.maildx.net\/es\/wp-json\/wp\/v2\/product_brand?post=10455"},{"taxonomy":"product_cat","embeddable":true,"href":"https:\/\/copopalhinhas.maildx.net\/es\/wp-json\/wp\/v2\/product_cat?post=10455"},{"taxonomy":"product_tag","embeddable":true,"href":"https:\/\/copopalhinhas.maildx.net\/es\/wp-json\/wp\/v2\/product_tag?post=10455"}],"curies":[{"name":"wp","href":"https:\/\/api.w.org\/{rel}","templated":true}]}}