{"id":10834,"date":"2022-07-25T16:10:47","date_gmt":"2022-07-25T15:10:47","guid":{"rendered":"https:\/\/copopalhinhas.maildx.net\/produto\/copo-gin-50cl-premium-pc\/"},"modified":"2025-11-22T00:22:15","modified_gmt":"2025-11-22T00:22:15","slug":"copo-gin-pc-50cl-500ml","status":"publish","type":"product","link":"https:\/\/copopalhinhas.maildx.net\/es\/producto\/copo-gin-pc-50cl-500ml\/","title":{"rendered":"VASO DE GINEBRA DE 50 CL (500 ML)"},"content":{"rendered":"<h3>Copa de ginebra PC de 50 cl (500 ml): un brindis inolvidable con la m\u00e1xima seguridad<\/h3>\n<p>El vaso de ginebra PC de 50 cl (500 ml) combina elegancia y durabilidad para hacer que cualquier experiencia de cata sea a\u00fan m\u00e1s especial. En primer lugar, el policarbonato (PC) garantiza su durabilidad y minimiza el riesgo de rotura, lo que lo hace perfecto para bares, restaurantes o fiestas privadas. Adem\u00e1s, su capacidad de 50 cl (500 ml) ofrece suficiente espacio para a\u00f1adir hielo, fruta o hierbas arom\u00e1ticas, realzando el sabor y el aroma de cada bebida.<\/p>\n<h4>Un dise\u00f1o que llena la vista<\/h4>\n<p>La forma ancha de esta copa de ginebra PC permite apreciar plenamente los ingredientes de cada c\u00f3ctel. Esto hace que la experiencia sea m\u00e1s atractiva, ya que la bebida destaca por su color y textura. Si busca una presentaci\u00f3n digna de elogio, este modelo satisface a la perfecci\u00f3n las necesidades de quienes valoran la est\u00e9tica.<\/p>\n<h4>Ligereza combinada con robustez<\/h4>\n<p>El policarbonato (PC) combina resistencia y ligereza, lo que facilita su uso en entornos de alto tr\u00e1fico. Como resultado, se reduce el riesgo de accidentes, ya que el vaso no se rompe en fragmentos peligrosos. Si buscas combinar seguridad y practicidad, este accesorio es la opci\u00f3n ideal para eventos o para el d\u00eda a d\u00eda.<\/p>\n<h4>Limpieza pr\u00e1ctica y uso duradero.<\/h4>\n<p>El vaso de ginebra PC de 50 cl (500 ml) se adapta a lavados frecuentes, ya sea en el lavavajillas o a mano, manteniendo su forma y transparencia originales. En establecimientos profesionales, esta caracter\u00edstica agiliza el servicio y reduce los costes de reposici\u00f3n. En casa, garantiza una rutina m\u00e1s relajada, ya que el vaso permanece listo para el siguiente brindis.<\/p>\n<h4>Versatilidad sorprendente<\/h4>\n<p>Ideal para ginebra, este vaso tambi\u00e9n realza zumos, refrescos e incluso postres creativos. Su gran capacidad realza los elementos decorativos de las bebidas, haci\u00e9ndolas m\u00e1s atractivas. Si busca un producto que ofrezca refinamiento, seguridad y durabilidad, el vaso para ginebra PC de 50 cl (500 ml) supera con creces sus expectativas. Ver m\u00e1s <a href=\"https:\/\/copopalhinhas.maildx.net\/es\/categorias\/copos-policarbonato-pc\/\">Copas de policarbonato para PC<\/a>.<\/p>\n<p><strong><img decoding=\"async\" src=\"https:\/\/copopalhinhas.maildx.net\/wp-content\/uploads\/Icon_inquebraveis.png\" alt=\"\" width=\"30\" height=\"30\" \/> Resistente: <\/strong>Con alta resistencia a los impactos, nuestro<strong> anteojos, <\/strong>igual que el nuestro<strong> loco <\/strong>soportar presiones de hasta 3,5 toneladas (ISO\/179\/2c.)<\/p>\n<p><strong><img decoding=\"async\" src=\"https:\/\/copopalhinhas.maildx.net\/wp-content\/uploads\/Icon_reciclaveis.png\" alt=\"\" width=\"30\" height=\"30\" \/> Reutilizable<\/strong>:Ciclo de vida largo, de unos 3 a 5 a\u00f1os, dependiendo de su uso.<\/p>\n<p><strong><img decoding=\"async\" src=\"https:\/\/copopalhinhas.maildx.net\/wp-content\/uploads\/Icon_resistencia.png\" alt=\"\" width=\"30\" height=\"30\" \/> Apoyo<\/strong>:Temperaturas altas y bajas (-40\u00baC a +130\u00baC).<\/p>\n<p><strong><img loading=\"lazy\" decoding=\"async\" src=\"https:\/\/copopalhinhas.maildx.net\/wp-content\/uploads\/Icon_compativeis.png\" alt=\"\" width=\"30\" height=\"30\" \/> Compatible: <\/strong>Con microondas, lavavajillas, congelador y detergentes.<\/p>\n<p><strong><img loading=\"lazy\" decoding=\"async\" src=\"https:\/\/copopalhinhas.maildx.net\/wp-content\/uploads\/Icons_alimentos.png\" alt=\"\" width=\"30\" height=\"30\" \/> Alimento<\/strong>Apto para consumo alimentario: no t\u00f3xico y esterilizable. Cumple con la normativa europea y las normas de la FDA.<\/p>\n<p><strong><img loading=\"lazy\" decoding=\"async\" src=\"https:\/\/copopalhinhas.maildx.net\/wp-content\/uploads\/Icon_neutros.png\" alt=\"\" width=\"30\" height=\"30\" \/> Neutral<\/strong>:Respetan las propiedades de los l\u00edquidos y alimentos sin alterar su olor y sabor.<\/p>\n<p><strong><img loading=\"lazy\" decoding=\"async\" src=\"https:\/\/copopalhinhas.maildx.net\/wp-content\/uploads\/Icon_isolamentos.png\" alt=\"\" width=\"30\" height=\"30\" \/> Aislamiento t\u00e9rmico<\/strong>:Mantienen los l\u00edquidos calientes o fr\u00edos durante m\u00e1s tiempo que los vasos de vidrio.<\/p>\n<p><strong><img loading=\"lazy\" decoding=\"async\" src=\"https:\/\/copopalhinhas.maildx.net\/wp-content\/uploads\/Icons_reutilizaveis.png\" alt=\"\" width=\"30\" height=\"30\" \/> Reciclables<\/strong>:Productos que pueden reciclarse o utilizarse para la recuperaci\u00f3n de energ\u00eda.<\/p>\n<p><strong><img loading=\"lazy\" decoding=\"async\" src=\"https:\/\/copopalhinhas.maildx.net\/wp-content\/uploads\/Icon_economicos.png\" alt=\"\" width=\"30\" height=\"30\" \/> Econ\u00f3mico<\/strong>:Reducci\u00f3n de hasta 90% en tu inversi\u00f3n en vasos y vajilla.<\/p>\n<p><strong><img loading=\"lazy\" decoding=\"async\" src=\"https:\/\/copopalhinhas.maildx.net\/wp-content\/uploads\/Icon_transparencia.png\" alt=\"\" width=\"30\" height=\"30\" \/> Transparente<\/strong>:Visualmente id\u00e9ntico al vidrio y brillante como el cristal.<\/p>","protected":false},"excerpt":{"rendered":"<p>El vaso de ginebra PC de 50 cl (500 ml) combina estilo y seguridad para servir bebidas de manera impecable.<br \/>\nEl policarbonato (PC) evita roturas, garantizando mayor durabilidad en bares o fiestas.<br \/>\nAdem\u00e1s, el formato ancho resalta los ingredientes, haciendo que cada c\u00f3ctel sea m\u00e1s atractivo.<br \/>\nEs una opci\u00f3n pr\u00e1ctica y elegante, perfecta para sorprender a los invitados en cualquier ocasi\u00f3n.<\/p>","protected":false},"featured_media":22950,"comment_status":"open","ping_status":"closed","template":"","meta":{"_acf_changed":false},"product_brand":[],"product_cat":[2018,2000,1718,1456,1510,1514,1435,1441,225],"product_tag":[1576,1575,1568],"class_list":{"0":"post-10834","1":"product","2":"type-product","3":"status-publish","4":"has-post-thumbnail","6":"product_cat-copos-policarbonato-pc","7":"product_cat-copos-reutilizaveis-premium","8":"product_cat-transparente","9":"product_cat-51-60cl","10":"product_cat-inquebravel","11":"product_cat-policarbonato-pc","12":"product_cat-modelo","13":"product_cat-gin","14":"product_cat-copos","15":"product_tag-sub-menu-copos-policarbonato-pc","16":"product_tag-sub-menu-copos-premium","17":"product_tag-menu-reutilizaveis","18":"pa_capacidade-total-41-50cl","19":"pa_qtd-por-caixa-296","20":"pa_qtd-por-caixa-284","21":"pa_qtd-por-caixa-1312","22":"tm-no-options","24":"first","25":"instock","26":"taxable","27":"shipping-taxable","28":"purchasable","29":"product-type-variable"},"acf":[],"_links":{"self":[{"href":"https:\/\/copopalhinhas.maildx.net\/es\/wp-json\/wp\/v2\/product\/10834","targetHints":{"allow":["GET"]}}],"collection":[{"href":"https:\/\/copopalhinhas.maildx.net\/es\/wp-json\/wp\/v2\/product"}],"about":[{"href":"https:\/\/copopalhinhas.maildx.net\/es\/wp-json\/wp\/v2\/types\/product"}],"replies":[{"embeddable":true,"href":"https:\/\/copopalhinhas.maildx.net\/es\/wp-json\/wp\/v2\/comments?post=10834"}],"wp:featuredmedia":[{"embeddable":true,"href":"https:\/\/copopalhinhas.maildx.net\/es\/wp-json\/wp\/v2\/media\/22950"}],"wp:attachment":[{"href":"https:\/\/copopalhinhas.maildx.net\/es\/wp-json\/wp\/v2\/media?parent=10834"}],"wp:term":[{"taxonomy":"product_brand","embeddable":true,"href":"https:\/\/copopalhinhas.maildx.net\/es\/wp-json\/wp\/v2\/product_brand?post=10834"},{"taxonomy":"product_cat","embeddable":true,"href":"https:\/\/copopalhinhas.maildx.net\/es\/wp-json\/wp\/v2\/product_cat?post=10834"},{"taxonomy":"product_tag","embeddable":true,"href":"https:\/\/copopalhinhas.maildx.net\/es\/wp-json\/wp\/v2\/product_tag?post=10834"}],"curies":[{"name":"wp","href":"https:\/\/api.w.org\/{rel}","templated":true}]}}