{"id":10898,"date":"2022-07-25T16:09:14","date_gmt":"2022-07-25T15:09:14","guid":{"rendered":"https:\/\/copopalhinhas.maildx.net\/produto\/eco-copo-35cl-branco-pp\/"},"modified":"2025-11-22T00:22:49","modified_gmt":"2025-11-22T00:22:49","slug":"eco-copo-pp-branco-35cl-350ml","status":"publish","type":"product","link":"https:\/\/copopalhinhas.maildx.net\/es\/producto\/eco-copo-pp-branco-35cl-350ml\/","title":{"rendered":"VASO ECO PP BLANCO 35CL (350ML)"},"content":{"rendered":"<h3>Vaso ecol\u00f3gico PP blanco de 35 cl (350 ml): practicidad y responsabilidad ambiental<\/h3>\n<p>El vaso ecol\u00f3gico de PP blanco de 35 cl (350 ml) es una alternativa vers\u00e1til y ecol\u00f3gica para quienes buscan reducir el uso diario de productos desechables. Su color blanco aporta elegancia a cualquier ocasi\u00f3n, ya sea un evento festivo o una sencilla comida familiar. Adem\u00e1s, el polipropileno (PP) garantiza una estructura duradera, prolongando la vida \u00fatil del vaso reutilizable y minimizando la necesidad de reemplazos frecuentes.<\/p>\n<h4>Material duradero y reciclable<\/h4>\n<p>Este vaso de pl\u00e1stico est\u00e1 hecho de PP, lo que lo hace robusto y pr\u00e1cticamente irrompible con el uso normal. Por lo tanto, es una soluci\u00f3n ecol\u00f3gica, ya que puede reciclarse y reutilizarse innumerables veces. Al elegir este vaso ecol\u00f3gico, promueve la reducci\u00f3n de residuos y contribuye a un futuro m\u00e1s sostenible.<\/p>\n<h4>Capacidad vers\u00e1til y dise\u00f1o ergon\u00f3mico<\/h4>\n<p>Con una capacidad de 35 cl (350 ml), el vaso ecol\u00f3gico de PP blanco se adapta f\u00e1cilmente a una variedad de bebidas, como zumos, refrescos, agua o incluso c\u00f3cteles. Adem\u00e1s, su forma ergon\u00f3mica permite un agarre c\u00f3modo, evitando derrames y proporcionando una agradable experiencia al beber. Este vaso resistente es ideal tanto para uso dom\u00e9stico como para eventos sociales.<\/p>\n<h4>Promoci\u00f3n del Consumo Responsable<\/h4>\n<p>Elegir un vaso reutilizable fomenta la adopci\u00f3n de h\u00e1bitos m\u00e1s conscientes, reduciendo la cantidad de productos desechables que terminan en los vertederos. Por lo tanto, cada uso del vaso ecol\u00f3gico de PP blanco de 35 cl (350 ml) representa un paso hacia pr\u00e1cticas de consumo m\u00e1s responsables. Al mismo tiempo, su color neutro permite que este vaso reutilizable se adapte a cualquier mesa, manteniendo un toque de simplicidad y sofisticaci\u00f3n.<\/p>\n<h4>Limpieza pr\u00e1ctica y uso diario<\/h4>\n<p>Mantener este vaso duradero es sencillo: simplemente l\u00e1velo a mano o col\u00f3quelo en el lavavajillas, siempre que la temperatura no supere los 40 \u00b0C. Esto ahorra tiempo y energ\u00eda, manteni\u00e9ndolo listo para el siguiente uso sin perder su calidad original. Ya sea para una comida informal, un evento corporativo o una reuni\u00f3n familiar, este vaso garantiza comodidad y respeto al medio ambiente. Ver m\u00e1s <a href=\"https:\/\/copopalhinhas.maildx.net\/es\/categorias\/copos-reutilizaveis-polipropileno-pp\/\">Vasos reutilizables de polipropileno PP<\/a>.<\/p>","protected":false},"excerpt":{"rendered":"<p>El vaso ecol\u00f3gico PP blanco de 35 cl (350 ml) combina elegancia y sostenibilidad.<br \/>\nEl material duradero prolonga la vida \u00fatil y reduce el desperdicio.<br \/>\nLa capacidad de 35 cl se adapta a diversas bebidas, lo que la hace vers\u00e1til.<br \/>\nIdeal para uso dom\u00e9stico, eventos y momentos sociales m\u00e1s responsables.<\/p>","protected":false},"featured_media":30824,"comment_status":"open","ping_status":"closed","template":"","meta":{"_acf_changed":false},"product_brand":[],"product_cat":[2002,2023,2016,2056,1719,1454,1511,1432,1738,225],"product_tag":[1579,1591,1574,1839,1568],"class_list":{"0":"post-10898","1":"product","2":"type-product","3":"status-publish","4":"has-post-thumbnail","6":"product_cat-copos-reutilizaveis","7":"product_cat-copos-reutilizaveis-polipropileno-pp","8":"product_cat-ecocopos-modelo","9":"product_cat-ecocopos-coloridos","10":"product_cat-branco","11":"product_cat-31-40cl","12":"product_cat-reutilizaveis-caracteristica","13":"product_cat-materia-prima-pp","14":"product_cat-ecocopos","15":"product_cat-copos","16":"product_tag-sub-menu-copos-reutilizaveis","17":"product_tag-sub-menu-copos-reutilizaveis-polipropileno-pp","18":"product_tag-menu-ecocopo","19":"product_tag-sub-menu-ecocopo-coloridos","20":"product_tag-menu-reutilizaveis","21":"pa_qtd-por-caixa-281","22":"pa_qtd-por-caixa-316","23":"tm-no-options","25":"first","26":"instock","27":"taxable","28":"shipping-taxable","29":"purchasable","30":"product-type-variable"},"acf":[],"_links":{"self":[{"href":"https:\/\/copopalhinhas.maildx.net\/es\/wp-json\/wp\/v2\/product\/10898","targetHints":{"allow":["GET"]}}],"collection":[{"href":"https:\/\/copopalhinhas.maildx.net\/es\/wp-json\/wp\/v2\/product"}],"about":[{"href":"https:\/\/copopalhinhas.maildx.net\/es\/wp-json\/wp\/v2\/types\/product"}],"replies":[{"embeddable":true,"href":"https:\/\/copopalhinhas.maildx.net\/es\/wp-json\/wp\/v2\/comments?post=10898"}],"wp:featuredmedia":[{"embeddable":true,"href":"https:\/\/copopalhinhas.maildx.net\/es\/wp-json\/wp\/v2\/media\/30824"}],"wp:attachment":[{"href":"https:\/\/copopalhinhas.maildx.net\/es\/wp-json\/wp\/v2\/media?parent=10898"}],"wp:term":[{"taxonomy":"product_brand","embeddable":true,"href":"https:\/\/copopalhinhas.maildx.net\/es\/wp-json\/wp\/v2\/product_brand?post=10898"},{"taxonomy":"product_cat","embeddable":true,"href":"https:\/\/copopalhinhas.maildx.net\/es\/wp-json\/wp\/v2\/product_cat?post=10898"},{"taxonomy":"product_tag","embeddable":true,"href":"https:\/\/copopalhinhas.maildx.net\/es\/wp-json\/wp\/v2\/product_tag?post=10898"}],"curies":[{"name":"wp","href":"https:\/\/api.w.org\/{rel}","templated":true}]}}