{"id":10953,"date":"2022-07-25T16:10:47","date_gmt":"2022-07-25T15:10:47","guid":{"rendered":"https:\/\/copopalhinhas.maildx.net\/produto\/copo-gin-50cl-premium-preto-pc\/"},"modified":"2025-11-22T00:22:07","modified_gmt":"2025-11-22T00:22:07","slug":"copo-gin-premium-pc-preto-50cl-500ml","status":"publish","type":"product","link":"https:\/\/copopalhinhas.maildx.net\/es\/producto\/copo-gin-premium-pc-preto-50cl-500ml\/","title":{"rendered":"Copa de ginebra negra premium PC 50 cl (500 ml)"},"content":{"rendered":"<h3>Copa de ginebra Premium Black PC de 50 cl (500 ml): una combinaci\u00f3n inigualable de estilo y seguridad<\/h3>\n<p>El vaso de ginebra Premium Black PC de 50 cl (500 ml) es la opci\u00f3n perfecta para quienes buscan una experiencia de ginebra superior sin sacrificar la seguridad ni la durabilidad. En primer lugar, el policarbonato (PC) garantiza una resistencia excepcional, evitando roturas y reduciendo los costes de reemplazo. Adem\u00e1s, su color negro le da un aspecto moderno y audaz, haciendo que cualquier c\u00f3ctel sea a\u00fan m\u00e1s atractivo para los invitados.<\/p>\n<h4>Dise\u00f1o que atrae los sentidos<\/h4>\n<p>La forma ancha de este vaso premium de ginebra PC negro de 50 cl (500 ml) te permite a\u00f1adir hielo, frutas y hierbas arom\u00e1ticas, intensificando el sabor y el aroma de tus bebidas. Esta forma convierte cada sorbo en un momento de puro placer, mientras que su acabado oscuro crea un contraste impactante con los tonos de los ingredientes. Si buscas un accesorio que despierte la curiosidad y realce la presentaci\u00f3n, has encontrado la soluci\u00f3n ideal.<\/p>\n<h4>Ligereza y resistencia en una sola pieza<\/h4>\n<p>A pesar de su dise\u00f1o audaz, el policarbonato (PC) mantiene la taza sorprendentemente ligera, lo que facilita su servicio en entornos concurridos. En consecuencia, bares, restaurantes y fiestas se benefician de una mayor tranquilidad, ya que se reduce el riesgo de accidentes. Si busca combinar est\u00e9tica y practicidad, esta taza satisface ambas necesidades a la perfecci\u00f3n.<\/p>\n<h4>Higiene simplificada para uso constante<\/h4>\n<p>El vaso de ginebra Premium Black PC de 50 cl (500 ml) se adapta bien al lavado frecuente, tanto en el lavavajillas como a mano, conservando su color y forma originales. En establecimientos profesionales, esta caracter\u00edstica agiliza el trabajo, mientras que en casa garantiza una rutina m\u00e1s relajada. De esta manera, el vaso permanece impecable, listo para el siguiente brindis.<\/p>\n<h4>Versatilidad que encanta<\/h4>\n<p>Aunque est\u00e1 dise\u00f1ado para ginebra, este vaso tambi\u00e9n realza jugos, refrescos y otras creaciones refrescantes. Su color negro realza a\u00fan m\u00e1s los matices de las bebidas, haci\u00e9ndolas m\u00e1s atractivas. Si busca un producto que combine refinamiento, seguridad y durabilidad, este vaso para ginebra Premium Black PC de 50 cl (500 ml) supera todas sus expectativas. Ver m\u00e1s <a href=\"https:\/\/copopalhinhas.maildx.net\/es\/categorias\/copos-policarbonato-pc\/?wpf_fbv=1&amp;wpf_filter_cat_list_1=1441\">Vasos de ginebra de policarbonato PC<\/a>.<\/p>\n<p><strong><img decoding=\"async\" src=\"https:\/\/copopalhinhas.maildx.net\/wp-content\/uploads\/Icon_inquebraveis.png\" alt=\"\" width=\"30\" height=\"30\" \/> Resistente: <\/strong>Con alta resistencia a los impactos, nuestro<strong> anteojos, <\/strong>igual que el nuestro<strong> loco <\/strong>soportar presiones de hasta 3,5 toneladas (ISO\/179\/2c.)<\/p>\n<p><strong><img decoding=\"async\" src=\"https:\/\/copopalhinhas.maildx.net\/wp-content\/uploads\/Icon_reciclaveis.png\" alt=\"\" width=\"30\" height=\"30\" \/> Reutilizable<\/strong>:Ciclo de vida largo, de unos 3 a 5 a\u00f1os, dependiendo de su uso.<\/p>\n<p><strong><img decoding=\"async\" src=\"https:\/\/copopalhinhas.maildx.net\/wp-content\/uploads\/Icon_resistencia.png\" alt=\"\" width=\"30\" height=\"30\" \/> Apoyo<\/strong>:Temperaturas altas y bajas (-40\u00baC a +130\u00baC).<\/p>\n<p><strong><img loading=\"lazy\" decoding=\"async\" src=\"https:\/\/copopalhinhas.maildx.net\/wp-content\/uploads\/Icon_compativeis.png\" alt=\"\" width=\"30\" height=\"30\" \/> Compatible: <\/strong>Con microondas, lavavajillas, congelador y detergentes.<\/p>\n<p><strong><img loading=\"lazy\" decoding=\"async\" src=\"https:\/\/copopalhinhas.maildx.net\/wp-content\/uploads\/Icons_alimentos.png\" alt=\"\" width=\"30\" height=\"30\" \/> Alimento<\/strong>Apto para consumo alimentario: no t\u00f3xico y esterilizable. Cumple con la normativa europea y las normas de la FDA.<\/p>\n<p><strong><img loading=\"lazy\" decoding=\"async\" src=\"https:\/\/copopalhinhas.maildx.net\/wp-content\/uploads\/Icon_neutros.png\" alt=\"\" width=\"30\" height=\"30\" \/> Neutral<\/strong>:Respetan las propiedades de los l\u00edquidos y alimentos sin alterar su olor y sabor.<\/p>\n<p><strong><img loading=\"lazy\" decoding=\"async\" src=\"https:\/\/copopalhinhas.maildx.net\/wp-content\/uploads\/Icon_isolamentos.png\" alt=\"\" width=\"30\" height=\"30\" \/> Aislamiento t\u00e9rmico<\/strong>:Mantienen los l\u00edquidos calientes o fr\u00edos durante m\u00e1s tiempo que los vasos de vidrio.<\/p>\n<p><strong><img loading=\"lazy\" decoding=\"async\" src=\"https:\/\/copopalhinhas.maildx.net\/wp-content\/uploads\/Icons_reutilizaveis.png\" alt=\"\" width=\"30\" height=\"30\" \/> Reciclables<\/strong>:Productos que pueden reciclarse o utilizarse para la recuperaci\u00f3n de energ\u00eda.<\/p>\n<p><strong><img loading=\"lazy\" decoding=\"async\" src=\"https:\/\/copopalhinhas.maildx.net\/wp-content\/uploads\/Icon_economicos.png\" alt=\"\" width=\"30\" height=\"30\" \/> Econ\u00f3mico<\/strong>:Reducci\u00f3n de hasta 90% en tu inversi\u00f3n en vasos y vajilla.<\/p>\n<p><strong><img loading=\"lazy\" decoding=\"async\" src=\"https:\/\/copopalhinhas.maildx.net\/wp-content\/uploads\/Icon_transparencia.png\" alt=\"\" width=\"30\" height=\"30\" \/> Transparente<\/strong>:Visualmente id\u00e9ntico al vidrio y brillante como el cristal.<\/p>","protected":false},"excerpt":{"rendered":"<p>El vaso de ginebra Premium en color negro PC 50cl (500ml) combina estilo y robustez para servir bebidas de forma segura.<br \/>\nEl policarbonato (PC) resiste los impactos, evitando roturas y costes adicionales.<br \/>\nAdem\u00e1s, el color negro realza los colores de los c\u00f3cteles, creando un efecto visual atractivo.<br \/>\nEs una opci\u00f3n vers\u00e1til para bares, restaurantes o uso dom\u00e9stico, garantizando un regalo m\u00e1s elegante.<\/p>\n<p><strong><img decoding=\"async\" src=\"https:\/\/copopalhinhas.maildx.net\/wp-content\/uploads\/Icon_inquebraveis.png\" alt=\"\" width=\"30\" height=\"30\" \/>\u00a0<img decoding=\"async\" src=\"https:\/\/copopalhinhas.maildx.net\/wp-content\/uploads\/Icon_reciclaveis.png\" alt=\"\" width=\"30\" height=\"30\" \/>\u00a0<\/strong><strong><img decoding=\"async\" src=\"https:\/\/copopalhinhas.maildx.net\/wp-content\/uploads\/Icon_resistencia.png\" alt=\"\" width=\"30\" height=\"30\" \/>\u00a0<\/strong><strong><img loading=\"lazy\" decoding=\"async\" src=\"https:\/\/copopalhinhas.maildx.net\/wp-content\/uploads\/Icon_compativeis.png\" alt=\"\" width=\"30\" height=\"30\" \/>\u00a0<\/strong><strong><img loading=\"lazy\" decoding=\"async\" src=\"https:\/\/copopalhinhas.maildx.net\/wp-content\/uploads\/Icons_alimentos.png\" alt=\"\" width=\"30\" height=\"30\" \/>\u00a0<\/strong><strong><img loading=\"lazy\" decoding=\"async\" src=\"https:\/\/copopalhinhas.maildx.net\/wp-content\/uploads\/Icon_neutros.png\" alt=\"\" width=\"30\" height=\"30\" \/>\u00a0<\/strong><strong><img loading=\"lazy\" decoding=\"async\" src=\"https:\/\/copopalhinhas.maildx.net\/wp-content\/uploads\/Icon_isolamentos.png\" alt=\"\" width=\"30\" height=\"30\" \/>\u00a0<\/strong><strong><img loading=\"lazy\" decoding=\"async\" src=\"https:\/\/copopalhinhas.maildx.net\/wp-content\/uploads\/Icons_seguranca.png\" alt=\"\" width=\"30\" height=\"30\" \/>\u00a0<\/strong><strong><img loading=\"lazy\" decoding=\"async\" src=\"https:\/\/copopalhinhas.maildx.net\/wp-content\/uploads\/Icons_reutilizaveis.png\" alt=\"\" width=\"30\" height=\"30\" \/>\u00a0<\/strong><strong><img loading=\"lazy\" decoding=\"async\" src=\"https:\/\/copopalhinhas.maildx.net\/wp-content\/uploads\/Icon_economicos.png\" alt=\"\" width=\"30\" height=\"30\" \/>\u00a0<\/strong><strong><img loading=\"lazy\" decoding=\"async\" src=\"https:\/\/copopalhinhas.maildx.net\/wp-content\/uploads\/Icon_transparencia.png\" alt=\"\" width=\"30\" height=\"30\" \/>\u00a0<\/strong><\/p>","protected":false},"featured_media":31364,"comment_status":"open","ping_status":"closed","template":"","meta":{"_acf_changed":false},"product_brand":[],"product_cat":[2018,2000,1717,1455,1510,1514,1441,225],"product_tag":[1576,1575,1845,1568],"class_list":{"0":"post-10953","1":"product","2":"type-product","3":"status-publish","4":"has-post-thumbnail","6":"product_cat-copos-policarbonato-pc","7":"product_cat-copos-reutilizaveis-premium","8":"product_cat-preto","9":"product_cat-41-50cl","10":"product_cat-inquebravel","11":"product_cat-policarbonato-pc","12":"product_cat-gin","13":"product_cat-copos","14":"product_tag-sub-menu-copos-policarbonato-pc","15":"product_tag-sub-menu-copos-premium","16":"product_tag-copos-reutilizaveis-premium-homepage","17":"product_tag-menu-reutilizaveis","18":"pa_capacidade-total-41-50cl","19":"pa_qtd-por-caixa-296","20":"pa_qtd-por-caixa-284","21":"tm-no-options","23":"first","24":"instock","25":"taxable","26":"shipping-taxable","27":"purchasable","28":"product-type-variable"},"acf":[],"_links":{"self":[{"href":"https:\/\/copopalhinhas.maildx.net\/es\/wp-json\/wp\/v2\/product\/10953","targetHints":{"allow":["GET"]}}],"collection":[{"href":"https:\/\/copopalhinhas.maildx.net\/es\/wp-json\/wp\/v2\/product"}],"about":[{"href":"https:\/\/copopalhinhas.maildx.net\/es\/wp-json\/wp\/v2\/types\/product"}],"replies":[{"embeddable":true,"href":"https:\/\/copopalhinhas.maildx.net\/es\/wp-json\/wp\/v2\/comments?post=10953"}],"wp:featuredmedia":[{"embeddable":true,"href":"https:\/\/copopalhinhas.maildx.net\/es\/wp-json\/wp\/v2\/media\/31364"}],"wp:attachment":[{"href":"https:\/\/copopalhinhas.maildx.net\/es\/wp-json\/wp\/v2\/media?parent=10953"}],"wp:term":[{"taxonomy":"product_brand","embeddable":true,"href":"https:\/\/copopalhinhas.maildx.net\/es\/wp-json\/wp\/v2\/product_brand?post=10953"},{"taxonomy":"product_cat","embeddable":true,"href":"https:\/\/copopalhinhas.maildx.net\/es\/wp-json\/wp\/v2\/product_cat?post=10953"},{"taxonomy":"product_tag","embeddable":true,"href":"https:\/\/copopalhinhas.maildx.net\/es\/wp-json\/wp\/v2\/product_tag?post=10953"}],"curies":[{"name":"wp","href":"https:\/\/api.w.org\/{rel}","templated":true}]}}