{"id":11449,"date":"2022-07-25T16:11:03","date_gmt":"2022-07-25T15:11:03","guid":{"rendered":"https:\/\/copopalhinhas.maildx.net\/produto\/copo-flute-champanhe-espumante-branco-15cl-pc\/"},"modified":"2025-11-22T00:22:12","modified_gmt":"2025-11-22T00:22:12","slug":"copo-flute-pc-branco-15cl-150ml","status":"publish","type":"product","link":"https:\/\/copopalhinhas.maildx.net\/es\/producto\/copo-flute-pc-branco-15cl-150ml\/","title":{"rendered":"COPA FLAUTA PC BLANCA 15CL (150ML)"},"content":{"rendered":"<h3>Copa flauta PC blanca de 15 cl (150 ml): el regalo que combina estilo y seguridad<\/h3>\n<p>La copa flauta de policarbonato blanco de 15 cl (150 ml) ofrece una forma sofisticada de servir vino espumoso, champ\u00e1n o c\u00f3cteles sin preocuparse por roturas. En primer lugar, el policarbonato (PC) garantiza una resistencia excepcional, prolongando la vida \u00fatil de la copa y reduciendo los costos de reemplazo. Adem\u00e1s, el color blanco aporta un toque moderno, realzando los colores de las bebidas y creando un contraste visual impactante. Si busca una presentaci\u00f3n atractiva y duradera, esta copa flauta cumple con todos los requisitos.<\/p>\n<h4>Dise\u00f1o que encanta a primera vista<\/h4>\n<p>La esbelta silueta de esta copa flauta de PC blanca de 15 cl (150 ml) realza cada burbuja y color de las bebidas servidas. Esta forma a\u00f1ade un toque de refinamiento a cada brindis, ya sea en una fiesta \u00edntima o en un evento formal. Adem\u00e1s, su capacidad moderada evita el exceso, promoviendo un consumo equilibrado y momentos m\u00e1s relajados.<\/p>\n<h4>Resistencia que simplifica la vida cotidiana<\/h4>\n<p>El policarbonato destaca por su ligereza y robustez, lo que permite un manejo m\u00e1s seguro y reduce el riesgo de accidentes. En bares, restaurantes o fiestas al aire libre, esta caracter\u00edstica ahorra tiempo y reduce el estr\u00e9s, ya que reduce el riesgo de rotura. Si buscas un accesorio que combine eficiencia y estilo, has encontrado la soluci\u00f3n perfecta para que cada brindis sea inolvidable.<\/p>\n<h4>Limpieza r\u00e1pida y mantenimiento pr\u00e1ctico<\/h4>\n<p>El policarbonato (PC) resiste lavados frecuentes, tanto en lavavajillas como a mano, sin perder su color ni forma originales. Como resultado, el cristal se mantiene impecable, listo para usar en numerosas ocasiones. En entornos profesionales, esta durabilidad facilita el trabajo, mientras que en el hogar garantiza una rutina m\u00e1s sencilla. Si busca invertir en vasos que duren y mantengan su elegancia, este modelo es la opci\u00f3n ideal.<\/p>\n<h4>Versatilidad sorprendente<\/h4>\n<p>Aunque se conoce como copa flauta para vino espumoso, esta copa tambi\u00e9n realza la creatividad de los c\u00f3cteles. Su tono blanco realza los vibrantes colores de las bebidas, a\u00f1adiendo un toque visual irresistible. Si busca una copa que ofrezca refinamiento, seguridad y durabilidad, esta copa flauta de policarbonato blanco de 15 cl (150 ml) supera con creces sus expectativas. Ver m\u00e1s copas de policarbonato para PC.<\/p>\n<p><strong><img decoding=\"async\" src=\"https:\/\/copopalhinhas.maildx.net\/wp-content\/uploads\/Icon_inquebraveis.png\" alt=\"\" width=\"30\" height=\"30\" \/> <img decoding=\"async\" src=\"https:\/\/copopalhinhas.maildx.net\/wp-content\/uploads\/Icon_reciclaveis.png\" alt=\"\" width=\"30\" height=\"30\" \/> <\/strong><strong><img decoding=\"async\" src=\"https:\/\/copopalhinhas.maildx.net\/wp-content\/uploads\/Icon_resistencia.png\" alt=\"\" width=\"30\" height=\"30\" \/> <\/strong><strong><img loading=\"lazy\" decoding=\"async\" src=\"https:\/\/copopalhinhas.maildx.net\/wp-content\/uploads\/Icon_compativeis.png\" alt=\"\" width=\"30\" height=\"30\" \/> <\/strong><strong><img loading=\"lazy\" decoding=\"async\" src=\"https:\/\/copopalhinhas.maildx.net\/wp-content\/uploads\/Icons_alimentos.png\" alt=\"\" width=\"30\" height=\"30\" \/> <\/strong><strong><img loading=\"lazy\" decoding=\"async\" src=\"https:\/\/copopalhinhas.maildx.net\/wp-content\/uploads\/Icon_neutros.png\" alt=\"\" width=\"30\" height=\"30\" \/> <\/strong><strong><img loading=\"lazy\" decoding=\"async\" src=\"https:\/\/copopalhinhas.maildx.net\/wp-content\/uploads\/Icon_isolamentos.png\" alt=\"\" width=\"30\" height=\"30\" \/> <\/strong><strong><img loading=\"lazy\" decoding=\"async\" src=\"https:\/\/copopalhinhas.maildx.net\/wp-content\/uploads\/Icons_seguranca.png\" alt=\"\" width=\"30\" height=\"30\" \/> <\/strong><strong><img loading=\"lazy\" decoding=\"async\" src=\"https:\/\/copopalhinhas.maildx.net\/wp-content\/uploads\/Icons_reutilizaveis.png\" alt=\"\" width=\"30\" height=\"30\" \/> <\/strong><strong><img loading=\"lazy\" decoding=\"async\" src=\"https:\/\/copopalhinhas.maildx.net\/wp-content\/uploads\/Icon_economicos.png\" alt=\"\" width=\"30\" height=\"30\" \/> <\/strong><strong><img loading=\"lazy\" decoding=\"async\" src=\"https:\/\/copopalhinhas.maildx.net\/wp-content\/uploads\/Icon_transparencia.png\" alt=\"\" width=\"30\" height=\"30\" \/><\/strong><\/p>","protected":false},"excerpt":{"rendered":"<p>La copa Flute de PC blanca de 15 cl (150 ml) combina resistencia y dise\u00f1o contempor\u00e1neo.<br \/>\nEl policarbonato (PC) evita roturas, garantizando mayor seguridad en eventos o bares.<br \/>\nAdem\u00e1s, el color blanco realza la apariencia de las bebidas, haci\u00e9ndolas m\u00e1s atractivas.<br \/>\nEs una opci\u00f3n vers\u00e1til para servir vinos espumosos o c\u00f3cteles de forma refinada.<\/p>\n<p><strong><img decoding=\"async\" src=\"https:\/\/copopalhinhas.maildx.net\/wp-content\/uploads\/Icon_inquebraveis.png\" alt=\"\" width=\"30\" height=\"30\" \/> <img decoding=\"async\" src=\"https:\/\/copopalhinhas.maildx.net\/wp-content\/uploads\/Icon_reciclaveis.png\" alt=\"\" width=\"30\" height=\"30\" \/> <\/strong><strong><img decoding=\"async\" src=\"https:\/\/copopalhinhas.maildx.net\/wp-content\/uploads\/Icon_resistencia.png\" alt=\"\" width=\"30\" height=\"30\" \/> <\/strong><strong><img loading=\"lazy\" decoding=\"async\" src=\"https:\/\/copopalhinhas.maildx.net\/wp-content\/uploads\/Icon_compativeis.png\" alt=\"\" width=\"30\" height=\"30\" \/> <\/strong><strong><img loading=\"lazy\" decoding=\"async\" src=\"https:\/\/copopalhinhas.maildx.net\/wp-content\/uploads\/Icons_alimentos.png\" alt=\"\" width=\"30\" height=\"30\" \/> <\/strong><strong><img loading=\"lazy\" decoding=\"async\" src=\"https:\/\/copopalhinhas.maildx.net\/wp-content\/uploads\/Icon_neutros.png\" alt=\"\" width=\"30\" height=\"30\" \/> <\/strong><strong><img loading=\"lazy\" decoding=\"async\" src=\"https:\/\/copopalhinhas.maildx.net\/wp-content\/uploads\/Icon_isolamentos.png\" alt=\"\" width=\"30\" height=\"30\" \/> <\/strong><strong><img loading=\"lazy\" decoding=\"async\" src=\"https:\/\/copopalhinhas.maildx.net\/wp-content\/uploads\/Icons_seguranca.png\" alt=\"\" width=\"30\" height=\"30\" \/> <\/strong><strong><img loading=\"lazy\" decoding=\"async\" src=\"https:\/\/copopalhinhas.maildx.net\/wp-content\/uploads\/Icons_reutilizaveis.png\" alt=\"\" width=\"30\" height=\"30\" \/> <\/strong><strong><img loading=\"lazy\" decoding=\"async\" src=\"https:\/\/copopalhinhas.maildx.net\/wp-content\/uploads\/Icon_economicos.png\" alt=\"\" width=\"30\" height=\"30\" \/> <\/strong><strong><img loading=\"lazy\" decoding=\"async\" src=\"https:\/\/copopalhinhas.maildx.net\/wp-content\/uploads\/Icon_transparencia.png\" alt=\"\" width=\"30\" height=\"30\" \/><\/strong><\/p>","protected":false},"featured_media":57414,"comment_status":"open","ping_status":"closed","template":"","meta":{"_acf_changed":false},"product_brand":[],"product_cat":[2018,2000,1719,1453,1510,1514,1440,225],"product_tag":[1576,1575,1845,1568],"class_list":{"0":"post-11449","1":"product","2":"type-product","3":"status-publish","4":"has-post-thumbnail","6":"product_cat-copos-policarbonato-pc","7":"product_cat-copos-reutilizaveis-premium","8":"product_cat-branco","9":"product_cat-11-20cl","10":"product_cat-inquebravel","11":"product_cat-policarbonato-pc","12":"product_cat-champanhe","13":"product_cat-copos","14":"product_tag-sub-menu-copos-policarbonato-pc","15":"product_tag-sub-menu-copos-premium","16":"product_tag-copos-reutilizaveis-premium-homepage","17":"product_tag-menu-reutilizaveis","18":"pa_capacidade-total-11-20cl","19":"pa_qtd-por-caixa-284","20":"tm-no-options","22":"first","23":"instock","24":"taxable","25":"shipping-taxable","26":"purchasable","27":"product-type-variable"},"acf":[],"_links":{"self":[{"href":"https:\/\/copopalhinhas.maildx.net\/es\/wp-json\/wp\/v2\/product\/11449","targetHints":{"allow":["GET"]}}],"collection":[{"href":"https:\/\/copopalhinhas.maildx.net\/es\/wp-json\/wp\/v2\/product"}],"about":[{"href":"https:\/\/copopalhinhas.maildx.net\/es\/wp-json\/wp\/v2\/types\/product"}],"replies":[{"embeddable":true,"href":"https:\/\/copopalhinhas.maildx.net\/es\/wp-json\/wp\/v2\/comments?post=11449"}],"wp:featuredmedia":[{"embeddable":true,"href":"https:\/\/copopalhinhas.maildx.net\/es\/wp-json\/wp\/v2\/media\/57414"}],"wp:attachment":[{"href":"https:\/\/copopalhinhas.maildx.net\/es\/wp-json\/wp\/v2\/media?parent=11449"}],"wp:term":[{"taxonomy":"product_brand","embeddable":true,"href":"https:\/\/copopalhinhas.maildx.net\/es\/wp-json\/wp\/v2\/product_brand?post=11449"},{"taxonomy":"product_cat","embeddable":true,"href":"https:\/\/copopalhinhas.maildx.net\/es\/wp-json\/wp\/v2\/product_cat?post=11449"},{"taxonomy":"product_tag","embeddable":true,"href":"https:\/\/copopalhinhas.maildx.net\/es\/wp-json\/wp\/v2\/product_tag?post=11449"}],"curies":[{"name":"wp","href":"https:\/\/api.w.org\/{rel}","templated":true}]}}