{"id":11582,"date":"2022-07-25T16:07:53","date_gmt":"2022-07-25T15:07:53","guid":{"rendered":"https:\/\/copopalhinhas.maildx.net\/produto\/recipiente-100-kraft-com-tampa-780ml\/"},"modified":"2025-09-27T16:30:58","modified_gmt":"2025-09-27T15:30:58","slug":"recipiente-kraft-78cl-780ml-com-tampa","status":"publish","type":"product","link":"https:\/\/copopalhinhas.maildx.net\/es\/producto\/recipiente-kraft-78cl-780ml-com-tampa\/","title":{"rendered":"ENVASE KRAFT DE 78 CL (780 ML) CON TAPA"},"content":{"rendered":"<h2>Recipiente Kraft con tapa de 78 cl (780 ml)<\/h2>\n<p>EL <strong>Envase kraft de 78 cl<\/strong> El taz\u00f3n con tapa fue dise\u00f1ado para equipos que necesitan rapidez en el servicio, buena presentaci\u00f3n y una soluci\u00f3n m\u00e1s responsable. Desde la preparaci\u00f3n hasta la entrega, el taz\u00f3n protege los alimentos y transmite un aspecto natural que realza ensaladas, pastas, sopas contundentes, guisos, guarniciones y postres. De esta manera, el cliente recibe un producto apetitoso y f\u00e1cil de transportar.<\/p>\n<h3>Tapa segura que agiliza el servicio<\/h3>\n<p>La tapa de cierre seguro se cierra con un solo gesto, manteniendo el contenido estable durante el transporte y reduciendo el riesgo de derrames. Al mismo tiempo, el borde r\u00edgido permite el llenado con un cuchar\u00f3n o dispensador, agilizando el proceso y reduciendo los derrames. Como resultado, la comida para llevar y a domicilio se mantiene constante incluso en horas punta.<\/p>\n<h3>Capacidad vers\u00e1til para comidas abundantes<\/h3>\n<p>Con <strong>78 cl<\/strong>El taz\u00f3n contiene porciones generosas de sopa, ramen, poke, ensaladas completas, pasta con salsa, arroz con prote\u00edna o guarniciones calientes. Adem\u00e1s, el formato alto ocupa poco espacio en vitrinas y cajas t\u00e9rmicas; en consecuencia, las operaciones son m\u00e1s eficientes y la entrega, m\u00e1s predecible.<\/p>\n<h3>Operaci\u00f3n eficiente e higi\u00e9nica<\/h3>\n<p>El interior liso permite un drenaje completo y reduce los residuos. Adem\u00e1s, la superficie exterior acepta <em>pegatinas<\/em> con marca, al\u00e9rgenos, lote y fecha; de esta manera, el etiquetado es claro y las auditor\u00edas se realizan sin problemas. <strong>Envase kraft de 78 cl<\/strong> Se apila de forma estable, lo que mejora el almacenamiento en el armario y en el estante y simplifica la preparaci\u00f3n previa.<\/p>\n<h3>Imagen sostenible y coherente<\/h3>\n<p>Fabricado en kraft, el juego transmite una elecci\u00f3n m\u00e1s consciente y combina a la perfecci\u00f3n con cubiertos de madera, tapas de papel y bolsas reutilizables. Al combinarse con etiquetas discretas y un expositor bien dise\u00f1ado, la percepci\u00f3n de calidad y las recomendaciones aumentan. En consecuencia, la marca refuerza su identidad y ofrece una experiencia consistente desde el mostrador hasta la mesa.<\/p>\n<h3>Beneficios clave para su equipo<\/h3>\n<ul>\n<li><strong>Cierre r\u00e1pido<\/strong> y un seguro que reduce las incidencias en la ruta.<\/li>\n<li><strong>Apilamiento estable<\/strong> para almacenamiento y transporte.<\/li>\n<li><strong>Porciones consistentes<\/strong> lo que ayuda a controlar los costos.<\/li>\n<li><strong>Comunicaci\u00f3n clara<\/strong> con espacio para etiqueta y al\u00e9rgenos.<\/li>\n<li><strong>Aspecto natural<\/strong> que valora el producto y la marca.<\/li>\n<\/ul>\n<h3>D\u00f3nde utilizar<\/h3>\n<p>Ideal para cafeter\u00edas, restaurantes de comida r\u00e1pida, comedores, panader\u00edas y servicios de catering. Su tapa segura reduce las devoluciones; y su capacidad de 78 cl es ideal para men\u00fas generosos, lo que mejora la satisfacci\u00f3n del cliente y aumenta la repetici\u00f3n de pedidos. En conclusi\u00f3n, <strong>Envase kraft de 78 cl<\/strong> Con tapa, ofrece un servicio r\u00e1pido, una presentaci\u00f3n premium y una experiencia consistente tanto para llevar como para entrega a domicilio. Ver m\u00e1s <a href=\"https:\/\/copopalhinhas.maildx.net\/es\/categorias\/embalagens\/\">Embalaje<\/a>.<\/p>\n<p><img decoding=\"async\" src=\"https:\/\/copopalhinhas.maildx.net\/wp-content\/uploads\/Icon_DESCARTAVEL.png\" alt=\"\" width=\"30\" height=\"30\" \/> <strong>Desechable<\/strong><\/p>\n<p><img decoding=\"async\" src=\"https:\/\/copopalhinhas.maildx.net\/wp-content\/uploads\/Icons_alimentos.png\" alt=\"\" width=\"30\" height=\"30\" \/> <strong>Alimento<\/strong>: Apto para consumo alimentario.<\/p>\n<p><img decoding=\"async\" src=\"https:\/\/copopalhinhas.maildx.net\/wp-content\/uploads\/Icon_reciclaveis.png\" alt=\"\" width=\"30\" height=\"30\" \/> <strong>Reciclables<\/strong>:Productos que pueden reciclarse o utilizarse para la recuperaci\u00f3n de energ\u00eda.<\/p>","protected":false},"excerpt":{"rendered":"<p><strong>Envase Kraft 78cl<\/strong> Con tapa: cierre seguro, apilamiento estable y aspecto natural. Perfecto para sopas, ensaladas, pastas y guarniciones contundentes.<\/p>\n<p><img decoding=\"async\" src=\"https:\/\/copopalhinhas.maildx.net\/wp-content\/uploads\/Icons_alimentos.png\" alt=\"\" width=\"30\" height=\"30\" \/> <img decoding=\"async\" src=\"https:\/\/copopalhinhas.maildx.net\/wp-content\/uploads\/Icon_DESCARTAVEL.png\" alt=\"\" width=\"30\" height=\"30\" \/> <img decoding=\"async\" src=\"https:\/\/copopalhinhas.maildx.net\/wp-content\/uploads\/Icon_reciclaveis.png\" alt=\"\" width=\"30\" height=\"30\" \/><\/p>","protected":false},"featured_media":30048,"comment_status":"open","ping_status":"closed","template":"","meta":{"_acf_changed":false},"product_brand":[],"product_cat":[2046,2010,1725,1518,1512,1484,1508,1492,1498,1426,1397],"product_tag":[1569,1607,1604],"class_list":{"0":"post-11582","1":"product","2":"type-product","3":"status-publish","4":"has-post-thumbnail","6":"product_cat-embalagens-cartao","7":"product_cat-embalagens-descartaveis","8":"product_cat-castanho","9":"product_cat-71-80cl","10":"product_cat-descartavel","11":"product_cat-cartao","12":"product_cat-kraft","13":"product_cat-potes","14":"product_cat-sopa","15":"product_cat-embalagens-potes","16":"product_cat-embalagens","17":"product_tag-menu-descartaveis","18":"product_tag-sub-menu-embalagens-cartao","19":"product_tag-sub-menu-embalagens-descartaveis","20":"pa_qtd-por-caixa-1341","21":"pa_qtd-por-caixa-1308","22":"tm-no-options","24":"first","25":"outofstock","26":"taxable","27":"shipping-taxable","28":"purchasable","29":"product-type-variable"},"acf":[],"_links":{"self":[{"href":"https:\/\/copopalhinhas.maildx.net\/es\/wp-json\/wp\/v2\/product\/11582","targetHints":{"allow":["GET"]}}],"collection":[{"href":"https:\/\/copopalhinhas.maildx.net\/es\/wp-json\/wp\/v2\/product"}],"about":[{"href":"https:\/\/copopalhinhas.maildx.net\/es\/wp-json\/wp\/v2\/types\/product"}],"replies":[{"embeddable":true,"href":"https:\/\/copopalhinhas.maildx.net\/es\/wp-json\/wp\/v2\/comments?post=11582"}],"wp:featuredmedia":[{"embeddable":true,"href":"https:\/\/copopalhinhas.maildx.net\/es\/wp-json\/wp\/v2\/media\/30048"}],"wp:attachment":[{"href":"https:\/\/copopalhinhas.maildx.net\/es\/wp-json\/wp\/v2\/media?parent=11582"}],"wp:term":[{"taxonomy":"product_brand","embeddable":true,"href":"https:\/\/copopalhinhas.maildx.net\/es\/wp-json\/wp\/v2\/product_brand?post=11582"},{"taxonomy":"product_cat","embeddable":true,"href":"https:\/\/copopalhinhas.maildx.net\/es\/wp-json\/wp\/v2\/product_cat?post=11582"},{"taxonomy":"product_tag","embeddable":true,"href":"https:\/\/copopalhinhas.maildx.net\/es\/wp-json\/wp\/v2\/product_tag?post=11582"}],"curies":[{"name":"wp","href":"https:\/\/api.w.org\/{rel}","templated":true}]}}