{"id":11663,"date":"2022-07-25T16:05:16","date_gmt":"2022-07-25T15:05:16","guid":{"rendered":"https:\/\/copopalhinhas.maildx.net\/produto\/caixa-p-take-away-fibra-bagaco-branca-800ml-com-tampa\/"},"modified":"2025-09-27T21:02:15","modified_gmt":"2025-09-27T20:02:15","slug":"caixa-p-take-away-fibra-bagaco-branca-800ml-com-tampa","status":"publish","type":"product","link":"https:\/\/copopalhinhas.maildx.net\/es\/producto\/caixa-p-take-away-fibra-bagaco-branca-800ml-com-tampa\/","title":{"rendered":"CAJA DE FIBRA DE BAGAZO BLANCA CON DIVISOR Y TAPA INCORPORADA 80CL (800ML)"},"content":{"rendered":"<p>Caixa em Fibra de Baga\u00e7o Branca com Tampa &#8211; 80cl (800ml) &#8211; Embalagem Sustent\u00e1vel para Refei\u00e7\u00f5es<\/p>\n<p>Esta Caixa em Fibra de Baga\u00e7o Branca com Tampa \u00e9 uma escolha consciente para estabelecimentos de servi\u00e7os alimentares que desejam adotar pr\u00e1ticas sustent\u00e1veis. Al\u00e9m disso, \u00e9 uma solu\u00e7\u00e3o vers\u00e1til que acomoda diferentes tipos de alimentos, enquanto contribui para a redu\u00e7\u00e3o do impacto ambiental.<\/p>\n<p>Feita a partir do baga\u00e7o, res\u00edduo natural que sobra ap\u00f3s a extra\u00e7\u00e3o do a\u00e7\u00facar pela ind\u00fastria aliment\u00edcia. A utiliza\u00e7\u00e3o destes restos naturais permite obter este material adequado para todos os tipos de alimentos, quentes ou frios. Por serem provenientes de um recurso natural, esses produtos s\u00e3o compost\u00e1veis \u200b\u200be biodegrad\u00e1veis, tornando-os uma alternativa sustent\u00e1vel e ecologicamente correta.<\/p>\n<p>Fa\u00e7a parte do movimento em prol da sustentabilidade e escolha a nossa Caixa em Fibra de Baga\u00e7o Branca com Tampa para servir refei\u00e7\u00f5es de forma respons\u00e1vel e ecol\u00f3gica. Comprometa-se com o meio ambiente e ofere\u00e7a aos seus clientes uma experi\u00eancia positiva e amiga do ambiente.<\/p>\n<ul>\n<li>Sustentabilidade: Fabricada a partir de baga\u00e7o de cana-de-a\u00e7\u00facar, uma mat\u00e9ria-prima renov\u00e1vel e biodegrad\u00e1vel, esta caixa \u00e9 uma alternativa ecologicamente correta \u00e0s embalagens convencionais.<\/li>\n<li>Tampa Inclu\u00edda: A tampa encaixa de forma segura, mantendo os alimentos frescos e seguros durante o transporte.<\/li>\n<li>Versatilidade: Adequada para uma ampla variedade de refei\u00e7\u00f5es, desde pratos principais a doces.<\/li>\n<li>Durabilidade: A fibra de baga\u00e7o de cana-de-a\u00e7\u00facar \u00e9 resistente a altas temperaturas, gordura e l\u00edquidos, proporcionando uma experi\u00eancia de consumo sem preocupa\u00e7\u00f5es.<\/li>\n<\/ul>\n<p><img decoding=\"async\" src=\"https:\/\/copopalhinhas.maildx.net\/wp-content\/uploads\/Icon_DESCARTAVEL.png\" alt=\"\" width=\"30\" height=\"30\" \/> <strong>Desechable<\/strong><\/p>\n<p><img decoding=\"async\" src=\"https:\/\/copopalhinhas.maildx.net\/wp-content\/uploads\/Icons_alimentos.png\" alt=\"\" width=\"30\" height=\"30\" \/> <strong>Alimento<\/strong>: Apto para consumo alimentario.<\/p>\n<p><img decoding=\"async\" src=\"https:\/\/copopalhinhas.maildx.net\/wp-content\/uploads\/Icon_reciclaveis.png\" alt=\"\" width=\"30\" height=\"30\" \/> <strong>Reciclables<\/strong>:Productos que pueden reciclarse o utilizarse para la recuperaci\u00f3n de energ\u00eda.<\/p>","protected":false},"excerpt":{"rendered":"<p>Caixa em Fibra de Baga\u00e7o Branca com Tampa, uma solu\u00e7\u00e3o sustent\u00e1vel e pr\u00e1tica para embalar e servir refei\u00e7\u00f5es com responsabilidade ambiental. Com uma capacidade de 80cl (800ml), esta embalagem \u00e9 ideal para restaurantes, eventos e qualquer situa\u00e7\u00e3o onde seja necess\u00e1rio servir alimentos de forma ecol\u00f3gica.<\/p>\n<p><img decoding=\"async\" src=\"https:\/\/copopalhinhas.maildx.net\/wp-content\/uploads\/Icons_alimentos.png\" alt=\"\" width=\"30\" height=\"30\" \/> <img decoding=\"async\" src=\"https:\/\/copopalhinhas.maildx.net\/wp-content\/uploads\/Icon_DESCARTAVEL.png\" alt=\"\" width=\"30\" height=\"30\" \/> <img decoding=\"async\" src=\"https:\/\/copopalhinhas.maildx.net\/wp-content\/uploads\/Icon_reciclaveis.png\" alt=\"\" width=\"30\" height=\"30\" \/><\/p>","protected":false},"featured_media":28341,"comment_status":"open","ping_status":"closed","template":"","meta":{"_acf_changed":false},"product_brand":[],"product_cat":[2010,2045,2011,1518,1512,1507,1490,1397],"product_tag":[1569,1606,1604,1610],"class_list":{"0":"post-11663","1":"product","2":"type-product","3":"status-publish","4":"has-post-thumbnail","6":"product_cat-embalagens-descartaveis","7":"product_cat-embalagens-descartaveis-biodegradaveis","8":"product_cat-embalagens-free-plastic-takeaway","9":"product_cat-71-80cl","10":"product_cat-descartavel","11":"product_cat-bagaco","12":"product_cat-caixas","13":"product_cat-embalagens","14":"product_tag-menu-descartaveis","15":"product_tag-sub-menu-embalagens-biodegradaveis","16":"product_tag-sub-menu-embalagens-descartaveis","17":"product_tag-sub-menu-embalagens-free-plastic-takeaway","18":"pa_qtd-por-caixa-281","19":"pa_qtd-por-caixa-1281","20":"tm-no-options","22":"first","23":"instock","24":"taxable","25":"shipping-taxable","26":"purchasable","27":"product-type-variable"},"acf":[],"_links":{"self":[{"href":"https:\/\/copopalhinhas.maildx.net\/es\/wp-json\/wp\/v2\/product\/11663","targetHints":{"allow":["GET"]}}],"collection":[{"href":"https:\/\/copopalhinhas.maildx.net\/es\/wp-json\/wp\/v2\/product"}],"about":[{"href":"https:\/\/copopalhinhas.maildx.net\/es\/wp-json\/wp\/v2\/types\/product"}],"replies":[{"embeddable":true,"href":"https:\/\/copopalhinhas.maildx.net\/es\/wp-json\/wp\/v2\/comments?post=11663"}],"wp:featuredmedia":[{"embeddable":true,"href":"https:\/\/copopalhinhas.maildx.net\/es\/wp-json\/wp\/v2\/media\/28341"}],"wp:attachment":[{"href":"https:\/\/copopalhinhas.maildx.net\/es\/wp-json\/wp\/v2\/media?parent=11663"}],"wp:term":[{"taxonomy":"product_brand","embeddable":true,"href":"https:\/\/copopalhinhas.maildx.net\/es\/wp-json\/wp\/v2\/product_brand?post=11663"},{"taxonomy":"product_cat","embeddable":true,"href":"https:\/\/copopalhinhas.maildx.net\/es\/wp-json\/wp\/v2\/product_cat?post=11663"},{"taxonomy":"product_tag","embeddable":true,"href":"https:\/\/copopalhinhas.maildx.net\/es\/wp-json\/wp\/v2\/product_tag?post=11663"}],"curies":[{"name":"wp","href":"https:\/\/api.w.org\/{rel}","templated":true}]}}