{"id":11673,"date":"2022-07-25T16:09:23","date_gmt":"2022-07-25T15:09:23","guid":{"rendered":"https:\/\/copopalhinhas.maildx.net\/produto\/eco-copo-20cl-vermelho-pp\/"},"modified":"2025-09-27T14:49:01","modified_gmt":"2025-09-27T13:49:01","slug":"eco-copo-pp-vermelho-20cl-200ml","status":"publish","type":"product","link":"https:\/\/copopalhinhas.maildx.net\/es\/producto\/eco-copo-pp-vermelho-20cl-200ml\/","title":{"rendered":"VASO ECO PP ROJO 20CL (200ML)"},"content":{"rendered":"<h3>Vaso ecol\u00f3gico PP rojo de 20 cl (200 ml): practicidad y respeto al medio ambiente<\/h3>\n<p>El vaso ecol\u00f3gico rojo de PP de 20 cl (200 ml) es una soluci\u00f3n moderna para quienes desean consumir bebidas de forma m\u00e1s responsable. Su vibrante color destaca en cualquier ambiente, ya sea en una fiesta, un picnic o incluso para el uso diario en casa. Adem\u00e1s, el polipropileno (PP) garantiza resistencia y durabilidad, lo que prolonga su vida \u00fatil y reduce la necesidad de reemplazarlo con frecuencia.<\/p>\n<h4>Material duradero y reciclable<\/h4>\n<p>Fabricado en PP, este vaso de pl\u00e1stico es pr\u00e1cticamente irrompible en condiciones normales de uso, lo que garantiza su seguridad y fiabilidad durante su manipulaci\u00f3n. Adem\u00e1s, el material es reciclable, lo que contribuye a la reducci\u00f3n de residuos y a la promoci\u00f3n de pr\u00e1cticas sostenibles. Esto lo convierte en un vaso ecol\u00f3gico que refuerza el compromiso de la empresa con el medio ambiente sin comprometer la practicidad de un producto de calidad.<\/p>\n<h4>Capacidad vers\u00e1til para diferentes ocasiones<\/h4>\n<p>Con 20 cl (200 ml), el Vaso Eco Rojo se adapta a una variedad de bebidas, desde agua y zumos hasta c\u00f3cteles ligeros o refrescos. Su capacidad moderada evita el desperdicio y facilita el control de las porciones, lo que lo hace perfecto para eventos o para el d\u00eda a d\u00eda. As\u00ed, podr\u00e1 disfrutar de cada sorbo con equilibrio, manteniendo el estilo y la funcionalidad en cualquier situaci\u00f3n.<\/p>\n<h4>Dise\u00f1o ergon\u00f3mico y c\u00f3modo<\/h4>\n<p>La forma ergon\u00f3mica de este resistente vaso facilita su agarre, reduciendo el riesgo de derrames. Su vibrante apariencia y superficie lisa proporcionan una agradable experiencia de bebida, realzando cada momento. Adem\u00e1s, su color rojo le da un toque de personalidad a la mesa, haciendo que este resistente vaso sea a\u00fan m\u00e1s atractivo.<\/p>\n<h4>Promoci\u00f3n del Consumo Responsable<\/h4>\n<p>Al elegir este vaso reutilizable, inviertes en una soluci\u00f3n que ayuda a reducir el consumo de desechables. Al mismo tiempo, conviertes cada uso en un gesto de respeto por el planeta, promoviendo h\u00e1bitos de consumo m\u00e1s conscientes. Por lo tanto, el vaso ecol\u00f3gico rojo de PP de 20 cl (200 ml) representa una opci\u00f3n inteligente y sostenible para quienes buscan combinar practicidad con compromiso ambiental.<\/p>\n<h4>F\u00e1cil limpieza y uso diario.<\/h4>\n<p>Mantener tu vaso reutilizable es sencillo: simplemente l\u00e1valo a mano o col\u00f3calo en el lavavajillas, siempre que la temperatura no supere los 40 \u00b0C. Esto te ahorra tiempo y esfuerzo, manteni\u00e9ndolo impecable para futuros usos. Ya sea para eventos festivos o para el d\u00eda a d\u00eda, este vaso duradero ofrece la combinaci\u00f3n perfecta de versatilidad y responsabilidad ambiental. Ver m\u00e1s <a href=\"https:\/\/copopalhinhas.maildx.net\/es\/categorias\/copos-reutilizaveis-polipropileno-pp\/\">Vasos reutilizables de polipropileno PP<\/a>.<\/p>","protected":false},"excerpt":{"rendered":"<p>El vaso ecol\u00f3gico PP rojo de 20 cl (200 ml) combina colores vibrantes y sostenibilidad.<br \/>\nCapacidad vers\u00e1til que se adapta a diversas bebidas.<br \/>\nEl material duradero prolonga su vida \u00fatil.<br \/>\nIdeal para quienes buscan practicidad sin olvidar el medio ambiente.<\/p>","protected":false},"featured_media":30739,"comment_status":"open","ping_status":"closed","template":"","meta":{"_acf_changed":false},"product_brand":[],"product_cat":[1723,2002,2023,2016,2056,1515,1511,1432,1436,1738,1447,225],"product_tag":[1579,1591,1574,1839,1568],"class_list":{"0":"post-11673","1":"product","2":"type-product","3":"status-publish","4":"has-post-thumbnail","6":"product_cat-vermelho","7":"product_cat-copos-reutilizaveis","8":"product_cat-copos-reutilizaveis-polipropileno-pp","9":"product_cat-ecocopos-modelo","10":"product_cat-ecocopos-coloridos","11":"product_cat-21-30cl","12":"product_cat-reutilizaveis-caracteristica","13":"product_cat-materia-prima-pp","14":"product_cat-agua","15":"product_cat-ecocopos","16":"product_cat-sumos","17":"product_cat-copos","18":"product_tag-sub-menu-copos-reutilizaveis","19":"product_tag-sub-menu-copos-reutilizaveis-polipropileno-pp","20":"product_tag-menu-ecocopo","21":"product_tag-sub-menu-ecocopo-coloridos","22":"product_tag-menu-reutilizaveis","23":"pa_qtd-por-caixa-284","24":"pa_qtd-por-caixa-281","25":"pa_qtd-por-caixa-1305","26":"pa_qtd-por-caixa-1304","27":"tm-no-options","29":"first","30":"outofstock","31":"taxable","32":"shipping-taxable","33":"purchasable","34":"product-type-variable"},"acf":[],"_links":{"self":[{"href":"https:\/\/copopalhinhas.maildx.net\/es\/wp-json\/wp\/v2\/product\/11673","targetHints":{"allow":["GET"]}}],"collection":[{"href":"https:\/\/copopalhinhas.maildx.net\/es\/wp-json\/wp\/v2\/product"}],"about":[{"href":"https:\/\/copopalhinhas.maildx.net\/es\/wp-json\/wp\/v2\/types\/product"}],"replies":[{"embeddable":true,"href":"https:\/\/copopalhinhas.maildx.net\/es\/wp-json\/wp\/v2\/comments?post=11673"}],"wp:featuredmedia":[{"embeddable":true,"href":"https:\/\/copopalhinhas.maildx.net\/es\/wp-json\/wp\/v2\/media\/30739"}],"wp:attachment":[{"href":"https:\/\/copopalhinhas.maildx.net\/es\/wp-json\/wp\/v2\/media?parent=11673"}],"wp:term":[{"taxonomy":"product_brand","embeddable":true,"href":"https:\/\/copopalhinhas.maildx.net\/es\/wp-json\/wp\/v2\/product_brand?post=11673"},{"taxonomy":"product_cat","embeddable":true,"href":"https:\/\/copopalhinhas.maildx.net\/es\/wp-json\/wp\/v2\/product_cat?post=11673"},{"taxonomy":"product_tag","embeddable":true,"href":"https:\/\/copopalhinhas.maildx.net\/es\/wp-json\/wp\/v2\/product_tag?post=11673"}],"curies":[{"name":"wp","href":"https:\/\/api.w.org\/{rel}","templated":true}]}}