{"id":11706,"date":"2022-07-25T16:06:51","date_gmt":"2022-07-25T15:06:51","guid":{"rendered":"https:\/\/copopalhinhas.maildx.net\/produto\/pote-saladeira-100-kraft-com-tampa-pet-1300ml\/"},"modified":"2025-09-11T18:43:01","modified_gmt":"2025-09-11T17:43:01","slug":"pote-saladeira-kraft-tampa-pet-1300ml","status":"publish","type":"product","link":"https:\/\/copopalhinhas.maildx.net\/es\/producto\/pote-saladeira-kraft-tampa-pet-1300ml\/","title":{"rendered":"ENSALADERA KRAFT CON TAPA PET 1300ML"},"content":{"rendered":"<h2>Ensaladera Kraft con Tapa PET 1300ml: Resistencia y Presentaci\u00f3n<\/h2>\n<p>EL <strong>ensaladera kraft<\/strong> Con una tapa de PET de 1300 ml, se desarroll\u00f3 para combinar est\u00e9tica natural y funcionalidad. La estructura kraft garantiza la rigidez, mientras que la tapa de PET transparente permite resaltar el interior. Esto mantiene la comida protegida y atractiva a la vista.<\/p>\n<p>Adem\u00e1s, esto <strong>Ensaladera desechable de papel kraft<\/strong> Se adapta tanto a men\u00fas fr\u00edos como calientes. Por ello, es vers\u00e1til para ensaladas, pastas, poke bowls, comidas saludables o combinaciones creativas. Por lo tanto, es una opci\u00f3n pr\u00e1ctica para restaurantes, catering, servicios de entrega a domicilio y eventos.<\/p>\n<h3>Materiales y sostenibilidad<\/h3>\n<p>Fabricado con papel kraft duradero de origen controlado, el frasco es muy resistente y tiene un aspecto r\u00fastico. La tapa transparente de PET garantiza un sellado herm\u00e9tico y protege contra derrames. Por lo tanto, <strong>olla kraft con tapa<\/strong> Conserva el sabor, la frescura y la presentaci\u00f3n de los alimentos. Adem\u00e1s, se puede reciclar, contribuyendo as\u00ed a una alimentaci\u00f3n m\u00e1s responsable.<\/p>\n<h3>Capacidad y versatilidad de uso<\/h3>\n<p>Con una capacidad de 1300 ml, este recipiente ofrece un tama\u00f1o ideal para ensaladas completas, comidas familiares o men\u00fas individuales contundentes. Ofrece el espacio ideal para porciones generosas sin sacrificar la estabilidad. Es ideal, por ejemplo, para comida para llevar, restaurantes modernos, cafeter\u00edas o incluso comida callejera.<\/p>\n<h3>Seguridad alimentaria y cumplimiento<\/h3>\n<p>Porque la seguridad es esencial, esto <strong>envases de ensalada kraft<\/strong> Est\u00e1 certificado para contacto con alimentos. Por lo tanto, cumple con la normativa europea que garantiza un uso seguro en entornos profesionales. Adem\u00e1s, al ser desechable, simplifica las operaciones y reduce los tiempos de limpieza, aumentando la eficiencia del equipo.<\/p>\n<h3>Beneficios destacados<\/h3>\n<p>Resistencia kraft natural; tapa de PET transparente que realza la presentaci\u00f3n; generosa capacidad de 1300 ml; cumple con los est\u00e1ndares de calidad alimentaria; abastecimiento responsable; opci\u00f3n reciclable. En resumen, el envase combina practicidad con una est\u00e9tica cuidada.<\/p>\n<h3>Aplicaciones recomendadas<\/h3>\n<p>Utilice el <strong>ensaladera kraft<\/strong> En restaurantes, catering, comida para llevar, entrega a domicilio, buffets o eventos corporativos. En resumen, ofrece calidad, seguridad y una imagen profesional para cualquier comida. Ver m\u00e1s productos en <a href=\"https:\/\/copopalhinhas.maildx.net\/es\/categorias\/loucas-descartaveis\/\">Vajilla desechable<\/a>.<\/p>\n<p><img decoding=\"async\" src=\"https:\/\/copopalhinhas.maildx.net\/wp-content\/uploads\/Icon_DESCARTAVEL.png\" alt=\"\" width=\"30\" height=\"30\" \/> <strong>Desechable<\/strong><\/p>\n<p><img decoding=\"async\" src=\"https:\/\/copopalhinhas.maildx.net\/wp-content\/uploads\/Icons_alimentos.png\" alt=\"\" width=\"30\" height=\"30\" \/> <strong>Alimento<\/strong>: Apto para consumo alimentario.<\/p>\n<p><img decoding=\"async\" src=\"https:\/\/copopalhinhas.maildx.net\/wp-content\/uploads\/Icon_reciclaveis.png\" alt=\"\" width=\"30\" height=\"30\" \/> <strong>Reciclables<\/strong>:Productos que pueden reciclarse o utilizarse para la recuperaci\u00f3n de energ\u00eda.<\/p>","protected":false},"excerpt":{"rendered":"<p>EL <strong>ensaladera kraft<\/strong> Con una tapa de PET de 1300 ml, combina practicidad y una presentaci\u00f3n cuidada. Adem\u00e1s, la estructura kraft refuerza su resistencia y la tapa de PET transparente mejora la presentaci\u00f3n del contenido. Por lo tanto, este... <strong>olla kraft con tapa<\/strong> lo hace ideal para ensaladas, comidas fr\u00edas o calientes y para llevar. Finalmente, es un <strong>envases de ensalada kraft<\/strong> Ecol\u00f3gico y funcional, perfecto para restaurantes y eventos.<\/p>\n<p><img decoding=\"async\" src=\"https:\/\/copopalhinhas.maildx.net\/wp-content\/uploads\/Icons_alimentos.png\" alt=\"\" width=\"30\" height=\"30\" \/> <img decoding=\"async\" src=\"https:\/\/copopalhinhas.maildx.net\/wp-content\/uploads\/Icon_DESCARTAVEL.png\" alt=\"\" width=\"30\" height=\"30\" \/> <img decoding=\"async\" src=\"https:\/\/copopalhinhas.maildx.net\/wp-content\/uploads\/Icon_reciclaveis.png\" alt=\"\" width=\"30\" height=\"30\" \/><\/p>","protected":false},"featured_media":16519,"comment_status":"open","ping_status":"closed","template":"","meta":{"_acf_changed":false},"product_brand":[],"product_cat":[1725,2008,2040,1644,1512,1508,1492,1498,226],"product_tag":[1569,1596,1598],"class_list":{"0":"post-11706","1":"product","2":"type-product","3":"status-publish","4":"has-post-thumbnail","6":"product_cat-castanho","7":"product_cat-loucas-descartaveis","8":"product_cat-loucas-descartaveis-cartao","9":"product_cat-11l-a-2l","10":"product_cat-descartavel","11":"product_cat-kraft","12":"product_cat-potes","13":"product_cat-sopa","14":"product_cat-loucas","15":"product_tag-menu-descartaveis","16":"product_tag-sub-menu-loucas-descartaveis","17":"product_tag-sub-menu-loucas-descartaveis-cartao","18":"pa_qtd-por-caixa-1273","19":"pa_qtd-por-caixa-1281","20":"tm-no-options","22":"first","23":"instock","24":"taxable","25":"shipping-taxable","26":"purchasable","27":"product-type-variable"},"acf":[],"_links":{"self":[{"href":"https:\/\/copopalhinhas.maildx.net\/es\/wp-json\/wp\/v2\/product\/11706","targetHints":{"allow":["GET"]}}],"collection":[{"href":"https:\/\/copopalhinhas.maildx.net\/es\/wp-json\/wp\/v2\/product"}],"about":[{"href":"https:\/\/copopalhinhas.maildx.net\/es\/wp-json\/wp\/v2\/types\/product"}],"replies":[{"embeddable":true,"href":"https:\/\/copopalhinhas.maildx.net\/es\/wp-json\/wp\/v2\/comments?post=11706"}],"wp:featuredmedia":[{"embeddable":true,"href":"https:\/\/copopalhinhas.maildx.net\/es\/wp-json\/wp\/v2\/media\/16519"}],"wp:attachment":[{"href":"https:\/\/copopalhinhas.maildx.net\/es\/wp-json\/wp\/v2\/media?parent=11706"}],"wp:term":[{"taxonomy":"product_brand","embeddable":true,"href":"https:\/\/copopalhinhas.maildx.net\/es\/wp-json\/wp\/v2\/product_brand?post=11706"},{"taxonomy":"product_cat","embeddable":true,"href":"https:\/\/copopalhinhas.maildx.net\/es\/wp-json\/wp\/v2\/product_cat?post=11706"},{"taxonomy":"product_tag","embeddable":true,"href":"https:\/\/copopalhinhas.maildx.net\/es\/wp-json\/wp\/v2\/product_tag?post=11706"}],"curies":[{"name":"wp","href":"https:\/\/api.w.org\/{rel}","templated":true}]}}