{"id":11710,"date":"2022-07-25T16:13:18","date_gmt":"2022-07-25T15:13:18","guid":{"rendered":"https:\/\/copopalhinhas.maildx.net\/produto\/embalagem-rectangular-50cl-500-ml-com-tampa-pp\/"},"modified":"2025-11-12T10:12:10","modified_gmt":"2025-11-12T10:12:10","slug":"embalagem-rectangular-50cl-500-ml-com-tampa-pp","status":"publish","type":"product","link":"https:\/\/copopalhinhas.maildx.net\/es\/producto\/embalagem-rectangular-50cl-500-ml-com-tampa-pp\/","title":{"rendered":"ENVASE RECTANGULAR DE PP CON TAPA 50CL (500ML)"},"content":{"rendered":"<p>Embalagem Retangular em PP com Tampa para garantir uma solu\u00e7\u00e3o pr\u00e1tica e segura para o armazenamento de alimentos em seu estabelecimento.<\/p>\n<ul>\n<li>Material Dur\u00e1vel: Fabricada em Polipropileno (PP), a embalagem \u00e9 resistente e dur\u00e1vel, proporcionando prote\u00e7\u00e3o ao conte\u00fado armazenado.<\/li>\n<li>Tampa Inclusa: A embalagem acompanha uma tampa correspondente em Polipropileno (PP), assegurando um fechamento seguro e preservando a frescura do conte\u00fado.<\/li>\n<li>Capacidade Ideal: Com capacidade para 50cl (500ml), \u00e9 perfeita para armazenar por\u00e7\u00f5es individuais de alimentos, saladas, doces ou qualquer prato que exija uma embalagem compacta.<\/li>\n<li>Versatilidade de Uso: Adequada para uso em restaurantes, servi\u00e7os de entrega, buffets, eventos ao ar livre e situa\u00e7\u00f5es em que \u00e9 necess\u00e1rio acondicionar alimentos com praticidade.<\/li>\n<li>Transparente: A embalagem \u00e9 transparente, facilitando a identifica\u00e7\u00e3o do conte\u00fado sem a necessidade de abrir, tornando-se conveniente para organiza\u00e7\u00e3o e apresenta\u00e7\u00e3o.<\/li>\n<li>Higiene e Seguran\u00e7a: A tampa ajustada garante a higiene e seguran\u00e7a do alimento, sendo ideal para situa\u00e7\u00f5es em que \u00e9 necess\u00e1rio proteger o conte\u00fado durante o transporte.<\/li>\n<li>Descart\u00e1vel: A embalagem e a tampa s\u00e3o descart\u00e1veis, proporcionando praticidade e eliminando a necessidade de lavagem p\u00f3s-utiliza\u00e7\u00e3o.<\/li>\n<\/ul>\n<p>Caixa empilh\u00e1vel, Transpar\u00eancia, Reutiliz\u00e1vel, Recicl\u00e1vel.<br \/>\nPode ir ao micro-ondas ou ao congela\u00e7\u00e3o.<\/p>","protected":false},"excerpt":{"rendered":"<p>Embalagem Retangular em Polipropileno (PP) com Tampa, com capacidade para 50cl (500ml). Esta embalagem vers\u00e1til \u00e9 projetada para atender \u00e0s suas necessidades de armazenamento e transporte de alimentos, garantindo praticidade e seguran\u00e7a.<\/p>","protected":false},"featured_media":17466,"comment_status":"open","ping_status":"closed","template":"","meta":{"_acf_changed":false},"product_brand":[],"product_cat":[2010,2047,2004,2249,1724,1455,1511,1432],"product_tag":[1569,1604,1608,1586,1568],"class_list":{"0":"post-11710","1":"product","2":"type-product","3":"status-publish","4":"has-post-thumbnail","6":"product_cat-embalagens-descartaveis","7":"product_cat-embalagens-pp-ps-rpet","8":"product_cat-embalagens-reutilizaveis","9":"product_cat-take-away","10":"product_cat-translucido","11":"product_cat-41-50cl","12":"product_cat-reutilizaveis-caracteristica","13":"product_cat-materia-prima-pp","14":"product_tag-menu-descartaveis","15":"product_tag-sub-menu-embalagens-descartaveis","16":"product_tag-sub-menu-emalagens-pp-ps-pet","17":"product_tag-sub-menu-embalagens-reutilizaveis","18":"product_tag-menu-reutilizaveis","19":"pa_qtd-por-caixa-313","20":"pa_qtd-por-caixa-1315","21":"pa_qtd-por-caixa-1282","22":"tm-no-options","24":"first","25":"instock","26":"taxable","27":"shipping-taxable","28":"purchasable","29":"product-type-variable"},"acf":[],"_links":{"self":[{"href":"https:\/\/copopalhinhas.maildx.net\/es\/wp-json\/wp\/v2\/product\/11710","targetHints":{"allow":["GET"]}}],"collection":[{"href":"https:\/\/copopalhinhas.maildx.net\/es\/wp-json\/wp\/v2\/product"}],"about":[{"href":"https:\/\/copopalhinhas.maildx.net\/es\/wp-json\/wp\/v2\/types\/product"}],"replies":[{"embeddable":true,"href":"https:\/\/copopalhinhas.maildx.net\/es\/wp-json\/wp\/v2\/comments?post=11710"}],"wp:featuredmedia":[{"embeddable":true,"href":"https:\/\/copopalhinhas.maildx.net\/es\/wp-json\/wp\/v2\/media\/17466"}],"wp:attachment":[{"href":"https:\/\/copopalhinhas.maildx.net\/es\/wp-json\/wp\/v2\/media?parent=11710"}],"wp:term":[{"taxonomy":"product_brand","embeddable":true,"href":"https:\/\/copopalhinhas.maildx.net\/es\/wp-json\/wp\/v2\/product_brand?post=11710"},{"taxonomy":"product_cat","embeddable":true,"href":"https:\/\/copopalhinhas.maildx.net\/es\/wp-json\/wp\/v2\/product_cat?post=11710"},{"taxonomy":"product_tag","embeddable":true,"href":"https:\/\/copopalhinhas.maildx.net\/es\/wp-json\/wp\/v2\/product_tag?post=11710"}],"curies":[{"name":"wp","href":"https:\/\/api.w.org\/{rel}","templated":true}]}}