{"id":11780,"date":"2022-07-25T16:07:00","date_gmt":"2022-07-25T15:07:00","guid":{"rendered":"https:\/\/copopalhinhas.maildx.net\/produto\/caixa-hamburguer-gigante-papel-cartolina-castanho-176x168x78mm\/"},"modified":"2025-10-17T17:04:47","modified_gmt":"2025-10-17T16:04:47","slug":"caixa-hamburguer-cartao-ondulado-nano-micro-176x168x78cm","status":"publish","type":"product","link":"https:\/\/copopalhinhas.maildx.net\/es\/producto\/caixa-hamburguer-cartao-ondulado-nano-micro-176x168x78cm\/","title":{"rendered":"CAJA PARA HAMBURGUESAS DE CART\u00d3N CORRUGADO NANO-MICRO 17,6\u00d716,8\u00d77,8 CM"},"content":{"rendered":"<h2>Caja de cart\u00f3n nano-micro para hamburguesa gigante<\/h2>\n<p>\u00bfNecesitas un embalaje resistente, higi\u00e9nico y con una presentaci\u00f3n atractiva para hamburguesas grandes? <strong>Caja de hamburguesas de cart\u00f3n corrugado nano-micro<\/strong> Fue dise\u00f1ado para proteger el producto de principio a fin. Gracias a la nano-microcorrugaci\u00f3n, el cart\u00f3n es m\u00e1s r\u00edgido y ligero, lo que mejora su resistencia y facilita su manejo. Adem\u00e1s, la estructura ayuda a mantener la temperatura durante m\u00e1s tiempo, mejorando la experiencia del cliente.<\/p>\n<h3>Dimensiones y ajuste perfecto<\/h3>\n<p>Con <strong>17,6 \u00d7 16,8 \u00d7 7,8 cm<\/strong>La caja tiene capacidad para hamburguesas generosas, manteniendo el pan y los ingredientes estables durante el transporte y la entrega. Esto garantiza que el producto llegue a la puerta del cliente con un aspecto impecable y sin deformaciones.<\/p>\n<h3>Materiales seguros y certificados<\/h3>\n<p>Hecho en <strong>cart\u00f3n corrugado nano-micro<\/strong> de alta calidad, es <strong>Apto para contacto con alimentos<\/strong> y cumple el <strong>Reglamento (CE) n.\u00ba 1935\/2004<\/strong>Adem\u00e1s, el producto es <strong>libre de PFOS y PFOA<\/strong>, es <strong>reciclable<\/strong> y presenta certificaci\u00f3n <strong>Cr\u00e9dito Mixto FSC<\/strong>Contribuyendo a la gesti\u00f3n forestal responsable. Esto garantiza la seguridad alimentaria y una elecci\u00f3n respetuosa con el medio ambiente.<\/p>\n<h3>Rendimiento t\u00e9rmico y resistencia<\/h3>\n<p>La microcorrugaci\u00f3n nanom\u00e9trica proporciona rigidez y mejora el aislamiento. Esto permite que la caja resista <strong>temperaturas de -18\u00baC a +70\u00baC<\/strong> y espect\u00e1culos <strong>resistencia a aceites y grasas<\/strong>, preservando la integridad del pan y el relleno. Adem\u00e1s, es <strong>Apto para microondas<\/strong> (hasta 9 minutos a 1000W o 7:30 a 1200W), lo que a\u00f1ade versatilidad en operaciones de calentamiento r\u00e1pido.<\/p>\n<h3>Montaje intuitivo y servicio eficiente<\/h3>\n<p>EL <strong>dise\u00f1o de montaje pr\u00e1ctico<\/strong> Acelera la preparaci\u00f3n, reduce errores y mejora el flujo durante las horas punta. Por otro lado, <strong>cierre seguro<\/strong> Mantiene la hamburguesa protegida durante la comida para llevar y a domicilio, evitando derrames y p\u00e9rdida de calor. Al mismo tiempo, su aspecto kraft natural crea una imagen ecol\u00f3gica y moderna en el punto de venta.<\/p>\n<h3>Beneficios que valen la pena<\/h3>\n<p>Al elegir esta caja, gana resistencia sin a\u00f1adir peso, calidad alimentaria con certificaciones reconocidas y eficiencia en sus operaciones diarias. Por lo tanto, mejora la presentaci\u00f3n de sus alimentos, aumenta la satisfacci\u00f3n del cliente y, al mismo tiempo, reduce el desperdicio. Es la soluci\u00f3n ideal para hamburgueser\u00edas, food trucks, servicios de catering y empresas de reparto a domicilio que exigen consistencia y profesionalidad.<\/p>\n<p>En general, este embalaje combina <strong>calidad, seguridad y sostenibilidad<\/strong>Te ofrecemos una opci\u00f3n confiable para el d\u00eda a d\u00eda. Ver m\u00e1s <a href=\"https:\/\/copopalhinhas.maildx.net\/es\/categorias\/embalagens\/\">Embalaje<\/a>.<\/p>\n<p><img decoding=\"async\" src=\"https:\/\/copopalhinhas.maildx.net\/wp-content\/uploads\/Icon_DESCARTAVEL.png\" alt=\"\" width=\"30\" height=\"30\" \/> <strong>Desechable<\/strong><\/p>\n<p><img decoding=\"async\" src=\"https:\/\/copopalhinhas.maildx.net\/wp-content\/uploads\/Icons_alimentos.png\" alt=\"\" width=\"30\" height=\"30\" \/> <strong>Alimento<\/strong>: Apto para consumo alimentario.<\/p>\n<p><img decoding=\"async\" src=\"https:\/\/copopalhinhas.maildx.net\/wp-content\/uploads\/Icon_reciclaveis.png\" alt=\"\" width=\"30\" height=\"30\" \/> <strong>Reciclables<\/strong>:Productos que pueden reciclarse o utilizarse para la recuperaci\u00f3n de energ\u00eda.<\/p>","protected":false},"excerpt":{"rendered":"<p>Caja de hamburguesas en <strong>cart\u00f3n corrugado nano-micro<\/strong>, 17,6 \u00d7 16,8 \u00d7 7,8 cm. Apto para contacto con alimentos. <strong>FSC<\/strong>, <strong>reciclable<\/strong>, adecuado para <strong>microonda<\/strong> y resistente a aceites y grasas.<\/p>\n<p><img decoding=\"async\" src=\"https:\/\/copopalhinhas.maildx.net\/wp-content\/uploads\/Icons_alimentos.png\" alt=\"\" width=\"30\" height=\"30\" \/> <img decoding=\"async\" src=\"https:\/\/copopalhinhas.maildx.net\/wp-content\/uploads\/Icon_DESCARTAVEL.png\" alt=\"\" width=\"30\" height=\"30\" \/> <img decoding=\"async\" src=\"https:\/\/copopalhinhas.maildx.net\/wp-content\/uploads\/Icon_reciclaveis.png\" alt=\"\" width=\"30\" height=\"30\" \/><\/p>","protected":false},"featured_media":29639,"comment_status":"open","ping_status":"closed","template":"","meta":{"_acf_changed":false},"product_brand":[],"product_cat":[2046,2010,2011,1725,1512,1484,1502,1397],"product_tag":[1569,1607,1604,1610],"class_list":{"0":"post-11780","1":"product","2":"type-product","3":"status-publish","4":"has-post-thumbnail","6":"product_cat-embalagens-cartao","7":"product_cat-embalagens-descartaveis","8":"product_cat-embalagens-free-plastic-takeaway","9":"product_cat-castanho","10":"product_cat-descartavel","11":"product_cat-cartao","12":"product_cat-hamburguer","13":"product_cat-embalagens","14":"product_tag-menu-descartaveis","15":"product_tag-sub-menu-embalagens-cartao","16":"product_tag-sub-menu-embalagens-descartaveis","17":"product_tag-sub-menu-embalagens-free-plastic-takeaway","18":"pa_qtd-por-caixa-1273","19":"pa_qtd-por-caixa-1281","20":"tm-no-options","22":"first","23":"instock","24":"taxable","25":"shipping-taxable","26":"purchasable","27":"product-type-variable"},"acf":[],"_links":{"self":[{"href":"https:\/\/copopalhinhas.maildx.net\/es\/wp-json\/wp\/v2\/product\/11780","targetHints":{"allow":["GET"]}}],"collection":[{"href":"https:\/\/copopalhinhas.maildx.net\/es\/wp-json\/wp\/v2\/product"}],"about":[{"href":"https:\/\/copopalhinhas.maildx.net\/es\/wp-json\/wp\/v2\/types\/product"}],"replies":[{"embeddable":true,"href":"https:\/\/copopalhinhas.maildx.net\/es\/wp-json\/wp\/v2\/comments?post=11780"}],"wp:featuredmedia":[{"embeddable":true,"href":"https:\/\/copopalhinhas.maildx.net\/es\/wp-json\/wp\/v2\/media\/29639"}],"wp:attachment":[{"href":"https:\/\/copopalhinhas.maildx.net\/es\/wp-json\/wp\/v2\/media?parent=11780"}],"wp:term":[{"taxonomy":"product_brand","embeddable":true,"href":"https:\/\/copopalhinhas.maildx.net\/es\/wp-json\/wp\/v2\/product_brand?post=11780"},{"taxonomy":"product_cat","embeddable":true,"href":"https:\/\/copopalhinhas.maildx.net\/es\/wp-json\/wp\/v2\/product_cat?post=11780"},{"taxonomy":"product_tag","embeddable":true,"href":"https:\/\/copopalhinhas.maildx.net\/es\/wp-json\/wp\/v2\/product_tag?post=11780"}],"curies":[{"name":"wp","href":"https:\/\/api.w.org\/{rel}","templated":true}]}}