{"id":11788,"date":"2022-06-22T14:47:29","date_gmt":"2022-06-22T13:47:29","guid":{"rendered":"https:\/\/copopalhinhas.maildx.net\/produto\/caixa-takeaway-natural-kraft-com-tampa-pet-1200ml\/"},"modified":"2025-11-22T00:23:06","modified_gmt":"2025-11-22T00:23:06","slug":"caixa-takeaway-natural-kraft-com-tampa-pet-1200ml","status":"publish","type":"product","link":"https:\/\/copopalhinhas.maildx.net\/es\/producto\/caixa-takeaway-natural-kraft-com-tampa-pet-1200ml\/","title":{"rendered":"CAJA PARA LLEVAR KRAFT CON TAPA PET 19,8\u00d713,8x5CM \/ 1,2L (1200ML)"},"content":{"rendered":"<p>Caixa em Kraft Takeaway com Tampa em PET 19,8&#215;13,8x5CM \/ 1,2L para uma embalagem eficiente e sustent\u00e1vel que preserva a qualidade e a apresenta\u00e7\u00e3o dos seus pratos durante o transporte.<\/p>\n<ul>\n<li>Combinando Kraft e PET: A combina\u00e7\u00e3o de kraft para a caixa e PET para a tampa cria uma embalagem equilibrada, oferecendo resist\u00eancia e transpar\u00eancia para destacar visualmente os alimentos.<\/li>\n<li>Dimens\u00f5es Ideais: Com medidas de 19,8&#215;13,8x5cm, a caixa \u00e9 espa\u00e7osa o suficiente para acomodar por\u00e7\u00f5es generosas, tornando-a adequada para diversas op\u00e7\u00f5es de refei\u00e7\u00f5es.<\/li>\n<li>Material Sustent\u00e1vel: O kraft \u00e9 uma op\u00e7\u00e3o eco-friendly, enquanto o PET \u00e9 recicl\u00e1vel, proporcionando uma embalagem que atende aos padr\u00f5es de sustentabilidade.<\/li>\n<li>Tampa Transparente: A tampa em PET transparente permite aos clientes visualizar os alimentos, criando uma experi\u00eancia visual apetitosa que incentiva a satisfa\u00e7\u00e3o do cliente.<\/li>\n<li>Montagem F\u00e1cil: O design de montagem f\u00e1cil oferece conveni\u00eancia no preparo, tornando-a uma escolha pr\u00e1tica para servi\u00e7os de entrega, take-away e eventos.<\/li>\n<li>Reciclable.<\/li>\n<li>No apto para microondas ni horno.<\/li>\n<li>Resistente a aceites y grasas.<\/li>\n<\/ul>\n<p>Certificados:<\/p>\n<ul>\n<li><strong>Alimentar: <\/strong>Regulamento (CE) n.\u00b0 1935\/2004 do Parlamento Europeu e do Conselho, de 27 de Outubro de 2004, relativo aos materiais e objetos destinados a entrar em contacto com os alimentos. Registo Sanit\u00e1rio de Ind\u00fastrias e Produtos Alimentares.<\/li>\n<\/ul>\n<p><img decoding=\"async\" src=\"https:\/\/copopalhinhas.maildx.net\/wp-content\/uploads\/Icon_DESCARTAVEL.png\" alt=\"\" width=\"30\" height=\"30\" \/> <strong>Desechable<\/strong><\/p>\n<p><img decoding=\"async\" src=\"https:\/\/copopalhinhas.maildx.net\/wp-content\/uploads\/Icons_alimentos.png\" alt=\"\" width=\"30\" height=\"30\" \/> <strong>Alimento<\/strong>: Apto para consumo alimentario.<\/p>\n<p><img decoding=\"async\" src=\"https:\/\/copopalhinhas.maildx.net\/wp-content\/uploads\/Icon_reciclaveis.png\" alt=\"\" width=\"30\" height=\"30\" \/> <strong>Reciclables<\/strong>:Productos que pueden reciclarse o utilizarse para la recuperaci\u00f3n de energ\u00eda.<\/p>","protected":false},"excerpt":{"rendered":"<p>Caixa em Kraft Takeaway com Tampa em PET, uma solu\u00e7\u00e3o pr\u00e1tica e sustent\u00e1vel para embalar refei\u00e7\u00f5es com efici\u00eancia. Com dimens\u00f5es de 19,8\u00d713,8x5cm e uma capacidade de 1,2L (1200ml), esta caixa \u00e9 ideal para garantir a frescura e a integridade dos seus pratos durante o transporte.<\/p>\n<p><img decoding=\"async\" src=\"https:\/\/copopalhinhas.maildx.net\/wp-content\/uploads\/Icons_alimentos.png\" alt=\"\" width=\"30\" height=\"30\" \/>\u00a0<img decoding=\"async\" src=\"https:\/\/copopalhinhas.maildx.net\/wp-content\/uploads\/Icon_DESCARTAVEL.png\" alt=\"\" width=\"30\" height=\"30\" \/>\u00a0<img decoding=\"async\" src=\"https:\/\/copopalhinhas.maildx.net\/wp-content\/uploads\/Icon_reciclaveis.png\" alt=\"\" width=\"30\" height=\"30\" \/><\/p>","protected":false},"featured_media":29616,"comment_status":"open","ping_status":"closed","template":"","meta":{"_acf_changed":false},"product_brand":[],"product_cat":[2046,2010,1725,1644,1512,1484,1508,1490,1397],"product_tag":[1569,1607,1604],"class_list":{"0":"post-11788","1":"product","2":"type-product","3":"status-publish","4":"has-post-thumbnail","6":"product_cat-embalagens-cartao","7":"product_cat-embalagens-descartaveis","8":"product_cat-castanho","9":"product_cat-11l-a-2l","10":"product_cat-descartavel","11":"product_cat-cartao","12":"product_cat-kraft","13":"product_cat-caixas","14":"product_cat-embalagens","15":"product_tag-menu-descartaveis","16":"product_tag-sub-menu-embalagens-cartao","17":"product_tag-sub-menu-embalagens-descartaveis","18":"pa_qtd-por-caixa-1273","19":"pa_qtd-por-caixa-282","20":"tm-no-options","22":"first","23":"instock","24":"taxable","25":"shipping-taxable","26":"purchasable","27":"product-type-variable"},"acf":[],"_links":{"self":[{"href":"https:\/\/copopalhinhas.maildx.net\/es\/wp-json\/wp\/v2\/product\/11788","targetHints":{"allow":["GET"]}}],"collection":[{"href":"https:\/\/copopalhinhas.maildx.net\/es\/wp-json\/wp\/v2\/product"}],"about":[{"href":"https:\/\/copopalhinhas.maildx.net\/es\/wp-json\/wp\/v2\/types\/product"}],"replies":[{"embeddable":true,"href":"https:\/\/copopalhinhas.maildx.net\/es\/wp-json\/wp\/v2\/comments?post=11788"}],"wp:featuredmedia":[{"embeddable":true,"href":"https:\/\/copopalhinhas.maildx.net\/es\/wp-json\/wp\/v2\/media\/29616"}],"wp:attachment":[{"href":"https:\/\/copopalhinhas.maildx.net\/es\/wp-json\/wp\/v2\/media?parent=11788"}],"wp:term":[{"taxonomy":"product_brand","embeddable":true,"href":"https:\/\/copopalhinhas.maildx.net\/es\/wp-json\/wp\/v2\/product_brand?post=11788"},{"taxonomy":"product_cat","embeddable":true,"href":"https:\/\/copopalhinhas.maildx.net\/es\/wp-json\/wp\/v2\/product_cat?post=11788"},{"taxonomy":"product_tag","embeddable":true,"href":"https:\/\/copopalhinhas.maildx.net\/es\/wp-json\/wp\/v2\/product_tag?post=11788"}],"curies":[{"name":"wp","href":"https:\/\/api.w.org\/{rel}","templated":true}]}}