{"id":11792,"date":"2022-06-22T14:47:29","date_gmt":"2022-06-22T13:47:29","guid":{"rendered":"https:\/\/copopalhinhas.maildx.net\/produto\/caixa-takeaway-natural-kraft-com-tampa-pet-2100ml\/"},"modified":"2025-09-27T17:05:13","modified_gmt":"2025-09-27T16:05:13","slug":"caixa-takeaway-natural-kraft-com-tampa-pet-2100ml","status":"publish","type":"product","link":"https:\/\/copopalhinhas.maildx.net\/es\/producto\/caixa-takeaway-natural-kraft-com-tampa-pet-2100ml\/","title":{"rendered":"CAJA PARA LLEVAR KRAFT NATURAL CON TAPA PET 2100ML"},"content":{"rendered":"<p>Caixa\u00a0em papel kraft para transporte de alimentos takeaway\/delivery com tampa em PET e capacidade de\u00a02100ml<\/p>\n<p>N\u00e3o apto para o forno nem para microondas, recicl\u00e1vel, resistente a \u00f3leos e gordura<\/p>\n<p>Material KRAFT<br \/>\nColor NATURAL<br \/>\nUnidades \/ caixa 200 (4 Pacotes de 50 unidades)<br \/>\nCapacidade 2100 ML<br \/>\nUnidade de peso 41 gr.<br \/>\nGrammage 300 +20 PE G\/M2<br \/>\nFaixa de temperatura 0\u00baC\/+100\u00baC.<br \/>\nCertificados Contato alimentar, Registo sanit\u00e1rio<br \/>\nUsos N\u00e3o apto para micro-ondas, N\u00e3o apto para o forno, Recicl\u00e1vel, Resistente a \u00f3leos e gordura<\/p>\n<p><img decoding=\"async\" src=\"https:\/\/copopalhinhas.maildx.net\/wp-content\/uploads\/Icon_DESCARTAVEL.png\" alt=\"\" width=\"30\" height=\"30\" \/> <strong>Desechable<\/strong><\/p>\n<p><img decoding=\"async\" src=\"https:\/\/copopalhinhas.maildx.net\/wp-content\/uploads\/Icons_alimentos.png\" alt=\"\" width=\"30\" height=\"30\" \/> <strong>Alimento<\/strong>: Apto para consumo alimentario.<\/p>\n<p><img decoding=\"async\" src=\"https:\/\/copopalhinhas.maildx.net\/wp-content\/uploads\/Icon_reciclaveis.png\" alt=\"\" width=\"30\" height=\"30\" \/> <strong>Reciclables<\/strong>:Productos que pueden reciclarse o utilizarse para la recuperaci\u00f3n de energ\u00eda.<\/p>","protected":false},"excerpt":{"rendered":"<p>Caixa\u00a0em papel kraft para transporte de alimentos takeaway\/delivery com tampa em PET e capacidade de 2100ml<\/p>\n<p>N\u00e3o apto para o forno nem para microondas, recicl\u00e1vel, resistente a \u00f3leos e gordura<\/p>\n<p><img decoding=\"async\" src=\"https:\/\/copopalhinhas.maildx.net\/wp-content\/uploads\/Icons_alimentos.png\" alt=\"\" width=\"30\" height=\"30\" \/> <img decoding=\"async\" src=\"https:\/\/copopalhinhas.maildx.net\/wp-content\/uploads\/Icon_DESCARTAVEL.png\" alt=\"\" width=\"30\" height=\"30\" \/> <img decoding=\"async\" src=\"https:\/\/copopalhinhas.maildx.net\/wp-content\/uploads\/Icon_reciclaveis.png\" alt=\"\" width=\"30\" height=\"30\" \/><\/p>","protected":false},"featured_media":34169,"comment_status":"open","ping_status":"closed","template":"","meta":{"_acf_changed":false},"product_brand":[],"product_cat":[2046,2010,1725,1645,1484,1508,1397],"product_tag":[1569,1607,1604],"class_list":{"0":"post-11792","1":"product","2":"type-product","3":"status-publish","4":"has-post-thumbnail","6":"product_cat-embalagens-cartao","7":"product_cat-embalagens-descartaveis","8":"product_cat-castanho","9":"product_cat-21l-3l","10":"product_cat-cartao","11":"product_cat-kraft","12":"product_cat-embalagens","13":"product_tag-menu-descartaveis","14":"product_tag-sub-menu-embalagens-cartao","15":"product_tag-sub-menu-embalagens-descartaveis","16":"pa_qtd-por-caixa-1273","17":"pa_qtd-por-caixa-282","18":"tm-no-options","20":"first","21":"instock","22":"taxable","23":"shipping-taxable","24":"purchasable","25":"product-type-variable"},"acf":[],"_links":{"self":[{"href":"https:\/\/copopalhinhas.maildx.net\/es\/wp-json\/wp\/v2\/product\/11792","targetHints":{"allow":["GET"]}}],"collection":[{"href":"https:\/\/copopalhinhas.maildx.net\/es\/wp-json\/wp\/v2\/product"}],"about":[{"href":"https:\/\/copopalhinhas.maildx.net\/es\/wp-json\/wp\/v2\/types\/product"}],"replies":[{"embeddable":true,"href":"https:\/\/copopalhinhas.maildx.net\/es\/wp-json\/wp\/v2\/comments?post=11792"}],"wp:featuredmedia":[{"embeddable":true,"href":"https:\/\/copopalhinhas.maildx.net\/es\/wp-json\/wp\/v2\/media\/34169"}],"wp:attachment":[{"href":"https:\/\/copopalhinhas.maildx.net\/es\/wp-json\/wp\/v2\/media?parent=11792"}],"wp:term":[{"taxonomy":"product_brand","embeddable":true,"href":"https:\/\/copopalhinhas.maildx.net\/es\/wp-json\/wp\/v2\/product_brand?post=11792"},{"taxonomy":"product_cat","embeddable":true,"href":"https:\/\/copopalhinhas.maildx.net\/es\/wp-json\/wp\/v2\/product_cat?post=11792"},{"taxonomy":"product_tag","embeddable":true,"href":"https:\/\/copopalhinhas.maildx.net\/es\/wp-json\/wp\/v2\/product_tag?post=11792"}],"curies":[{"name":"wp","href":"https:\/\/api.w.org\/{rel}","templated":true}]}}