{"id":11891,"date":"2022-07-25T16:08:20","date_gmt":"2022-07-25T15:08:20","guid":{"rendered":"https:\/\/copopalhinhas.maildx.net\/produto\/colher-em-madeira-para-gelados-embalada-individualmente-75cm\/"},"modified":"2025-09-30T09:55:07","modified_gmt":"2025-09-30T08:55:07","slug":"colher-madeira-gelado-75cm-embalagem-individual","status":"publish","type":"product","link":"https:\/\/copopalhinhas.maildx.net\/es\/producto\/colher-madeira-gelado-75cm-embalagem-individual\/","title":{"rendered":"CUCHARA DE HELADO DE MADERA 7,5 CM (EMBALAJE INDIVIDUAL)"},"content":{"rendered":"<h2>Cuchara de helado de madera de 7,5 cm: higiene, comodidad y estilo sostenible<\/h2>\n<p>EL <strong>helado de cuchara de madera<\/strong> La bola de helado de 7,5 cm (3 pulgadas) a\u00f1ade un toque natural a tus postres y refuerza tu imagen ecol\u00f3gica. Gracias a su tama\u00f1o compacto, cabe perfectamente en un vaso o taza, permiti\u00e9ndote degustar el helado con delicadeza y precisi\u00f3n. Fabricada en madera de calidad, ofrece una c\u00e1lida sensaci\u00f3n al tacto, mejorando la experiencia del cliente en helader\u00edas, panader\u00edas, eventos y m\u00e1s. <em>abastecimiento<\/em>.<\/p>\n<h3>Embalaje individual para m\u00e1xima higiene<\/h3>\n<p>En primer lugar, cada unidad viene <strong>empaquetado individualmente<\/strong>Esto garantiza que la cuchara llegue a la mesa protegida, se mantenga limpia en el mostrador y, sobre todo, facilita la distribuci\u00f3n en el comedor, la comida para llevar o el servicio a domicilio. Adem\u00e1s, el embalaje agiliza el servicio en horas punta y, por lo tanto, reduce el desperdicio, ya que cada empleado entrega exactamente la cantidad de cucharas necesarias.<\/p>\n<h3>Comodidad de uso y tama\u00f1o ideal<\/h3>\n<p>Con 7,5 cm, el <strong>bola de helado<\/strong> Garantiza un agarre firme y un funcionamiento intuitivo. Esto permite a los clientes mezclar ingredientes, probar sabores y disfrutar de su helado hasta el \u00faltimo momento con total control. Adem\u00e1s, su acabado pulido proporciona suavidad y evita que se descascare, mejorando as\u00ed la comodidad de uso tanto para ni\u00f1os como para adultos.<\/p>\n<h3>Sostenibilidad y cumplimiento<\/h3>\n<p>Debido a que la madera proviene de un recurso natural renovable, <strong>cuchara de madera desechable<\/strong> Contribuye a una soluci\u00f3n m\u00e1s responsable en comparaci\u00f3n con las alternativas de pl\u00e1stico desechable. Adem\u00e1s, cumple con las buenas pr\u00e1cticas de contacto con alimentos, lo que refuerza la seguridad en el servicio diario. Dicho esto, al combinarlo con vasos de papel, servilletas kraft y pajitas de origen vegetal, la comunicaci\u00f3n visual de su negocio se vuelve m\u00e1s coherente y, por lo tanto, m\u00e1s s\u00f3lida.<\/p>\n<h3>Aplicaciones vers\u00e1tiles<\/h3>\n<p>Utilice el <strong>cuchara de helado de madera<\/strong> En catas, copas de cata, postres de buffet, postres individuales y men\u00fas infantiles. En resumen, su tama\u00f1o compacto agiliza el servicio, mientras que su aspecto r\u00fastico y elegante realza las fotos del producto y las publicaciones en redes sociales. Como resultado, no solo mejora las operaciones, sino que tambi\u00e9n realza el valor percibido del postre.<\/p>\n<h3>Buenas pr\u00e1cticas de almacenamiento<\/h3>\n<p>Guarde el envase en un lugar fresco y seco; luego, r\u00f3telo regularmente para conservar su apariencia. Finalmente, coloque el dispensador cerca del punto de servicio para que el personal pueda trabajar sin problemas, reduciendo las colas en horas punta. Con estas sencillas precauciones, <strong>Cuchara de postre de 7,5 cm<\/strong> Garantiza consistencia, rapidez y una experiencia memorable para el cliente. Ver m\u00e1s <a href=\"https:\/\/copopalhinhas.maildx.net\/es\/categorias\/talheres-de-madeira\/\">Cubiertos de madera<\/a>.<\/p>\n<p><img decoding=\"async\" src=\"https:\/\/copopalhinhas.maildx.net\/wp-content\/uploads\/Icon_DESCARTAVEL.png\" alt=\"\" width=\"30\" height=\"30\" \/> <strong>Desechable<\/strong><\/p>\n<p><img decoding=\"async\" src=\"https:\/\/copopalhinhas.maildx.net\/wp-content\/uploads\/Icons_alimentos.png\" alt=\"\" width=\"30\" height=\"30\" \/> <strong>Alimento<\/strong>: Apto para consumo alimentario.<\/p>\n<p><img decoding=\"async\" src=\"https:\/\/copopalhinhas.maildx.net\/wp-content\/uploads\/Icon_reciclaveis.png\" alt=\"\" width=\"30\" height=\"30\" \/> <strong>Reciclables<\/strong>:Productos que pueden reciclarse o utilizarse para la recuperaci\u00f3n de energ\u00eda.<\/p>","protected":false},"excerpt":{"rendered":"<p>La cuchara de madera para helado de 7,5 cm es la opci\u00f3n ideal para quienes desean disfrutar de sus postres de forma sostenible. Envasada individualmente, garantiza higiene y practicidad al servir. Su acabado suave y duradero ofrece comodidad de uso y un toque natural a la presentaci\u00f3n. Fabricada con madera de origen responsable, es una alternativa ecol\u00f3gica al pl\u00e1stico desechable.<\/p>\n<p><img decoding=\"async\" src=\"https:\/\/copopalhinhas.maildx.net\/wp-content\/uploads\/Icons_alimentos.png\" alt=\"\" width=\"30\" height=\"30\" \/> <img decoding=\"async\" src=\"https:\/\/copopalhinhas.maildx.net\/wp-content\/uploads\/Icon_DESCARTAVEL.png\" alt=\"\" width=\"30\" height=\"30\" \/> <img decoding=\"async\" src=\"https:\/\/copopalhinhas.maildx.net\/wp-content\/uploads\/Icon_reciclaveis.png\" alt=\"\" width=\"30\" height=\"30\" \/><\/p>","protected":false},"featured_media":28155,"comment_status":"open","ping_status":"closed","template":"","meta":{"_acf_changed":false},"product_brand":[],"product_cat":[2086,2043,2009,1725,1512,1479,1489,1677,1794,1499,227],"product_tag":[1569,1602,1600],"class_list":{"0":"post-11891","1":"product","2":"type-product","3":"status-publish","4":"has-post-thumbnail","6":"product_cat-gelados","7":"product_cat-talheres-de-madeira","8":"product_cat-talheres-descartaveis","9":"product_cat-castanho","10":"product_cat-descartavel","11":"product_cat-embalado-individualmente","12":"product_cat-madeira","13":"product_cat-7cm","14":"product_cat-colher","15":"product_cat-sobremesa","16":"product_cat-talheres","17":"product_tag-menu-descartaveis","18":"product_tag-sub-menu-talheres-de-madeira","19":"product_tag-sub-menu-talheres-descartaveis","20":"pa_qtd-por-caixa-1315","21":"pa_qtd-por-caixa-1320","22":"tm-no-options","24":"first","25":"instock","26":"taxable","27":"shipping-taxable","28":"purchasable","29":"product-type-variable"},"acf":[],"_links":{"self":[{"href":"https:\/\/copopalhinhas.maildx.net\/es\/wp-json\/wp\/v2\/product\/11891","targetHints":{"allow":["GET"]}}],"collection":[{"href":"https:\/\/copopalhinhas.maildx.net\/es\/wp-json\/wp\/v2\/product"}],"about":[{"href":"https:\/\/copopalhinhas.maildx.net\/es\/wp-json\/wp\/v2\/types\/product"}],"replies":[{"embeddable":true,"href":"https:\/\/copopalhinhas.maildx.net\/es\/wp-json\/wp\/v2\/comments?post=11891"}],"wp:featuredmedia":[{"embeddable":true,"href":"https:\/\/copopalhinhas.maildx.net\/es\/wp-json\/wp\/v2\/media\/28155"}],"wp:attachment":[{"href":"https:\/\/copopalhinhas.maildx.net\/es\/wp-json\/wp\/v2\/media?parent=11891"}],"wp:term":[{"taxonomy":"product_brand","embeddable":true,"href":"https:\/\/copopalhinhas.maildx.net\/es\/wp-json\/wp\/v2\/product_brand?post=11891"},{"taxonomy":"product_cat","embeddable":true,"href":"https:\/\/copopalhinhas.maildx.net\/es\/wp-json\/wp\/v2\/product_cat?post=11891"},{"taxonomy":"product_tag","embeddable":true,"href":"https:\/\/copopalhinhas.maildx.net\/es\/wp-json\/wp\/v2\/product_tag?post=11891"}],"curies":[{"name":"wp","href":"https:\/\/api.w.org\/{rel}","templated":true}]}}