{"id":11940,"date":"2022-07-25T16:13:39","date_gmt":"2022-07-25T15:13:39","guid":{"rendered":"https:\/\/copopalhinhas.maildx.net\/produto\/saladeira-kraft-1400ml-c-tampa-pp\/"},"modified":"2025-09-24T21:29:09","modified_gmt":"2025-09-24T20:29:09","slug":"saladeira-kraft-1400ml-c-tampa-pp","status":"publish","type":"product","link":"https:\/\/copopalhinhas.maildx.net\/es\/producto\/saladeira-kraft-1400ml-c-tampa-pp\/","title":{"rendered":"ENSALADERA KRAFT CON TAPA PP 1.4L (1400ML)"},"content":{"rendered":"<p>Ensaladera Kraft con tapa de PP de 1,4 l (1400 ml): una soluci\u00f3n pr\u00e1ctica, sostenible y elegante para quienes buscan comidas frescas y saludables para llevar.<\/p>\n<ul>\n<li>Material sostenible: Fabricada en kraft, la ensaladera destaca por su est\u00e9tica natural y es una opci\u00f3n ecol\u00f3gica, en l\u00ednea con las pr\u00e1cticas sostenibles. La tapa de PP (polipropileno) es reciclable.<\/li>\n<li>Capacidad generosa: con una capacidad de 1,4 L (1400 ml), la ensaladera es lo suficientemente espaciosa para acomodar porciones generosas, lo que la hace ideal para ensaladas individuales o compartidas.<\/li>\n<li>Tapa de almacenamiento: La tapa de PP proporciona un sello seguro, manteniendo la integridad y frescura de la ensalada durante el transporte y el almacenamiento.<\/li>\n<li>Dise\u00f1o pr\u00e1ctico: El dise\u00f1o de la ensaladera est\u00e1 pensado para facilitar el consumo sobre la marcha, proporcionando una experiencia pr\u00e1ctica para quienes buscan una opci\u00f3n saludable y r\u00e1pida.<\/li>\n<li>Uso vers\u00e1til: adem\u00e1s de ensaladas, la ensaladera se puede utilizar para servir una variedad de platos frescos, como wraps, frutas cortadas y otros alimentos r\u00e1pidos de comer.<\/li>\n<li>Resistente a la humedad y la grasa.<\/li>\n<li>Multifuncional.<\/li>\n<li>Resistencia y rigidez.<\/li>\n<li>F\u00e1cil de manejar y transportar.<\/li>\n<li>Se puede meter en el congelador.<\/li>\n<li>No se recomienda el uso en microondas.<\/li>\n<\/ul>\n<p>Certificados:<\/p>\n<ul>\n<li><strong>Para alimentar<\/strong>:Este producto es apto para uso hotelero y dom\u00e9stico y cumple con los requisitos reglamentarios para que la vajilla entre en contacto con alimentos.<\/li>\n<\/ul>\n<p><img decoding=\"async\" src=\"https:\/\/copopalhinhas.maildx.net\/wp-content\/uploads\/Icon_DESCARTAVEL.png\" alt=\"\" width=\"30\" height=\"30\" \/> <strong>Desechable<\/strong><\/p>\n<p><img decoding=\"async\" src=\"https:\/\/copopalhinhas.maildx.net\/wp-content\/uploads\/Icons_alimentos.png\" alt=\"\" width=\"30\" height=\"30\" \/> <strong>Alimento<\/strong>: Apto para consumo alimentario.<\/p>\n<p><img decoding=\"async\" src=\"https:\/\/copopalhinhas.maildx.net\/wp-content\/uploads\/Icon_reciclaveis.png\" alt=\"\" width=\"30\" height=\"30\" \/> <strong>Reciclables<\/strong>:Productos que pueden reciclarse o utilizarse para la recuperaci\u00f3n de energ\u00eda.<\/p>","protected":false},"excerpt":{"rendered":"<p>Ensaladera Kraft con tapa de PP: una soluci\u00f3n pr\u00e1ctica y ecol\u00f3gica para disfrutar de ensaladas frescas en cualquier lugar. Con una capacidad de 1,4 L (1400 ml), esta ensaladera est\u00e1 dise\u00f1ada para conservar la frescura de tus platos y es muy f\u00e1cil de transportar.<\/p>\n<p><img decoding=\"async\" src=\"https:\/\/copopalhinhas.maildx.net\/wp-content\/uploads\/Icons_alimentos.png\" alt=\"\" width=\"30\" height=\"30\" \/> <img decoding=\"async\" src=\"https:\/\/copopalhinhas.maildx.net\/wp-content\/uploads\/Icon_DESCARTAVEL.png\" alt=\"\" width=\"30\" height=\"30\" \/> <img decoding=\"async\" src=\"https:\/\/copopalhinhas.maildx.net\/wp-content\/uploads\/Icon_reciclaveis.png\" alt=\"\" width=\"30\" height=\"30\" \/><\/p>","protected":false},"featured_media":29700,"comment_status":"open","ping_status":"closed","template":"","meta":{"_acf_changed":false},"product_brand":[],"product_cat":[2046,2010,2249,1725,1512,1484,1508,1491,1427,1397],"product_tag":[1569,1607,1604],"class_list":{"0":"post-11940","1":"product","2":"type-product","3":"status-publish","4":"has-post-thumbnail","6":"product_cat-embalagens-cartao","7":"product_cat-embalagens-descartaveis","8":"product_cat-take-away","9":"product_cat-castanho","10":"product_cat-descartavel","11":"product_cat-cartao","12":"product_cat-kraft","13":"product_cat-saladeiras","14":"product_cat-embalangens-saladeiras","15":"product_cat-embalagens","16":"product_tag-menu-descartaveis","17":"product_tag-sub-menu-embalagens-cartao","18":"product_tag-sub-menu-embalagens-descartaveis","19":"pa_qtd-por-caixa-1273","20":"pa_qtd-por-caixa-1347","21":"tm-no-options","23":"first","24":"instock","25":"taxable","26":"shipping-taxable","27":"purchasable","28":"product-type-variable"},"acf":[],"_links":{"self":[{"href":"https:\/\/copopalhinhas.maildx.net\/es\/wp-json\/wp\/v2\/product\/11940","targetHints":{"allow":["GET"]}}],"collection":[{"href":"https:\/\/copopalhinhas.maildx.net\/es\/wp-json\/wp\/v2\/product"}],"about":[{"href":"https:\/\/copopalhinhas.maildx.net\/es\/wp-json\/wp\/v2\/types\/product"}],"replies":[{"embeddable":true,"href":"https:\/\/copopalhinhas.maildx.net\/es\/wp-json\/wp\/v2\/comments?post=11940"}],"wp:featuredmedia":[{"embeddable":true,"href":"https:\/\/copopalhinhas.maildx.net\/es\/wp-json\/wp\/v2\/media\/29700"}],"wp:attachment":[{"href":"https:\/\/copopalhinhas.maildx.net\/es\/wp-json\/wp\/v2\/media?parent=11940"}],"wp:term":[{"taxonomy":"product_brand","embeddable":true,"href":"https:\/\/copopalhinhas.maildx.net\/es\/wp-json\/wp\/v2\/product_brand?post=11940"},{"taxonomy":"product_cat","embeddable":true,"href":"https:\/\/copopalhinhas.maildx.net\/es\/wp-json\/wp\/v2\/product_cat?post=11940"},{"taxonomy":"product_tag","embeddable":true,"href":"https:\/\/copopalhinhas.maildx.net\/es\/wp-json\/wp\/v2\/product_tag?post=11940"}],"curies":[{"name":"wp","href":"https:\/\/api.w.org\/{rel}","templated":true}]}}