{"id":12013,"date":"2022-07-25T16:07:00","date_gmt":"2022-07-25T15:07:00","guid":{"rendered":"https:\/\/copopalhinhas.maildx.net\/produto\/cone-para-batata-frita-250gr-em-cartao-157x268mm\/"},"modified":"2025-09-27T18:22:27","modified_gmt":"2025-09-27T17:22:27","slug":"cone-para-batata-frita-250gr-em-cartao-157x268mm","status":"publish","type":"product","link":"https:\/\/copopalhinhas.maildx.net\/es\/producto\/cone-para-batata-frita-250gr-em-cartao-157x268mm\/","title":{"rendered":"Cono de cart\u00f3n ondulado nano-micro para patatas fritas 15,7\u00d726,8cm \/ 250g"},"content":{"rendered":"<p>Cone em Cart\u00e3o Ondulado Nano-Micro para Batata Frita 15,7&#215;26,8cm \/ 250g para oferecer uma experi\u00eancia pr\u00e1tica e visualmente atrativa aos seus clientes.<\/p>\n<ul>\n<li>Material Dur\u00e1vel: Fabricado em cart\u00e3o ondulado nano-micro resistente, o cone oferece suporte estrutural para segurar batatas fritas e outros petiscos sem deforma\u00e7\u00e3o.<\/li>\n<li>Design Atrativo: O formato de cone \u00e9 visualmente atrativo e convidativo, proporcionando uma apresenta\u00e7\u00e3o agrad\u00e1vel para os alimentos.<\/li>\n<li>Dimens\u00f5es Adequadas: Com dimens\u00f5es de 15,7&#215;26,8cm, o cone \u00e9 espa\u00e7oso o suficiente para acomodar uma por\u00e7\u00e3o generosa de batatas fritas, tornando-o ideal para por\u00e7\u00f5es individuais.<\/li>\n<li>Capacidade para 250g: A capacidade de 250g torna este cone adequado para servir uma variedade de petiscos, como batatas fritas, onion rings, nuggets, entre outros.<\/li>\n<li>Praticidade Descart\u00e1vel: Sendo descart\u00e1vel, o cone facilita a limpeza ap\u00f3s o consumo, proporcionando praticidade em ambientes de servi\u00e7o r\u00e1pido.<\/li>\n<li>Versatilidade de Uso: Al\u00e9m de batatas fritas, o cone \u00e9 adequado para servir outros petiscos e aperitivos, sendo vers\u00e1til para diferentes tipos de estabelecimentos.<\/li>\n<li>Material biodegradable: se descompone en elementos qu\u00edmicos naturales gracias a la acci\u00f3n de agentes biol\u00f3gicos y agentes f\u00edsicos en las condiciones ambientales que se dan en la naturaleza.<\/li>\n<li>Reciclable.<\/li>\n<li>Apto para micro-ondas (9 Minutos 1000W ou 7,30 Minutos 1200W).<\/li>\n<li>PFOS \u2013 Producto libre de PFOA.<\/li>\n<li>Soporta temperaturas entre -18\u00baC y +70\u00baC.<\/li>\n<li>Resistente a aceites y grasas.<\/li>\n<\/ul>\n<p>Certificados:<\/p>\n<ul>\n<li><strong>Para alimentar<\/strong>:Regulamento (CE) n.\u00b0 1935\/2004 do Parlamento Europeu e do Conselho, de 27 de Outubro de 2004, relativo aos materiais e objectos destinados a entrar em contacto com os alimentos.<\/li>\n<li><strong>FSC<\/strong>: Este produto est\u00e1 certificado FSC Mix Credit. Ao escolher produtos certificados FSC\u00ae est\u00e1 a apoiar a gest\u00e3o respons\u00e1vel das florestas do mundo.<\/li>\n<\/ul>\n<p><img decoding=\"async\" src=\"https:\/\/copopalhinhas.maildx.net\/wp-content\/uploads\/Icon_DESCARTAVEL.png\" alt=\"\" width=\"30\" height=\"30\" \/> <strong>Desechable<\/strong><\/p>\n<p><img decoding=\"async\" src=\"https:\/\/copopalhinhas.maildx.net\/wp-content\/uploads\/Icons_alimentos.png\" alt=\"\" width=\"30\" height=\"30\" \/> <strong>Alimento<\/strong>: Apto para consumo alimentario.<\/p>\n<p><img decoding=\"async\" src=\"https:\/\/copopalhinhas.maildx.net\/wp-content\/uploads\/Icon_reciclaveis.png\" alt=\"\" width=\"30\" height=\"30\" \/> <strong>Reciclables<\/strong>:Productos que pueden reciclarse o utilizarse para la recuperaci\u00f3n de energ\u00eda.<\/p>","protected":false},"excerpt":{"rendered":"<p>Cone em Cart\u00e3o Ondulado Nano-Micro, uma op\u00e7\u00e3o pr\u00e1tica e atraente para servir batatas fritas e outros petiscos. Com dimens\u00f5es de 15,7\u00d726,8cm e capacidade para 250g, este cone proporciona uma experi\u00eancia conveniente e deliciosa para os seus clientes.<\/p>\n<p><img decoding=\"async\" src=\"https:\/\/copopalhinhas.maildx.net\/wp-content\/uploads\/Icons_alimentos.png\" alt=\"\" width=\"30\" height=\"30\" \/> <img decoding=\"async\" src=\"https:\/\/copopalhinhas.maildx.net\/wp-content\/uploads\/Icon_DESCARTAVEL.png\" alt=\"\" width=\"30\" height=\"30\" \/> <img decoding=\"async\" src=\"https:\/\/copopalhinhas.maildx.net\/wp-content\/uploads\/Icon_reciclaveis.png\" alt=\"\" width=\"30\" height=\"30\" \/><\/p>","protected":false},"featured_media":30058,"comment_status":"closed","ping_status":"closed","template":"","meta":{"_acf_changed":false},"product_brand":[],"product_cat":[1504,1484,1725,1494,1512,2046,2010,2011,226],"product_tag":[1569,1607,1604,1610],"class_list":{"0":"post-12013","1":"product","2":"type-product","3":"status-publish","4":"has-post-thumbnail","6":"product_cat-batata-frita","7":"product_cat-cartao","8":"product_cat-castanho","9":"product_cat-cones-papel","10":"product_cat-descartavel","11":"product_cat-embalagens-cartao","12":"product_cat-embalagens-descartaveis","13":"product_cat-embalagens-free-plastic-takeaway","14":"product_cat-loucas","15":"product_tag-menu-descartaveis","16":"product_tag-sub-menu-embalagens-cartao","17":"product_tag-sub-menu-embalagens-descartaveis","18":"product_tag-sub-menu-embalagens-free-plastic-takeaway","19":"pa_qtd-por-caixa-1319","20":"pa_qtd-por-caixa-282","21":"tm-no-options","23":"first","24":"instock","25":"taxable","26":"shipping-taxable","27":"purchasable","28":"product-type-variable"},"acf":[],"_links":{"self":[{"href":"https:\/\/copopalhinhas.maildx.net\/es\/wp-json\/wp\/v2\/product\/12013","targetHints":{"allow":["GET"]}}],"collection":[{"href":"https:\/\/copopalhinhas.maildx.net\/es\/wp-json\/wp\/v2\/product"}],"about":[{"href":"https:\/\/copopalhinhas.maildx.net\/es\/wp-json\/wp\/v2\/types\/product"}],"replies":[{"embeddable":true,"href":"https:\/\/copopalhinhas.maildx.net\/es\/wp-json\/wp\/v2\/comments?post=12013"}],"wp:featuredmedia":[{"embeddable":true,"href":"https:\/\/copopalhinhas.maildx.net\/es\/wp-json\/wp\/v2\/media\/30058"}],"wp:attachment":[{"href":"https:\/\/copopalhinhas.maildx.net\/es\/wp-json\/wp\/v2\/media?parent=12013"}],"wp:term":[{"taxonomy":"product_brand","embeddable":true,"href":"https:\/\/copopalhinhas.maildx.net\/es\/wp-json\/wp\/v2\/product_brand?post=12013"},{"taxonomy":"product_cat","embeddable":true,"href":"https:\/\/copopalhinhas.maildx.net\/es\/wp-json\/wp\/v2\/product_cat?post=12013"},{"taxonomy":"product_tag","embeddable":true,"href":"https:\/\/copopalhinhas.maildx.net\/es\/wp-json\/wp\/v2\/product_tag?post=12013"}],"curies":[{"name":"wp","href":"https:\/\/api.w.org\/{rel}","templated":true}]}}