{"id":12199,"date":"2022-07-25T16:08:29","date_gmt":"2022-07-25T15:08:29","guid":{"rendered":"https:\/\/copopalhinhas.maildx.net\/produto\/agitadores-whisky-ingles-175-cm-preto-ps\/"},"modified":"2025-09-27T15:43:52","modified_gmt":"2025-09-27T14:43:52","slug":"agitador-ps-preto-175cm-whisky-ingles","status":"publish","type":"product","link":"https:\/\/copopalhinhas.maildx.net\/es\/producto\/agitador-ps-preto-175cm-whisky-ingles\/","title":{"rendered":"PS BLACK SHAKER 17.5CM WHISKY INGL\u00c9S"},"content":{"rendered":"<h2>Coctelera de whisky ingl\u00e9s PS Black de 17,5 cm<\/h2>\n<p>EL <strong>agitador PS negro <\/strong>de <strong>17,5 cent\u00edmetros<\/strong>, en el estilo cl\u00e1sico <em>Whisky ingl\u00e9s<\/em>Dise\u00f1ado para mezclar bebidas con rapidez, precisi\u00f3n y elegancia. Fabricado en poliestireno (PS) duradero, garantiza rigidez y un acabado suave que mejora el control de la rotaci\u00f3n. Adem\u00e1s, su color negro combina con cualquier men\u00fa de bar y le da al servicio un aspecto limpio y profesional.<\/p>\n<h3>\u00bfPor qu\u00e9 elegir el agitador PS negro?<\/h3>\n<p>En primer lugar, la longitud de 17,5 cm permite alcanzar eficazmente vasos altos y <em>anticuado<\/em>. Por lo tanto, el <strong>agitador PS negro <\/strong>Alcanza f\u00e1cilmente el fondo, cubriendo uniformemente jarabes, bitters y hielo, y evitando salpicaduras. El dise\u00f1o &quot;English Whiskey&quot; a\u00f1ade un toque distintivo a la presentaci\u00f3n sin complicar los procedimientos ni ralentizar la l\u00ednea de producci\u00f3n.<\/p>\n<h3>Caracter\u00edsticas esenciales de la barra<\/h3>\n<p><strong>Material robusto:<\/strong> Poliestireno (PS) con excelente rigidez y estabilidad dimensional, ideal para uso intensivo en bares, restaurantes y hoteles.<\/p>\n<p><strong>Longitud vers\u00e1til:<\/strong> 17,5 cm a <em>tragos largos<\/em> y vasos de whisky; perfectos para c\u00f3cteles, bebidas sencillas y c\u00f3cteles sin alcohol.<\/p>\n<p><strong>Superficie lisa:<\/strong> Acabado suave al tacto que facilita la rotaci\u00f3n y mejora la consistencia de la mezcla.<\/p>\n<p><strong>Gesti\u00f3n pr\u00e1ctica:<\/strong> Consumible desechable que agiliza la reposici\u00f3n, reduce el lavado y simplifica el cierre de turno.<\/p>\n<h3>Aplicaciones y contextos de uso<\/h3>\n<p>Utilice el <strong>Coctelera de whisky inglesa<\/strong> En bares, discotecas, eventos corporativos, catering y hoteles. Sin embargo, es igualmente \u00fatil en catas, ya que estandariza el m\u00e9todo de mezcla y mejora la presentaci\u00f3n. En consecuencia, la experiencia del cliente mejora y el servicio se vuelve m\u00e1s r\u00e1pido y predecible, incluso en horas punta.<\/p>\n<h3>Higiene y Cumplimiento<\/h3>\n<p>Como producto destinado al contacto con alimentos, el <strong>agitador PS negro <\/strong>Se integra f\u00e1cilmente en las rutinas de seguridad e higiene. Para obtener informaci\u00f3n general sobre materiales en contacto con alimentos, consulte el sitio web de la Comisi\u00f3n Europea. <a href=\"https:\/\/food.ec.europa.eu\/safety\/chemical-safety\/food-contact-materials_en\" target=\"_blank\" rel=\"nofollow noopener\">sobre materiales en contacto con alimentos<\/a>De esta manera, refuerza la confianza del consumidor y la credibilidad de su servicio.<\/p>\n<h3>Beneficios operativos<\/h3>\n<p>Gracias a su peso equilibrado y su dise\u00f1o funcional, el <strong>agitador de PS negro <\/strong>Se mezcla con menos esfuerzo. Adem\u00e1s, al ser desechable, reduce el tiempo de limpieza, optimiza la dotaci\u00f3n de personal y mantiene el bar organizado. Finalmente, su empaque compacto facilita el almacenamiento, agiliza la reposici\u00f3n y evita desabastecimientos durante los picos de demanda.<\/p>\n<h3>Resumen de decisi\u00f3n r\u00e1pida<\/h3>\n<p>Si buscas un electrodom\u00e9stico fiable, elegante y eficiente, elige el <strong>agitador PS negro <\/strong>de <strong>17,5 cent\u00edmetros<\/strong> con estilo <em>Whisky ingl\u00e9s<\/em>Esto mejora la presentaci\u00f3n, garantiza la consistencia de la mezcla y mejora la experiencia del cliente, ya sea para c\u00f3cteles o bebidas sencillas. En resumen, es un consumible profesional que aporta valor al servicio sin complicar el proceso. Ver m\u00e1s <a href=\"https:\/\/copopalhinhas.maildx.net\/es\/categorias\/agitadores-e-paletinas\/\">Agitadores y Paletinas<\/a>.<\/p>\n<p><img decoding=\"async\" src=\"https:\/\/copopalhinhas.maildx.net\/wp-content\/uploads\/Icon_DESCARTAVEL.png\" alt=\"\" width=\"30\" height=\"30\" \/> <strong>Desechable<\/strong><\/p>\n<p><img decoding=\"async\" src=\"https:\/\/copopalhinhas.maildx.net\/wp-content\/uploads\/Icons_alimentos.png\" alt=\"\" width=\"30\" height=\"30\" \/> <strong>Alimento<\/strong>: Apto para consumo alimentario.<\/p>\n<p><img decoding=\"async\" src=\"https:\/\/copopalhinhas.maildx.net\/wp-content\/uploads\/Icon_reciclaveis.png\" alt=\"\" width=\"30\" height=\"30\" \/> <strong>Reciclables<\/strong>:Productos que pueden reciclarse o utilizarse para la recuperaci\u00f3n de energ\u00eda.<\/p>","protected":false},"excerpt":{"rendered":"<p>EL <strong>agitador PS negro <\/strong>Estilo de 17,5 cm <em>Whisky ingl\u00e9s<\/em> Mezcla bebidas de forma r\u00e1pida y elegante. Desechable, pr\u00e1ctico y duradero para bares, eventos y hoteles.<\/p>\n<p><img decoding=\"async\" src=\"https:\/\/copopalhinhas.maildx.net\/wp-content\/uploads\/Icons_alimentos.png\" alt=\"\" width=\"30\" height=\"30\" \/> <img decoding=\"async\" src=\"https:\/\/copopalhinhas.maildx.net\/wp-content\/uploads\/Icon_DESCARTAVEL.png\" alt=\"\" width=\"30\" height=\"30\" \/> <img decoding=\"async\" src=\"https:\/\/copopalhinhas.maildx.net\/wp-content\/uploads\/Icon_reciclaveis.png\" alt=\"\" width=\"30\" height=\"30\" \/><\/p>","protected":false},"featured_media":28473,"comment_status":"open","ping_status":"closed","template":"","meta":{"_acf_changed":false},"product_brand":[],"product_cat":[2060,1717,1399,1511,1433,234,1396],"product_tag":[1571,1614],"class_list":{"0":"post-12199","1":"product","2":"type-product","3":"status-publish","4":"has-post-thumbnail","6":"product_cat-agitadores-e-paletinas","7":"product_cat-preto","8":"product_cat-avulso","9":"product_cat-reutilizaveis-caracteristica","10":"product_cat-materia-prima-ps","11":"product_cat-acessorios","12":"product_cat-agitadores-paletinas","13":"product_tag-menu-acessorios","14":"product_tag-sub-menu-agitadores-paletinas","15":"pa_qtd-por-caixa-281","16":"tm-no-options","18":"first","19":"outofstock","20":"taxable","21":"shipping-taxable","22":"purchasable","23":"product-type-variable"},"acf":[],"_links":{"self":[{"href":"https:\/\/copopalhinhas.maildx.net\/es\/wp-json\/wp\/v2\/product\/12199","targetHints":{"allow":["GET"]}}],"collection":[{"href":"https:\/\/copopalhinhas.maildx.net\/es\/wp-json\/wp\/v2\/product"}],"about":[{"href":"https:\/\/copopalhinhas.maildx.net\/es\/wp-json\/wp\/v2\/types\/product"}],"replies":[{"embeddable":true,"href":"https:\/\/copopalhinhas.maildx.net\/es\/wp-json\/wp\/v2\/comments?post=12199"}],"wp:featuredmedia":[{"embeddable":true,"href":"https:\/\/copopalhinhas.maildx.net\/es\/wp-json\/wp\/v2\/media\/28473"}],"wp:attachment":[{"href":"https:\/\/copopalhinhas.maildx.net\/es\/wp-json\/wp\/v2\/media?parent=12199"}],"wp:term":[{"taxonomy":"product_brand","embeddable":true,"href":"https:\/\/copopalhinhas.maildx.net\/es\/wp-json\/wp\/v2\/product_brand?post=12199"},{"taxonomy":"product_cat","embeddable":true,"href":"https:\/\/copopalhinhas.maildx.net\/es\/wp-json\/wp\/v2\/product_cat?post=12199"},{"taxonomy":"product_tag","embeddable":true,"href":"https:\/\/copopalhinhas.maildx.net\/es\/wp-json\/wp\/v2\/product_tag?post=12199"}],"curies":[{"name":"wp","href":"https:\/\/api.w.org\/{rel}","templated":true}]}}