{"id":12314,"date":"2022-07-25T16:06:34","date_gmt":"2022-07-25T15:06:34","guid":{"rendered":"https:\/\/copopalhinhas.maildx.net\/produto\/caixa-sushi-com-janela-197x9x45-cm-em-cartao-ondulado-nano-micro\/"},"modified":"2025-09-27T19:06:06","modified_gmt":"2025-09-27T18:06:06","slug":"caixa-sushi-com-janela-197x9x45-cm-em-cartao-ondulado-nano-micro","status":"publish","type":"product","link":"https:\/\/copopalhinhas.maildx.net\/es\/producto\/caixa-sushi-com-janela-197x9x45-cm-em-cartao-ondulado-nano-micro\/","title":{"rendered":"CAJA PARA SUSHI CON VENTANA 19,7x9x4,5 CM EN CART\u00d3N NANO-MICRO CORRUGADO"},"content":{"rendered":"<h4>Caixa em Cart\u00e3o Ondulado Nano-Micro com Janela 19,7x9x4,5cm &#8211; Ideal para Embalagem de Sushi<\/h4>\n<p>Biodegrad\u00e1vel, Recicl\u00e1vel, Reciclado, Resistente a \u00f3leos e gordura.<\/p>\n<p>Caixas multiuso com janela. Alta visibilidade. Janela OPP f\u00e1cil de remover.<\/p>\n<p>Nano-micro \u00e9 o tamanho mais pequeno para o cart\u00e3o ondulado. Envolve muita tecnologia, investimento e conhecimento para produzir nano-micro ondula\u00e7\u00e3o com papeis de pouca gramagem. Com a nanotecnologia, as embalagens ficam mais fortes, mais leves e mais t\u00e9rmicas. (Permitem manter a temperatura interior por mais tempo). A nano-micro ondula\u00e7\u00e3o a proporciona maior rigidez \u00e0s embalagens e permite reduzir a quantidade de papel usado na fabrica\u00e7\u00e3o.<\/p>\n<h4>Caracter\u00edsticas principales:<\/h4>\n<ul>\n<li>Dimens\u00f5es: 19,7 cm (largura) x 9cm (profundidade) x 4,5 cm (altura)<\/li>\n<li>Material: Cart\u00e3o ondulado nano-micro de alta qualidade<\/li>\n<li>Inclui janela frontal transparente<\/li>\n<li>F\u00e1cil de montar e usar<\/li>\n<li>Produto recicl\u00e1vel e biodegrad\u00e1vel<\/li>\n<li>Perfeita para criar uma apresenta\u00e7\u00e3o profissional e diferenciada, esta caixa com janela ajuda a valorizar a sua marca..<\/li>\n<li>Recicl\u00e1vel. A janela f\u00e1cil de retirar para uma reciclagem ideal.<\/li>\n<li>No apto para microondas ni horno.<\/li>\n<li>Soporta temperaturas entre -18\u00baC y +70\u00baC.<\/li>\n<li>Resistente a aceites y grasas.<\/li>\n<\/ul>\n<h4>Certificados:<\/h4>\n<ul>\n<li><strong>Para alimentar<\/strong>: Reglamento (CE) n\u00ba 1935\/2004 del Parlamento Europeo y del Consejo, de 27 de octubre de 2004, sobre los materiales y objetos destinados a entrar en contacto con alimentos.<\/li>\n<li>Reglamento (UE) n.\u00ba 10\/2011 de la Comisi\u00f3n, de 14 de enero de 2011, sobre materiales y objetos pl\u00e1sticos destinados a entrar en contacto con alimentos. Registro Sanitario de Industrias y Productos Alimentarios.<\/li>\n<\/ul>\n<p><img decoding=\"async\" src=\"https:\/\/copopalhinhas.maildx.net\/wp-content\/uploads\/Icon_DESCARTAVEL.png\" alt=\"\" width=\"30\" height=\"30\" \/> <strong>Desechable<\/strong><\/p>\n<p><img decoding=\"async\" src=\"https:\/\/copopalhinhas.maildx.net\/wp-content\/uploads\/Icons_alimentos.png\" alt=\"\" width=\"30\" height=\"30\" \/> <strong>Alimento<\/strong>: Apto para consumo alimentario.<\/p>\n<p><img decoding=\"async\" src=\"https:\/\/copopalhinhas.maildx.net\/wp-content\/uploads\/Icon_reciclaveis.png\" alt=\"\" width=\"30\" height=\"30\" \/> <strong>Reciclables<\/strong>:Productos que pueden reciclarse o utilizarse para la recuperaci\u00f3n de energ\u00eda.<\/p>","protected":false},"excerpt":{"rendered":"<p>Caixa em cart\u00e3o ondulado nano-micro com janela para levar ou entregar comida. Fabricado com medidas 19,7x9x4,5cm. Alta visibilidade. Janela OPP f\u00e1cil de remover.<\/p>\n<p><img decoding=\"async\" src=\"https:\/\/copopalhinhas.maildx.net\/wp-content\/uploads\/Icons_alimentos.png\" alt=\"\" width=\"30\" height=\"30\" \/> <img decoding=\"async\" src=\"https:\/\/copopalhinhas.maildx.net\/wp-content\/uploads\/Icon_DESCARTAVEL.png\" alt=\"\" width=\"30\" height=\"30\" \/> <img decoding=\"async\" src=\"https:\/\/copopalhinhas.maildx.net\/wp-content\/uploads\/Icon_reciclaveis.png\" alt=\"\" width=\"30\" height=\"30\" \/><\/p>","protected":false},"featured_media":65640,"comment_status":"open","ping_status":"closed","template":"","meta":{"_acf_changed":false},"product_brand":[],"product_cat":[2010,1725,1512,1484,1490,1497],"product_tag":[1569,1604],"class_list":{"0":"post-12314","1":"product","2":"type-product","3":"status-publish","4":"has-post-thumbnail","6":"product_cat-embalagens-descartaveis","7":"product_cat-castanho","8":"product_cat-descartavel","9":"product_cat-cartao","10":"product_cat-caixas","11":"product_cat-sushi","12":"product_tag-menu-descartaveis","13":"product_tag-sub-menu-embalagens-descartaveis","14":"pa_qtd-por-caixa-1273","15":"pa_qtd-por-caixa-1277","16":"tm-no-options","18":"first","19":"outofstock","20":"taxable","21":"shipping-taxable","22":"purchasable","23":"product-type-variable"},"acf":[],"_links":{"self":[{"href":"https:\/\/copopalhinhas.maildx.net\/es\/wp-json\/wp\/v2\/product\/12314","targetHints":{"allow":["GET"]}}],"collection":[{"href":"https:\/\/copopalhinhas.maildx.net\/es\/wp-json\/wp\/v2\/product"}],"about":[{"href":"https:\/\/copopalhinhas.maildx.net\/es\/wp-json\/wp\/v2\/types\/product"}],"replies":[{"embeddable":true,"href":"https:\/\/copopalhinhas.maildx.net\/es\/wp-json\/wp\/v2\/comments?post=12314"}],"wp:featuredmedia":[{"embeddable":true,"href":"https:\/\/copopalhinhas.maildx.net\/es\/wp-json\/wp\/v2\/media\/65640"}],"wp:attachment":[{"href":"https:\/\/copopalhinhas.maildx.net\/es\/wp-json\/wp\/v2\/media?parent=12314"}],"wp:term":[{"taxonomy":"product_brand","embeddable":true,"href":"https:\/\/copopalhinhas.maildx.net\/es\/wp-json\/wp\/v2\/product_brand?post=12314"},{"taxonomy":"product_cat","embeddable":true,"href":"https:\/\/copopalhinhas.maildx.net\/es\/wp-json\/wp\/v2\/product_cat?post=12314"},{"taxonomy":"product_tag","embeddable":true,"href":"https:\/\/copopalhinhas.maildx.net\/es\/wp-json\/wp\/v2\/product_tag?post=12314"}],"curies":[{"name":"wp","href":"https:\/\/api.w.org\/{rel}","templated":true}]}}