{"id":12327,"date":"2022-07-25T16:08:12","date_gmt":"2022-07-25T15:08:12","guid":{"rendered":"https:\/\/copopalhinhas.maildx.net\/produto\/palhinhas-papel-riscas-embaladas-o6-x-200mm-sortido-papel\/"},"modified":"2025-09-27T16:00:51","modified_gmt":"2025-09-27T15:00:51","slug":"palhinha-reta-papel-sortida-riscas-06x20-embalagem-individual","status":"publish","type":"product","link":"https:\/\/copopalhinhas.maildx.net\/es\/producto\/palhinha-reta-papel-sortida-riscas-06x20-embalagem-individual\/","title":{"rendered":"PAPEL DE PAJA DE RAYAS SURTIDO 0,6X20CM (EMBALAJE INDIVIDUAL)"},"content":{"rendered":"<h3>Pajitas de papel rectas a rayas surtidas de 0,6 x 20 cm (embalaje individual)<\/h3>\n<p>Pajitas de papel rectas a rayas surtidas de 0,6 x 20 cm (envase individual): colores, estilo y sostenibilidad<br \/>\nLa pajita de papel recta de 0,6 x 20 cm con rayas surtidas (envasada individualmente) a\u00f1ade un toque vibrante y sostenible a tus bebidas. Ya sea para un picnic, una fiesta de cumplea\u00f1os o un evento especial, estas coloridas pajitas son la opci\u00f3n ideal para quienes buscan combinar diversi\u00f3n y concienciaci\u00f3n ambiental. Adem\u00e1s, son biodegradables, reciclables y sin pl\u00e1stico. Transforma cualquier ocasi\u00f3n en algo m\u00e1s responsable y con estilo.<\/p>\n<h4>A\u00f1ade color y alegr\u00eda a tus bebidas<\/h4>\n<p>\u00bfQui\u00e9n dijo que la sostenibilidad tiene que ser aburrida? Con un dise\u00f1o vibrante y rayas multicolor, estas pajitas transforman cualquier bebida en un verdadero espect\u00e1culo visual. Son perfectas para c\u00f3cteles, jugos, refrescos e incluso batidos. Ya sea en una cafeter\u00eda acogedora o en una fiesta al aire libre, estas pajitas le dan un toque especial a la experiencia.<\/p>\n<h4>Tama\u00f1o perfecto para cada momento<\/h4>\n<p>Con 20 cm de largo y 0,6 cm de di\u00e1metro, esta pajita se adapta f\u00e1cilmente a diferentes vasos y bebidas. Esto la convierte en un accesorio imprescindible para bares, restaurantes y fiestas. Adem\u00e1s, proporciona una experiencia agradable sin sacrificar el sabor de tu bebida favorita.<\/p>\n<h4>\u00bfPajita sostenible? \u00a1S\u00ed, y con responsabilidad!<\/h4>\n<p>La preocupaci\u00f3n por el medio ambiente est\u00e1 en aumento. Elige una pajita biodegradable y contribuye a reducir tu impacto ambiental. Fabricadas con papel con certificaci\u00f3n FSC MIX 70%, estas pajitas garantizan un consumo responsable sin sacrificar la calidad. Al fin y al cabo, peque\u00f1os gestos pueden generar grandes cambios.<\/p>\n<h4>M\u00e1xima Higiene y Practicidad en Cada Unidad<\/h4>\n<p>Cada pajita se envasa individualmente, lo que garantiza una higiene completa y protecci\u00f3n contra la contaminaci\u00f3n. Por lo tanto, son perfectas para establecimientos que valoran la seguridad alimentaria y la comodidad. Por otro lado, las pajitas sin envasar pueden perjudicar la experiencia del cliente, especialmente en entornos concurridos.<\/p>\n<h4>Aporta sostenibilidad a cualquier ocasi\u00f3n<\/h4>\n<p>Ya sea en un brunch elegante, una barbacoa informal o un festival al aire libre, estas pajitas sostenibles garantizan estilo y responsabilidad ambiental. Elige una forma m\u00e1s consciente de beber y disfrutar de tus bebidas favoritas sin comprometer el futuro del planeta.<\/p>\n<p>Elige la pajita de papel recta a rayas surtidas de 0,6 x 20 cm (envase individual) y a\u00f1ade color, higiene y sostenibilidad a tu d\u00eda a d\u00eda. Ver m\u00e1s <a href=\"https:\/\/copopalhinhas.maildx.net\/es\/categorias\/palhinhas\/?wpf_filter_cat_list_5=1726&amp;wpf_fbv=1\">pajitas surtidas<\/a>.<\/p>","protected":false},"excerpt":{"rendered":"<p>\u00a1M\u00e1s color, menos pl\u00e1stico! La pajita de papel recta a rayas surtidas de 0,6 x 20 cm (envasada individualmente) es biodegradable, reciclable y perfecta para c\u00f3cteles, fiestas y eventos.<\/p>","protected":false},"featured_media":27363,"comment_status":"open","ping_status":"closed","template":"","meta":{"_acf_changed":false},"product_brand":[],"product_cat":[2052,2054,1726,1479,1704,1484,1706,1547,229],"product_tag":[1570,1611,1613],"class_list":{"0":"post-12327","1":"product","2":"type-product","3":"status-publish","4":"has-post-thumbnail","6":"product_cat-palhinhas-embaladas-individualmente","7":"product_cat-palhinhas-retas","8":"product_cat-multicor","9":"product_cat-embalado-individualmente","10":"product_cat-reta","11":"product_cat-cartao","12":"product_cat-60mm","13":"product_cat-20cm","14":"product_cat-palhinhas","15":"product_tag-menu-palhinhas","16":"product_tag-sub-menu-plahinhas-embaladas-individualmente","17":"product_tag-sub-menu-palhinhas-retas","18":"pa_qtd-por-caixa-1308","19":"pa_qtd-por-caixa-1284","20":"tm-no-options","22":"first","23":"instock","24":"taxable","25":"shipping-taxable","26":"purchasable","27":"product-type-variable"},"acf":[],"_links":{"self":[{"href":"https:\/\/copopalhinhas.maildx.net\/es\/wp-json\/wp\/v2\/product\/12327","targetHints":{"allow":["GET"]}}],"collection":[{"href":"https:\/\/copopalhinhas.maildx.net\/es\/wp-json\/wp\/v2\/product"}],"about":[{"href":"https:\/\/copopalhinhas.maildx.net\/es\/wp-json\/wp\/v2\/types\/product"}],"replies":[{"embeddable":true,"href":"https:\/\/copopalhinhas.maildx.net\/es\/wp-json\/wp\/v2\/comments?post=12327"}],"wp:featuredmedia":[{"embeddable":true,"href":"https:\/\/copopalhinhas.maildx.net\/es\/wp-json\/wp\/v2\/media\/27363"}],"wp:attachment":[{"href":"https:\/\/copopalhinhas.maildx.net\/es\/wp-json\/wp\/v2\/media?parent=12327"}],"wp:term":[{"taxonomy":"product_brand","embeddable":true,"href":"https:\/\/copopalhinhas.maildx.net\/es\/wp-json\/wp\/v2\/product_brand?post=12327"},{"taxonomy":"product_cat","embeddable":true,"href":"https:\/\/copopalhinhas.maildx.net\/es\/wp-json\/wp\/v2\/product_cat?post=12327"},{"taxonomy":"product_tag","embeddable":true,"href":"https:\/\/copopalhinhas.maildx.net\/es\/wp-json\/wp\/v2\/product_tag?post=12327"}],"curies":[{"name":"wp","href":"https:\/\/api.w.org\/{rel}","templated":true}]}}