{"id":12335,"date":"2022-07-25T16:07:27","date_gmt":"2022-07-25T15:07:27","guid":{"rendered":"https:\/\/copopalhinhas.maildx.net\/produto\/caixas-com-janela-para-salada-1200-ml-castanho-cartolina\/"},"modified":"2025-09-27T17:04:47","modified_gmt":"2025-09-27T16:04:47","slug":"caixa-cartolina-janela-salada-204x142x6cm-1200ml","status":"publish","type":"product","link":"https:\/\/copopalhinhas.maildx.net\/es\/producto\/caixa-cartolina-janela-salada-204x142x6cm-1200ml\/","title":{"rendered":"CAJA DE CART\u00d3N CON VENTANA PARA ENSALADA 20,4\u00d714,2x6CM 1200ML"},"content":{"rendered":"<h2>Caja de cart\u00f3n para ensalada con ventana (20,4 x 14,2 x 6 cm, 1200 ml)<\/h2>\n<p>EL <strong>Ensalada de ventana de caja de cart\u00f3n<\/strong> Con unas medidas de 20,4 x 14,2 x 6 cm (1200 ml), fue dise\u00f1ado para servir ensaladas completas, pokes, pasta fr\u00eda y fruta cortada con una presentaci\u00f3n brillante y profesional. En primer lugar, el cart\u00f3n de alto gramaje apto para uso alimentario le proporciona rigidez y ligereza; adem\u00e1s, el tono natural realza los colores de los ingredientes y transmite frescura. La amplia ventana superior permite ver el contenido sin abrir, lo que facilita a los clientes tomar decisiones m\u00e1s r\u00e1pidamente en el mostrador, en la vitrina o en las plataformas. <em>entrega<\/em>.<\/p>\n<h3>Ventana transparente que convierte<\/h3>\n<p>La ventana ocupa casi toda la tapa, lo que aumenta la visibilidad y facilita la selecci\u00f3n. Adem\u00e1s, el cierre de solapa mantiene la tapa segura durante el transporte, reduciendo los derrames. Esto mejora la experiencia del usuario desde la compra hasta el consumo, aumentando la satisfacci\u00f3n y las tasas de recompra.<\/p>\n<h3>Formato eficiente para la operaci\u00f3n<\/h3>\n<p>Las dimensiones <strong>20,4\u00d714,2x6 cm<\/strong> El perfil rectangular organiza las capas de hojas, prote\u00ednas y coberturas con un excelente aprovechamiento del volumen. Las paredes rectas crean una caja estable que se apila sin colapsar, permitiendo as\u00ed que la l\u00ednea de producci\u00f3n funcione sin problemas y agilice la preparaci\u00f3n de pedidos. Adem\u00e1s, la superficie interna lisa facilita el flujo completo de alimentos y simplifica la limpieza de las estaciones de servicio.<\/p>\n<h3>Generosa capacidad de 1200 ml<\/h3>\n<p>Con <strong>1200 ml<\/strong>La caja tiene capacidad para ensaladas, guarniciones y porciones para compartir. Esta capacidad garantiza porciones equilibradas para comer en el local, para llevar o a domicilio. Para mantener su textura crujiente, se recomienda guardar las salsas en recipientes separados; as\u00ed, el plato llega perfecto al cliente.<\/p>\n<h3>Marca, informaci\u00f3n y cumplimiento<\/h3>\n<p>La tarjeta acepta <em>pegatinas<\/em> Con logotipo, al\u00e9rgenos, lista de ingredientes y c\u00f3digos QR, la comunicaci\u00f3n es clara y la marca destaca. El material es apto para el contacto con alimentos y se integra f\u00e1cilmente en los planes APPCC. Tras su uso, des\u00e9chelo en el contenedor de papel\/cart\u00f3n siempre que la normativa local lo permita.<\/p>\n<h3>Buenas pr\u00e1cticas de uso<\/h3>\n<p>Esta soluci\u00f3n est\u00e1 dise\u00f1ada para alimentos fr\u00edos o a temperatura ambiente. Evite calentarlos en el microondas gracias a la ventana. Guarde las cajas en un lugar seco, lejos de fuentes de calor y humedad, para garantizar una calidad constante en el servicio diario.<\/p>\n<p>En resumen, el <strong>Ensalada de ventana de caja de cart\u00f3n<\/strong> Combina visibilidad, capacidad y rapidez de manejo. Por lo tanto, mejora la experiencia del cliente y aumenta la eficiencia operativa en restaurantes, supermercados y servicios de catering. Ver m\u00e1s <a href=\"https:\/\/copopalhinhas.maildx.net\/es\/categorias\/embalagens\/\">Embalaje<\/a>.<\/p>\n<p><img decoding=\"async\" src=\"https:\/\/copopalhinhas.maildx.net\/wp-content\/uploads\/Icon_DESCARTAVEL.png\" alt=\"\" width=\"30\" height=\"30\" \/> <strong>Desechable<\/strong><\/p>\n<p><img decoding=\"async\" src=\"https:\/\/copopalhinhas.maildx.net\/wp-content\/uploads\/Icons_alimentos.png\" alt=\"\" width=\"30\" height=\"30\" \/> <strong>Alimento<\/strong>: Apto para consumo alimentario.<\/p>\n<p><img decoding=\"async\" src=\"https:\/\/copopalhinhas.maildx.net\/wp-content\/uploads\/Icon_reciclaveis.png\" alt=\"\" width=\"30\" height=\"30\" \/> <strong>Reciclables<\/strong>:Productos que pueden reciclarse o utilizarse para la recuperaci\u00f3n de energ\u00eda.<\/p>","protected":false},"excerpt":{"rendered":"<p><strong>Caja de cart\u00f3n con ventana<\/strong> 20,4 x 14,2 x 6 cm (1200 ml). Visibilidad total, cierre seguro y apilamiento estable. Ideal para ensaladas, pokes y fruta.<\/p>\n<p><img decoding=\"async\" src=\"https:\/\/copopalhinhas.maildx.net\/wp-content\/uploads\/Icons_alimentos.png\" alt=\"\" width=\"30\" height=\"30\" \/> <img decoding=\"async\" src=\"https:\/\/copopalhinhas.maildx.net\/wp-content\/uploads\/Icon_DESCARTAVEL.png\" alt=\"\" width=\"30\" height=\"30\" \/> <img decoding=\"async\" src=\"https:\/\/copopalhinhas.maildx.net\/wp-content\/uploads\/Icon_reciclaveis.png\" alt=\"\" width=\"30\" height=\"30\" \/><\/p>","protected":false},"featured_media":29528,"comment_status":"open","ping_status":"closed","template":"","meta":{"_acf_changed":false},"product_brand":[],"product_cat":[2046,2010,1725,1644,1512,1484,1490,1397],"product_tag":[1569,1607,1604],"class_list":{"0":"post-12335","1":"product","2":"type-product","3":"status-publish","4":"has-post-thumbnail","6":"product_cat-embalagens-cartao","7":"product_cat-embalagens-descartaveis","8":"product_cat-castanho","9":"product_cat-11l-a-2l","10":"product_cat-descartavel","11":"product_cat-cartao","12":"product_cat-caixas","13":"product_cat-embalagens","14":"product_tag-menu-descartaveis","15":"product_tag-sub-menu-embalagens-cartao","16":"product_tag-sub-menu-embalagens-descartaveis","17":"pa_qtd-por-caixa-1273","18":"pa_qtd-por-caixa-282","19":"tm-no-options","21":"first","22":"instock","23":"taxable","24":"shipping-taxable","25":"purchasable","26":"product-type-variable"},"acf":[],"_links":{"self":[{"href":"https:\/\/copopalhinhas.maildx.net\/es\/wp-json\/wp\/v2\/product\/12335","targetHints":{"allow":["GET"]}}],"collection":[{"href":"https:\/\/copopalhinhas.maildx.net\/es\/wp-json\/wp\/v2\/product"}],"about":[{"href":"https:\/\/copopalhinhas.maildx.net\/es\/wp-json\/wp\/v2\/types\/product"}],"replies":[{"embeddable":true,"href":"https:\/\/copopalhinhas.maildx.net\/es\/wp-json\/wp\/v2\/comments?post=12335"}],"wp:featuredmedia":[{"embeddable":true,"href":"https:\/\/copopalhinhas.maildx.net\/es\/wp-json\/wp\/v2\/media\/29528"}],"wp:attachment":[{"href":"https:\/\/copopalhinhas.maildx.net\/es\/wp-json\/wp\/v2\/media?parent=12335"}],"wp:term":[{"taxonomy":"product_brand","embeddable":true,"href":"https:\/\/copopalhinhas.maildx.net\/es\/wp-json\/wp\/v2\/product_brand?post=12335"},{"taxonomy":"product_cat","embeddable":true,"href":"https:\/\/copopalhinhas.maildx.net\/es\/wp-json\/wp\/v2\/product_cat?post=12335"},{"taxonomy":"product_tag","embeddable":true,"href":"https:\/\/copopalhinhas.maildx.net\/es\/wp-json\/wp\/v2\/product_tag?post=12335"}],"curies":[{"name":"wp","href":"https:\/\/api.w.org\/{rel}","templated":true}]}}