{"id":12351,"date":"2022-07-25T16:06:34","date_gmt":"2022-07-25T15:06:34","guid":{"rendered":"https:\/\/copopalhinhas.maildx.net\/produto\/caixas-sushi-com-janela-197x12x45-cm-castanho-cartao-ondulado-nano-micro\/"},"modified":"2025-10-08T14:22:34","modified_gmt":"2025-10-08T13:22:34","slug":"caixas-sushi-com-janela-197x12x45-cm-castanho-cartao-ondulado-nano-micro","status":"publish","type":"product","link":"https:\/\/copopalhinhas.maildx.net\/es\/producto\/caixas-sushi-com-janela-197x12x45-cm-castanho-cartao-ondulado-nano-micro\/","title":{"rendered":"CAJA DE CART\u00d3N CORRUGADO NANO-MICRO CON VENTANA 19,7x12x4,5CM PARA SUSHI"},"content":{"rendered":"<h4>Caixa em Cart\u00e3o Ondulado Nano-Micro com Janela 19,7x12x4,5 cm \u2013 Ideal para Embalagem de Sushi<\/h4>\n<p>Apresente os seus produtos de forma elegante e sustent\u00e1vel com a Caixa em Cart\u00e3o Ondulado com Janela. Com dimens\u00f5es de 19,7x12x4,5 cm, esta embalagem \u00e9 perfeita para pe\u00e7as de sushi.<\/p>\n<p>Fabricada em cart\u00e3o ondulado resistente, garante prote\u00e7\u00e3o e seguran\u00e7a ao transporte dos seus artigos, enquanto a pr\u00e1tica janela transparente permite uma visualiza\u00e7\u00e3o atrativa do conte\u00fado, destacando a qualidade do seu produto.<\/p>\n<p>Nano-micro \u00e9 o tamanho mais pequeno para o cart\u00e3o ondulado. Envolve muita tecnologia, investimento e conhecimento para produzir nano-micro ondula\u00e7\u00e3o com papeis de pouca gramagem. Com a nanotecnologia, as embalagens ficam mais fortes, mais leves e mais t\u00e9rmicas. (Permitem manter a temperatura interior por mais tempo). A nano-micro ondula\u00e7\u00e3o a proporciona maior rigidez \u00e0s embalagens e permite reduzir a quantidade de papel usado na fabrica\u00e7\u00e3o.<\/p>\n<p>Ideal para restaura\u00e7\u00e3o. Esta caixa combina funcionalidade com um design ecol\u00f3gico, sendo 100% recicl\u00e1vel e amiga do ambiente. A janela f\u00e1cil de retirar para uma reciclagem ideal. Mais embalagens em cart\u00e3o descart\u00e1veis <a href=\"https:\/\/copopalhinhas.maildx.net\/es\/categorias\/embalagens-cartao\/\">aqu\u00ed<\/a><\/p>\n<h4>Caracter\u00edsticas principales:<\/h4>\n<ul>\n<li>Dimens\u00f5es: 19,7 cm (largura) x 12 cm (profundidade) x 4,5 cm (altura)<\/li>\n<li>Material: Cart\u00e3o ondulado nano-micro de alta qualidade<\/li>\n<li>Inclui janela frontal transparente<\/li>\n<li>F\u00e1cil de montar e usar<\/li>\n<li>Produto recicl\u00e1vel e biodegrad\u00e1vel<\/li>\n<li>Perfeita para criar uma apresenta\u00e7\u00e3o profissional e diferenciada, esta caixa com janela ajuda a valorizar a sua marca..<\/li>\n<li>Recicl\u00e1vel. A janela f\u00e1cil de retirar para uma reciclagem ideal.<\/li>\n<li>No apto para microondas ni horno.<\/li>\n<li>Soporta temperaturas entre -18\u00baC y +70\u00baC.<\/li>\n<li>Resistente a aceites y grasas.<\/li>\n<\/ul>\n<h4>Certificados:<\/h4>\n<ul>\n<li><strong>Para alimentar<\/strong>: Reglamento (CE) n\u00ba 1935\/2004 del Parlamento Europeo y del Consejo, de 27 de octubre de 2004, sobre los materiales y objetos destinados a entrar en contacto con alimentos.<\/li>\n<li>Reglamento (UE) n.\u00ba 10\/2011 de la Comisi\u00f3n, de 14 de enero de 2011, sobre materiales y objetos pl\u00e1sticos destinados a entrar en contacto con alimentos. Registro Sanitario de Industrias y Productos Alimentarios.<\/li>\n<\/ul>\n<p><img decoding=\"async\" src=\"https:\/\/copopalhinhas.maildx.net\/wp-content\/uploads\/Icon_DESCARTAVEL.png\" alt=\"\" width=\"30\" height=\"30\" \/> <strong>Desechable<\/strong><\/p>\n<p><img decoding=\"async\" src=\"https:\/\/copopalhinhas.maildx.net\/wp-content\/uploads\/Icons_alimentos.png\" alt=\"\" width=\"30\" height=\"30\" \/> <strong>Alimento<\/strong>: Apto para consumo alimentario.<\/p>\n<p><img decoding=\"async\" src=\"https:\/\/copopalhinhas.maildx.net\/wp-content\/uploads\/Icon_reciclaveis.png\" alt=\"\" width=\"30\" height=\"30\" \/> <strong>Reciclables<\/strong>:Productos que pueden reciclarse o utilizarse para la recuperaci\u00f3n de energ\u00eda.<\/p>","protected":false},"excerpt":{"rendered":"<p>Caixa em cart\u00e3o ondulado nano-micro com janela para levar ou entregar comida. Fabricado com medidas 19,7x12x4,5cm. Alta visibilidade. Janela OPP f\u00e1cil de remover.<\/p>\n<p><img decoding=\"async\" src=\"https:\/\/copopalhinhas.maildx.net\/wp-content\/uploads\/Icons_alimentos.png\" alt=\"\" width=\"30\" height=\"30\" \/> <img decoding=\"async\" src=\"https:\/\/copopalhinhas.maildx.net\/wp-content\/uploads\/Icon_DESCARTAVEL.png\" alt=\"\" width=\"30\" height=\"30\" \/> <img decoding=\"async\" src=\"https:\/\/copopalhinhas.maildx.net\/wp-content\/uploads\/Icon_reciclaveis.png\" alt=\"\" width=\"30\" height=\"30\" \/><\/p>","protected":false},"featured_media":65658,"comment_status":"open","ping_status":"closed","template":"","meta":{"_acf_changed":false},"product_brand":[],"product_cat":[2010,1512,1484],"product_tag":[1569,1604],"class_list":{"0":"post-12351","1":"product","2":"type-product","3":"status-publish","4":"has-post-thumbnail","6":"product_cat-embalagens-descartaveis","7":"product_cat-descartavel","8":"product_cat-cartao","9":"product_tag-menu-descartaveis","10":"product_tag-sub-menu-embalagens-descartaveis","11":"pa_qtd-por-caixa-1273","12":"pa_qtd-por-caixa-1277","13":"tm-no-options","15":"first","16":"instock","17":"taxable","18":"shipping-taxable","19":"purchasable","20":"product-type-variable"},"acf":[],"_links":{"self":[{"href":"https:\/\/copopalhinhas.maildx.net\/es\/wp-json\/wp\/v2\/product\/12351","targetHints":{"allow":["GET"]}}],"collection":[{"href":"https:\/\/copopalhinhas.maildx.net\/es\/wp-json\/wp\/v2\/product"}],"about":[{"href":"https:\/\/copopalhinhas.maildx.net\/es\/wp-json\/wp\/v2\/types\/product"}],"replies":[{"embeddable":true,"href":"https:\/\/copopalhinhas.maildx.net\/es\/wp-json\/wp\/v2\/comments?post=12351"}],"wp:featuredmedia":[{"embeddable":true,"href":"https:\/\/copopalhinhas.maildx.net\/es\/wp-json\/wp\/v2\/media\/65658"}],"wp:attachment":[{"href":"https:\/\/copopalhinhas.maildx.net\/es\/wp-json\/wp\/v2\/media?parent=12351"}],"wp:term":[{"taxonomy":"product_brand","embeddable":true,"href":"https:\/\/copopalhinhas.maildx.net\/es\/wp-json\/wp\/v2\/product_brand?post=12351"},{"taxonomy":"product_cat","embeddable":true,"href":"https:\/\/copopalhinhas.maildx.net\/es\/wp-json\/wp\/v2\/product_cat?post=12351"},{"taxonomy":"product_tag","embeddable":true,"href":"https:\/\/copopalhinhas.maildx.net\/es\/wp-json\/wp\/v2\/product_tag?post=12351"}],"curies":[{"name":"wp","href":"https:\/\/api.w.org\/{rel}","templated":true}]}}