{"id":12438,"date":"2022-07-25T16:14:00","date_gmt":"2022-07-25T15:14:00","guid":{"rendered":"https:\/\/copopalhinhas.maildx.net\/produto\/palhinha-papel-caipirinha-preta-embalada-individualmente-o8x140mm\/"},"modified":"2025-10-15T15:24:35","modified_gmt":"2025-10-15T14:24:35","slug":"palhinha-reta-papel-preta-08x14-embalagem-individual","status":"publish","type":"product","link":"https:\/\/copopalhinhas.maildx.net\/es\/producto\/palhinha-reta-papel-preta-08x14-embalagem-individual\/","title":{"rendered":"PAJITA DE PAPEL NEGRA RECTA 0,8X14CM PARA CAIPIRINHA (ENVASE INDIVIDUAL)"},"content":{"rendered":"<h3>Pajita de Papel Negra Recta de 0,8x14 cm para Caipirinha (Envase Individual): El Toque Final para un C\u00f3ctel Perfecto<\/h3>\n<p>La pajita recta de papel negro de 0,8 x 14 cm para caipiri\u00f1a (envasada individualmente) transforma la forma en que disfrutas de tus c\u00f3cteles favoritos. Con un dise\u00f1o sofisticado y un compromiso con la sostenibilidad, esta pajita para caipiri\u00f1a es la opci\u00f3n ideal para quienes desean evitar el pl\u00e1stico sin sacrificar la experiencia.<\/p>\n<h4>Una pajita hecha para la mejor caipirinha<\/h4>\n<p>Quienes buscan la autenticidad en un c\u00f3ctel saben que cada detalle marca la diferencia. Por eso, esta pajita fue dise\u00f1ada espec\u00edficamente para realzar la experiencia de la caipiri\u00f1a y otras bebidas tropicales. Al mezclar los ingredientes f\u00e1cilmente, conserva el sabor original de la bebida. Esto hace que cada sorbo sea a\u00fan m\u00e1s especial.<\/p>\n<h4>El tama\u00f1o perfecto para c\u00f3cteles refrescantes<\/h4>\n<p>Con 14 cm de largo y 0,8 cm de di\u00e1metro, esta pajita recta para caipiri\u00f1a se adapta perfectamente a vasos cortos. Por lo tanto, es ideal para bebidas como caipiri\u00f1as, mojitos y margaritas. Sin embargo, tambi\u00e9n se puede usar para otras bebidas tropicales, garantizando una experiencia c\u00f3moda y pr\u00e1ctica.<\/p>\n<h4>Dile adi\u00f3s al pl\u00e1stico sin comprometer la calidad<\/h4>\n<p>El pl\u00e1stico desechable ya no tiene sentido en un mundo donde cada decisi\u00f3n afecta al medio ambiente. Por ello, esta pajita biodegradable surge como una alternativa consciente, que permite un consumo responsable sin sacrificar el estilo. Adem\u00e1s, el papel de alta calidad se mantiene resistente durante su uso, evitando que se desintegre r\u00e1pidamente.<\/p>\n<h4>Higiene garantizada, siempre que la necesites<\/h4>\n<p>Cada pajita viene envuelta individualmente, lo que garantiza su protecci\u00f3n contra impurezas y contaminaci\u00f3n. Por otro lado, las pajitas sin envolver pueden comprometer la seguridad alimentaria, especialmente en entornos concurridos. Por lo tanto, esta opci\u00f3n es ideal para bares, restaurantes y servicios de catering.<\/p>\n<h4>Lleva la sostenibilidad a fiestas y eventos<\/h4>\n<p>Ya sea que organices un evento tropical, una barbacoa con amigos o una cena tem\u00e1tica, estas pajitas sostenibles a\u00f1aden un toque extra de sofisticaci\u00f3n y respeto al medio ambiente. Al fin y al cabo, los peque\u00f1os gestos marcan la diferencia. Con esta opci\u00f3n, cada sorbo refleja un compromiso con el futuro del planeta.<\/p>\n<p>Si buscas una alternativa pr\u00e1ctica, higi\u00e9nica y ecol\u00f3gica, la pajita de papel negra recta de 0,8 x 14 cm para caipiri\u00f1a (envase individual) es la opci\u00f3n perfecta. \u00a1Transforma tu experiencia e invierte en una soluci\u00f3n responsable!<span style=\"font-size: 16px\"> Ver m\u00e1s <\/span><a style=\"font-size: 16px\" href=\"https:\/\/copopalhinhas.maildx.net\/es\/categorias\/palhinhas-embaladas-individualmente\/\">pajitas envueltas individualmente<\/a><span style=\"font-size: 16px\">.<\/span><\/p>","protected":false},"excerpt":{"rendered":"<p>\u00a1La forma m\u00e1s sostenible de disfrutar una caipiri\u00f1a! La pajita recta de papel negro de 0,8 x 14 cm para caipiri\u00f1a (envasada individualmente) es biodegradable, pr\u00e1ctica y perfecta para c\u00f3cteles tropicales.<\/p>","protected":false},"featured_media":27434,"comment_status":"open","ping_status":"closed","template":"","meta":{"_acf_changed":false},"product_brand":[],"product_cat":[2052,2054,1717,1479,1704,1484,1708,1650,229],"product_tag":[1570,1611,1613],"class_list":{"0":"post-12438","1":"product","2":"type-product","3":"status-publish","4":"has-post-thumbnail","6":"product_cat-palhinhas-embaladas-individualmente","7":"product_cat-palhinhas-retas","8":"product_cat-preto","9":"product_cat-embalado-individualmente","10":"product_cat-reta","11":"product_cat-cartao","12":"product_cat-80mm","13":"product_cat-14cm","14":"product_cat-palhinhas","15":"product_tag-menu-palhinhas","16":"product_tag-sub-menu-plahinhas-embaladas-individualmente","17":"product_tag-sub-menu-palhinhas-retas","18":"pa_qtd-por-caixa-281","19":"pa_qtd-por-caixa-1364","20":"tm-no-options","22":"first","23":"instock","24":"taxable","25":"shipping-taxable","26":"purchasable","27":"product-type-variable"},"acf":[],"_links":{"self":[{"href":"https:\/\/copopalhinhas.maildx.net\/es\/wp-json\/wp\/v2\/product\/12438","targetHints":{"allow":["GET"]}}],"collection":[{"href":"https:\/\/copopalhinhas.maildx.net\/es\/wp-json\/wp\/v2\/product"}],"about":[{"href":"https:\/\/copopalhinhas.maildx.net\/es\/wp-json\/wp\/v2\/types\/product"}],"replies":[{"embeddable":true,"href":"https:\/\/copopalhinhas.maildx.net\/es\/wp-json\/wp\/v2\/comments?post=12438"}],"wp:featuredmedia":[{"embeddable":true,"href":"https:\/\/copopalhinhas.maildx.net\/es\/wp-json\/wp\/v2\/media\/27434"}],"wp:attachment":[{"href":"https:\/\/copopalhinhas.maildx.net\/es\/wp-json\/wp\/v2\/media?parent=12438"}],"wp:term":[{"taxonomy":"product_brand","embeddable":true,"href":"https:\/\/copopalhinhas.maildx.net\/es\/wp-json\/wp\/v2\/product_brand?post=12438"},{"taxonomy":"product_cat","embeddable":true,"href":"https:\/\/copopalhinhas.maildx.net\/es\/wp-json\/wp\/v2\/product_cat?post=12438"},{"taxonomy":"product_tag","embeddable":true,"href":"https:\/\/copopalhinhas.maildx.net\/es\/wp-json\/wp\/v2\/product_tag?post=12438"}],"curies":[{"name":"wp","href":"https:\/\/api.w.org\/{rel}","templated":true}]}}