{"id":12495,"date":"2022-07-25T16:11:32","date_gmt":"2022-07-25T15:11:32","guid":{"rendered":"https:\/\/copopalhinhas.maildx.net\/produto\/copo-shot-2-5cl-pp-reuse\/"},"modified":"2025-10-21T12:32:30","modified_gmt":"2025-10-21T11:32:30","slug":"copo-shot-pp-eco-reuse-25cl-25ml","status":"publish","type":"product","link":"https:\/\/copopalhinhas.maildx.net\/es\/producto\/copo-shot-pp-eco-reuse-25cl-25ml\/","title":{"rendered":"Vaso de chupito de polipropileno ecol\u00f3gico reutilizable de 2,5 cl (25 ml)"},"content":{"rendered":"<h3>Vaso de chupito de PP ecol\u00f3gico de 2,5 cl (25 ml): El regalo sostenible y pr\u00e1ctico<\/h3>\n<p>Creamos el vaso de chupito Eco Reuse de PP de 2,5 cl (25 ml) para quienes buscan reducir los residuos pl\u00e1sticos sin sacrificar la calidad al servir peque\u00f1as dosis de licor. El polipropileno (PP) garantiza la seguridad alimentaria y su total reciclabilidad, lo que lo convierte en una opci\u00f3n m\u00e1s ecol\u00f3gica. Adem\u00e1s, su capacidad de 2,5 cl (25 ml) es ideal para tequilas, rones, whiskies u otras bebidas que requieren dosis controladas, lo que garantiza una experiencia equilibrada en cada brindis.<\/p>\n<p>Su dise\u00f1o ergon\u00f3mico y su forma cl\u00e1sica hacen que beber sea m\u00e1s c\u00f3modo, tanto en bares como en fiestas animadas. Adem\u00e1s, el material PP es resistente a impactos leves, lo que evita roturas accidentales. Esto significa que bares, restaurantes y eventos se benefician de un producto econ\u00f3mico y duradero, ya que su dise\u00f1o permite m\u00faltiples reutilizaciones. Adem\u00e1s, su limpieza es sencilla: l\u00e1velo con agua y jab\u00f3n o col\u00f3quelo en el lavavajillas, sin exceder la temperatura m\u00e1xima recomendada.<\/p>\n<h4>Versatilidad para diferentes ocasiones<\/h4>\n<p>El vaso de chupito de PP ecol\u00f3gico reutilizable de 2,5 cl (25 ml) se adapta a diversos entornos, desde reuniones en casa hasta grandes celebraciones. Su ligereza y tama\u00f1o compacto facilitan su almacenamiento y transporte, ahorrando espacio y reduciendo las complicaciones log\u00edsticas. Ya sea para servir licor en un bar concurrido o para preparar brindis especiales en reuniones familiares, este vaso de chupito sostenible satisface todas tus necesidades.<\/p>\n<p>La transparencia del polipropileno realza el color de las bebidas, haciendo que su presentaci\u00f3n sea m\u00e1s atractiva. Si busca un producto que equilibre sostenibilidad, higiene y comodidad, ha llegado al lugar correcto. La reutilizaci\u00f3n reduce el consumo de pl\u00e1stico desechable y los costos a largo plazo, beneficiando tanto al medio ambiente como a su presupuesto. Por lo tanto, cada regalo adquiere un significado m\u00e1s consciente, contribuyendo a la gesti\u00f3n responsable de los recursos. <span style=\"font-size: 16px\">Ver m\u00e1s <\/span><a style=\"font-size: 16px\" href=\"https:\/\/copopalhinhas.maildx.net\/es\/categorias\/copos-de-shot\/\">vasos de chupito<\/a><span style=\"font-size: 16px\">.<\/span><\/p>\n<p><img decoding=\"async\" src=\"https:\/\/copopalhinhas.maildx.net\/wp-content\/uploads\/Icons_alimentos.png\" alt=\"\" width=\"30\" height=\"30\" \/> <strong>Alimento<\/strong>: Apto para consumo alimentario.<\/p>\n<p><img decoding=\"async\" src=\"https:\/\/copopalhinhas.maildx.net\/wp-content\/uploads\/Icon_reciclaveis.png\" alt=\"\" width=\"30\" height=\"30\" \/> <strong>Reciclables<\/strong>:Productos que pueden reciclarse o utilizarse para la recuperaci\u00f3n de energ\u00eda.<\/p>","protected":false},"excerpt":{"rendered":"<p>El vaso de chupito Eco Reuse PP de 2,5 cl (25 ml) combina sostenibilidad y practicidad para servir peque\u00f1as dosis de bebidas destiladas. El polipropileno (PP) garantiza la seguridad alimentaria y su total reciclabilidad. Su forma ergon\u00f3mica y dise\u00f1o cl\u00e1sico hacen que beber sea m\u00e1s c\u00f3modo. Adem\u00e1s, su reutilizaci\u00f3n reduce costes y residuos pl\u00e1sticos, promoviendo un regalo m\u00e1s responsable.<\/p>\n<p><img decoding=\"async\" src=\"https:\/\/copopalhinhas.maildx.net\/wp-content\/uploads\/Icons_alimentos.png\" alt=\"\" width=\"30\" height=\"30\" \/>\u00a0<img decoding=\"async\" src=\"https:\/\/copopalhinhas.maildx.net\/wp-content\/uploads\/Icon_reciclaveis.png\" alt=\"\" width=\"30\" height=\"30\" \/><\/p>","protected":false},"featured_media":31509,"comment_status":"open","ping_status":"closed","template":"","meta":{"_acf_changed":false},"product_brand":[],"product_cat":[2074,2025,2002,2023,1724,1451,1511,1432,1946,1446,225],"product_tag":[1832,1579,1591,1844,1965,1568],"class_list":{"0":"post-12495","1":"product","2":"type-product","3":"status-publish","4":"has-post-thumbnail","6":"product_cat-copos-de-shot","7":"product_cat-copos-reuse","8":"product_cat-copos-reutilizaveis","9":"product_cat-copos-reutilizaveis-polipropileno-pp","10":"product_cat-translucido","11":"product_cat-0-5cl","12":"product_cat-reutilizaveis-caracteristica","13":"product_cat-materia-prima-pp","14":"product_cat-copo","15":"product_cat-shot","16":"product_cat-copos","17":"product_tag-sub-menu-copos-reuse","18":"product_tag-sub-menu-copos-reutilizaveis","19":"product_tag-sub-menu-copos-reutilizaveis-polipropileno-pp","20":"product_tag-copos-reutilizaveis-homepage","21":"product_tag-copos-shot","22":"product_tag-menu-reutilizaveis","23":"pa_qtd-por-caixa-281","24":"pa_qtd-por-caixa-1380","25":"tm-no-options","27":"first","28":"instock","29":"taxable","30":"shipping-taxable","31":"purchasable","32":"product-type-variable"},"acf":[],"_links":{"self":[{"href":"https:\/\/copopalhinhas.maildx.net\/es\/wp-json\/wp\/v2\/product\/12495","targetHints":{"allow":["GET"]}}],"collection":[{"href":"https:\/\/copopalhinhas.maildx.net\/es\/wp-json\/wp\/v2\/product"}],"about":[{"href":"https:\/\/copopalhinhas.maildx.net\/es\/wp-json\/wp\/v2\/types\/product"}],"replies":[{"embeddable":true,"href":"https:\/\/copopalhinhas.maildx.net\/es\/wp-json\/wp\/v2\/comments?post=12495"}],"wp:featuredmedia":[{"embeddable":true,"href":"https:\/\/copopalhinhas.maildx.net\/es\/wp-json\/wp\/v2\/media\/31509"}],"wp:attachment":[{"href":"https:\/\/copopalhinhas.maildx.net\/es\/wp-json\/wp\/v2\/media?parent=12495"}],"wp:term":[{"taxonomy":"product_brand","embeddable":true,"href":"https:\/\/copopalhinhas.maildx.net\/es\/wp-json\/wp\/v2\/product_brand?post=12495"},{"taxonomy":"product_cat","embeddable":true,"href":"https:\/\/copopalhinhas.maildx.net\/es\/wp-json\/wp\/v2\/product_cat?post=12495"},{"taxonomy":"product_tag","embeddable":true,"href":"https:\/\/copopalhinhas.maildx.net\/es\/wp-json\/wp\/v2\/product_tag?post=12495"}],"curies":[{"name":"wp","href":"https:\/\/api.w.org\/{rel}","templated":true}]}}