{"id":12640,"date":"2022-07-25T16:07:18","date_gmt":"2022-07-25T15:07:18","guid":{"rendered":"https:\/\/copopalhinhas.maildx.net\/produto\/guardanapos-ecolabel-dobrados-30x40-cm-natural-tissue-reciclado\/"},"modified":"2025-09-27T17:22:07","modified_gmt":"2025-09-27T16:22:07","slug":"guardanapo-tissue-reciclado-ecolabel-double-point-30x40cm-aberto","status":"publish","type":"product","link":"https:\/\/copopalhinhas.maildx.net\/es\/producto\/guardanapo-tissue-reciclado-ecolabel-double-point-30x40cm-aberto\/","title":{"rendered":"SERVILLETA DE PAPEL RECICLADO DOBLE PUNTA ECOLABEL 30x40CM (ABIERTA)"},"content":{"rendered":"<h2>Servilleta de papel reciclado Ecolabel de doble punta, 30\u00d740 cm (abierta)<\/h2>\n<p>EL <strong>servilleta de papel reciclada<\/strong> 30\u00d740 cent\u00edmetros <strong>Etiqueta ecol\u00f3gica<\/strong> con tecnolog\u00eda <strong>Doble punto<\/strong> Dise\u00f1ado para servicios exigentes que requieren suavidad, absorci\u00f3n y una apariencia impecable. Su generoso tama\u00f1o cubre el regazo del cliente y protege la mesa; adem\u00e1s, el doble relieve aporta volumen y comodidad inmediata.<\/p>\n<h3>Tama\u00f1o 30\u00d740 cm: Cobertura y Versatilidad<\/h3>\n<p>Con <strong>30\u00d740 cm (abierto)<\/strong>, la servilleta se adapta a men\u00fas completos, cenas formales, buffets y <em>banquetes<\/em>Por un lado, el formato atrae mejor al usuario; por otro, mantiene una presentaci\u00f3n estable durante todo el servicio. Esto resulta en <strong>restauraci\u00f3n<\/strong>, <strong>industria hotelera<\/strong>, <strong>eventos corporativos<\/strong> y <strong>abastecimiento<\/strong>, tanto en el sal\u00f3n como en la terraza.<\/p>\n<h3>Comodidad y rendimiento de doble punto<\/h3>\n<p>La tecnolog\u00eda <em>Doble punto<\/em> Crea microcolchones de aire entre las fibras del tejido. Como resultado, el papel se vuelve m\u00e1s... <strong>suave<\/strong> y m\u00e1s <strong>absorbente<\/strong>, resistiendo mejor el uso. De esta manera, el <strong>servilleta de doble puntada<\/strong> Limpia eficazmente peque\u00f1as gotas, no se deshace f\u00e1cilmente y refuerza la percepci\u00f3n de calidad en tu espacio.<\/p>\n<h3>Materias primas recicladas y tintas compatibles<\/h3>\n<p>El producto utiliza <strong>Papel reciclado 100%<\/strong>, es <strong>biodegradable<\/strong> y, cuando corresponda, <strong>compostable (EN 13432)<\/strong>. Paralelamente, utiliza <strong>tintas de impresi\u00f3n compatibles<\/strong> Con contacto con alimentos, lo que evita sustancias indeseables. Por lo tanto, adem\u00e1s de ser funcional, transmite claramente responsabilidad ambiental.<\/p>\n<h3>Certificaciones y cumplimiento de alimentos<\/h3>\n<p>Para mayor confianza, la servilleta cuenta con <strong>Etiqueta ecol\u00f3gica de la UE<\/strong> y cadena de custodia <strong>FSC\u00ae Reciclado 100%<\/strong> y\/o <strong>PEFC<\/strong>. Asimismo, cumple con la <strong>Reglamento (CE) n.\u00ba 1935\/2004<\/strong> relativa a los materiales en contacto con alimentos y sigue las <strong>Buenas pr\u00e1cticas de fabricaci\u00f3n<\/strong> de <strong>Reglamento (CE) n.\u00ba 2023\/2006<\/strong>. De esta forma se salvaguarda el uso profesional.<\/p>\n<h3>Operaci\u00f3n, Almacenamiento y Consumo Controlado<\/h3>\n<p>Ligero y apilable, el <strong>servilleta 30\u00d740 cm<\/strong> optimiza la <em>oficina administrativa<\/em> y simplifica el reemplazo. En consecuencia, se acelera la instalaci\u00f3n y se mantiene la l\u00ednea en funcionamiento. Despu\u00e9s del servicio, la eliminaci\u00f3n es sencilla y se env\u00eda a <strong>reciclaje<\/strong> o, cuando se proporcione, a <em>recuperaci\u00f3n de energ\u00eda<\/em>, lo que facilita las rutinas de limpieza y reduce el tiempo de inactividad.<\/p>\n<h3>Aplicaciones recomendadas<\/h3>\n<p>En <strong>restaurantes<\/strong>, garantiza una presentaci\u00f3n premium en los men\u00fas de degustaci\u00f3n. En <strong>hoteles<\/strong> y <strong>banquetes<\/strong>, estandariza la apariencia y reduce el desperdicio. <strong>eventos<\/strong> y <strong>abastecimiento<\/strong>, combina una log\u00edstica sencilla con un discurso sostenible convincente, porque combina certificaciones reconocidas con un acabado natural que combina tanto con platos claros como oscuros.<\/p>\n<h3>\u00bfPor qu\u00e9 elegir esta servilleta?<\/h3>\n<p>Elige el <strong>servilleta de papel reciclada<\/strong> Etiqueta ecol\u00f3gica de doble punta de 30 x 40 cm: ideal para una amplia cobertura, un tacto suave y un rendimiento fiable. En resumen, el gran formato ofrece protecci\u00f3n, la tecnolog\u00eda de doble punta aporta comodidad y las certificaciones dan credibilidad a su marca. Ver m\u00e1s <a href=\"https:\/\/copopalhinhas.maildx.net\/es\/categorias\/utensilios-de-mesa\/\">Vajilla<\/a>.<\/p>\n<p><img decoding=\"async\" src=\"https:\/\/copopalhinhas.maildx.net\/wp-content\/uploads\/Icon_DESCARTAVEL.png\" alt=\"\" width=\"30\" height=\"30\" \/> <strong>Desechable<\/strong><\/p>\n<p><img decoding=\"async\" src=\"https:\/\/copopalhinhas.maildx.net\/wp-content\/uploads\/Icons_alimentos.png\" alt=\"\" width=\"30\" height=\"30\" \/> <strong>Alimento<\/strong>: Apto para consumo alimentario.<\/p>\n<p><img decoding=\"async\" src=\"https:\/\/copopalhinhas.maildx.net\/wp-content\/uploads\/Icon_reciclaveis.png\" alt=\"\" width=\"30\" height=\"30\" \/> <strong>Reciclables<\/strong>:Productos que pueden reciclarse o utilizarse para la recuperaci\u00f3n de energ\u00eda.<\/p>","protected":false},"excerpt":{"rendered":"<p>EL <strong>servilleta de papel reciclada<\/strong> 30\u00d740 cent\u00edmetros <em>Etiqueta ecol\u00f3gica<\/em> con <strong>Doble punto<\/strong> Ofrece un tacto suave, alta absorci\u00f3n e imagen premium. Ideal para restaurantes, hoteles y eventos.<\/p>\n<p><img decoding=\"async\" src=\"https:\/\/copopalhinhas.maildx.net\/wp-content\/uploads\/Icons_alimentos.png\" alt=\"\" width=\"30\" height=\"30\" \/> <img decoding=\"async\" src=\"https:\/\/copopalhinhas.maildx.net\/wp-content\/uploads\/Icon_DESCARTAVEL.png\" alt=\"\" width=\"30\" height=\"30\" \/> <img decoding=\"async\" src=\"https:\/\/copopalhinhas.maildx.net\/wp-content\/uploads\/Icon_reciclaveis.png\" alt=\"\" width=\"30\" height=\"30\" \/><\/p>","protected":false},"featured_media":28744,"comment_status":"open","ping_status":"closed","template":"","meta":{"_acf_changed":false},"product_brand":[],"product_cat":[2013,1727,1725,1512,1555,1402,234],"product_tag":[1571,1624,1621],"class_list":{"0":"post-12640","1":"product","2":"type-product","3":"status-publish","4":"has-post-thumbnail","6":"product_cat-utensilios-de-mesa","7":"product_cat-bege","8":"product_cat-castanho","9":"product_cat-descartavel","10":"product_cat-tissue-reciclado","11":"product_cat-guardanapos","12":"product_cat-acessorios","13":"product_tag-menu-acessorios","14":"product_tag-sub-menu-guardanapos","15":"product_tag-sub-menu-utensilios-de-mesa","16":"pa_qtd-por-caixa-1273","17":"pa_qtd-por-caixa-1283","18":"pa_qtd-por-caixa-1366","19":"tm-no-options","21":"first","22":"instock","23":"taxable","24":"shipping-taxable","25":"purchasable","26":"product-type-variable"},"acf":[],"_links":{"self":[{"href":"https:\/\/copopalhinhas.maildx.net\/es\/wp-json\/wp\/v2\/product\/12640","targetHints":{"allow":["GET"]}}],"collection":[{"href":"https:\/\/copopalhinhas.maildx.net\/es\/wp-json\/wp\/v2\/product"}],"about":[{"href":"https:\/\/copopalhinhas.maildx.net\/es\/wp-json\/wp\/v2\/types\/product"}],"replies":[{"embeddable":true,"href":"https:\/\/copopalhinhas.maildx.net\/es\/wp-json\/wp\/v2\/comments?post=12640"}],"wp:featuredmedia":[{"embeddable":true,"href":"https:\/\/copopalhinhas.maildx.net\/es\/wp-json\/wp\/v2\/media\/28744"}],"wp:attachment":[{"href":"https:\/\/copopalhinhas.maildx.net\/es\/wp-json\/wp\/v2\/media?parent=12640"}],"wp:term":[{"taxonomy":"product_brand","embeddable":true,"href":"https:\/\/copopalhinhas.maildx.net\/es\/wp-json\/wp\/v2\/product_brand?post=12640"},{"taxonomy":"product_cat","embeddable":true,"href":"https:\/\/copopalhinhas.maildx.net\/es\/wp-json\/wp\/v2\/product_cat?post=12640"},{"taxonomy":"product_tag","embeddable":true,"href":"https:\/\/copopalhinhas.maildx.net\/es\/wp-json\/wp\/v2\/product_tag?post=12640"}],"curies":[{"name":"wp","href":"https:\/\/api.w.org\/{rel}","templated":true}]}}