{"id":12683,"date":"2022-07-25T16:13:39","date_gmt":"2022-07-25T15:13:39","guid":{"rendered":"https:\/\/copopalhinhas.maildx.net\/produto\/prato-18cm-cartao-papel-kraft\/"},"modified":"2025-10-10T12:08:17","modified_gmt":"2025-10-10T11:08:17","slug":"prato-papel-cartao-kraft-18cm","status":"publish","type":"product","link":"https:\/\/copopalhinhas.maildx.net\/es\/producto\/prato-papel-cartao-kraft-18cm\/","title":{"rendered":"PLATO DE PAPEL KRAFT (CART\u00d3N) 18CM"},"content":{"rendered":"<h2>Plato Kraft 18cm \u2014 Natural, Robusto y Pr\u00e1ctico<\/h2>\n<p>EL <strong>Plato kraft de 18 cm<\/strong> Fue creado para quienes buscan simplicidad con una buena presentaci\u00f3n y un toque r\u00fastico que realza la mesa. Adem\u00e1s, la superficie marr\u00f3n realza los colores y las texturas de la comida, creando contraste e impacto visual. Esto permite un servicio r\u00e1pido en restaurantes, servicios de catering, eventos corporativos y celebraciones privadas, manteniendo una experiencia del cliente consistente.<\/p>\n<h3>Material Kraft de calidad<\/h3>\n<p>Producido en <strong>papel kraft\/cart\u00f3n<\/strong> Fabricado con fibras v\u00edrgenes, el plato combina ligereza con una excelente rigidez. Por un lado, el borde firme ayuda a contener las salsas y reduce los derrames. Por otro lado, la base estable soporta porciones generosas sin deformarse. En consecuencia, <strong>Plato de papel kraft de 18 cm<\/strong> Adecuado para entrantes, postres, aperitivos, ensaladas individuales y guarniciones.<\/p>\n<h3>Seguridad alimentaria garantizada<\/h3>\n<p>EL <strong>Plato de cart\u00f3n kraft de 18 cm<\/strong> y <strong>Apto para contacto con alimentos<\/strong> de conformidad con la<br \/>\n<a href=\"https:\/\/eur-lex.europa.eu\/legal-content\/PT\/TXT\/?uri=CELEX:32004R1935\" target=\"_blank\" rel=\"noopener\">Reglamento (CE) n.\u00ba 1935\/2004<\/a> y cumple con las buenas pr\u00e1cticas de fabricaci\u00f3n seg\u00fan lo establecido en<br \/>\n<a href=\"https:\/\/eur-lex.europa.eu\/legal-content\/PT\/TXT\/?uri=CELEX:32006R2023\" target=\"_blank\" rel=\"noopener\">Reglamento (CE) n.\u00ba 2023\/2006<\/a>Esto significa que puede usarlo con confianza en cocinas profesionales, comedores y servicios de eventos.<\/p>\n<h3>Rendimiento y durabilidad en servicio<\/h3>\n<p>El material presenta <strong>Buena resistencia a los aceites y la humedad.<\/strong>, lo que reduce las manchas y la deformaci\u00f3n. Adem\u00e1s, admite comidas fr\u00edas y calientes de uso diario sin comprometer la estabilidad. Esto significa que la transici\u00f3n de la cocina a la mesa es m\u00e1s sencilla, m\u00e1s r\u00e1pida y con una presentaci\u00f3n m\u00e1s cuidada.<\/p>\n<h3>Operaci\u00f3n y flujo de trabajo eficientes<\/h3>\n<p>Ligero y apilable, el plato agiliza la preparaci\u00f3n, la reposici\u00f3n y el transporte. Adem\u00e1s, ocupa poco espacio en el almac\u00e9n, simplificando la log\u00edstica en \u00e9pocas de mucha actividad. En consecuencia, el equipo ahorra tiempo, reduce el desperdicio y ofrece un servicio m\u00e1s fluido, manteniendo la consistencia del emplatado en buf\u00e9s, autoservicios y... <em>llevar<\/em>.<\/p>\n<h3>Soluci\u00f3n responsable<\/h3>\n<p>Al estar hecho de papel\/cart\u00f3n, el producto es <strong>reciclable<\/strong> y se puede reenviar a <strong>recuperaci\u00f3n de energ\u00eda<\/strong> cuando corresponda. Por lo tanto, la <strong>Plato kraft desechable de 18 cm<\/strong> Es una alternativa m\u00e1s responsable a las opciones de pl\u00e1stico de un solo uso, sin comprometer el rendimiento diario ni la est\u00e9tica de la mesa.<\/p>\n<h3>Aplicaciones que mejoran la presentaci\u00f3n<\/h3>\n<p>El tono natural del kraft combina con propuestas artesanales, men\u00fas inspiradores <em>comida callejera<\/em> y conceptos contempor\u00e1neos. Adem\u00e1s, combina f\u00e1cilmente con cubiertos de madera, servilletas de papel reciclado y envases. <em>ir<\/em>Por lo tanto, quienes buscan consistencia visual y ritmo operativo encontrar\u00e1n una soluci\u00f3n equilibrada entre imagen, funcionalidad y coste.<\/p>\n<h3>Especificaciones esenciales<\/h3>\n<p><strong>Di\u00e1metro:<\/strong> 18 cent\u00edmetros. <strong>Color:<\/strong> papel kraft natural. <strong>Material:<\/strong> Papel\/cart\u00f3n kraft de fibra virgen. <strong>Tipo:<\/strong> desechable, reciclable. <strong>Propiedades:<\/strong> resistente a aceites y humedad; <strong>Apto para contacto con alimentos<\/strong>; adecuado para alimentos fr\u00edos y calientes; no apto para horno.<\/p>\n<p>En resumen, el <strong>Plato kraft de 18 cm<\/strong> Combina robustez, est\u00e9tica natural y rapidez de uso, garantizando un servicio eficiente y una mesa visualmente atractiva para cualquier ocasi\u00f3n. Ver m\u00e1s productos en <a href=\"https:\/\/copopalhinhas.maildx.net\/es\/categorias\/loucas-descartaveis\/\">Vajilla desechable<\/a>.<\/p>\n<p><img decoding=\"async\" src=\"https:\/\/copopalhinhas.maildx.net\/wp-content\/uploads\/Icon_DESCARTAVEL.png\" alt=\"\" width=\"30\" height=\"30\" \/> <strong>Desechable<\/strong><\/p>\n<p><img decoding=\"async\" src=\"https:\/\/copopalhinhas.maildx.net\/wp-content\/uploads\/Icons_alimentos.png\" alt=\"\" width=\"30\" height=\"30\" \/> <strong>Alimento<\/strong>: Apto para consumo alimentario.<\/p>\n<p><img decoding=\"async\" src=\"https:\/\/copopalhinhas.maildx.net\/wp-content\/uploads\/Icon_reciclaveis.png\" alt=\"\" width=\"30\" height=\"30\" \/> <strong>Reciclables<\/strong>:Productos que pueden reciclarse o utilizarse para la recuperaci\u00f3n de energ\u00eda.<\/p>","protected":false},"excerpt":{"rendered":"<p>El plato kraft de 18 cm ofrece una presentaci\u00f3n natural y un servicio r\u00e1pido. Adem\u00e1s, es resistente al aceite y a la humedad. Es apto para alimentos y reciclable. Por lo tanto, es ideal para aperitivos, postres, snacks y eventos.<\/p>\n<p><img decoding=\"async\" src=\"https:\/\/copopalhinhas.maildx.net\/wp-content\/uploads\/Icons_alimentos.png\" alt=\"\" width=\"30\" height=\"30\" \/> <img decoding=\"async\" src=\"https:\/\/copopalhinhas.maildx.net\/wp-content\/uploads\/Icon_DESCARTAVEL.png\" alt=\"\" width=\"30\" height=\"30\" \/> <img decoding=\"async\" src=\"https:\/\/copopalhinhas.maildx.net\/wp-content\/uploads\/Icon_reciclaveis.png\" alt=\"\" width=\"30\" height=\"30\" \/><\/p>","protected":false},"featured_media":26401,"comment_status":"open","ping_status":"closed","template":"","meta":{"_acf_changed":false},"product_brand":[],"product_cat":[2008,2040,1725,1512,1508,1667,1462,1499,1418,226],"product_tag":[1569,1596,1598],"class_list":{"0":"post-12683","1":"product","2":"type-product","3":"status-publish","4":"has-post-thumbnail","6":"product_cat-loucas-descartaveis","7":"product_cat-loucas-descartaveis-cartao","8":"product_cat-castanho","9":"product_cat-descartavel","10":"product_cat-kraft","11":"product_cat-o18cm","12":"product_cat-pratos","13":"product_cat-sobremesa","14":"product_cat-loucas-pratos","15":"product_cat-loucas","16":"product_tag-menu-descartaveis","17":"product_tag-sub-menu-loucas-descartaveis","18":"product_tag-sub-menu-loucas-descartaveis-cartao","19":"pa_qtd-por-caixa-1368","20":"pa_qtd-por-caixa-1369","21":"tm-no-options","23":"first","24":"instock","25":"taxable","26":"shipping-taxable","27":"purchasable","28":"product-type-variable"},"acf":[],"_links":{"self":[{"href":"https:\/\/copopalhinhas.maildx.net\/es\/wp-json\/wp\/v2\/product\/12683","targetHints":{"allow":["GET"]}}],"collection":[{"href":"https:\/\/copopalhinhas.maildx.net\/es\/wp-json\/wp\/v2\/product"}],"about":[{"href":"https:\/\/copopalhinhas.maildx.net\/es\/wp-json\/wp\/v2\/types\/product"}],"replies":[{"embeddable":true,"href":"https:\/\/copopalhinhas.maildx.net\/es\/wp-json\/wp\/v2\/comments?post=12683"}],"wp:featuredmedia":[{"embeddable":true,"href":"https:\/\/copopalhinhas.maildx.net\/es\/wp-json\/wp\/v2\/media\/26401"}],"wp:attachment":[{"href":"https:\/\/copopalhinhas.maildx.net\/es\/wp-json\/wp\/v2\/media?parent=12683"}],"wp:term":[{"taxonomy":"product_brand","embeddable":true,"href":"https:\/\/copopalhinhas.maildx.net\/es\/wp-json\/wp\/v2\/product_brand?post=12683"},{"taxonomy":"product_cat","embeddable":true,"href":"https:\/\/copopalhinhas.maildx.net\/es\/wp-json\/wp\/v2\/product_cat?post=12683"},{"taxonomy":"product_tag","embeddable":true,"href":"https:\/\/copopalhinhas.maildx.net\/es\/wp-json\/wp\/v2\/product_tag?post=12683"}],"curies":[{"name":"wp","href":"https:\/\/api.w.org\/{rel}","templated":true}]}}