{"id":21336,"date":"2022-07-25T16:05:09","date_gmt":"2022-07-25T15:05:09","guid":{"rendered":"https:\/\/copopalhinhas.maildx.net\/produto\/saq-garfofacacolher-sopa-madeira-guardanapo-embalado-individualmente-papel\/"},"modified":"2025-10-10T17:58:34","modified_gmt":"2025-10-10T16:58:34","slug":"kit-talheres-madeira-garfo-faca-colher-guardanapo-embalagem-individual-papel","status":"publish","type":"product","link":"https:\/\/copopalhinhas.maildx.net\/es\/producto\/kit-talheres-madeira-garfo-faca-colher-guardanapo-embalagem-individual-papel\/","title":{"rendered":"KIT DE CUBIERTOS DE MADERA TENEDOR+CUCHILLO+CUCHARA+SERVILLETA (EMBALAJE DE PAPEL INDIVIDUAL)"},"content":{"rendered":"<h2>Juego de cubiertos de madera con servilleta \u2014 Envueltos individualmente en papel<\/h2>\n<p>EL <strong>juego de cubiertos de madera<\/strong> Incluye tenedor, cuchillo, cuchara y una servilleta de papel, todo empaquetado en <strong>embalaje de papel individual<\/strong>Esto significa que cada cliente recibe un set completo, limpio y listo para usar. Adem\u00e1s, esta soluci\u00f3n combina practicidad y una imagen ecol\u00f3gica, mejorando la experiencia en restaurantes, comida para llevar, catering, eventos y hoteles.<\/p>\n<h3>\u00bfPor qu\u00e9 elegir cubiertos ecol\u00f3gicos?<\/h3>\n<p>En primer lugar, el <strong>cubiertos ecol\u00f3gicos<\/strong> Las mesas de madera reducen el pl\u00e1stico desechable y transmiten responsabilidad ambiental. Como resultado, su negocio gana confianza, higiene y un servicio constante. Adem\u00e1s, la madera aporta un toque natural y elegante a la mesa, realzando su presentaci\u00f3n.<\/p>\n<h3>Contenido del conjunto<\/h3>\n<ul>\n<li><strong>Tenedor<\/strong> en madera: largo aproximado <strong>165 mil\u00edmetros<\/strong>.<\/li>\n<li><strong>Hacer<\/strong> en madera: largo aproximado <strong>165 mil\u00edmetros<\/strong>.<\/li>\n<li><strong>Para cosechar<\/strong> en madera: largo aproximado <strong>160 mil\u00edmetros<\/strong>.<\/li>\n<li><strong>Servilleta<\/strong> de papel: abierto ~<strong>33 \u00d7 32 cent\u00edmetros<\/strong> (1 hoja).<\/li>\n<\/ul>\n<p>Cada pieza se entrega protegida y lista para servir, lo que garantiza un manejo seguro y r\u00e1pido en el mostrador. Esto garantiza un funcionamiento fluido incluso en horas punta.<\/p>\n<h3>Higiene, Rapidez y Sostenibilidad<\/h3>\n<p>Como cada kit est\u00e1 sellado individualmente, se mantiene la higiene y se reducen los residuos. La reposici\u00f3n tambi\u00e9n es sencilla: simplemente a\u00f1ada m\u00e1s unidades donde sea necesario. Finalmente, la elecci\u00f3n de <strong>cubiertos de madera desechables<\/strong> Contribuye a pr\u00e1cticas m\u00e1s responsables sin complicar los procesos.<\/p>\n<h3>Caracter\u00edsticas principales<\/h3>\n<ul>\n<li><strong>Embalaje de papel individual<\/strong> para m\u00e1xima higiene y presentaci\u00f3n.<\/li>\n<li><strong>Apto para contacto con alimentos.<\/strong>, con un acabado suave para un uso c\u00f3modo.<\/li>\n<li><strong>Reciclables<\/strong> y con potencial de recuperaci\u00f3n energ\u00e9tica, de acuerdo con la normativa local.<\/li>\n<li><strong>Imagen natural<\/strong> que combina experiencias premium e informales.<\/li>\n<\/ul>\n<h3>Aplicaciones recomendadas<\/h3>\n<p>En primer lugar, los restaurantes y cafeter\u00edas con servicio de barra se benefician de la rapidez. Adem\u00e1s, las empresas de catering y los festivales garantizan la eficiencia y la limpieza. Adem\u00e1s, los espacios hoteleros y los eventos corporativos valoran la est\u00e9tica sostenible. En cualquier caso, <strong>juego de cubiertos de madera<\/strong> Trabaja de manera consistente y profesional.<\/p>\n<h3>Beneficios para su negocio<\/h3>\n<ul>\n<li><strong>Servicio \u00e1gil<\/strong>:distribuci\u00f3n inmediata, menor contacto y menor tiempo de preparaci\u00f3n.<\/li>\n<li><strong>Higiene mejorada<\/strong>:Cada cliente recibe su propio kit cerrado.<\/li>\n<li><strong>Posicionamiento ecol\u00f3gico<\/strong>:Opci\u00f3n alineada con los consumidores exigentes.<\/li>\n<li><strong>Versatilidad<\/strong>:comida en el lugar, comida para llevar y eventos.<\/li>\n<\/ul>\n<h3>Almacenamiento y Log\u00edstica<\/h3>\n<p>Como ocupan poco espacio y vienen listos para entregar, estos <strong>cubiertos biodegradables<\/strong> Simplifica la log\u00edstica diaria. Adem\u00e1s, el conteo de unidades facilita el inventario y la previsi\u00f3n, evitando desabastecimientos en momentos cr\u00edticos.<\/p>\n<h3>Resumen Especificaciones<\/h3>\n<ul>\n<li>Material: madera natural.<\/li>\n<li>Componentes: tenedor ~165 mm, cuchillo ~165 mm, cuchara ~160 mm, servilleta 33 \u00d7 32 cm (1 hoja).<\/li>\n<li>Usar: <strong>cubiertos ecol\u00f3gicos<\/strong> para el consumo de alimentos.<\/li>\n<li>Embalaje: unidad <strong>individuo en el papel<\/strong>.<\/li>\n<\/ul>\n<p>En resumen, esto <strong>juego de cubiertos de madera<\/strong> con servilleta ofrece calidad, seguridad y sostenibilidad en una presentaci\u00f3n cuidada. Por lo tanto, si busca... <strong>cubiertos ecol\u00f3gicos<\/strong> Pr\u00e1ctico para un servicio r\u00e1pido, este juego es la elecci\u00f3n perfecta. Ver m\u00e1s <a href=\"https:\/\/copopalhinhas.maildx.net\/es\/categorias\/talheres-de-madeira\/\">Cubiertos de madera<\/a>.<\/p>\n<p><img decoding=\"async\" src=\"https:\/\/copopalhinhas.maildx.net\/wp-content\/uploads\/Icon_DESCARTAVEL.png\" alt=\"\" width=\"30\" height=\"30\" \/> <strong>Desechable<\/strong><\/p>\n<p><img decoding=\"async\" src=\"https:\/\/copopalhinhas.maildx.net\/wp-content\/uploads\/Icons_alimentos.png\" alt=\"\" width=\"30\" height=\"30\" \/> <strong>Alimento<\/strong>: Apto para consumo alimentario.<\/p>\n<p><img decoding=\"async\" src=\"https:\/\/copopalhinhas.maildx.net\/wp-content\/uploads\/Icon_reciclaveis.png\" alt=\"\" width=\"30\" height=\"30\" \/> <strong>Reciclables<\/strong>:Productos que pueden reciclarse o utilizarse para la recuperaci\u00f3n de energ\u00eda.<\/p>","protected":false},"excerpt":{"rendered":"<p><strong>Juego de cubiertos de madera<\/strong> con tenedor, cuchillo, cuchara y servilleta en <strong>embalaje de papel individual<\/strong>Higiene, rapidez e imagen sostenible. Ideal como <em>cubiertos ecol\u00f3gicos<\/em> Para catering, comida para llevar y eventos.<\/p>\n<p><img decoding=\"async\" src=\"https:\/\/copopalhinhas.maildx.net\/wp-content\/uploads\/Icons_alimentos.png\" alt=\"\" width=\"30\" height=\"30\" \/> <img decoding=\"async\" src=\"https:\/\/copopalhinhas.maildx.net\/wp-content\/uploads\/Icon_DESCARTAVEL.png\" alt=\"\" width=\"30\" height=\"30\" \/> <img decoding=\"async\" src=\"https:\/\/copopalhinhas.maildx.net\/wp-content\/uploads\/Icon_reciclaveis.png\" alt=\"\" width=\"30\" height=\"30\" \/><\/p>","protected":false},"featured_media":16993,"comment_status":"open","ping_status":"closed","template":"","meta":{"_acf_changed":false},"product_brand":[],"product_cat":[2245,2043,2009,1727,1725,1512,1479,1489,1551,1794,1473,1474,227],"product_tag":[1569,1602,1600],"class_list":{"0":"post-21336","1":"product","2":"type-product","3":"status-publish","4":"has-post-thumbnail","6":"product_cat-conjuntos","7":"product_cat-talheres-de-madeira","8":"product_cat-talheres-descartaveis","9":"product_cat-bege","10":"product_cat-castanho","11":"product_cat-descartavel","12":"product_cat-embalado-individualmente","13":"product_cat-madeira","14":"product_cat-16-5cm","15":"product_cat-colher","16":"product_cat-faca","17":"product_cat-garfo","18":"product_cat-talheres","19":"product_tag-menu-descartaveis","20":"product_tag-sub-menu-talheres-de-madeira","21":"product_tag-sub-menu-talheres-descartaveis","22":"pa_qtd-por-caixa-1273","23":"pa_qtd-por-caixa-1275","24":"tm-no-options","26":"first","27":"instock","28":"taxable","29":"shipping-taxable","30":"purchasable","31":"product-type-variable"},"acf":[],"_links":{"self":[{"href":"https:\/\/copopalhinhas.maildx.net\/es\/wp-json\/wp\/v2\/product\/21336","targetHints":{"allow":["GET"]}}],"collection":[{"href":"https:\/\/copopalhinhas.maildx.net\/es\/wp-json\/wp\/v2\/product"}],"about":[{"href":"https:\/\/copopalhinhas.maildx.net\/es\/wp-json\/wp\/v2\/types\/product"}],"replies":[{"embeddable":true,"href":"https:\/\/copopalhinhas.maildx.net\/es\/wp-json\/wp\/v2\/comments?post=21336"}],"wp:featuredmedia":[{"embeddable":true,"href":"https:\/\/copopalhinhas.maildx.net\/es\/wp-json\/wp\/v2\/media\/16993"}],"wp:attachment":[{"href":"https:\/\/copopalhinhas.maildx.net\/es\/wp-json\/wp\/v2\/media?parent=21336"}],"wp:term":[{"taxonomy":"product_brand","embeddable":true,"href":"https:\/\/copopalhinhas.maildx.net\/es\/wp-json\/wp\/v2\/product_brand?post=21336"},{"taxonomy":"product_cat","embeddable":true,"href":"https:\/\/copopalhinhas.maildx.net\/es\/wp-json\/wp\/v2\/product_cat?post=21336"},{"taxonomy":"product_tag","embeddable":true,"href":"https:\/\/copopalhinhas.maildx.net\/es\/wp-json\/wp\/v2\/product_tag?post=21336"}],"curies":[{"name":"wp","href":"https:\/\/api.w.org\/{rel}","templated":true}]}}