{"id":21596,"date":"2022-07-25T16:07:27","date_gmt":"2022-07-25T15:07:27","guid":{"rendered":"https:\/\/copopalhinhas.maildx.net\/produto\/palhinhas-retas-natural-kraft-o080x20-cm\/"},"modified":"2025-10-17T17:04:32","modified_gmt":"2025-10-17T16:04:32","slug":"palhinha-reta-papel-kraft-08x20","status":"publish","type":"product","link":"https:\/\/copopalhinhas.maildx.net\/es\/producto\/palhinha-reta-papel-kraft-08x20\/","title":{"rendered":"Pajita de papel Kraft natural recta de 0,8 x 20 cm"},"content":{"rendered":"<h3>Dale un toque natural a tus bebidas con la Pajita Recta de Papel Kraft de 0,8x20cm<\/h3>\n<p>Si buscas una opci\u00f3n ecol\u00f3gica y sofisticada para tus bebidas, la pajita recta de papel kraft de 0,8 x 20 cm es la opci\u00f3n ideal. Con un dise\u00f1o natural y sostenible, esta pajita combina practicidad y responsabilidad ambiental. \u00a1El\u00edgela ahora y haz de cada sorbo una experiencia m\u00e1s consciente!<\/p>\n<h4>Apuesta por la autenticidad y la sencillez<\/h4>\n<p>El aspecto r\u00fastico del papel kraft natural a\u00f1ade un toque especial a tus bebidas. Esta pajita biodegradable y ecol\u00f3gica es perfecta para cafeter\u00edas, bistr\u00f3s, bares o restaurantes que valoran un concepto sostenible y elegante. Tambi\u00e9n es ideal para cualquier tipo de evento, ya sea una cena \u00edntima o una fiesta informal.<\/p>\n<h4>Utilice una pajita vers\u00e1til para diferentes bebidas<\/h4>\n<p>Con 20 cm de largo y 0,8 cm de di\u00e1metro, esta pajita es perfecta para una amplia variedad de bebidas. Desde caf\u00e9s helados y t\u00e9s hasta c\u00f3cteles y zumos naturales, ofrece practicidad sin sacrificar el sabor. Por eso, elige una soluci\u00f3n funcional y est\u00e9ticamente atractiva para cualquier ocasi\u00f3n. Ver m\u00e1s <a href=\"https:\/\/copopalhinhas.maildx.net\/es\/categorias\/palhinhas\/?wpf_filter_cat_list_0=1508&amp;wpf_fbv=1\">pajitas kraft<\/a>.<\/p>\n<h4>Elige Sostenibilidad y Calidad Garantizada<\/h4>\n<p>Fabricada con papel kraft biodegradable y reciclable, esta pajita ayuda a reducir el impacto ambiental. Adem\u00e1s, su material se descompone de forma natural, lo que la convierte en una alternativa viable a las pajitas de pl\u00e1stico desechables. As\u00ed, contribuyes a un planeta m\u00e1s limpio sin sacrificar la calidad.<\/p>\n<h4>La higiene y la seguridad siempre son lo primero<\/h4>\n<p>Cada pajita se fabrica seg\u00fan rigurosos est\u00e1ndares de calidad y certificaci\u00f3n. A diferencia de las pajitas de pl\u00e1stico, esta opci\u00f3n garantiza un consumo responsable y seguro. Adem\u00e1s, resiste temperaturas de entre 0 \u00b0C y +80 \u00b0C, lo que garantiza su resistencia y durabilidad.<\/p>\n<h4>Producto certificado para mayor confianza<\/h4>\n<ul>\n<li>Libre de PFOS-PFOA<\/li>\n<li>Certificaci\u00f3n FSC MIX 70%: apoya la gesti\u00f3n forestal sostenible<\/li>\n<li>Cumplimiento del Reglamento CE n.\u00ba 1935\/2004 \u2013 Apto para contacto con alimentos<\/li>\n<\/ul>","protected":false},"excerpt":{"rendered":"<p>Pajita recta de papel kraft de 0,8 x 20 cm, biodegradable y ecol\u00f3gica. Ideal para cafeter\u00edas, bares y restaurantes que valoran la sostenibilidad y la autenticidad. Estas pajitas rectas de papel kraft natural combinan funcionalidad, rusticidad y responsabilidad ambiental.<\/p>","protected":false},"featured_media":27520,"comment_status":"open","ping_status":"closed","template":"","meta":{"_acf_changed":false},"product_brand":[],"product_cat":[2054,1725,1399,1704,1508,1708,1547,229],"product_tag":[1570,1613],"class_list":{"0":"post-21596","1":"product","2":"type-product","3":"status-publish","4":"has-post-thumbnail","6":"product_cat-palhinhas-retas","7":"product_cat-castanho","8":"product_cat-avulso","9":"product_cat-reta","10":"product_cat-kraft","11":"product_cat-80mm","12":"product_cat-20cm","13":"product_cat-palhinhas","14":"product_tag-menu-palhinhas","15":"product_tag-sub-menu-palhinhas-retas","16":"pa_qtd-por-caixa-1308","17":"pa_qtd-por-caixa-1284","18":"tm-no-options","20":"first","21":"instock","22":"taxable","23":"shipping-taxable","24":"purchasable","25":"product-type-variable"},"acf":[],"_links":{"self":[{"href":"https:\/\/copopalhinhas.maildx.net\/es\/wp-json\/wp\/v2\/product\/21596","targetHints":{"allow":["GET"]}}],"collection":[{"href":"https:\/\/copopalhinhas.maildx.net\/es\/wp-json\/wp\/v2\/product"}],"about":[{"href":"https:\/\/copopalhinhas.maildx.net\/es\/wp-json\/wp\/v2\/types\/product"}],"replies":[{"embeddable":true,"href":"https:\/\/copopalhinhas.maildx.net\/es\/wp-json\/wp\/v2\/comments?post=21596"}],"wp:featuredmedia":[{"embeddable":true,"href":"https:\/\/copopalhinhas.maildx.net\/es\/wp-json\/wp\/v2\/media\/27520"}],"wp:attachment":[{"href":"https:\/\/copopalhinhas.maildx.net\/es\/wp-json\/wp\/v2\/media?parent=21596"}],"wp:term":[{"taxonomy":"product_brand","embeddable":true,"href":"https:\/\/copopalhinhas.maildx.net\/es\/wp-json\/wp\/v2\/product_brand?post=21596"},{"taxonomy":"product_cat","embeddable":true,"href":"https:\/\/copopalhinhas.maildx.net\/es\/wp-json\/wp\/v2\/product_cat?post=21596"},{"taxonomy":"product_tag","embeddable":true,"href":"https:\/\/copopalhinhas.maildx.net\/es\/wp-json\/wp\/v2\/product_tag?post=21596"}],"curies":[{"name":"wp","href":"https:\/\/api.w.org\/{rel}","templated":true}]}}