{"id":21684,"date":"2022-07-25T16:08:39","date_gmt":"2022-07-25T15:08:39","guid":{"rendered":"https:\/\/copopalhinhas.maildx.net\/produto\/tigela-bionic-branco-bagaco-350ml\/"},"modified":"2025-10-20T10:42:45","modified_gmt":"2025-10-20T09:42:45","slug":"tigela-bagaco-branco-35cl-350ml","status":"publish","type":"product","link":"https:\/\/copopalhinhas.maildx.net\/es\/producto\/tigela-bagaco-branco-35cl-350ml\/","title":{"rendered":"Bol de bagazo blanco 35 cl (350 ml)"},"content":{"rendered":"<h2>Bol Baga\u00e7o 35cl Blanco \u2014 Ligero, Robusto y Sostenible<\/h2>\n<p>EL <strong>cuenco de orujo 35cl<\/strong> (350 ml) fue creado para una presentaci\u00f3n r\u00e1pida, higi\u00e9nica y cuidada. Adem\u00e1s, su color blanco realza sopas, ensaladas, pastas, cereales y postres, creando una mesa elegante en cualquier ambiente. Esta pieza es ideal para restaurantes, catering, comedores, escuelas, hoteles y eventos privados, donde la consistencia y la rapidez del servicio marcan la diferencia.<\/p>\n<h3>Capacidad vers\u00e1til para todos los d\u00edas<\/h3>\n<p>Con <strong>35 cl (350 ml)<\/strong>El taz\u00f3n ofrece un volumen c\u00f3modo para porciones generosas. En primer lugar, su forma profunda facilita la retenci\u00f3n de l\u00edquidos y salsas. Adem\u00e1s, el borde firme mejora el agarre y reduce los derrames en el mostrador y al circular. Como resultado, la experiencia del cliente se vuelve m\u00e1s pr\u00e1ctica y agradable, tanto en restaurantes como en el servicio. <em>llevar<\/em>.<\/p>\n<h3>Materia prima natural y compostable<\/h3>\n<p>Hecho en <strong>bagazo de ca\u00f1a de az\u00facar<\/strong>Esta taza es <strong>biodegradable y compostable<\/strong> de acuerdo a <a href=\"https:\/\/pt.wikipedia.org\/wiki\/EN_13432\" target=\"_blank\" rel=\"noopener\">EN 13432<\/a>Esto reduce el uso de pl\u00e1stico de un solo uso y contribuye a una gesti\u00f3n de residuos m\u00e1s responsable. Adem\u00e1s, su estructura ligera facilita su transporte, reposici\u00f3n y almacenamiento, especialmente en horas punta.<\/p>\n<h3>Seguridad alimentaria y cumplimiento<\/h3>\n<p>EL <strong>Taz\u00f3n de orujo de 350 ml<\/strong> y <strong>Apto para contacto con alimentos<\/strong> de conformidad con la <a href=\"https:\/\/eur-lex.europa.eu\/legal-content\/PT\/TXT\/?uri=CELEX:32004R1935\" target=\"_blank\" rel=\"noopener\">Reglamento (CE) n.\u00ba 1935\/2004<\/a> y sigue buenas pr\u00e1cticas de fabricaci\u00f3n de acuerdo con las <a href=\"https:\/\/eur-lex.europa.eu\/legal-content\/PT\/TXT\/?uri=CELEX:32006R2023\" target=\"_blank\" rel=\"noopener\">Reglamento (CE) n.\u00ba 2023\/2006<\/a>. Por lo tanto, \u00faselo con confianza en cocinas profesionales y entornos familiares.<\/p>\n<h3>Rendimiento t\u00e9rmico y resistencia<\/h3>\n<p>El material presenta <strong>Buena resistencia a los aceites y la humedad.<\/strong>, lo que minimiza las manchas y deformaciones durante el uso. Adem\u00e1s, es apto para alimentos. <strong>caliente y fr\u00edo<\/strong> sin comprometer la estabilidad. Para mayor versatilidad, el recipiente es <strong>Apto para microondas (calentamiento breve: ~90 s \/ 700\u20131000 W)<\/strong> y <strong>apto para congelador<\/strong> hasta aproximadamente -18 \u00b0C; <strong>no apto para horno<\/strong>Esto preserva la textura y apariencia de las recetas desde la l\u00ednea de servicio hasta el cliente.<\/p>\n<h3>Operaci\u00f3n eficiente e imagen de marca<\/h3>\n<p>Ligero, apilable y estable, el <strong>cuenco de bagazo blanco<\/strong> Agiliza la preparaci\u00f3n, el llenado y el transporte. Al mismo tiempo, la est\u00e9tica limpia refuerza la percepci\u00f3n de higiene y calidad. En consecuencia, el equipo ahorra tiempo, reduce las roturas y ofrece un servicio consistente, a la vez que transmite una decisi\u00f3n responsable y alineada con las expectativas actuales.<\/p>\n<h3>Aplicaciones recomendadas<\/h3>\n<p>Utilice esto <strong>recipiente biodegradable de 350 ml<\/strong> Para sopas diarias, ensaladas mixtas, granola, fruta preparada, pasta con salsa y postres. Tambi\u00e9n sirve como acompa\u00f1amiento en men\u00fas completos. Como resultado, combina eficiencia operativa, una presentaci\u00f3n elegante y un final de vida \u00fatil m\u00e1s sostenible.<\/p>\n<h3>Especificaciones esenciales<\/h3>\n<p><strong>Capacidad:<\/strong> 35 cl (350 ml). <strong>Color:<\/strong> blanco. <strong>Material:<\/strong> bagazo de ca\u00f1a de az\u00facar. <strong>Tipo:<\/strong> desechable, biodegradable y compostable EN 13432. <strong>Propiedades:<\/strong> resistente a aceites y humedad; <strong>Apto para contacto con alimentos<\/strong>; rango de uso aproximado <strong>\u221218\u00b0C a +100\u00b0C<\/strong>; <strong>Apto para microondas (corta duraci\u00f3n)<\/strong>; <strong>no apto para horno<\/strong>.<\/p>\n<p>En resumen, el <strong>cuenco de orujo 35cl<\/strong> Combina capacidad equilibrada, seguridad alimentaria y una presentaci\u00f3n impecable, garantizando un servicio r\u00e1pido y una mesa impecable para cualquier ocasi\u00f3n. Ver m\u00e1s productos en <a href=\"https:\/\/copopalhinhas.maildx.net\/es\/categorias\/loucas-descartaveis\/\">Vajilla desechable<\/a>.<\/p>\n<p><img decoding=\"async\" src=\"https:\/\/copopalhinhas.maildx.net\/wp-content\/uploads\/Icon_DESCARTAVEL.png\" alt=\"\" width=\"30\" height=\"30\" \/> <strong>Desechable<\/strong><\/p>\n<p><img decoding=\"async\" src=\"https:\/\/copopalhinhas.maildx.net\/wp-content\/uploads\/Icons_alimentos.png\" alt=\"\" width=\"30\" height=\"30\" \/> <strong>Alimento<\/strong>: Apto para consumo alimentario.<\/p>\n<p><img decoding=\"async\" src=\"https:\/\/copopalhinhas.maildx.net\/wp-content\/uploads\/Icon_reciclaveis.png\" alt=\"\" width=\"30\" height=\"30\" \/> <strong>Reciclables<\/strong>:Productos que pueden reciclarse o utilizarse para la recuperaci\u00f3n de energ\u00eda.<\/p>","protected":false},"excerpt":{"rendered":"<p>El taz\u00f3n de bagazo de 350 ml es ligero, resistente y elegante. Adem\u00e1s, es compostable seg\u00fan la norma EN 13432 y apto para el contacto con alimentos. Soporta platos fr\u00edos y calientes, as\u00ed como un uso breve en el microondas y el congelador. Por lo tanto, es ideal para sopas, ensaladas y postres.<\/p>\n<p><img decoding=\"async\" src=\"https:\/\/copopalhinhas.maildx.net\/wp-content\/uploads\/Icons_alimentos.png\" alt=\"\" width=\"30\" height=\"30\" \/> <img decoding=\"async\" src=\"https:\/\/copopalhinhas.maildx.net\/wp-content\/uploads\/Icon_DESCARTAVEL.png\" alt=\"\" width=\"30\" height=\"30\" \/> <img decoding=\"async\" src=\"https:\/\/copopalhinhas.maildx.net\/wp-content\/uploads\/Icon_reciclaveis.png\" alt=\"\" width=\"30\" height=\"30\" \/><\/p>","protected":false},"featured_media":28375,"comment_status":"open","ping_status":"closed","template":"","meta":{"_acf_changed":false},"product_brand":[],"product_cat":[1719,2008,2041,1454,1512,1507,1498,1464,1465,226],"product_tag":[1569,1596,1599],"class_list":{"0":"post-21684","1":"product","2":"type-product","3":"status-publish","4":"has-post-thumbnail","6":"product_cat-branco","7":"product_cat-loucas-descartaveis","8":"product_cat-loucas-descartaveis-bio-compostaveis","9":"product_cat-31-40cl","10":"product_cat-descartavel","11":"product_cat-bagaco","12":"product_cat-sopa","13":"product_cat-tacas","14":"product_cat-tigelas","15":"product_cat-loucas","16":"product_tag-menu-descartaveis","17":"product_tag-sub-menu-loucas-descartaveis","18":"product_tag-sub-menu-loucas-bio-compostaveis","19":"pa_qtd-por-caixa-1273","20":"pa_qtd-por-caixa-1319","21":"tm-no-options","23":"first","24":"instock","25":"taxable","26":"shipping-taxable","27":"purchasable","28":"product-type-variable"},"acf":[],"_links":{"self":[{"href":"https:\/\/copopalhinhas.maildx.net\/es\/wp-json\/wp\/v2\/product\/21684","targetHints":{"allow":["GET"]}}],"collection":[{"href":"https:\/\/copopalhinhas.maildx.net\/es\/wp-json\/wp\/v2\/product"}],"about":[{"href":"https:\/\/copopalhinhas.maildx.net\/es\/wp-json\/wp\/v2\/types\/product"}],"replies":[{"embeddable":true,"href":"https:\/\/copopalhinhas.maildx.net\/es\/wp-json\/wp\/v2\/comments?post=21684"}],"wp:featuredmedia":[{"embeddable":true,"href":"https:\/\/copopalhinhas.maildx.net\/es\/wp-json\/wp\/v2\/media\/28375"}],"wp:attachment":[{"href":"https:\/\/copopalhinhas.maildx.net\/es\/wp-json\/wp\/v2\/media?parent=21684"}],"wp:term":[{"taxonomy":"product_brand","embeddable":true,"href":"https:\/\/copopalhinhas.maildx.net\/es\/wp-json\/wp\/v2\/product_brand?post=21684"},{"taxonomy":"product_cat","embeddable":true,"href":"https:\/\/copopalhinhas.maildx.net\/es\/wp-json\/wp\/v2\/product_cat?post=21684"},{"taxonomy":"product_tag","embeddable":true,"href":"https:\/\/copopalhinhas.maildx.net\/es\/wp-json\/wp\/v2\/product_tag?post=21684"}],"curies":[{"name":"wp","href":"https:\/\/api.w.org\/{rel}","templated":true}]}}