{"id":22023,"date":"2022-07-25T16:14:00","date_gmt":"2022-07-25T15:14:00","guid":{"rendered":"https:\/\/copopalhinhas.maildx.net\/produto\/palhinha-papel-riscas-o6mm-x-210mm-embal-ind\/"},"modified":"2025-10-13T15:27:54","modified_gmt":"2025-10-13T14:27:54","slug":"palhinha-reta-papel-sotida-riscas-06x21-embalagem-individual","status":"publish","type":"product","link":"https:\/\/copopalhinhas.maildx.net\/es\/producto\/palhinha-reta-papel-sotida-riscas-06x21-embalagem-individual\/","title":{"rendered":"PAPEL DE PAJA DE RAYAS SURTIDO 0,6X21CM (EMBALAJE INDIVIDUAL)"},"content":{"rendered":"<h3>Pajitas de papel rectas a rayas surtidas de 0,6 x 21 cm (embalaje individual)<\/h3>\n<p>Pajitas de papel rectas a rayas surtidas de 0,6 x 21 cm (envase individual): colores, estilo y sostenibilidad<br \/>\nDale un toque vibrante a tus bebidas con la pajita de papel recta de rayas surtidas de 0,6 x 21 cm (envasada individualmente). Perfecta para fiestas, eventos tem\u00e1ticos y celebraciones especiales, esta pajita no solo embellece tus vasos, sino que tambi\u00e9n es una alternativa ecol\u00f3gica al pl\u00e1stico. Adem\u00e1s, su envase individual garantiza la m\u00e1xima higiene y comodidad, ideal para comercios y uso diario.<\/p>\n<h4>Celebraci\u00f3n con estilo y color<\/h4>\n<p>Las rayas de colores hacen de estas pajitas un elemento decorativo para cualquier ocasi\u00f3n. \u00dasalas para crear un ambiente animado en fiestas infantiles, c\u00f3cteles o incluso un brunch al aire libre. Adem\u00e1s, su dise\u00f1o cl\u00e1sico y divertido combina a la perfecci\u00f3n con cualquier decoraci\u00f3n.<\/p>\n<h4>Tama\u00f1o perfecto para diferentes bebidas<\/h4>\n<p>Con 21 cm de largo y 0,6 cm de di\u00e1metro, esta pajita se adapta a una variedad de bebidas, desde refrescos y zumos hasta c\u00f3cteles y batidos. Por lo tanto, es una opci\u00f3n vers\u00e1til para diferentes entornos y tipos de consumidores.<\/p>\n<h4>Sostenibilidad y Responsabilidad Ambiental<\/h4>\n<p>Fabricada con papel biodegradable y reciclable, esta pajita biodegradable ayuda a reducir el impacto ambiental al evitar los residuos pl\u00e1sticos de un solo uso. Adem\u00e1s, se descompone de forma natural sin da\u00f1ar el medio ambiente, lo que la convierte en una soluci\u00f3n ideal para quienes buscan alternativas m\u00e1s sostenibles.<\/p>\n<h4>Higiene y comodidad en cada unidad<\/h4>\n<p>Cada pajita de papel recta surtida se entrega envasada individualmente, lo que garantiza la protecci\u00f3n contra la contaminaci\u00f3n y mantiene la calidad del producto hasta el momento de su uso. Esto la hace ideal para bares, cafeter\u00edas, restaurantes y eventos donde la higiene es una prioridad.<\/p>\n<h4>Versatilidad para diferentes entornos<\/h4>\n<p>Estas pajitas sostenibles son ideales para cualquier entorno, ya sea para uso dom\u00e9stico, fiestas privadas o establecimientos comerciales. Adem\u00e1s, son totalmente seguras para el consumo alimentario, lo que proporciona una experiencia agradable y responsable con cada sorbo.<\/p>\n<p>Si quieres a\u00f1adir color, diversi\u00f3n y conciencia ambiental a tus bebidas, elige la pajita de papel recta a rayas surtidas de 0,6 x 21 cm (envasada individualmente) y convierte cualquier momento en un evento especial. Ver m\u00e1s <a href=\"https:\/\/copopalhinhas.maildx.net\/es\/categorias\/palhinhas\/?wpf_filter_cat_list_5=1726&amp;wpf_fbv=1\">pajitas surtidas<\/a>.<\/p>","protected":false},"excerpt":{"rendered":"<p>\u00a1Dale un toque vibrante a tus bebidas! La pajita de papel recta con rayas surtidas de 0,6 x 21 cm (envasada individualmente) es biodegradable, colorida y perfecta para fiestas y eventos.<\/p>","protected":false},"featured_media":27562,"comment_status":"open","ping_status":"closed","template":"","meta":{"_acf_changed":false},"product_brand":[],"product_cat":[2052,2054,1726,1479,1704,1484,1706,1546,229],"product_tag":[1570,1611,1613],"class_list":{"0":"post-22023","1":"product","2":"type-product","3":"status-publish","4":"has-post-thumbnail","6":"product_cat-palhinhas-embaladas-individualmente","7":"product_cat-palhinhas-retas","8":"product_cat-multicor","9":"product_cat-embalado-individualmente","10":"product_cat-reta","11":"product_cat-cartao","12":"product_cat-60mm","13":"product_cat-21cm","14":"product_cat-palhinhas","15":"product_tag-menu-palhinhas","16":"product_tag-sub-menu-plahinhas-embaladas-individualmente","17":"product_tag-sub-menu-palhinhas-retas","18":"pa_qtd-por-caixa-281","19":"pa_qtd-por-caixa-1364","20":"tm-no-options","22":"first","23":"instock","24":"taxable","25":"shipping-taxable","26":"purchasable","27":"product-type-variable"},"acf":[],"_links":{"self":[{"href":"https:\/\/copopalhinhas.maildx.net\/es\/wp-json\/wp\/v2\/product\/22023","targetHints":{"allow":["GET"]}}],"collection":[{"href":"https:\/\/copopalhinhas.maildx.net\/es\/wp-json\/wp\/v2\/product"}],"about":[{"href":"https:\/\/copopalhinhas.maildx.net\/es\/wp-json\/wp\/v2\/types\/product"}],"replies":[{"embeddable":true,"href":"https:\/\/copopalhinhas.maildx.net\/es\/wp-json\/wp\/v2\/comments?post=22023"}],"wp:featuredmedia":[{"embeddable":true,"href":"https:\/\/copopalhinhas.maildx.net\/es\/wp-json\/wp\/v2\/media\/27562"}],"wp:attachment":[{"href":"https:\/\/copopalhinhas.maildx.net\/es\/wp-json\/wp\/v2\/media?parent=22023"}],"wp:term":[{"taxonomy":"product_brand","embeddable":true,"href":"https:\/\/copopalhinhas.maildx.net\/es\/wp-json\/wp\/v2\/product_brand?post=22023"},{"taxonomy":"product_cat","embeddable":true,"href":"https:\/\/copopalhinhas.maildx.net\/es\/wp-json\/wp\/v2\/product_cat?post=22023"},{"taxonomy":"product_tag","embeddable":true,"href":"https:\/\/copopalhinhas.maildx.net\/es\/wp-json\/wp\/v2\/product_tag?post=22023"}],"curies":[{"name":"wp","href":"https:\/\/api.w.org\/{rel}","templated":true}]}}