{"id":23896,"date":"2023-04-13T15:20:49","date_gmt":"2023-04-13T14:20:49","guid":{"rendered":"https:\/\/copopalhinhas.maildx.net\/?post_type=product&#038;p=23896"},"modified":"2025-11-22T00:23:23","modified_gmt":"2025-11-22T00:23:23","slug":"fita-porta-copo-branca-ecocopo-20-30","status":"publish","type":"product","link":"https:\/\/copopalhinhas.maildx.net\/es\/producto\/fita-porta-copo-branca-ecocopo-20-30\/","title":{"rendered":"TIRA PORTAVASOS BLANCA PARA ECO CUP 20 O 30"},"content":{"rendered":"<div id=\"tab-description\" class=\"woocommerce-Tabs-panel woocommerce-Tabs-panel--description panel entry-content wc-tab xts-active\" role=\"tabpanel\" aria-labelledby=\"tab-title-description\" data-accordion-index=\"description\">\n<h3>Practicidad y estilo con la cinta portavasos blanca<\/h3>\n<p>En cualquier evento, la organizaci\u00f3n y la comodidad de los participantes marcan la diferencia. Este portavasos blanco fue creado precisamente para este prop\u00f3sito: mantener la Eco Cup siempre accesible, sin ocupar las manos. Adem\u00e1s, es compatible con modelos de 20 y 30 cl, lo que lo hace vers\u00e1til y pr\u00e1ctico. Por lo tanto, es ideal para quienes valoran la funcionalidad y la simplicidad.<\/p>\n<h4>Ideal para eventos con vasos reutilizables<\/h4>\n<p>Muchos eventos ya han adoptado vasos reutilizables para reducir su impacto ambiental. En este contexto, el portavasos blanco se convierte en un aliado esencial. Esto permite a los participantes transportar f\u00e1cilmente sus vasos, evitando p\u00e9rdidas y fomentando su uso continuado. Como resultado, esta pr\u00e1ctica contribuye significativamente a la reducci\u00f3n de residuos pl\u00e1sticos.<\/p>\n<h4>Libertad de movimiento con total comodidad<\/h4>\n<p>Gracias a esta correa reutilizable, la copa se mantiene sujeta al cuello de forma segura y c\u00f3moda. Esto significa que los usuarios ya no tienen que preocuparse por sujetarla constantemente. Por lo tanto, pueden disfrutar del evento con mayor libertad. Ya sea en un festival, una feria o una celebraci\u00f3n, esta soluci\u00f3n resulta sumamente eficaz.<\/p>\n<h4>Dise\u00f1o simple, funcional y ligero.<\/h4>\n<p>Con un dise\u00f1o discreto y neutro, la cinta blanca se integra en cualquier entorno. Su construcci\u00f3n ligera proporciona comodidad incluso durante horas de uso. Mientras que otras opciones pueden resultar inc\u00f3modas, esta logra el equilibrio perfecto entre est\u00e9tica y utilidad.<\/p>\n<p>Esta cinta reutilizable fue desarrollada espec\u00edficamente para los vasos ecol\u00f3gicos de 20 y 30 cl de Copopalhinhas. Es la opci\u00f3n ideal para eventos que valoran la reutilizaci\u00f3n, la funcionalidad y la experiencia del asistente.<\/p>\n<h3><span style=\"font-size: 16px\">Ver m\u00e1s <\/span><a style=\"font-size: 16px\" href=\"https:\/\/copopalhinhas.maildx.net\/es\/categorias\/fitas-clips\/\">Cintas\/Clips<\/a><span style=\"font-size: 16px\">.<\/span><\/h3>\n<h6>Posibilidad de personalizaci\u00f3n con su logotipo, env\u00ede un correo electr\u00f3nico con su solicitud a comercial@copopalhinhas.pt<\/h6>\n<\/div>\n<p><img decoding=\"async\" src=\"https:\/\/copopalhinhas.maildx.net\/wp-content\/uploads\/Icon_DESCARTAVEL.png\" alt=\"\" width=\"30\" height=\"30\" \/> <strong>Desechable<\/strong><\/p>","protected":false},"excerpt":{"rendered":"<p>Portavasos blanco ideal para eventos con EcoCups de 20 o 30 cl. Mantiene tu vaso siempre accesible y te deja las manos libres. Garantiza comodidad y seguridad durante todo el uso. Perfecto para eventos sostenibles y organizados.<\/p>\n<h6>Posibilidad de personalizaci\u00f3n con su logotipo, env\u00ede un correo electr\u00f3nico con su solicitud a comercial@copopalhinhas.pt.<\/h6>\n<p><img decoding=\"async\" src=\"https:\/\/copopalhinhas.maildx.net\/wp-content\/uploads\/Icon_DESCARTAVEL.png\" alt=\"\" width=\"30\" height=\"30\" \/><\/p>","protected":false},"featured_media":23900,"comment_status":"open","ping_status":"closed","template":"","meta":{"_acf_changed":false},"product_brand":[],"product_cat":[2016,2057,2059,1719,1511,1902,1738,1740,1404,234],"product_tag":[1571,1574,1840,1616],"class_list":{"0":"post-23896","1":"product","2":"type-product","3":"status-publish","4":"has-post-thumbnail","6":"product_cat-ecocopos-modelo","7":"product_cat-fitas-clips","8":"product_cat-porta-copos-suportes","9":"product_cat-branco","10":"product_cat-reutilizaveis-caracteristica","11":"product_cat-nylon","12":"product_cat-ecocopos","13":"product_cat-fitas","14":"product_cat-porta-copos","15":"product_cat-acessorios","16":"product_tag-menu-acessorios","17":"product_tag-menu-ecocopo","18":"product_tag-sub-menu-ecocopo-fitas","19":"product_tag-sub-menu-porta-copos","20":"pa_qtd-por-caixa-1273","21":"pa_qtd-por-caixa-1288","22":"tm-no-options","24":"first","25":"instock","26":"taxable","27":"shipping-taxable","28":"purchasable","29":"product-type-variable"},"acf":[],"_links":{"self":[{"href":"https:\/\/copopalhinhas.maildx.net\/es\/wp-json\/wp\/v2\/product\/23896","targetHints":{"allow":["GET"]}}],"collection":[{"href":"https:\/\/copopalhinhas.maildx.net\/es\/wp-json\/wp\/v2\/product"}],"about":[{"href":"https:\/\/copopalhinhas.maildx.net\/es\/wp-json\/wp\/v2\/types\/product"}],"replies":[{"embeddable":true,"href":"https:\/\/copopalhinhas.maildx.net\/es\/wp-json\/wp\/v2\/comments?post=23896"}],"wp:featuredmedia":[{"embeddable":true,"href":"https:\/\/copopalhinhas.maildx.net\/es\/wp-json\/wp\/v2\/media\/23900"}],"wp:attachment":[{"href":"https:\/\/copopalhinhas.maildx.net\/es\/wp-json\/wp\/v2\/media?parent=23896"}],"wp:term":[{"taxonomy":"product_brand","embeddable":true,"href":"https:\/\/copopalhinhas.maildx.net\/es\/wp-json\/wp\/v2\/product_brand?post=23896"},{"taxonomy":"product_cat","embeddable":true,"href":"https:\/\/copopalhinhas.maildx.net\/es\/wp-json\/wp\/v2\/product_cat?post=23896"},{"taxonomy":"product_tag","embeddable":true,"href":"https:\/\/copopalhinhas.maildx.net\/es\/wp-json\/wp\/v2\/product_tag?post=23896"}],"curies":[{"name":"wp","href":"https:\/\/api.w.org\/{rel}","templated":true}]}}