{"id":23996,"date":"2023-04-26T12:07:15","date_gmt":"2023-04-26T11:07:15","guid":{"rendered":"https:\/\/copopalhinhas.maildx.net\/?post_type=product&#038;p=23996"},"modified":"2025-10-15T17:10:22","modified_gmt":"2025-10-15T16:10:22","slug":"palhinha-reta-papel-kraft-06x14-caipirinha","status":"publish","type":"product","link":"https:\/\/copopalhinhas.maildx.net\/es\/producto\/palhinha-reta-papel-kraft-06x14-caipirinha\/","title":{"rendered":"PAJA RECTA PAPEL KRAFT 0,6X14CM PARA CAIPIRINHA"},"content":{"rendered":"<h3>Palhinha Reta de Papel Kraft 0,6x14cm para Caipirinha \u2013 Escolhe Sustentabilidade com Eleg\u00e2ncia<\/h3>\n<p>Transforma o momento de saborear as tuas bebidas com a palhinha reta de papel kraft 0,6x14cm para caipirinha. Inspirada na tradi\u00e7\u00e3o brasileira, esta palhinha combina estilo, funcionalidade e respeito ao meio ambiente. Descobre como esta solu\u00e7\u00e3o pode transformar os teus eventos em experi\u00eancias sustent\u00e1veis.<\/p>\n<h4>Mejora el estilo de tus bebidas<\/h4>\n<p>Cri\u00e1mos estas palhinhas para elevar a apresenta\u00e7\u00e3o das tuas caipirinhas. O material em papel kraft oferece um toque r\u00fastico que combina perfeitamente com festas tem\u00e1ticas e encontros descontra\u00eddos. Al\u00e9m disso, adapta-se facilmente a diversas ocasi\u00f5es, tornando qualquer celebra\u00e7\u00e3o especial e ecol\u00f3gica.<\/p>\n<h4>Tama\u00f1o perfecto para una versatilidad total<\/h4>\n<p>Com 14cm de comprimento, estas palhinhas foram pensadas para copos tradicionais de caipirinha. Por essa raz\u00e3o, encaixam perfeitamente na tua bebida, permitindo saborear cada gole sem desperd\u00edcio. Al\u00e9m disso, s\u00e3o ideais para smoothies, granizados e at\u00e9 batidos.<\/p>\n<h4>Apuesta por una alternativa sostenible<\/h4>\n<p>Escolhe uma solu\u00e7\u00e3o amiga do ambiente. As palhinhas de papel kraft biodegrad\u00e1vel reduzem os res\u00edduos pl\u00e1sticos, promovendo um futuro mais sustent\u00e1vel. Dessa forma, podes aproveitar as tuas bebidas favoritas enquanto fazes a diferen\u00e7a para o planeta.<\/p>\n<h4>Transforma tus bebidas<\/h4>\n<p>Descobre j\u00e1 as palhinhas retas de papel kraft 0,6x14cm para caipirinha e d\u00e1 um novo significado ao consumo consciente. Adiciona esta op\u00e7\u00e3o sustent\u00e1vel ao teu dia a dia e faz a diferen\u00e7a, uma bebida de cada vez!<span style=\"font-size: 16px\"> Ver m\u00e1s <\/span><a style=\"font-size: 16px\" href=\"https:\/\/copopalhinhas.maildx.net\/es\/categorias\/palhinhas\/?wpf_filter_cat_list_0=1508&amp;wpf_fbv=1\">pajitas kraft<\/a><span style=\"font-size: 16px\">.<\/span><\/p>","protected":false},"excerpt":{"rendered":"<p>Adiciona sustentabilidade \u00e0s tuas bebidas! A palhinha reta de papel kraft 0,6x14cm para caipirinha \u00e9 ideal para cocktails e biodegrad\u00e1vel.<br \/>\nEsta palhinha retas em papel kraft para caipirinha combinam funcionalidade e responsabilidade ambiental.<\/p>","protected":false},"featured_media":27492,"comment_status":"open","ping_status":"closed","template":"","meta":{"_acf_changed":false},"product_brand":[],"product_cat":[2054,1725,1399,1704,1508,1467,1706,1650,229],"product_tag":[1570,1613],"class_list":{"0":"post-23996","1":"product","2":"type-product","3":"status-publish","4":"has-post-thumbnail","6":"product_cat-palhinhas-retas","7":"product_cat-castanho","8":"product_cat-avulso","9":"product_cat-reta","10":"product_cat-kraft","11":"product_cat-medidas","12":"product_cat-60mm","13":"product_cat-14cm","14":"product_cat-palhinhas","15":"product_tag-menu-palhinhas","16":"product_tag-sub-menu-palhinhas-retas","17":"pa_qtd-por-caixa-1308","18":"pa_qtd-por-caixa-1284","19":"tm-no-options","21":"first","22":"instock","23":"taxable","24":"shipping-taxable","25":"purchasable","26":"product-type-variable"},"acf":[],"_links":{"self":[{"href":"https:\/\/copopalhinhas.maildx.net\/es\/wp-json\/wp\/v2\/product\/23996","targetHints":{"allow":["GET"]}}],"collection":[{"href":"https:\/\/copopalhinhas.maildx.net\/es\/wp-json\/wp\/v2\/product"}],"about":[{"href":"https:\/\/copopalhinhas.maildx.net\/es\/wp-json\/wp\/v2\/types\/product"}],"replies":[{"embeddable":true,"href":"https:\/\/copopalhinhas.maildx.net\/es\/wp-json\/wp\/v2\/comments?post=23996"}],"wp:featuredmedia":[{"embeddable":true,"href":"https:\/\/copopalhinhas.maildx.net\/es\/wp-json\/wp\/v2\/media\/27492"}],"wp:attachment":[{"href":"https:\/\/copopalhinhas.maildx.net\/es\/wp-json\/wp\/v2\/media?parent=23996"}],"wp:term":[{"taxonomy":"product_brand","embeddable":true,"href":"https:\/\/copopalhinhas.maildx.net\/es\/wp-json\/wp\/v2\/product_brand?post=23996"},{"taxonomy":"product_cat","embeddable":true,"href":"https:\/\/copopalhinhas.maildx.net\/es\/wp-json\/wp\/v2\/product_cat?post=23996"},{"taxonomy":"product_tag","embeddable":true,"href":"https:\/\/copopalhinhas.maildx.net\/es\/wp-json\/wp\/v2\/product_tag?post=23996"}],"curies":[{"name":"wp","href":"https:\/\/api.w.org\/{rel}","templated":true}]}}