{"id":24143,"date":"2023-04-27T14:38:36","date_gmt":"2023-04-27T13:38:36","guid":{"rendered":"https:\/\/copopalhinhas.maildx.net\/?post_type=product&#038;p=24143"},"modified":"2025-10-16T17:42:01","modified_gmt":"2025-10-16T16:42:01","slug":"taca-sopa-papel-kraft-50cl-500ml-16oz","status":"publish","type":"product","link":"https:\/\/copopalhinhas.maildx.net\/es\/producto\/taca-sopa-papel-kraft-50cl-500ml-16oz\/","title":{"rendered":"Taz\u00f3n de sopa de papel kraft de 50 cl (500 ml\/16 oz)"},"content":{"rendered":"<h2>Taz\u00f3n de sopa Kraft 50 cl: robustez, comodidad y presentaci\u00f3n cuidada<\/h2>\n<p>EL <strong>Taz\u00f3n de sopa kraft 50cl<\/strong> (500 ml\/16 oz) fue dise\u00f1ado para servir sopas, cremas y comidas l\u00edquidas con precisi\u00f3n profesional. Adem\u00e1s, su fabricaci\u00f3n en papel kraft ofrece rigidez y confort t\u00e9rmico durante su manipulaci\u00f3n, lo que mejora la experiencia del cliente en mostradores, autoservicios y comida para llevar. Esto garantiza una presentaci\u00f3n impecable y agiliza el servicio.<\/p>\n<h3>Capacidad y aplicaciones<\/h3>\n<p>Con <strong>50 cl (500 ml\/16 oz)<\/strong>Este taz\u00f3n tiene capacidad para generosas porciones de sopa, chili, ramen, caldos, pasta con salsa y guisos. Por lo tanto, es ideal para comedores, restaurantes, food trucks y eventos. Adem\u00e1s, su forma estable permite apilar y reponer r\u00e1pidamente, reduciendo los tiempos de espera y minimizando las roturas.<\/p>\n<h3>Material Kraft y beneficios<\/h3>\n<p>Producido en <strong>papel kraft<\/strong> Fabricado con fibras v\u00edrgenes procedentes de bosques gestionados responsablemente, el cuenco combina ligereza y resistencia. Adem\u00e1s, su superficie interior lisa mejora la higiene y facilita la bebida. Como resultado, cada porci\u00f3n llega al cliente con una mejor apariencia, mayor estabilidad y una agradable sensaci\u00f3n al tacto.<\/p>\n<h3>Seguridad alimentaria y cumplimiento<\/h3>\n<p>EL <strong>taz\u00f3n de sopa kraft<\/strong> y <strong>Apto para contacto con alimentos<\/strong> seg\u00fan el <a href=\"https:\/\/eur-lex.europa.eu\/legal-content\/PT\/TXT\/?uri=CELEX:32004R1935\" target=\"_blank\" rel=\"noopener\">Reglamento (CE) n.\u00ba 1935\/2004<\/a> y cumple con las buenas pr\u00e1cticas de fabricaci\u00f3n de acuerdo con las <a href=\"https:\/\/eur-lex.europa.eu\/legal-content\/PT\/TXT\/?uri=CELEX:32006R2023\" target=\"_blank\" rel=\"noopener\">Reglamento (CE) n.\u00ba 2023\/2006<\/a>De esta manera, podr\u00e1s utilizarlo con confianza tanto en entornos profesionales como familiares.<\/p>\n<h3>Rendimiento diario<\/h3>\n<p>El material presenta <strong>Buena resistencia a la grasa y la humedad.<\/strong>, lo que reduce la deformaci\u00f3n y las manchas durante el uso. Tambi\u00e9n contiene alimentos. <strong>caliente y fr\u00edo<\/strong> de la vida cotidiana sin perder la forma. As\u00ed, la <strong>Vaso de papel kraft de 500 ml<\/strong> Mantiene la integridad de la receta desde la cocina hasta la mesa o la entrega.<\/p>\n<h3>Operaci\u00f3n eficiente<\/h3>\n<p>Ligero, apilable y estable, el recipiente facilita su colocaci\u00f3n, llenado y transporte. Adem\u00e1s, es compatible con las tapas adecuadas (si corresponde), lo que ayuda a prevenir derrames durante el env\u00edo. Como resultado, el servicio es m\u00e1s r\u00e1pido, limpio y consistente.<\/p>\n<h3>Medio ambiente y fin de la vida<\/h3>\n<p>Porque lo es <strong>desechable<\/strong>, simplifica los procesos y reduce el lavado. Adem\u00e1s, el papel kraft puede ser <strong>reciclable<\/strong> o reenviado a <strong>recuperaci\u00f3n de energ\u00eda<\/strong>De acuerdo con las pr\u00e1cticas locales, esto nos permite equilibrar la eficiencia operativa con decisiones responsables, alineadas con las expectativas actuales.<\/p>\n<h3>Especificaciones esenciales<\/h3>\n<p><strong>Capacidad:<\/strong> 50 cl (500 ml\/16 oz). <strong>Color:<\/strong> papel kraft natural. <strong>Material:<\/strong> Papel kraft de fibra virgen. <strong>Tipo:<\/strong> desechable. <strong>Propiedades:<\/strong> resistente a la grasa y la humedad; <strong>Apto para contacto con alimentos<\/strong>; adecuado para alimentos fr\u00edos y calientes. <strong>Aplicaciones:<\/strong> Sopas, cremas, pastas con salsa, guisos, comida a domicilio y para llevar.<\/p>\n<p>En resumen, el <strong>Taz\u00f3n de sopa kraft 50cl<\/strong> Combina capacidad \u00f3ptima, seguridad alimentaria y una presentaci\u00f3n que realza cada receta, garantizando un servicio r\u00e1pido y una experiencia positiva para el cliente. Ver m\u00e1s productos en <a href=\"https:\/\/copopalhinhas.maildx.net\/es\/categorias\/loucas-descartaveis\/\">Vajilla desechable<\/a>.<\/p>\n<p><img decoding=\"async\" src=\"https:\/\/copopalhinhas.maildx.net\/wp-content\/uploads\/Icon_DESCARTAVEL.png\" alt=\"\" width=\"30\" height=\"30\" \/>\u00a0<strong>Desechable<\/strong><\/p>\n<p><img decoding=\"async\" src=\"https:\/\/copopalhinhas.maildx.net\/wp-content\/uploads\/Icons_alimentos.png\" alt=\"\" width=\"30\" height=\"30\" \/>\u00a0<strong>Alimento<\/strong>: Apto para consumo alimentario.<\/p>\n<p><img decoding=\"async\" src=\"https:\/\/copopalhinhas.maildx.net\/wp-content\/uploads\/Icon_reciclaveis.png\" alt=\"\" width=\"30\" height=\"30\" \/>\u00a0<strong>Reciclables<\/strong>:Productos que pueden reciclarse o utilizarse para la recuperaci\u00f3n de energ\u00eda.<\/p>","protected":false},"excerpt":{"rendered":"<p>El taz\u00f3n de sopa de papel kraft de 50 cl (500 ml\/16 oz) garantiza un servicio r\u00e1pido y una presentaci\u00f3n impecable. Adem\u00e1s, es resistente a la grasa y la humedad. Es apto para alimentos y apto tanto para comidas fr\u00edas como calientes. Por lo tanto, el taz\u00f3n de papel kraft de 500 ml es la opci\u00f3n perfecta para restaurantes, cafeter\u00edas y comida para llevar.<\/p>\n<p><img decoding=\"async\" src=\"https:\/\/copopalhinhas.maildx.net\/wp-content\/uploads\/Icons_alimentos.png\" alt=\"\" width=\"30\" height=\"30\" \/>\u00a0<img decoding=\"async\" src=\"https:\/\/copopalhinhas.maildx.net\/wp-content\/uploads\/Icon_DESCARTAVEL.png\" alt=\"\" width=\"30\" height=\"30\" \/>\u00a0<img decoding=\"async\" src=\"https:\/\/copopalhinhas.maildx.net\/wp-content\/uploads\/Icon_reciclaveis.png\" alt=\"\" width=\"30\" height=\"30\" \/><\/p>","protected":false},"featured_media":27850,"comment_status":"open","ping_status":"closed","template":"","meta":{"_acf_changed":false},"product_brand":[],"product_cat":[1725,2008,2040,1455,1512,1508,1499,1498,1464,226],"product_tag":[1569,1596,1598,1848],"class_list":{"0":"post-24143","1":"product","2":"type-product","3":"status-publish","4":"has-post-thumbnail","6":"product_cat-castanho","7":"product_cat-loucas-descartaveis","8":"product_cat-loucas-descartaveis-cartao","9":"product_cat-41-50cl","10":"product_cat-descartavel","11":"product_cat-kraft","12":"product_cat-sobremesa","13":"product_cat-sopa","14":"product_cat-tacas","15":"product_cat-loucas","16":"product_tag-menu-descartaveis","17":"product_tag-sub-menu-loucas-descartaveis","18":"product_tag-sub-menu-loucas-descartaveis-cartao","19":"product_tag-loucas-descartaveis-homepage","20":"pa_qtd-por-caixa-1273","21":"pa_qtd-por-caixa-1275","22":"tm-no-options","24":"first","25":"instock","26":"taxable","27":"shipping-taxable","28":"purchasable","29":"product-type-variable"},"acf":[],"_links":{"self":[{"href":"https:\/\/copopalhinhas.maildx.net\/es\/wp-json\/wp\/v2\/product\/24143","targetHints":{"allow":["GET"]}}],"collection":[{"href":"https:\/\/copopalhinhas.maildx.net\/es\/wp-json\/wp\/v2\/product"}],"about":[{"href":"https:\/\/copopalhinhas.maildx.net\/es\/wp-json\/wp\/v2\/types\/product"}],"replies":[{"embeddable":true,"href":"https:\/\/copopalhinhas.maildx.net\/es\/wp-json\/wp\/v2\/comments?post=24143"}],"wp:featuredmedia":[{"embeddable":true,"href":"https:\/\/copopalhinhas.maildx.net\/es\/wp-json\/wp\/v2\/media\/27850"}],"wp:attachment":[{"href":"https:\/\/copopalhinhas.maildx.net\/es\/wp-json\/wp\/v2\/media?parent=24143"}],"wp:term":[{"taxonomy":"product_brand","embeddable":true,"href":"https:\/\/copopalhinhas.maildx.net\/es\/wp-json\/wp\/v2\/product_brand?post=24143"},{"taxonomy":"product_cat","embeddable":true,"href":"https:\/\/copopalhinhas.maildx.net\/es\/wp-json\/wp\/v2\/product_cat?post=24143"},{"taxonomy":"product_tag","embeddable":true,"href":"https:\/\/copopalhinhas.maildx.net\/es\/wp-json\/wp\/v2\/product_tag?post=24143"}],"curies":[{"name":"wp","href":"https:\/\/api.w.org\/{rel}","templated":true}]}}