{"id":25077,"date":"2023-05-18T14:08:24","date_gmt":"2023-05-18T13:08:24","guid":{"rendered":"https:\/\/copopalhinhas.maildx.net\/?post_type=product&#038;p=25077"},"modified":"2025-10-10T15:29:01","modified_gmt":"2025-10-10T14:29:01","slug":"pinca-inox-gelo-12cm","status":"publish","type":"product","link":"https:\/\/copopalhinhas.maildx.net\/es\/producto\/pinca-inox-gelo-12cm\/","title":{"rendered":"PINZA PARA HIELO DE ACERO INOXIDABLE 12 CM"},"content":{"rendered":"<h2>Pinzas para hielo de acero inoxidable de 12 cm: precisi\u00f3n y elegancia<\/h2>\n<p>EL <strong>Pinzas para hielo de acero inoxidable de 12 cm<\/strong> Es un accesorio imprescindible para b\u00e1rmanes, aficionados a los c\u00f3cteles y cualquiera que valore la sofisticaci\u00f3n al servir bebidas. Adem\u00e1s, fue desarrollado para ofrecer mayor higiene y practicidad al manipular el hielo. Fabricado en acero inoxidable de alta calidad, combina durabilidad, resistencia y facilidad de limpieza. Esto garantiza un uso eficiente tanto en entornos profesionales como dom\u00e9sticos.<\/p>\n<h2>Caracter\u00edsticas principales<\/h2>\n<ul>\n<li><strong>Material resistente:<\/strong> Fabricado en acero inoxidable, garantiza una larga vida \u00fatil y una alta resistencia a la corrosi\u00f3n.<\/li>\n<li><strong>Longitud ideal:<\/strong> Con 12 cm, es perfectamente adecuado para manipular cubitos de hielo con precisi\u00f3n y seguridad.<\/li>\n<li><strong>Punta dentada:<\/strong> Proporciona un agarre firme, evitando que el hielo se resbale durante el servicio y manteniendo la eficiencia.<\/li>\n<li><strong>Dise\u00f1o funcional:<\/strong> Estructura ergon\u00f3mica y elegante, combinando est\u00e9tica moderna y practicidad para el uso diario.<\/li>\n<\/ul>\n<h2>Beneficios adicionales<\/h2>\n<p>Gracias a su forma ergon\u00f3mica y material de calidad, este <em>pinzas para hielo de acero inoxidable<\/em> Garantiza mayor higiene y precisi\u00f3n en el servicio. Adem\u00e1s, evita el contacto directo con los cubitos de hielo, lo que proporciona una experiencia m\u00e1s segura y profesional. Por otro lado, tambi\u00e9n destaca por su versatilidad, ya que permite recoger frutas, hierbas y peque\u00f1as guarniciones para c\u00f3cteles. Esto lo convierte en una herramienta multifuncional indispensable.<\/p>\n<h2>Aplicaciones recomendadas<\/h2>\n<ul>\n<li><strong>Bares y restaurantes:<\/strong> Mejora la presentaci\u00f3n de las bebidas y a\u00f1ade un toque de profesionalidad al servicio.<\/li>\n<li><strong>Eventos y fiestas:<\/strong> Ideal para ocasiones especiales, ya que garantiza elegancia y practicidad al momento de servir.<\/li>\n<li><strong>Uso dom\u00e9stico:<\/strong> Aporta sofisticaci\u00f3n a tu hogar e impresiona a tus invitados con c\u00f3cteles bien preparados.<\/li>\n<\/ul>\n<p>Por lo tanto, invertir en una <strong>pinzas para hielo de acero inoxidable<\/strong> Significa optar por calidad, durabilidad y estilo. As\u00ed que, ya sea en bares, restaurantes o en casa, estas pinzas son la opci\u00f3n ideal para quienes buscan funcionalidad y elegancia. Ver m\u00e1s productos en <a href=\"https:\/\/copopalhinhas.maildx.net\/es\/categorias\/inox\/\">Acero inoxidable<\/a>.<\/p>","protected":false},"excerpt":{"rendered":"<p>Las pinzas para hielo de acero inoxidable de 12 cm son la opci\u00f3n ideal para quienes buscan precisi\u00f3n y elegancia al servir bebidas. Adem\u00e1s, evitan el contacto directo con los cubitos de hielo, garantizando una mayor higiene. Gracias a su dise\u00f1o ergon\u00f3mico, ofrecen practicidad y comodidad en cada uso. Son perfectas para bares, eventos y uso dom\u00e9stico.<\/p>","protected":false},"featured_media":29040,"comment_status":"open","ping_status":"closed","template":"","meta":{"_acf_changed":false},"product_brand":[],"product_cat":[2006,2014,2071,1770,1480,1659,1800,234],"product_tag":[1571,1700,1588,1568,1626],"class_list":{"0":"post-25077","1":"product","2":"type-product","3":"status-publish","4":"has-post-thumbnail","6":"product_cat-inox","7":"product_cat-utensilios-de-bar","8":"product_cat-utensilios-para-balcao","9":"product_cat-cinzento","10":"product_cat-inox-materia-prima","11":"product_cat-12cm","12":"product_cat-pinca","13":"product_cat-acessorios","14":"product_tag-menu-acessorios","15":"product_tag-sub-menu-utensilios-balcao","16":"product_tag-sub-menu-inox","17":"product_tag-menu-reutilizaveis","18":"product_tag-sub-menu-utensilios-de-bar","19":"pa_qtd-por-caixa-297","20":"tm-no-options","22":"first","23":"instock","24":"taxable","25":"shipping-taxable","26":"purchasable","27":"product-type-variable"},"acf":[],"_links":{"self":[{"href":"https:\/\/copopalhinhas.maildx.net\/es\/wp-json\/wp\/v2\/product\/25077","targetHints":{"allow":["GET"]}}],"collection":[{"href":"https:\/\/copopalhinhas.maildx.net\/es\/wp-json\/wp\/v2\/product"}],"about":[{"href":"https:\/\/copopalhinhas.maildx.net\/es\/wp-json\/wp\/v2\/types\/product"}],"replies":[{"embeddable":true,"href":"https:\/\/copopalhinhas.maildx.net\/es\/wp-json\/wp\/v2\/comments?post=25077"}],"wp:featuredmedia":[{"embeddable":true,"href":"https:\/\/copopalhinhas.maildx.net\/es\/wp-json\/wp\/v2\/media\/29040"}],"wp:attachment":[{"href":"https:\/\/copopalhinhas.maildx.net\/es\/wp-json\/wp\/v2\/media?parent=25077"}],"wp:term":[{"taxonomy":"product_brand","embeddable":true,"href":"https:\/\/copopalhinhas.maildx.net\/es\/wp-json\/wp\/v2\/product_brand?post=25077"},{"taxonomy":"product_cat","embeddable":true,"href":"https:\/\/copopalhinhas.maildx.net\/es\/wp-json\/wp\/v2\/product_cat?post=25077"},{"taxonomy":"product_tag","embeddable":true,"href":"https:\/\/copopalhinhas.maildx.net\/es\/wp-json\/wp\/v2\/product_tag?post=25077"}],"curies":[{"name":"wp","href":"https:\/\/api.w.org\/{rel}","templated":true}]}}