{"id":25640,"date":"2023-05-25T12:59:11","date_gmt":"2023-05-25T11:59:11","guid":{"rendered":"https:\/\/copopalhinhas.maildx.net\/?post_type=product&#038;p=25640"},"modified":"2025-09-29T14:31:30","modified_gmt":"2025-09-29T13:31:30","slug":"bandeja-travessa-bagaco-branco-95cl-950ml","status":"publish","type":"product","link":"https:\/\/copopalhinhas.maildx.net\/es\/producto\/bandeja-travessa-bagaco-branco-95cl-950ml\/","title":{"rendered":"BANDEJA DE BAGAZO BLANCO 95CL (950ML)"},"content":{"rendered":"<h2>Bandeja de Bagazo Blanco (95 cl): Sostenible y Elegante<\/h2>\n<p>EL <strong>Bandeja de bagazo blanco 95 cl (950 ml)<\/strong> Fue dise\u00f1ado para presentar platos con una apariencia cuidada y reducir el impacto ambiental. Por lo tanto, es perfecto para eventos, restaurantes, comida para llevar y catering. Adem\u00e1s, combina durabilidad, seguridad alimentaria y una est\u00e9tica minimalista que realza cualquier mesa.<\/p>\n<h3>\u00bfPor qu\u00e9 elegir el bagazo de ca\u00f1a de az\u00facar?<\/h3>\n<p>El bagazo es un subproducto renovable de la ca\u00f1a de az\u00facar. Por lo tanto, <em>bandeja de bagazo<\/em> y <strong>biodegradable<\/strong> y <strong>compostable<\/strong> (EN13432), lo que contribuye a la reducci\u00f3n de residuos pl\u00e1sticos. Adem\u00e1s, su producci\u00f3n utiliza recursos naturales y promueve pr\u00e1cticas m\u00e1s responsables.<\/p>\n<h3>Capacidad y versatilidad<\/h3>\n<p>Con <strong>95 cl (950 ml)<\/strong> Con una capacidad \u00fatil, esta bandeja sirve abundantes ensaladas, pastas, platos principales, platos para compartir y postres. Es ideal para servir comidas fr\u00edas y calientes, tanto en casa como para llevar. Su forma estable facilita su apilamiento y transporte.<\/p>\n<h3>Resistencia probada<\/h3>\n<p>A pesar de ser ecol\u00f3gico, el <strong>bandeja de bagazo (bandeja)<\/strong> Presenta un excelente rendimiento: resiste <strong>aceites y grasas<\/strong>, a <strong>humedad<\/strong> y el <strong>cort\u00e9s<\/strong> Uso ocasional de cubiertos. Adem\u00e1s, es <strong>Apto para microondas<\/strong> (hasta aproximadamente 9 minutos\/1000 W o 7:30\/1200 W) para recalentar. No es apto para horno. Por lo tanto, puede soportar variaciones de temperatura de aproximadamente <strong>-18\u00baC a +150\u00baC<\/strong>, manteniendo la integridad estructural.<\/p>\n<h3>Seguridad alimentaria<\/h3>\n<p>El material est\u00e1 libre de aditivos nocivos y cumple con los requisitos de <strong>Contacto con alimentos<\/strong> de <strong>Reglamento (CE) n.\u00ba 1935\/2004<\/strong> y de la <strong>Buenas pr\u00e1cticas de fabricaci\u00f3n<\/strong> de <strong>Reglamento (CE) n.\u00ba 2023\/2006<\/strong>. Por tanto, el contacto directo con los alimentos es seguro y fiable.<\/p>\n<h3>Operaci\u00f3n eficiente<\/h3>\n<p>Adem\u00e1s de ser duradera, la bandeja es ligera y f\u00e1cil de manejar. Esto optimiza el servicio durante los picos de demanda y mejora el tiempo de respuesta. Adem\u00e1s, el acabado blanco realza los colores y las texturas, ofreciendo una presentaci\u00f3n impecable, ya sea para comidas individuales o men\u00fas compartidos.<\/p>\n<h3>La sostenibilidad en la pr\u00e1ctica<\/h3>\n<p>Despu\u00e9s de su uso, la bandeja se puede enviar a <strong>compostaje industrial<\/strong> (EN13432), transform\u00e1ndolo en compost org\u00e1nico. Finalmente, al elegir el bagazo, reduce su impacto ambiental sin sacrificar la calidad ni el servicio profesional. Vea m\u00e1s productos en <a href=\"https:\/\/copopalhinhas.maildx.net\/es\/categorias\/loucas-descartaveis\/\">Vajilla desechable<\/a>.<\/p>\n<p><img decoding=\"async\" src=\"https:\/\/copopalhinhas.maildx.net\/wp-content\/uploads\/Icon_reciclaveis.png\" alt=\"\" width=\"30\" height=\"30\" \/>\u00a0<strong>Reciclables<\/strong>:Productos que pueden reciclarse o utilizarse para la recuperaci\u00f3n de energ\u00eda.<\/p>","protected":false},"excerpt":{"rendered":"<p>EL <strong>bandeja (plato) de bagazo blanco 95cl (950ml)<\/strong> Es duradero, seguro y compostable con certificaci\u00f3n EN13432. Adem\u00e1s, resiste alimentos fr\u00edos y calientes, es resistente al aceite y apto para microondas. Esto proporciona una presentaci\u00f3n elegante y un servicio m\u00e1s sostenible.<\/p>\n<p><img decoding=\"async\" src=\"https:\/\/copopalhinhas.maildx.net\/wp-content\/uploads\/Icons_alimentos.png\" alt=\"\" width=\"30\" height=\"30\" \/>\u00a0<img decoding=\"async\" src=\"https:\/\/copopalhinhas.maildx.net\/wp-content\/uploads\/Icon_DESCARTAVEL.png\" alt=\"\" width=\"30\" height=\"30\" \/>\u00a0<img decoding=\"async\" src=\"https:\/\/copopalhinhas.maildx.net\/wp-content\/uploads\/Icon_reciclaveis.png\" alt=\"\" width=\"30\" height=\"30\" \/><\/p>","protected":false},"featured_media":28063,"comment_status":"open","ping_status":"closed","template":"","meta":{"_acf_changed":false},"product_brand":[],"product_cat":[2008,2041,1719,1520,1512,1507,1701,226],"product_tag":[1569,1596,1599],"class_list":{"0":"post-25640","1":"product","2":"type-product","3":"status-publish","4":"has-post-thumbnail","6":"product_cat-loucas-descartaveis","7":"product_cat-loucas-descartaveis-bio-compostaveis","8":"product_cat-branco","9":"product_cat-91cl-1l","10":"product_cat-descartavel","11":"product_cat-bagaco","12":"product_cat-travessa","13":"product_cat-loucas","14":"product_tag-menu-descartaveis","15":"product_tag-sub-menu-loucas-descartaveis","16":"product_tag-sub-menu-loucas-bio-compostaveis","17":"pa_qtd-por-caixa-1273","18":"pa_qtd-por-caixa-1315","19":"tm-no-options","21":"first","22":"instock","23":"taxable","24":"shipping-taxable","25":"purchasable","26":"product-type-variable"},"acf":[],"_links":{"self":[{"href":"https:\/\/copopalhinhas.maildx.net\/es\/wp-json\/wp\/v2\/product\/25640","targetHints":{"allow":["GET"]}}],"collection":[{"href":"https:\/\/copopalhinhas.maildx.net\/es\/wp-json\/wp\/v2\/product"}],"about":[{"href":"https:\/\/copopalhinhas.maildx.net\/es\/wp-json\/wp\/v2\/types\/product"}],"replies":[{"embeddable":true,"href":"https:\/\/copopalhinhas.maildx.net\/es\/wp-json\/wp\/v2\/comments?post=25640"}],"wp:featuredmedia":[{"embeddable":true,"href":"https:\/\/copopalhinhas.maildx.net\/es\/wp-json\/wp\/v2\/media\/28063"}],"wp:attachment":[{"href":"https:\/\/copopalhinhas.maildx.net\/es\/wp-json\/wp\/v2\/media?parent=25640"}],"wp:term":[{"taxonomy":"product_brand","embeddable":true,"href":"https:\/\/copopalhinhas.maildx.net\/es\/wp-json\/wp\/v2\/product_brand?post=25640"},{"taxonomy":"product_cat","embeddable":true,"href":"https:\/\/copopalhinhas.maildx.net\/es\/wp-json\/wp\/v2\/product_cat?post=25640"},{"taxonomy":"product_tag","embeddable":true,"href":"https:\/\/copopalhinhas.maildx.net\/es\/wp-json\/wp\/v2\/product_tag?post=25640"}],"curies":[{"name":"wp","href":"https:\/\/api.w.org\/{rel}","templated":true}]}}