{"id":26135,"date":"2023-09-19T14:28:15","date_gmt":"2023-09-19T13:28:15","guid":{"rendered":"https:\/\/copopalhinhas.maildx.net\/?post_type=product&#038;p=26135"},"modified":"2025-09-27T16:33:04","modified_gmt":"2025-09-27T15:33:04","slug":"palhinha-preta-reta-o060x20-cm-papel","status":"publish","type":"product","link":"https:\/\/copopalhinhas.maildx.net\/es\/producto\/palhinha-preta-reta-o060x20-cm-papel\/","title":{"rendered":"PAJA EN PAPEL NEGRO, PAJA \u00d80.6X20CM"},"content":{"rendered":"<p>Palhinhas de Papel Pretas &#8211; \u00d80,6x20cm &#8211; Estilo e Sustentabilidade para as suas Bebidas<\/p>\n<p>As Palhinhas de Papel Pretas \u00d80,6x20cm oferecem uma experi\u00eancia de consumo de bebidas sofisticada e sustent\u00e1vel. Seja para uma festa de cocktails, um jantar requintado ou para uso di\u00e1rio em casa, essas palhinhas proporcionam estilo e responsabilidade ambiental.<\/p>\n<p>Escolha estas palhinhas para desfrutar das suas bebidas com eleg\u00e2ncia, estilo sofisticado e consci\u00eancia ambiental. Com seu design em papel preto profundo, elas s\u00e3o a escolha certa para quem deseja contribuir para um mundo mais sustent\u00e1vel, uma bebida de cada vez.<\/p>\n<ul>\n<li>Estilo em Preto: As palhinhas pretas adicionam um toque de sofistica\u00e7\u00e3o \u00e0s suas bebidas, tornando-as adequadas para diversas ocasi\u00f5es, desde cocktails chiques at\u00e9 eventos formais.<\/li>\n<li>Tamanho Vers\u00e1til: Com um comprimento de 20cm, essas palhinhas s\u00e3o adequadas para uma ampla variedade de bebidas, desde cocktails e at\u00e9 refrigerantes e sucos.<\/li>\n<li>Sustentabilidade em Foco: Feita de papel, esta palhinha \u00e9 uma alternativa ecologicamente correta \u00e0s palhinhas de pl\u00e1stico, contribuindo para a redu\u00e7\u00e3o de res\u00edduos pl\u00e1sticos. Menor pegada de carbono quando comparada com palhinhas de papel \u201cconvencionais\u201d (-20% papel, -10% adesivo, -50% consumo de energia).<\/li>\n<li>Versatilidade Sofisticada: Estas palhinhas s\u00e3o ideais para uso dom\u00e9stico, bares, restaurantes e qualquer lugar que valorize a eleg\u00e2ncia, conforto e a sustentabilidade.<\/li>\n<li>Recicl\u00e1vel, Biodegrad\u00e1vel, N\u00e3o apto para micro-ondas, N\u00e3o apto para o forno, Compost\u00e1vel EN 13432, Resistente a \u00f3leos.<\/li>\n<\/ul>\n<p>Certificados:<\/p>\n<ul>\n<li><strong> Contacto con alimentos<\/strong>: Reglamento (CE) n\u00ba 1935\/2004 del Parlamento Europeo y del Consejo, de 27 de octubre de 2004, sobre los materiales y objetos destinados a entrar en contacto con alimentos.<\/li>\n<li><strong>FSC<\/strong>Este producto cuenta con la certificaci\u00f3n FSC MIX 70%. Al elegir productos con certificaci\u00f3n FSC\u00ae, apoya la gesti\u00f3n responsable de los bosques del mundo.<\/li>\n<\/ul>","protected":false},"excerpt":{"rendered":"<p>As Palhinhas de Papel Pretas, com um di\u00e2metro de 6mm e um comprimento de 20cm, s\u00e3o a escolha perfeita para aqueles que desejam adicionar um toque de estilo e sustentabilidade \u00e0s suas bebidas. Estas palhinhas retas em preto profundo combinam funcionalidade, eleg\u00e2ncia e responsabilidade ambiental.<\/p>","protected":false},"featured_media":73839,"comment_status":"open","ping_status":"closed","template":"","meta":{"_acf_changed":false},"product_brand":[],"product_cat":[2054,1717,1399,1704,1484,1706,1547,229],"product_tag":[1570,1613],"class_list":{"0":"post-26135","1":"product","2":"type-product","3":"status-publish","4":"has-post-thumbnail","6":"product_cat-palhinhas-retas","7":"product_cat-preto","8":"product_cat-avulso","9":"product_cat-reta","10":"product_cat-cartao","11":"product_cat-60mm","12":"product_cat-20cm","13":"product_cat-palhinhas","14":"product_tag-menu-palhinhas","15":"product_tag-sub-menu-palhinhas-retas","16":"pa_qtd-por-caixa-1308","17":"pa_qtd-por-caixa-1284","18":"tm-no-options","20":"first","21":"outofstock","22":"taxable","23":"shipping-taxable","24":"purchasable","25":"product-type-variable"},"acf":[],"_links":{"self":[{"href":"https:\/\/copopalhinhas.maildx.net\/es\/wp-json\/wp\/v2\/product\/26135","targetHints":{"allow":["GET"]}}],"collection":[{"href":"https:\/\/copopalhinhas.maildx.net\/es\/wp-json\/wp\/v2\/product"}],"about":[{"href":"https:\/\/copopalhinhas.maildx.net\/es\/wp-json\/wp\/v2\/types\/product"}],"replies":[{"embeddable":true,"href":"https:\/\/copopalhinhas.maildx.net\/es\/wp-json\/wp\/v2\/comments?post=26135"}],"wp:featuredmedia":[{"embeddable":true,"href":"https:\/\/copopalhinhas.maildx.net\/es\/wp-json\/wp\/v2\/media\/73839"}],"wp:attachment":[{"href":"https:\/\/copopalhinhas.maildx.net\/es\/wp-json\/wp\/v2\/media?parent=26135"}],"wp:term":[{"taxonomy":"product_brand","embeddable":true,"href":"https:\/\/copopalhinhas.maildx.net\/es\/wp-json\/wp\/v2\/product_brand?post=26135"},{"taxonomy":"product_cat","embeddable":true,"href":"https:\/\/copopalhinhas.maildx.net\/es\/wp-json\/wp\/v2\/product_cat?post=26135"},{"taxonomy":"product_tag","embeddable":true,"href":"https:\/\/copopalhinhas.maildx.net\/es\/wp-json\/wp\/v2\/product_tag?post=26135"}],"curies":[{"name":"wp","href":"https:\/\/api.w.org\/{rel}","templated":true}]}}