{"id":27421,"date":"2023-10-13T12:25:27","date_gmt":"2023-10-13T11:25:27","guid":{"rendered":"https:\/\/copopalhinhas.maildx.net\/?post_type=product&#038;p=27421"},"modified":"2025-10-20T14:50:30","modified_gmt":"2025-10-20T13:50:30","slug":"palhinha-reta-papel-preta-bio-08x20-embalagem-individual","status":"publish","type":"product","link":"https:\/\/copopalhinhas.maildx.net\/es\/producto\/palhinha-reta-papel-preta-bio-08x20-embalagem-individual\/","title":{"rendered":"PAJITA DE PAPEL ORG\u00c1NICO NEGRA RECTA 0,8X20CM (ENVASE INDIVIDUAL)"},"content":{"rendered":"<h3>Pajita de papel recta negra bio de 0,8 x 20 cm (envase individual): sofisticaci\u00f3n y sostenibilidad<\/h3>\n<p>La pajita de papel recta negra de 0,8 x 20 cm (envasada individualmente) combina elegancia y sostenibilidad, a\u00f1adiendo un toque de sofisticaci\u00f3n a cualquier bebida. Fabricada con papel biodegradable de alta calidad, esta pajita es la alternativa perfecta a las opciones de pl\u00e1stico desechables. Adem\u00e1s, su envase individual garantiza la m\u00e1xima higiene, lo que la hace ideal para eventos, restaurantes y bares.<\/p>\n<h4>\u00bfPor qu\u00e9 deber\u00edas elegir esta pajita?<\/h4>\n<p>Elegir esta pajita biodegradable significa adoptar una soluci\u00f3n ecol\u00f3gica sin comprometer su funcionalidad. Adem\u00e1s, su color negro intenso le aporta un toque de elegancia, lo que la hace perfecta para cualquier evento.<\/p>\n<h4>Caracter\u00edsticas principales:<\/h4>\n<ul>\n<li><strong>Elegancia en negro:<\/strong> Su sofisticado dise\u00f1o de papel negro hace que esta pajita sea ideal para c\u00f3cteles, cenas formales y eventos corporativos. Aporta un toque de distinci\u00f3n a cualquier presentaci\u00f3n.<\/li>\n<li><strong>Tama\u00f1o vers\u00e1til:<\/strong> Con 20 cm de largo, es ideal para diversos tipos de bebidas, como c\u00f3cteles, zumos y refrescos. Por lo tanto, es una opci\u00f3n pr\u00e1ctica para diversos entornos.<\/li>\n<li><strong>Material sostenible:<\/strong> Fabricada con papel biodegradable, esta pajita reduce el impacto ambiental al ayudar a reducir el consumo de pl\u00e1stico desechable. Adem\u00e1s, es compostable, lo que la convierte en una opci\u00f3n ecol\u00f3gica.<\/li>\n<li><strong>Embalaje individual para m\u00e1xima higiene:<\/strong> Cada pajilla se envasa individualmente, lo que garantiza su protecci\u00f3n contra la contaminaci\u00f3n. Esto la hace ideal para establecimientos que priorizan la seguridad alimentaria.<\/li>\n<li><strong>Resistencia y comodidad:<\/strong> Aunque est\u00e1 hecho de papel, su composici\u00f3n de alta calidad asegura una experiencia de consumo c\u00f3moda, sin deshacerse r\u00e1pidamente.<\/li>\n<li><strong>Seguridad garantizada:<\/strong> Este producto est\u00e1 libre de PFAS, lo que garantiza un uso seguro y responsable.<\/li>\n<\/ul>\n<h4>Ideal para diversos entornos<\/h4>\n<p>Esta pajita sostenible es perfecta para restaurantes, bares, eventos y fiestas que buscan una alternativa ecol\u00f3gica y sofisticada. Tambi\u00e9n destaca en servicios de catering y entrega a domicilio, garantizando higiene y calidad en cada uso.<\/p>\n<p>En eventos formales, el tono negro de esta pajita complementa cualquier decoraci\u00f3n elegante. En bares y restaurantes, a\u00f1ade un toque premium a las bebidas. Finalmente, para uso dom\u00e9stico, es una excelente opci\u00f3n para quienes buscan reducir su impacto ambiental sin sacrificar el estilo.<\/p>\n<p>Si buscas un producto que combine sofisticaci\u00f3n y sostenibilidad, elige la pajita de papel recta negra de 0,8 x 20 cm (envasada individualmente). As\u00ed, podr\u00e1s ofrecer una experiencia \u00fanica a tus clientes y contribuir a un mundo m\u00e1s verde. Ver m\u00e1s <a href=\"https:\/\/copopalhinhas.maildx.net\/es\/categorias\/palhinhas\/\">pajitas<\/a>.<\/p>","protected":false},"excerpt":{"rendered":"<p>La pajita de papel recta negra de 0,8 x 20 cm (envasada individualmente) es biodegradable, elegante y segura. Ideal para c\u00f3cteles, zumos y refrescos. \u00a1Apuesta por la sostenibilidad con sofisticaci\u00f3n! Este producto no contiene PFAS, lo que garantiza su seguridad y calidad.<\/p>","protected":false},"featured_media":32225,"comment_status":"open","ping_status":"closed","template":"","meta":{"_acf_changed":false},"product_brand":[],"product_cat":[2052,2054,1717,1479,1704,1484,1708,1547,229],"product_tag":[1570,1611,1613,1849],"class_list":{"0":"post-27421","1":"product","2":"type-product","3":"status-publish","4":"has-post-thumbnail","6":"product_cat-palhinhas-embaladas-individualmente","7":"product_cat-palhinhas-retas","8":"product_cat-preto","9":"product_cat-embalado-individualmente","10":"product_cat-reta","11":"product_cat-cartao","12":"product_cat-80mm","13":"product_cat-20cm","14":"product_cat-palhinhas","15":"product_tag-menu-palhinhas","16":"product_tag-sub-menu-plahinhas-embaladas-individualmente","17":"product_tag-sub-menu-palhinhas-retas","18":"product_tag-palhinhas-homepage","19":"pa_qtd-por-caixa-281","20":"pa_qtd-por-caixa-1284","21":"tm-no-options","23":"first","24":"instock","25":"taxable","26":"shipping-taxable","27":"purchasable","28":"product-type-variable"},"acf":[],"_links":{"self":[{"href":"https:\/\/copopalhinhas.maildx.net\/es\/wp-json\/wp\/v2\/product\/27421","targetHints":{"allow":["GET"]}}],"collection":[{"href":"https:\/\/copopalhinhas.maildx.net\/es\/wp-json\/wp\/v2\/product"}],"about":[{"href":"https:\/\/copopalhinhas.maildx.net\/es\/wp-json\/wp\/v2\/types\/product"}],"replies":[{"embeddable":true,"href":"https:\/\/copopalhinhas.maildx.net\/es\/wp-json\/wp\/v2\/comments?post=27421"}],"wp:featuredmedia":[{"embeddable":true,"href":"https:\/\/copopalhinhas.maildx.net\/es\/wp-json\/wp\/v2\/media\/32225"}],"wp:attachment":[{"href":"https:\/\/copopalhinhas.maildx.net\/es\/wp-json\/wp\/v2\/media?parent=27421"}],"wp:term":[{"taxonomy":"product_brand","embeddable":true,"href":"https:\/\/copopalhinhas.maildx.net\/es\/wp-json\/wp\/v2\/product_brand?post=27421"},{"taxonomy":"product_cat","embeddable":true,"href":"https:\/\/copopalhinhas.maildx.net\/es\/wp-json\/wp\/v2\/product_cat?post=27421"},{"taxonomy":"product_tag","embeddable":true,"href":"https:\/\/copopalhinhas.maildx.net\/es\/wp-json\/wp\/v2\/product_tag?post=27421"}],"curies":[{"name":"wp","href":"https:\/\/api.w.org\/{rel}","templated":true}]}}