{"id":28815,"date":"2023-11-03T11:25:34","date_gmt":"2023-11-03T11:25:34","guid":{"rendered":"https:\/\/copopalhinhas.maildx.net\/?post_type=product&#038;p=28815"},"modified":"2025-09-27T20:40:14","modified_gmt":"2025-09-27T19:40:14","slug":"colher-de-sobremesa-em-ps-branca-reutilizavel","status":"publish","type":"product","link":"https:\/\/copopalhinhas.maildx.net\/es\/producto\/colher-de-sobremesa-em-ps-branca-reutilizavel\/","title":{"rendered":"CUCHARA DE POSTRE REUTILIZABLE DE PS BLANCA DE 12,5 CM"},"content":{"rendered":"<p>Colher de Sobremesa em PS Branca<\/p>\n<p>A Colher de Sobremesa\u00a0 em PS Branca \u00e9 a escolha inteligente para quem procura uma op\u00e7\u00e3o econ\u00f3mica e sustent\u00e1vel para as suas refei\u00e7\u00f5es di\u00e1rias. A sua durabilidade e versatilidade tornam-na um utens\u00edlio de cozinha essencial.<\/p>\n<p>Opte pela nossa Colher de Sobremesa em PS Branca para desfrutar de uma solu\u00e7\u00e3o de qualidade.<\/p>\n<ul>\n<li>Economia Inteligente: A Colher de Sobremesa em PS Branca \u00e9 uma op\u00e7\u00e3o econ\u00f3mica para o uso di\u00e1rio, proporcionando qualidade a um pre\u00e7o acess\u00edvel.<\/li>\n<li>Dur\u00e1vel e Reutiliz\u00e1vel: Feita em PS de qualidade, esta colher \u00e9 resistente e pode ser reutilizada, reduzindo o desperd\u00edcio.<\/li>\n<li>Versatilidade: Adequada para uma ampla gama de receitas de sobremesas, tornando-a uma escolha vers\u00e1til na sua cozinha.<\/li>\n<li>F\u00e1cil de Limpar: Pode ser lavada \u00e0 m\u00e3o para uma limpeza r\u00e1pida e simples.<\/li>\n<li>O artigo indicado foi submetido a ensaios de adequa\u00e7\u00e3o \u00e0 m\u00e1quina de lavar loi\u00e7a de acordo com a Norma DIN EN 12875-1:2005:08.<\/li>\n<li>Foi sujeito a 20 ciclos de lavagem, n\u00e3o se tendo detetado altera\u00e7\u00f5es em rela\u00e7\u00e3o \u00e0 amostra de controlo.<\/li>\n<\/ul>\n<p><img decoding=\"async\" src=\"https:\/\/copopalhinhas.maildx.net\/wp-content\/uploads\/Icons_alimentos.png\" alt=\"\" width=\"30\" height=\"30\" \/>\u00a0<strong>Alimento<\/strong>: Apto para consumo alimentario.<\/p>\n<p><img decoding=\"async\" src=\"https:\/\/copopalhinhas.maildx.net\/wp-content\/uploads\/Icon_reciclaveis.png\" alt=\"\" width=\"30\" height=\"30\" \/>\u00a0<strong>Reciclables<\/strong>:Productos que pueden reciclarse o utilizarse para la recuperaci\u00f3n de energ\u00eda.<\/p>","protected":false},"excerpt":{"rendered":"<p>A Colher de Sobremesa em PS Branca oferece uma solu\u00e7\u00e3o econ\u00f3mica para as suas necessidades de culin\u00e1ria e sobremesa. Fabricada em PS (Poliestireno), esta colher \u00e9 reutiliz\u00e1vel*, proporcionando versatilidade na cozinha.<\/p>\n<p><img decoding=\"async\" src=\"https:\/\/copopalhinhas.maildx.net\/wp-content\/uploads\/Icons_alimentos.png\" alt=\"\" width=\"30\" height=\"30\" \/>\u00a0<img decoding=\"async\" src=\"https:\/\/copopalhinhas.maildx.net\/wp-content\/uploads\/Icon_DESCARTAVEL.png\" alt=\"\" width=\"30\" height=\"30\" \/>\u00a0<img decoding=\"async\" src=\"https:\/\/copopalhinhas.maildx.net\/wp-content\/uploads\/Icon_reciclaveis.png\" alt=\"\" width=\"30\" height=\"30\" \/><\/p>","protected":false},"featured_media":28819,"comment_status":"open","ping_status":"closed","template":"","meta":{"_acf_changed":false},"product_brand":[],"product_cat":[2005,1719,1399,1512,1511,1433,1661,1794,1499,227],"product_tag":[1568,1603,1587],"class_list":{"0":"post-28815","1":"product","2":"type-product","3":"status-publish","4":"has-post-thumbnail","6":"product_cat-talheres-reutilizaveis","7":"product_cat-branco","8":"product_cat-avulso","9":"product_cat-descartavel","10":"product_cat-reutilizaveis-caracteristica","11":"product_cat-materia-prima-ps","12":"product_cat-125cm","13":"product_cat-colher","14":"product_cat-sobremesa","15":"product_cat-talheres","16":"product_tag-menu-reutilizaveis","17":"product_tag-sub-menu-talheres-poliestireno-ps","18":"product_tag-sub-menu-talheres-reutilizaveis","19":"pa_qtd-por-caixa-1308","20":"pa_qtd-por-caixa-1284","21":"tm-no-options","23":"first","24":"instock","25":"taxable","26":"shipping-taxable","27":"purchasable","28":"product-type-variable"},"acf":[],"_links":{"self":[{"href":"https:\/\/copopalhinhas.maildx.net\/es\/wp-json\/wp\/v2\/product\/28815","targetHints":{"allow":["GET"]}}],"collection":[{"href":"https:\/\/copopalhinhas.maildx.net\/es\/wp-json\/wp\/v2\/product"}],"about":[{"href":"https:\/\/copopalhinhas.maildx.net\/es\/wp-json\/wp\/v2\/types\/product"}],"replies":[{"embeddable":true,"href":"https:\/\/copopalhinhas.maildx.net\/es\/wp-json\/wp\/v2\/comments?post=28815"}],"wp:featuredmedia":[{"embeddable":true,"href":"https:\/\/copopalhinhas.maildx.net\/es\/wp-json\/wp\/v2\/media\/28819"}],"wp:attachment":[{"href":"https:\/\/copopalhinhas.maildx.net\/es\/wp-json\/wp\/v2\/media?parent=28815"}],"wp:term":[{"taxonomy":"product_brand","embeddable":true,"href":"https:\/\/copopalhinhas.maildx.net\/es\/wp-json\/wp\/v2\/product_brand?post=28815"},{"taxonomy":"product_cat","embeddable":true,"href":"https:\/\/copopalhinhas.maildx.net\/es\/wp-json\/wp\/v2\/product_cat?post=28815"},{"taxonomy":"product_tag","embeddable":true,"href":"https:\/\/copopalhinhas.maildx.net\/es\/wp-json\/wp\/v2\/product_tag?post=28815"}],"curies":[{"name":"wp","href":"https:\/\/api.w.org\/{rel}","templated":true}]}}