{"id":30826,"date":"2024-01-17T11:16:47","date_gmt":"2024-01-17T11:16:47","guid":{"rendered":"https:\/\/copopalhinhas.maildx.net\/?post_type=product&#038;p=30826"},"modified":"2025-01-10T15:14:30","modified_gmt":"2025-01-10T15:14:30","slug":"eco-copo-em-pp-laranja-35cl-350ml","status":"publish","type":"product","link":"https:\/\/copopalhinhas.maildx.net\/es\/producto\/eco-copo-em-pp-laranja-35cl-350ml\/","title":{"rendered":"VASO ECO PP NARANJA 35CL (350ML)"},"content":{"rendered":"<p>Eco Copo Laranja em PP para fazer uma declara\u00e7\u00e3o de estilo enquanto promove pr\u00e1ticas sustent\u00e1veis, tornando cada uso uma escolha consciente para um futuro mais verde.<\/p>\n<ul>\n<li>Versatilidade Eco-Friendly: Este copo representa um compromisso com pr\u00e1ticas sustent\u00e1veis, proporcionando a op\u00e7\u00e3o de uso descart\u00e1vel ou reutiliz\u00e1vel, contribuindo para um consumo mais respons\u00e1vel.<\/li>\n<li>Material Dur\u00e1vel e Recicl\u00e1vel: Fabricado em Polipropileno (PP), o copo \u00e9 resistente, dur\u00e1vel e recicl\u00e1vel, oferecendo uma alternativa consciente para minimizar o impacto ambiental.<\/li>\n<li>Capacidade Vers\u00e1til: Com 35cl (350ml), \u00e9 adequado para servir uma variedade de bebidas, tornando-se uma escolha vers\u00e1til para diferentes ocasi\u00f5es.<\/li>\n<li>Design Ergon\u00f3mico: O formato ergon\u00f3mico do copo \u00e9 confort\u00e1vel de segurar, garantindo uma experi\u00eancia agrad\u00e1vel ao consumir suas bebidas preferidas.<\/li>\n<li>Promo\u00e7\u00e3o do Consumo Respons\u00e1vel: Ao oferecer a op\u00e7\u00e3o de reutiliza\u00e7\u00e3o, o Eco Copo Preto incentiva o consumo consciente, contribuindo para a redu\u00e7\u00e3o de res\u00edduos descart\u00e1veis.<\/li>\n<li>Praticidade na Limpeza: Seja para uso \u00fanico ou reutiliz\u00e1vel, a limpeza do Eco Copo \u00e9 f\u00e1cil, proporcionando praticidade no dia a dia.<\/li>\n<\/ul>\n<p><a href=\"http:\/\/www.ecocopo.pt\" target=\"_blank\" rel=\"noopener\"><img fetchpriority=\"high\" decoding=\"async\" src=\"https:\/\/copopalhinhas.maildx.net\/img\/cms\/ecocopo_reciclar.png\" alt=\"Reciclar\" width=\"226\" height=\"247\" \/><img decoding=\"async\" src=\"https:\/\/copopalhinhas.maildx.net\/img\/cms\/ecocopo_recordar.png\" alt=\"Recordar\" width=\"226\" height=\"247\" \/><img decoding=\"async\" src=\"https:\/\/copopalhinhas.maildx.net\/img\/cms\/ecocopo_reduzir.png\" alt=\"Reduzir\" width=\"226\" height=\"247\" \/><img loading=\"lazy\" decoding=\"async\" src=\"https:\/\/copopalhinhas.maildx.net\/img\/cms\/ecocopo_reutilizar.png\" alt=\"Reutilizar\" width=\"226\" height=\"247\" \/><\/a><\/p>","protected":false},"excerpt":{"rendered":"<p>Eco Copo Laranja em Polipropileno (PP) com capacidade de 35cl (350ml) \u2013 uma escolha que vai do descart\u00e1vel ao dur\u00e1vel, promovendo o consumo respons\u00e1vel e sustent\u00e1vel!<\/p>","protected":false},"featured_media":30828,"comment_status":"open","ping_status":"closed","template":"","meta":{"_acf_changed":false},"product_brand":[],"product_cat":[2002,2023,2016,2056,1720,1454,1511,1432,1738,225],"product_tag":[1579,1591,1574,1839,1568],"class_list":{"0":"post-30826","1":"product","2":"type-product","3":"status-publish","4":"has-post-thumbnail","6":"product_cat-copos-reutilizaveis","7":"product_cat-copos-reutilizaveis-polipropileno-pp","8":"product_cat-ecocopos-modelo","9":"product_cat-ecocopos-coloridos","10":"product_cat-laranja","11":"product_cat-31-40cl","12":"product_cat-reutilizaveis-caracteristica","13":"product_cat-materia-prima-pp","14":"product_cat-ecocopos","15":"product_cat-copos","16":"product_tag-sub-menu-copos-reutilizaveis","17":"product_tag-sub-menu-copos-reutilizaveis-polipropileno-pp","18":"product_tag-menu-ecocopo","19":"product_tag-sub-menu-ecocopo-coloridos","20":"product_tag-menu-reutilizaveis","21":"pa_qtd-por-caixa-1307","22":"tm-no-options","24":"first","25":"outofstock","26":"taxable","27":"shipping-taxable","28":"product-type-variable"},"acf":[],"_links":{"self":[{"href":"https:\/\/copopalhinhas.maildx.net\/es\/wp-json\/wp\/v2\/product\/30826","targetHints":{"allow":["GET"]}}],"collection":[{"href":"https:\/\/copopalhinhas.maildx.net\/es\/wp-json\/wp\/v2\/product"}],"about":[{"href":"https:\/\/copopalhinhas.maildx.net\/es\/wp-json\/wp\/v2\/types\/product"}],"replies":[{"embeddable":true,"href":"https:\/\/copopalhinhas.maildx.net\/es\/wp-json\/wp\/v2\/comments?post=30826"}],"wp:featuredmedia":[{"embeddable":true,"href":"https:\/\/copopalhinhas.maildx.net\/es\/wp-json\/wp\/v2\/media\/30828"}],"wp:attachment":[{"href":"https:\/\/copopalhinhas.maildx.net\/es\/wp-json\/wp\/v2\/media?parent=30826"}],"wp:term":[{"taxonomy":"product_brand","embeddable":true,"href":"https:\/\/copopalhinhas.maildx.net\/es\/wp-json\/wp\/v2\/product_brand?post=30826"},{"taxonomy":"product_cat","embeddable":true,"href":"https:\/\/copopalhinhas.maildx.net\/es\/wp-json\/wp\/v2\/product_cat?post=30826"},{"taxonomy":"product_tag","embeddable":true,"href":"https:\/\/copopalhinhas.maildx.net\/es\/wp-json\/wp\/v2\/product_tag?post=30826"}],"curies":[{"name":"wp","href":"https:\/\/api.w.org\/{rel}","templated":true}]}}