{"id":31641,"date":"2024-02-01T14:42:14","date_gmt":"2024-02-01T14:42:14","guid":{"rendered":"https:\/\/copopalhinhas.maildx.net\/?post_type=product&#038;p=31641"},"modified":"2025-05-09T12:00:14","modified_gmt":"2025-05-09T11:00:14","slug":"copo-ecocopo-personalizacao","status":"publish","type":"product","link":"https:\/\/copopalhinhas.maildx.net\/es\/producto\/copo-ecocopo-personalizacao\/","title":{"rendered":"ECOCUPS | PERSONALIZACI\u00d3N"},"content":{"rendered":"<ul>\n<li><strong>Logotipos de empresas:<\/strong> Agregue el logotipo de su empresa o marca para promover su identidad visual y fortalecer la presencia de su marca en eventos corporativos, conferencias o ferias comerciales.<\/li>\n<li><strong>Dise\u00f1os creativos:<\/strong> Deixe voar a sua imagina\u00e7\u00e3o! Os nossos Eco Copos oferecem espa\u00e7o suficiente para expressar a sua criatividade e criar uma arte \u00fanica para os seus clientes.<\/li>\n<\/ul>\n<p>Os Eco Copos s\u00e3o feitos de polipropileno (PP) de qualidade, proporcionando durabilidade e resist\u00eancia a longo prazo. A personaliza\u00e7\u00e3o de alta qualidade garante que seu design permane\u00e7a vibrante mesmo ap\u00f3s m\u00faltiplas lavagens, garantindo uma experi\u00eancia de uso duradoura.<\/p>\n<p>&nbsp;<\/p>","protected":false},"excerpt":{"rendered":"<p>Vaso Reutilizable en Pl\u00e1stico Flexible Reutilizable \u2013 Polipropileno (PP) Lavable y reutilizable.<\/p>\n<p>Com a Copopalhinhas, oferecemos a oportunidade de personalizar os nossos Eco Copo reutiliz\u00e1veis para refletir a identidade da sua marca, imagem do seu evento ou celebrar acontecimentos especiais. Com a nossa capacidade de personaliza\u00e7\u00e3o de at\u00e9 4 cores a 360 graus, pode criar artes \u00fanicas e vibrantes para o seu Eco Copo.<\/p>","protected":false},"featured_media":31761,"comment_status":"open","ping_status":"closed","template":"","meta":{"_acf_changed":false},"product_brand":[],"product_cat":[2016,1738,280],"product_tag":[1572],"class_list":{"0":"post-31641","1":"product","2":"type-product","3":"status-publish","4":"has-post-thumbnail","6":"product_cat-ecocopos-modelo","7":"product_cat-ecocopos","8":"product_cat-personalizacao","9":"product_tag-menu-personalizado","10":"tm-has-options","12":"first","13":"instock","14":"taxable","15":"shipping-taxable","16":"purchasable","17":"product-type-simple"},"acf":[],"_links":{"self":[{"href":"https:\/\/copopalhinhas.maildx.net\/es\/wp-json\/wp\/v2\/product\/31641","targetHints":{"allow":["GET"]}}],"collection":[{"href":"https:\/\/copopalhinhas.maildx.net\/es\/wp-json\/wp\/v2\/product"}],"about":[{"href":"https:\/\/copopalhinhas.maildx.net\/es\/wp-json\/wp\/v2\/types\/product"}],"replies":[{"embeddable":true,"href":"https:\/\/copopalhinhas.maildx.net\/es\/wp-json\/wp\/v2\/comments?post=31641"}],"wp:featuredmedia":[{"embeddable":true,"href":"https:\/\/copopalhinhas.maildx.net\/es\/wp-json\/wp\/v2\/media\/31761"}],"wp:attachment":[{"href":"https:\/\/copopalhinhas.maildx.net\/es\/wp-json\/wp\/v2\/media?parent=31641"}],"wp:term":[{"taxonomy":"product_brand","embeddable":true,"href":"https:\/\/copopalhinhas.maildx.net\/es\/wp-json\/wp\/v2\/product_brand?post=31641"},{"taxonomy":"product_cat","embeddable":true,"href":"https:\/\/copopalhinhas.maildx.net\/es\/wp-json\/wp\/v2\/product_cat?post=31641"},{"taxonomy":"product_tag","embeddable":true,"href":"https:\/\/copopalhinhas.maildx.net\/es\/wp-json\/wp\/v2\/product_tag?post=31641"}],"curies":[{"name":"wp","href":"https:\/\/api.w.org\/{rel}","templated":true}]}}