{"id":31700,"date":"2024-02-06T09:24:16","date_gmt":"2024-02-06T09:24:16","guid":{"rendered":"https:\/\/copopalhinhas.maildx.net\/?post_type=product&#038;p=31700"},"modified":"2025-05-21T17:22:36","modified_gmt":"2025-05-21T16:22:36","slug":"copo-shot-personalizacao","status":"publish","type":"product","link":"https:\/\/copopalhinhas.maildx.net\/es\/producto\/copo-shot-personalizacao\/","title":{"rendered":"VASO DE CHUPITO PERSONALIZADO"},"content":{"rendered":"<p>Os copos de shot personalizados s\u00e3o ideais para eventos corporativos, casamentos, festas particulares ou mesmo estabelecimentos. A personaliza\u00e7\u00e3o adiciona um toque exclusivo a qualquer ocasi\u00e3o. \u00c9 uma maneira eficaz de promover a sua marca ou adicionar um toque pessoal \u00e0s suas celebra\u00e7\u00f5es.<\/p>","protected":false},"excerpt":{"rendered":"<p>Com os nossos copos de shot personalizados, destacar-se da multid\u00e3o tornou-se mais f\u00e1cil! \u00c9 uma maneira eficaz de promover a sua marca ou estabelecimento, ou mesmo adicionar um toque pessoal aos seus eventos.<\/p>","protected":false},"featured_media":31758,"comment_status":"open","ping_status":"closed","template":"","meta":{"_acf_changed":false},"product_brand":[],"product_cat":[2074,1946,1446,280],"product_tag":[1572],"class_list":{"0":"post-31700","1":"product","2":"type-product","3":"status-publish","4":"has-post-thumbnail","6":"product_cat-copos-de-shot","7":"product_cat-copo","8":"product_cat-shot","9":"product_cat-personalizacao","10":"product_tag-menu-personalizado","11":"tm-has-options","13":"first","14":"instock","15":"taxable","16":"shipping-taxable","17":"purchasable","18":"product-type-simple"},"acf":[],"_links":{"self":[{"href":"https:\/\/copopalhinhas.maildx.net\/es\/wp-json\/wp\/v2\/product\/31700","targetHints":{"allow":["GET"]}}],"collection":[{"href":"https:\/\/copopalhinhas.maildx.net\/es\/wp-json\/wp\/v2\/product"}],"about":[{"href":"https:\/\/copopalhinhas.maildx.net\/es\/wp-json\/wp\/v2\/types\/product"}],"replies":[{"embeddable":true,"href":"https:\/\/copopalhinhas.maildx.net\/es\/wp-json\/wp\/v2\/comments?post=31700"}],"wp:featuredmedia":[{"embeddable":true,"href":"https:\/\/copopalhinhas.maildx.net\/es\/wp-json\/wp\/v2\/media\/31758"}],"wp:attachment":[{"href":"https:\/\/copopalhinhas.maildx.net\/es\/wp-json\/wp\/v2\/media?parent=31700"}],"wp:term":[{"taxonomy":"product_brand","embeddable":true,"href":"https:\/\/copopalhinhas.maildx.net\/es\/wp-json\/wp\/v2\/product_brand?post=31700"},{"taxonomy":"product_cat","embeddable":true,"href":"https:\/\/copopalhinhas.maildx.net\/es\/wp-json\/wp\/v2\/product_cat?post=31700"},{"taxonomy":"product_tag","embeddable":true,"href":"https:\/\/copopalhinhas.maildx.net\/es\/wp-json\/wp\/v2\/product_tag?post=31700"}],"curies":[{"name":"wp","href":"https:\/\/api.w.org\/{rel}","templated":true}]}}