{"id":31705,"date":"2024-02-06T10:16:23","date_gmt":"2024-02-06T10:16:23","guid":{"rendered":"https:\/\/copopalhinhas.maildx.net\/?post_type=product&#038;p=31705"},"modified":"2024-11-26T14:24:35","modified_gmt":"2024-11-26T14:24:35","slug":"copo-tubo-personalizacao","status":"publish","type":"product","link":"https:\/\/copopalhinhas.maildx.net\/es\/producto\/copo-tubo-personalizacao\/","title":{"rendered":"VASOS DE TUBO | PERSONALIZACI\u00d3N"},"content":{"rendered":"<p>Os copos de tubo personalizados s\u00e3o ideais para eventos corporativos, casamentos, festas particulares ou mesmo estabelecimentos. A personaliza\u00e7\u00e3o adiciona um toque exclusivo a qualquer ocasi\u00e3o. \u00c9 uma maneira eficaz de promover a sua marca ou adicionar um toque pessoal \u00e0s suas celebra\u00e7\u00f5es.<\/p>","protected":false},"excerpt":{"rendered":"<p>Com os nossos copos de tubo personalizados, destacar-se da multid\u00e3o tornou-se mais f\u00e1cil! \u00c9 uma maneira eficaz de promover a sua marca ou estabelecimento, ou mesmo adicionar um toque pessoal aos seus eventos.<\/p>","protected":false},"featured_media":31759,"comment_status":"open","ping_status":"closed","template":"","meta":{"_acf_changed":false},"product_brand":[],"product_cat":[280],"product_tag":[1572],"class_list":{"0":"post-31705","1":"product","2":"type-product","3":"status-publish","4":"has-post-thumbnail","6":"product_cat-personalizacao","7":"product_tag-menu-personalizado","8":"tm-has-options","10":"first","11":"instock","12":"taxable","13":"shipping-taxable","14":"purchasable","15":"product-type-simple"},"acf":[],"_links":{"self":[{"href":"https:\/\/copopalhinhas.maildx.net\/es\/wp-json\/wp\/v2\/product\/31705","targetHints":{"allow":["GET"]}}],"collection":[{"href":"https:\/\/copopalhinhas.maildx.net\/es\/wp-json\/wp\/v2\/product"}],"about":[{"href":"https:\/\/copopalhinhas.maildx.net\/es\/wp-json\/wp\/v2\/types\/product"}],"replies":[{"embeddable":true,"href":"https:\/\/copopalhinhas.maildx.net\/es\/wp-json\/wp\/v2\/comments?post=31705"}],"wp:featuredmedia":[{"embeddable":true,"href":"https:\/\/copopalhinhas.maildx.net\/es\/wp-json\/wp\/v2\/media\/31759"}],"wp:attachment":[{"href":"https:\/\/copopalhinhas.maildx.net\/es\/wp-json\/wp\/v2\/media?parent=31705"}],"wp:term":[{"taxonomy":"product_brand","embeddable":true,"href":"https:\/\/copopalhinhas.maildx.net\/es\/wp-json\/wp\/v2\/product_brand?post=31705"},{"taxonomy":"product_cat","embeddable":true,"href":"https:\/\/copopalhinhas.maildx.net\/es\/wp-json\/wp\/v2\/product_cat?post=31705"},{"taxonomy":"product_tag","embeddable":true,"href":"https:\/\/copopalhinhas.maildx.net\/es\/wp-json\/wp\/v2\/product_tag?post=31705"}],"curies":[{"name":"wp","href":"https:\/\/api.w.org\/{rel}","templated":true}]}}