{"id":31713,"date":"2024-02-06T12:04:38","date_gmt":"2024-02-06T12:04:38","guid":{"rendered":"https:\/\/copopalhinhas.maildx.net\/?post_type=product&#038;p=31713"},"modified":"2024-11-26T14:22:16","modified_gmt":"2024-11-26T14:22:16","slug":"baldes-de-gelo-personalizacao","status":"publish","type":"product","link":"https:\/\/copopalhinhas.maildx.net\/es\/producto\/baldes-de-gelo-personalizacao\/","title":{"rendered":"CUBETA DE HIELO | PERSONALIZACI\u00d3N"},"content":{"rendered":"<div id=\"tab-description\" class=\"woocommerce-Tabs-panel woocommerce-Tabs-panel--description panel entry-content wc-tab xts-active\" role=\"tabpanel\" aria-labelledby=\"tab-title-description\" data-accordion-index=\"description\">Ya sea que organices un evento corporativo, una fiesta o una boda elegante, las cubiteras personalizadas son un complemento esencial para mantener las bebidas fr\u00edas y crear un ambiente inolvidable. Ofrecemos un servicio de personalizaci\u00f3n de cubiteras para garantizar que tu evento sea verdaderamente \u00fanico.<\/div>","protected":false},"excerpt":{"rendered":"<p>Personaliza nuestras cubiteras y dale un toque de elegancia y sofisticaci\u00f3n a tu establecimiento. Ya sea un evento formal o una fiesta informal, las cubiteras personalizadas son una forma sencilla de realzar el estilo de tu evento.<\/p>","protected":false},"featured_media":31751,"comment_status":"open","ping_status":"closed","template":"","meta":{"_acf_changed":false},"product_brand":[],"product_cat":[1430,280],"product_tag":[1572],"class_list":{"0":"post-31713","1":"product","2":"type-product","3":"status-publish","4":"has-post-thumbnail","6":"product_cat-balde-gelo","7":"product_cat-personalizacao","8":"product_tag-menu-personalizado","9":"tm-has-options","11":"first","12":"instock","13":"taxable","14":"shipping-taxable","15":"purchasable","16":"product-type-simple"},"acf":[],"_links":{"self":[{"href":"https:\/\/copopalhinhas.maildx.net\/es\/wp-json\/wp\/v2\/product\/31713","targetHints":{"allow":["GET"]}}],"collection":[{"href":"https:\/\/copopalhinhas.maildx.net\/es\/wp-json\/wp\/v2\/product"}],"about":[{"href":"https:\/\/copopalhinhas.maildx.net\/es\/wp-json\/wp\/v2\/types\/product"}],"replies":[{"embeddable":true,"href":"https:\/\/copopalhinhas.maildx.net\/es\/wp-json\/wp\/v2\/comments?post=31713"}],"wp:featuredmedia":[{"embeddable":true,"href":"https:\/\/copopalhinhas.maildx.net\/es\/wp-json\/wp\/v2\/media\/31751"}],"wp:attachment":[{"href":"https:\/\/copopalhinhas.maildx.net\/es\/wp-json\/wp\/v2\/media?parent=31713"}],"wp:term":[{"taxonomy":"product_brand","embeddable":true,"href":"https:\/\/copopalhinhas.maildx.net\/es\/wp-json\/wp\/v2\/product_brand?post=31713"},{"taxonomy":"product_cat","embeddable":true,"href":"https:\/\/copopalhinhas.maildx.net\/es\/wp-json\/wp\/v2\/product_cat?post=31713"},{"taxonomy":"product_tag","embeddable":true,"href":"https:\/\/copopalhinhas.maildx.net\/es\/wp-json\/wp\/v2\/product_tag?post=31713"}],"curies":[{"name":"wp","href":"https:\/\/api.w.org\/{rel}","templated":true}]}}