{"id":31715,"date":"2024-02-06T12:30:16","date_gmt":"2024-02-06T12:30:16","guid":{"rendered":"https:\/\/copopalhinhas.maildx.net\/?post_type=product&#038;p=31715"},"modified":"2024-11-26T14:21:46","modified_gmt":"2024-11-26T14:21:46","slug":"pratos-personalizacao","status":"publish","type":"product","link":"https:\/\/copopalhinhas.maildx.net\/es\/producto\/pratos-personalizacao\/","title":{"rendered":"PLATOS | PERSONALIZACI\u00d3N"},"content":{"rendered":"<p>Temos um servi\u00e7o de personaliza\u00e7\u00e3o de pratos que eleva a experi\u00eancia gastron\u00f3mica a outro n\u00edvel. Agora, pode adicionar um toque pessoal \u00e0s suas lou\u00e7as, seja em eventos especiais, restaurantes ou em casa.<\/p>","protected":false},"excerpt":{"rendered":"<p>Com os nossos copos pratos personalizados, destacar-se da multid\u00e3o tornou-se mais f\u00e1cil! \u00c9 uma maneira eficaz de promover a sua marca ou estabelecimento, ou mesmo adicionar um toque pessoal aos seus eventos.<\/p>","protected":false},"featured_media":31754,"comment_status":"open","ping_status":"closed","template":"","meta":{"_acf_changed":false},"product_brand":[],"product_cat":[1462,280],"product_tag":[1572],"class_list":{"0":"post-31715","1":"product","2":"type-product","3":"status-publish","4":"has-post-thumbnail","6":"product_cat-pratos","7":"product_cat-personalizacao","8":"product_tag-menu-personalizado","9":"tm-has-options","11":"first","12":"instock","13":"taxable","14":"shipping-taxable","15":"purchasable","16":"product-type-simple"},"acf":[],"_links":{"self":[{"href":"https:\/\/copopalhinhas.maildx.net\/es\/wp-json\/wp\/v2\/product\/31715","targetHints":{"allow":["GET"]}}],"collection":[{"href":"https:\/\/copopalhinhas.maildx.net\/es\/wp-json\/wp\/v2\/product"}],"about":[{"href":"https:\/\/copopalhinhas.maildx.net\/es\/wp-json\/wp\/v2\/types\/product"}],"replies":[{"embeddable":true,"href":"https:\/\/copopalhinhas.maildx.net\/es\/wp-json\/wp\/v2\/comments?post=31715"}],"wp:featuredmedia":[{"embeddable":true,"href":"https:\/\/copopalhinhas.maildx.net\/es\/wp-json\/wp\/v2\/media\/31754"}],"wp:attachment":[{"href":"https:\/\/copopalhinhas.maildx.net\/es\/wp-json\/wp\/v2\/media?parent=31715"}],"wp:term":[{"taxonomy":"product_brand","embeddable":true,"href":"https:\/\/copopalhinhas.maildx.net\/es\/wp-json\/wp\/v2\/product_brand?post=31715"},{"taxonomy":"product_cat","embeddable":true,"href":"https:\/\/copopalhinhas.maildx.net\/es\/wp-json\/wp\/v2\/product_cat?post=31715"},{"taxonomy":"product_tag","embeddable":true,"href":"https:\/\/copopalhinhas.maildx.net\/es\/wp-json\/wp\/v2\/product_tag?post=31715"}],"curies":[{"name":"wp","href":"https:\/\/api.w.org\/{rel}","templated":true}]}}