{"id":31718,"date":"2024-02-06T12:59:14","date_gmt":"2024-02-06T12:59:14","guid":{"rendered":"https:\/\/copopalhinhas.maildx.net\/?post_type=product&#038;p=31718"},"modified":"2024-11-26T14:22:43","modified_gmt":"2024-11-26T14:22:43","slug":"canecas-personalizacao","status":"publish","type":"product","link":"https:\/\/copopalhinhas.maildx.net\/es\/producto\/canecas-personalizacao\/","title":{"rendered":"TAZAS Y JARROS | PERSONALIZACI\u00d3N"},"content":{"rendered":"<p>Temos um servi\u00e7o de personaliza\u00e7\u00e3o de ch\u00e1venas ou canecas que eleva a experi\u00eancia gastron\u00f3mica a outro n\u00edvel. Agora, pode adicionar um toque pessoal \u00e0s suas lou\u00e7as, seja em eventos especiais, restaurantes ou em casa.<\/p>","protected":false},"excerpt":{"rendered":"<p>Com as nossas ch\u00e1venas ou\u00a0 canecas personalizados, destacar-se da multid\u00e3o tornou-se mais f\u00e1cil! \u00c9 uma maneira eficaz de promover a sua marca ou estabelecimento, ou mesmo adicionar um toque pessoal aos seus eventos.<\/p>","protected":false},"featured_media":31760,"comment_status":"open","ping_status":"closed","template":"","meta":{"_acf_changed":false},"product_brand":[],"product_cat":[1459,1460,280],"product_tag":[1572],"class_list":{"0":"post-31718","1":"product","2":"type-product","3":"status-publish","4":"has-post-thumbnail","6":"product_cat-canecas","7":"product_cat-chavenas","8":"product_cat-personalizacao","9":"product_tag-menu-personalizado","10":"tm-has-options","12":"first","13":"instock","14":"taxable","15":"shipping-taxable","16":"purchasable","17":"product-type-simple"},"acf":[],"_links":{"self":[{"href":"https:\/\/copopalhinhas.maildx.net\/es\/wp-json\/wp\/v2\/product\/31718","targetHints":{"allow":["GET"]}}],"collection":[{"href":"https:\/\/copopalhinhas.maildx.net\/es\/wp-json\/wp\/v2\/product"}],"about":[{"href":"https:\/\/copopalhinhas.maildx.net\/es\/wp-json\/wp\/v2\/types\/product"}],"replies":[{"embeddable":true,"href":"https:\/\/copopalhinhas.maildx.net\/es\/wp-json\/wp\/v2\/comments?post=31718"}],"wp:featuredmedia":[{"embeddable":true,"href":"https:\/\/copopalhinhas.maildx.net\/es\/wp-json\/wp\/v2\/media\/31760"}],"wp:attachment":[{"href":"https:\/\/copopalhinhas.maildx.net\/es\/wp-json\/wp\/v2\/media?parent=31718"}],"wp:term":[{"taxonomy":"product_brand","embeddable":true,"href":"https:\/\/copopalhinhas.maildx.net\/es\/wp-json\/wp\/v2\/product_brand?post=31718"},{"taxonomy":"product_cat","embeddable":true,"href":"https:\/\/copopalhinhas.maildx.net\/es\/wp-json\/wp\/v2\/product_cat?post=31718"},{"taxonomy":"product_tag","embeddable":true,"href":"https:\/\/copopalhinhas.maildx.net\/es\/wp-json\/wp\/v2\/product_tag?post=31718"}],"curies":[{"name":"wp","href":"https:\/\/api.w.org\/{rel}","templated":true}]}}