{"id":31726,"date":"2024-02-06T16:58:45","date_gmt":"2024-02-06T16:58:45","guid":{"rendered":"https:\/\/copopalhinhas.maildx.net\/?post_type=product&#038;p=31726"},"modified":"2024-11-26T14:23:16","modified_gmt":"2024-11-26T14:23:16","slug":"copos-cerveja-personalizacao","status":"publish","type":"product","link":"https:\/\/copopalhinhas.maildx.net\/es\/producto\/copos-cerveja-personalizacao\/","title":{"rendered":"VASOS DE CERVEZA | PERSONALIZACI\u00d3N"},"content":{"rendered":"<div id=\"tab-description\" class=\"woocommerce-Tabs-panel woocommerce-Tabs-panel--description panel entry-content wc-tab xts-active\" role=\"tabpanel\" aria-labelledby=\"tab-title-description\" data-accordion-index=\"description\">\n<p><strong>Personaliza\u00e7\u00e3o de Copos para Cerveja<br \/>\n<\/strong>Seja qual for a ocasi\u00e3o, destacar-se \u00e9 fundamental. No nosso site, oferecemos um servi\u00e7o exclusivo de personaliza\u00e7\u00e3o de copos para cerveja para adicionar um toque \u00fanico ao seu estabelecimento ou evento.<\/p>\n<p>Explore a nossa gama de op\u00e7\u00f5es e fa\u00e7a o seu pedido de or\u00e7amento. Eleve a sua experi\u00eancia de bebida com copos personalizados que combinam estilo, qualidade e individualidade.<\/p>\n<\/div>","protected":false},"excerpt":{"rendered":"<p>Os copos personalizados s\u00e3o ideais para eventos corporativos, casamentos, festas particulares ou at\u00e9 mesmo para uso dom\u00e9stico. A personaliza\u00e7\u00e3o adiciona um toque exclusivo a qualquer ocasi\u00e3o e os materiais dur\u00e1veis garantem uma longa vida \u00fatil.<\/p>","protected":false},"featured_media":31750,"comment_status":"open","ping_status":"closed","template":"","meta":{"_acf_changed":false},"product_brand":[],"product_cat":[1439,280],"product_tag":[1572],"class_list":{"0":"post-31726","1":"product","2":"type-product","3":"status-publish","4":"has-post-thumbnail","6":"product_cat-cerveja","7":"product_cat-personalizacao","8":"product_tag-menu-personalizado","9":"tm-has-options","11":"first","12":"instock","13":"taxable","14":"shipping-taxable","15":"purchasable","16":"product-type-simple"},"acf":[],"_links":{"self":[{"href":"https:\/\/copopalhinhas.maildx.net\/es\/wp-json\/wp\/v2\/product\/31726","targetHints":{"allow":["GET"]}}],"collection":[{"href":"https:\/\/copopalhinhas.maildx.net\/es\/wp-json\/wp\/v2\/product"}],"about":[{"href":"https:\/\/copopalhinhas.maildx.net\/es\/wp-json\/wp\/v2\/types\/product"}],"replies":[{"embeddable":true,"href":"https:\/\/copopalhinhas.maildx.net\/es\/wp-json\/wp\/v2\/comments?post=31726"}],"wp:featuredmedia":[{"embeddable":true,"href":"https:\/\/copopalhinhas.maildx.net\/es\/wp-json\/wp\/v2\/media\/31750"}],"wp:attachment":[{"href":"https:\/\/copopalhinhas.maildx.net\/es\/wp-json\/wp\/v2\/media?parent=31726"}],"wp:term":[{"taxonomy":"product_brand","embeddable":true,"href":"https:\/\/copopalhinhas.maildx.net\/es\/wp-json\/wp\/v2\/product_brand?post=31726"},{"taxonomy":"product_cat","embeddable":true,"href":"https:\/\/copopalhinhas.maildx.net\/es\/wp-json\/wp\/v2\/product_cat?post=31726"},{"taxonomy":"product_tag","embeddable":true,"href":"https:\/\/copopalhinhas.maildx.net\/es\/wp-json\/wp\/v2\/product_tag?post=31726"}],"curies":[{"name":"wp","href":"https:\/\/api.w.org\/{rel}","templated":true}]}}