{"id":31825,"date":"2024-02-09T12:55:46","date_gmt":"2024-02-09T12:55:46","guid":{"rendered":"https:\/\/copopalhinhas.maildx.net\/?post_type=product&#038;p=31825"},"modified":"2025-07-18T14:53:57","modified_gmt":"2025-07-18T13:53:57","slug":"eco-reuse-personalizacao","status":"publish","type":"product","link":"https:\/\/copopalhinhas.maildx.net\/es\/producto\/eco-reuse-personalizacao\/","title":{"rendered":"REUTILIZACI\u00d3N ECOL\u00d3GICA | PERSONALIZACI\u00d3N"},"content":{"rendered":"<p>Eco Reuse ofrece una opci\u00f3n m\u00e1s econ\u00f3mica que Eco Cup, con un peso de taza reducido.<\/p>\n<ul>\n<li><strong>Logotipos de empresas:<\/strong> Agregue el logotipo de su empresa o marca para promover su identidad visual y fortalecer la presencia de su marca en eventos corporativos, conferencias o ferias comerciales.<\/li>\n<li><strong>Dise\u00f1os creativos:<\/strong> \u00a1Deja volar tu imaginaci\u00f3n! Nuestros productos Eco Reuse te ofrecen un amplio espacio para expresar tu creatividad y crear arte \u00fanico para tus clientes.<\/li>\n<\/ul>\n<p>Los productos Eco Reuse est\u00e1n hechos de polipropileno (PP), lo que proporciona una larga durabilidad y resistencia. Su personalizaci\u00f3n de alta calidad garantiza que su dise\u00f1o se mantenga vibrante incluso despu\u00e9s de varios lavados, garantizando una experiencia de usuario duradera.<\/p>","protected":false},"excerpt":{"rendered":"<p>Vaso Reutilizable en Pl\u00e1stico Flexible Reutilizable \u2013 Polipropileno (PP) Lavable y reutilizable.<\/p>\n<p>Eco Reuse ofrece una opci\u00f3n m\u00e1s econ\u00f3mica que Eco Cup, con un peso de taza reducido.<\/p>\n<p>Con Copopalhinhas, ofrecemos la oportunidad de personalizar nuestros vasos reutilizables Eco Reuse para reflejar la identidad de su marca, la imagen de su evento o para celebrar ocasiones especiales. Con nuestra personalizaci\u00f3n de 360 grados de hasta 4 colores, puede crear dise\u00f1os \u00fanicos y vibrantes para sus vasos Eco Reuse.<\/p>","protected":false},"featured_media":31830,"comment_status":"open","ping_status":"closed","template":"","meta":{"_acf_changed":false},"product_brand":[],"product_cat":[1739,280],"product_tag":[1572],"class_list":{"0":"post-31825","1":"product","2":"type-product","3":"status-publish","4":"has-post-thumbnail","6":"product_cat-eco-reuse","7":"product_cat-personalizacao","8":"product_tag-menu-personalizado","9":"tm-has-options","11":"first","12":"instock","13":"taxable","14":"shipping-taxable","15":"purchasable","16":"product-type-simple"},"acf":[],"_links":{"self":[{"href":"https:\/\/copopalhinhas.maildx.net\/es\/wp-json\/wp\/v2\/product\/31825","targetHints":{"allow":["GET"]}}],"collection":[{"href":"https:\/\/copopalhinhas.maildx.net\/es\/wp-json\/wp\/v2\/product"}],"about":[{"href":"https:\/\/copopalhinhas.maildx.net\/es\/wp-json\/wp\/v2\/types\/product"}],"replies":[{"embeddable":true,"href":"https:\/\/copopalhinhas.maildx.net\/es\/wp-json\/wp\/v2\/comments?post=31825"}],"wp:featuredmedia":[{"embeddable":true,"href":"https:\/\/copopalhinhas.maildx.net\/es\/wp-json\/wp\/v2\/media\/31830"}],"wp:attachment":[{"href":"https:\/\/copopalhinhas.maildx.net\/es\/wp-json\/wp\/v2\/media?parent=31825"}],"wp:term":[{"taxonomy":"product_brand","embeddable":true,"href":"https:\/\/copopalhinhas.maildx.net\/es\/wp-json\/wp\/v2\/product_brand?post=31825"},{"taxonomy":"product_cat","embeddable":true,"href":"https:\/\/copopalhinhas.maildx.net\/es\/wp-json\/wp\/v2\/product_cat?post=31825"},{"taxonomy":"product_tag","embeddable":true,"href":"https:\/\/copopalhinhas.maildx.net\/es\/wp-json\/wp\/v2\/product_tag?post=31825"}],"curies":[{"name":"wp","href":"https:\/\/api.w.org\/{rel}","templated":true}]}}